{"id":228,"date":"2026-01-14T12:43:16","date_gmt":"2026-01-14T12:43:16","guid":{"rendered":"https:\/\/vigo-rio.com\/?post_type=product&#038;p=228"},"modified":"2026-04-02T08:40:19","modified_gmt":"2026-04-02T08:40:19","slug":"fc-18-synchronization","status":"publish","type":"product","link":"https:\/\/vigo-rio.com\/en\/product\/fc-18-synchronization\/","title":{"rendered":"FC Synchronization"},"content":{"rendered":"<p><strong>Kolzov-Platte &#8222;Nr.18 &#8211; Synchronisation&#8220; (&#8222;flow&#8220;)<br \/>\n(im Russischen: \u201eSynchronisation\u201c; oder auch: \u201eflow\u201c)<br \/>\nEnergetische Wirkung: Synchronisieren aller Ebenen und in Fluss bringen<\/strong><\/p>\n<p><strong>&#8211; neueste Version mit 8-Elementen (8 enthaltenen Energiespeicher-Chips)<\/strong><\/p>\n<p>Die neue Platte \u201eSynchronisation\u201c wurde entwickelt, um die Zusammenarbeit der Chakras, Energie-Meridiane und feinstofflichen K\u00f6rper zu verbessern und um diese besser aufeinander abzustimmen. So kann die Energie ohne Blockaden nach innen und au\u00dfen str\u00f6men \u2013 der gesamte Organismus ist \u201eim Fluss\u201c (im \u201eflow\u201c).<br \/>\nUngleichgewichte in der Synchronisation k\u00f6nnen durch die eigene Lebensweise entstehen, etwa durch Handlungen, Gedanken und Gef\u00fchle, die nicht mit der inneren Wahrheit \u00fcbereinstimmen, durch Neid, Hass usw.. Solche Ungleichgewichte der Chakra-Synchronisation k\u00f6nnen aber auch die Ursache in \u00e4u\u00dferen Angriffen haben, durch unbewusste Angriffe von Neidern oder bewusste geistige oder magische Attacken.<br \/>\nDie Platte Nr. 18 beinhaltet den Kanal \u201cKUVVA\u201d. Dieser \u201cMaya\u201d-Kanal reinigt und harmonisiert Chakras, Meridiane und Lichtk\u00f6rper. Die Wirkung beginnt sofort und entfaltet sich schrittweise immer weiter.<\/p>\n<p><em>Die Aussagen beziehen sich auf alternative Testmethoden wie Meridianenergie-Messungen der Organfunktionskreisl\u00e4ufe nach TCM, Kirlian-Fotografie (EPG\/GDV-Kamera), Oberon, Amsat o.\u00e4. durch den Hersteller &#8222;Planet der Regionen&#8220; und stellen keine medizinische oder auf den physischen K\u00f6rper und dessen Organe bezogenen Aussage im Sinne der westlichen Schulmedizin dar.<br \/>\n<\/em><\/p>\n<p><strong>Die Platte ist in diesem Sinne vor allem geeignet f\u00fcr:<\/strong><\/p>\n<ul>\n<li>aktiviert das Energiesystem,<\/li>\n<li>reguliert Blockaden zwischen den verschiedenen Energieebene,<\/li>\n<li>stimmt den Energieaustausch auf allen Ebenen aufeinander ab,<\/li>\n<li>synchronisiert und bringt alles wieder in Fluss.<\/li>\n<\/ul>\n<p>Die Platte \u201cSynchronisation\u201d koordiniert die Energieebenen des Organismus (feinstoffliche K\u00f6rper, Chakras und Energie-Meridiane) und verbessert den Energiefluss \u2013 daher nennen wir sie auch \u201cim Fluss\u201d, \u201cflow\u201d.<\/p>\n<p>ZUR BEACHTUNG: Die Aktivierungszeit von Wasser auf der Platte betr\u00e4gt mindestens 15 Sekunden.<\/p>\n<p><em><u>Ergebnis im LIFE-TEST:\u00a0<\/u>Die Kolzov-Platte &#8222;Nr.18 &#8211; Synchronisation&#8220; hat ein neutrales Energiefeld mit 40 000 Bovis. Diese Platte hat ebenfalls eine enorm hohe Abstrahlung auf der Unterseite von weit \u00fcber 40 000 Bovis (in dieser Testmethode nach Dr. Oberbach sind die 40 000 Bovis die sicher Nachweisgrenze). Damit aktiviert sie Hals- und Wurzel-Chakra auf 40 000 Bovis, das Solarplexus-Chakra steigt auf 35 000 Bovis. Das Blase-Sexual-Chakra wird in seiner Energie auf 28 000 Bovis erh\u00f6ht, das Stirn-Chakra steigt auf 21 000 Bovis und Kronen- und Herz-Chakra verdoppeln ihre Energie auf 14 000 Bovis. Durch die Aufladung der Chakras w\u00e4chst der bioenergetische Reaktionsabstand von zirka 75 Zentimetern um den K\u00f6rper auf 1,60 Meter.<\/em><\/p>\n<p><em><strong>Wichtiger Hinweis:<br \/>\nWir weisen ausdr\u00fccklich darauf hin, dass die Kolzov-Platte (russische Bezeichnung: &#8222;Korrektoren des funktionalen Zustands&#8220;) ein alternatives Energie- und Informationsprodukt ist und kein Heilmittel im Sinne der westlichen Schulmedizin. Vielmehr ist es ein rein energetisches Hilfsmittel zur ganzheitlichen Balancierung von energetischen Disharmonien und Blockaden. Informationen \u00fcber Qualit\u00e4t und Eigenschaften des Energieobjekts beziehen sich auf Aussagen des russischen Herstellers und alternativen Theorien zu Mensch und Umwelt, auf alternative Anschauungen und esoterische \u00dcberlieferungen oder Aussagen. Sie gelten nur im Sinne der esoterischen Lebensphilosophie und daran angelehnte Alternativheilkunde. Wirkungen im Sinne westlicher Wissenschaft oder Medizin werden hier nicht behauptet.<\/strong><\/em><\/p>","protected":false},"excerpt":{"rendered":"<p>Energetische Wirkung: Synchronisation aller Ebenen und Bringen dieser in den Fluss<\/p>","protected":false},"featured_media":1697,"comment_status":"open","ping_status":"closed","template":"","meta":[],"product_brand":[],"product_cat":[29],"product_tag":[],"class_list":{"0":"post-228","1":"product","2":"type-product","3":"status-publish","4":"has-post-thumbnail","6":"product_cat-gold-series","8":"first","9":"instock","10":"sale","11":"taxable","12":"shipping-taxable","13":"purchasable","14":"product-type-variable"},"_links":{"self":[{"href":"https:\/\/vigo-rio.com\/en\/wp-json\/wp\/v2\/product\/228","targetHints":{"allow":["GET"]}}],"collection":[{"href":"https:\/\/vigo-rio.com\/en\/wp-json\/wp\/v2\/product"}],"about":[{"href":"https:\/\/vigo-rio.com\/en\/wp-json\/wp\/v2\/types\/product"}],"replies":[{"embeddable":true,"href":"https:\/\/vigo-rio.com\/en\/wp-json\/wp\/v2\/comments?post=228"}],"wp:featuredmedia":[{"embeddable":true,"href":"https:\/\/vigo-rio.com\/en\/wp-json\/wp\/v2\/media\/1697"}],"wp:attachment":[{"href":"https:\/\/vigo-rio.com\/en\/wp-json\/wp\/v2\/media?parent=228"}],"wp:term":[{"taxonomy":"product_brand","embeddable":true,"href":"https:\/\/vigo-rio.com\/en\/wp-json\/wp\/v2\/product_brand?post=228"},{"taxonomy":"product_cat","embeddable":true,"href":"https:\/\/vigo-rio.com\/en\/wp-json\/wp\/v2\/product_cat?post=228"},{"taxonomy":"product_tag","embeddable":true,"href":"https:\/\/vigo-rio.com\/en\/wp-json\/wp\/v2\/product_tag?post=228"}],"curies":[{"name":"wp","href":"https:\/\/api.w.org\/{rel}","templated":true}]}}