{"id":2279,"date":"2026-01-20T13:45:39","date_gmt":"2026-01-20T13:45:39","guid":{"rendered":"https:\/\/vigo-rio.com\/?post_type=product&#038;p=2279"},"modified":"2026-02-28T20:17:27","modified_gmt":"2026-02-28T20:17:27","slug":"fc-17112-fatimas-covering","status":"publish","type":"product","link":"https:\/\/vigo-rio.com\/en\/product\/fc-17112-fatimas-covering\/","title":{"rendered":"FC Schleier von Fatima \/ Fatima&#8217;s Covering"},"content":{"rendered":"<p><strong>Kolzov-Platte: &#8222;Schleier der Fatima&#8220;\u00a0(&#8222;Sto\u00dfd\u00e4mpfer&#8220; bei Hohen Energien, die so in ein harmonisches Format transformiert werden, arbeitet an allen Schmerzpunkten, st\u00e4rkt das Verstehen und f\u00fcllt mit Licht und Liebe, starke &#8222;Wunsch-Platte&#8220;)<\/strong><\/p>\n<div><strong>(bei paarweiser Anwendung am besten mit der Platte &#8222;Wunderbares Mauritius&#8220;)<\/strong><\/div>\n<p>&#8211; neueste Version mit 8-Elementen (8 enthaltenen Energiespeicher-Chips)<\/p>\n<p><em>Die Platte tr\u00e4gt die russische Aufschrift &#8222;\u041f\u041e\u041a\u0420\u041e\u0412 \u0424\u0410\u0422\u0418\u041c\u042b&#8220; und auf dem erg\u00e4nzenden Deckblatt: FATIMAS COVERING, SCHLEIER DER FATIMA, VOILE DE FATIMA<\/em><\/p>\n<div><\/div>\n<div><\/div>\n<div>Die Platte &#8222;Schleier der Fatima&#8220; ist ein &#8222;energetischer Sto\u00dfd\u00e4mpfer&#8220;, wenn der Anwender hohen Energien ausgesetzt ist &#8211; insbesondere wenn diese f\u00fcr ihn noch unbekannt sind. Sie transformiert diese so, dass man sie harmonisch aufnehmen kann und ist daher ein wertvolles Hilfsmittel im Zeitwandel.<\/div>\n<div>Die Platte reinigt den gesamten Energiek\u00f6rper, hilft Zweifel und Missverst\u00e4ndnisse aufzul\u00f6sen und vermittelt Probleml\u00f6sungen. Kolzov erkl\u00e4rt: &#8222;Mit Hilfe der Fatima-Platte wirst Du in der Lage sein, posttraumatische und psychotraumatische Ereignisse zu verarbeiten, Dich von Ressentiments und Anspr\u00fcchen zu befreien, deine W\u00fcnsche mit Energie f\u00fcr ihre Verwirklichung zu f\u00fcllen und Deine Bem\u00fchungen auf die St\u00e4rkung des gegenseitigen Verst\u00e4ndnisses mit Menschen zu richten.&#8220;<\/div>\n<div><\/div>\n<div>\n<p><em>Die Aussagen beziehen sich auf alternative Testmethoden wie Meridianenergie-Messungen der Organfunktionskreisl\u00e4ufe nach TCM, Kirlian-Fotografie (EPG\/GDV-Kamera), Oberon, Amsat o.\u00e4. durch den Hersteller &#8222;Planet der Regionen&#8220; und stellen keine medizinische oder auf den physischen K\u00f6rper und dessen Organe bezogenen Aussage im Sinne der westlichen Schulmedizin dar.<br \/>\n<\/em><\/p>\n<p>Die Platte ist in diesem Sinne vor allem geeignet f\u00fcr:<\/p>\n<\/div>\n<div><\/div>\n<ul>\n<li>wirkt als energetischer &#8222;Sto\u00dfd\u00e4mpfer&#8220;, wenn der Anwender mit hohen Energien interagiert &#8211; insbesondere wenn diese f\u00fcr ihn noch unbekannt sind. Die Platte beinhaltet umfassende energetische Sicherheitsmechanismen, die es erm\u00f6glichen, dass solche hohen Energien in einem f\u00fcr den Anwender harmonischen Format aufgenommen werden k\u00f6nnen,<\/li>\n<li>die Platte hilft dabei, komplexe Informationen oder auch Botschaften aus h\u00f6heren Ebenen aufzunehmen, zu sammeln, zu strukturieren und zu analysieren. Dabei sorgt die Platte daf\u00fcr, dass der Anwender die Informationen in einer f\u00fcr ihn geeigneten Form entsprechend seiner Wahrnehmung aufnehmen kann. Dadurch kann eine tiefgreifende und detaillierte Analyse aller Komponenten erfolgen. Die Wirkung einer besseren Informationsverarbeitung kann auch sehr gut genutzt werden, um sich auf Pr\u00fcfungen vorzubereiten oder zum Verfassen von Artikeln und wissenschaftlichen Arbeiten,<\/li>\n<li>beseitigt falsche Vorstellungen auf der Ebene der Seele und f\u00fchrt eine Ausrichtung des Herz-Chakras durch, hilft dabei, die Prozesse auf der Seelenebene zu verstehen und entfernt falsche Programme unterschiedlicher Art,<\/li>\n<li>bietet Unterst\u00fctzung und F\u00fcrsorge f\u00fcr das Herz und erf\u00fcllt es mit Licht, Liebe, Frieden und Zuverl\u00e4ssigkeit,<\/li>\n<li>hilft bei der Reinigung des gesamten Energiek\u00f6rpers, der Chakras, Meridiane und der Aura des Anwenders &#8211; diese Reinheit f\u00fchrt zu einem Zustand der Leichtigkeit, Schwerelosigkeit und tiefen Friedens,<\/li>\n<li>richtet sich im K\u00f6rperlichen auf die Regulation aller Schmerzpunkte und Gesundheitsprobleme, einschlie\u00dflich chronischer Erkrankungen und der Wundheilung, und auf die Aufl\u00f6sung posttraumatischer und psychotraumatischer Probleme &#8211; insbesondere solcher, die aufgrund \u00e4u\u00dferer Aggressionen in K\u00f6rper, Geist und Seele entstanden sind; so f\u00f6rdert sie die allm\u00e4hliche Heilung von Verletzungen der Seele und die Befreiung von Leiden, sie l\u00f6scht zudem ein inneres Verbot, den emotionalen Schmerz des Opfers zu erleben, und erm\u00f6glich so echtes Mitgef\u00fchl,<\/li>\n<li>die Platte kann genutzt werden, um Fragen zu stellen und aus seinem Inneren heraus die Antworten erfahren,<\/li>\n<li>sie ist eine starke Unterst\u00fctzung um W\u00fcnsche zu erf\u00fcllen. Dabei ist es \u00e4u\u00dferst wichtig, den Fluss der eigenen Gedanken besser zu kontrollieren und sie auf das eigene Wohlergehen und das anderer Menschen im Sinne des Gemeinwohls zu richten,<\/li>\n<li>bringt die m\u00e4nnlichen und weiblichen Energien des Anwenders ins Gleichgewicht, wobei sich m\u00e4nnliche Energie in St\u00e4rke, Bedeutung und W\u00fcrde und weibliche Energie in Akzeptanz, Weisheit, Leichtigkeit und W\u00fcrde manifestiert. Beide Energien sind in jedem Menschen vorhanden. Die Platte zeigt das Zusammenspiel m\u00e4nnlicher und weiblicher Energie, das notwendig ist, um Beziehungen wiederherzustellen; eine Frau wird in der Lage sein, ihre Gedanken und Gef\u00fchle richtig auszudr\u00fccken, \u00fcber ihren Schmerz und m\u00f6gliche Beschwerden zu sprechen, und ein Mann wird lernen, ihr ruhig mit Respekt und Aufmerksamkeit zuzuh\u00f6ren und die Essenz dessen einzufangen, was wurde gesagt, so f\u00f6rdert die Platte Harmonie, Liebe und ihr tiefes Vertrauen,<\/li>\n<li>die Platte hilft M\u00e4nnern und Frauen, veraltete \u00dcberzeugungen loszuwerden und ihre Seele und ihr Herzzentrum zu reinigen &#8211; so k\u00f6nnen sie ihren Seelenpartner finden, Herz und Seele mit Energie f\u00fcllen und das entsprechende Schwingungsniveau erreichen.<\/li>\n<\/ul>\n<div><\/div>\n<div><\/div>\n<div>Auf der Kolzov-Platte &#8222;Schleier der Fatima&#8220; sind die Informationen des Wasser aus dem &#8222;Wunderbrunnen&#8220; des Marien-Wallfahrtsortes Fatima in Portugal gespeichert, aus dem gro\u00dfen Becken am Fu\u00dfe der Herz-Jesu-Statue auf dem Gebetsplatz in Fatima.<\/div>\n<div><\/div>\n<div><\/div>\n<div>TIPP 1: Die Platte &#8222;Schleier der Fatima&#8220; bildet ein harmonisierendes Tandem mit der Platte &#8222;Wunderbares Mauritius&#8220;, wodurch der starke Wirbelfluss der Energien der Platte &#8222;Wunderbares Mauritius&#8220; verlangsamt wird und ihre Energien sanfter und gleichm\u00e4\u00dfiger in das pers\u00f6nliche Energiefeld eingewoben werden.<\/div>\n<div>Die Platte &#8222;Schleier der Fatima&#8220; vermittelt eine sanfte, feinf\u00fchlig wirkende Energie mit einem umfassenden und grundlegenden Informationsgehalt. Diese Energie \u201eschaltet\u201c den K\u00f6rper ein, bedeckt ihn von allen Seiten, dehnt sich aus und erleuchtet ihn. Diese Energie repr\u00e4sentiert das Licht des Wissens und der F\u00e4higkeiten, die verst\u00e4rkt und in die Aura des Benutzers integriert werden, und diese Ressourcen k\u00f6nnen von einer Person entsprechend ihren Bed\u00fcrfnissen genutzt werden.<\/div>\n<div>Die Platte ist kompatibel mit allen anderen vorher ver\u00f6ffentlichten Platten und es k\u00f6nnen individuelle Kombinationen zur L\u00f6sung der pers\u00f6nlichen Probleme in verschiedenen Lebens- und Gesundheitsbereichen gebildet werden.<\/div>\n<div>TIPP 2: Platzieren Sie die Platte auf dem Herz-Chakra, entspannen Sie sich und stellen Sie eine Frage oder formulieren Sie einen Wunsch, oder bitten Sie die Energie der Platte darum, falsche Einschr\u00e4nkungen und Einstellungen von der Seelenebene zu entfernen, um sich selbst besser verstehen und seine W\u00fcnsche verwirklichen zu k\u00f6nnen. Sie k\u00f6nnen so auch sehr gut um gegenseitiges Verst\u00e4ndnis in der Beziehung bitten.<\/div>\n<div>TIPP 3: Es ist empfehlenswert, mit dieser Platte alle 3\u20137 Tage ein Bad oder eine Dusche zu nehmen, um ein umfassendes Reinigungsprogramm f\u00fcr den gesamten K\u00f6rper zu erhalten. Nach der Behandlung haben Sie m\u00f6glicherweise das Gef\u00fchl, dass Sie die Dusche nicht mehr verlassen m\u00f6chten, da die Energie nicht nachl\u00e4sst, bis der gesamte energetische \u201eSchmutz\u201c aus Ihrem Energiefeld entfernt wurde.<\/div>\n<div>Um die Wahrscheinlichkeit zu erh\u00f6hen, dass Ihr Wunsch in Erf\u00fcllung geht, k\u00f6nnen Sie diesen w\u00e4hrend des Duschens formulieren und ihn dem str\u00f6menden Wasser &#8222;\u00fcbergeben&#8220;.<\/div>\n<div><\/div>\n<div>ZUR BEACHTUNG: Bei dieser Platte sollte das Wasser zum Energetisieren mindestens 15 Minuten lang darauf gestellt werden.<\/div>\n<p><em><strong>Wichtiger Hinweis:<\/strong><\/em><\/p>\n<p><strong><em>Wir weisen ausdr\u00fccklich darauf hin, dass die Kolzov-Platte (russische Bezeichnung: &#8222;Korrektoren des funktionalen Zustands&#8220;) ein alternatives Energie- und Informationsprodukt ist und kein Heilmittel im Sinne der westlichen Schulmedizin. Vielmehr ist es ein rein energetisches Hilfsmittel zur ganzheitlichen Balancierung von energetischen Disharmonien und Blockaden. Informationen \u00fcber Qualit\u00e4t und Eigenschaften des Energieobjekts beziehen sich auf Aussagen des russischen Herstellers und alternativen Theorien zu Mensch und Umwelt, auf alternative Anschauungen und esoterische \u00dcberlieferungen oder Aussagen. Sie gelten nur im Sinne der esoterischen Lebensphilosophie und daran angelehnte Alternativheilkunde. Wirkungen im Sinne westlicher Wissenschaft oder Medizin werden hier nicht behauptet.<\/em><\/strong><\/p>","protected":false},"excerpt":{"rendered":"<p>wirkt als \u201eSto\u00dfd\u00e4mpfer\u201c f\u00fcr hohe kosmische Energien. Sie hilft dir, komplexe Informationen zu strukturieren und seelische Traumata sanft zu heilen. Als starke Wunsch-Platte unterst\u00fctzt sie dich dabei, deine Ziele mit Energie zu f\u00fcllen, w\u00e4hrend sie gleichzeitig dein Herz-Chakra reinigt und f\u00fcr tiefes Verst\u00e4ndnis in Beziehungen sorgt.<\/p>","protected":false},"featured_media":2563,"comment_status":"open","ping_status":"closed","template":"","meta":[],"product_brand":[],"product_cat":[33],"product_tag":[180],"class_list":{"0":"post-2279","1":"product","2":"type-product","3":"status-publish","4":"has-post-thumbnail","6":"product_cat-elite-series","7":"product_tag-180","9":"first","10":"instock","11":"taxable","12":"shipping-taxable","13":"purchasable","14":"product-type-simple"},"_links":{"self":[{"href":"https:\/\/vigo-rio.com\/en\/wp-json\/wp\/v2\/product\/2279","targetHints":{"allow":["GET"]}}],"collection":[{"href":"https:\/\/vigo-rio.com\/en\/wp-json\/wp\/v2\/product"}],"about":[{"href":"https:\/\/vigo-rio.com\/en\/wp-json\/wp\/v2\/types\/product"}],"replies":[{"embeddable":true,"href":"https:\/\/vigo-rio.com\/en\/wp-json\/wp\/v2\/comments?post=2279"}],"wp:featuredmedia":[{"embeddable":true,"href":"https:\/\/vigo-rio.com\/en\/wp-json\/wp\/v2\/media\/2563"}],"wp:attachment":[{"href":"https:\/\/vigo-rio.com\/en\/wp-json\/wp\/v2\/media?parent=2279"}],"wp:term":[{"taxonomy":"product_brand","embeddable":true,"href":"https:\/\/vigo-rio.com\/en\/wp-json\/wp\/v2\/product_brand?post=2279"},{"taxonomy":"product_cat","embeddable":true,"href":"https:\/\/vigo-rio.com\/en\/wp-json\/wp\/v2\/product_cat?post=2279"},{"taxonomy":"product_tag","embeddable":true,"href":"https:\/\/vigo-rio.com\/en\/wp-json\/wp\/v2\/product_tag?post=2279"}],"curies":[{"name":"wp","href":"https:\/\/api.w.org\/{rel}","templated":true}]}}