{"id":2273,"date":"2026-01-20T13:44:45","date_gmt":"2026-01-20T13:44:45","guid":{"rendered":"https:\/\/vigo-rio.com\/?post_type=product&#038;p=2273"},"modified":"2026-03-22T21:00:12","modified_gmt":"2026-03-22T21:00:12","slug":"fc-17111-mengyuryur-lake","status":"publish","type":"product","link":"https:\/\/vigo-rio.com\/en\/product\/fc-17111-mengyuryur-lake\/","title":{"rendered":"FC Mengyuryur See \/ Mengyuryur Lake"},"content":{"rendered":"<p><strong>Kolzov-Platte: &#8222;Mengyuryur-See&#8220;\u00a0(gegen negative Menschen im Umfeld, reinigt die Seele, wandelt Leid in Liebe, warnt vor Bedrohungen, hilft die eigenen Ziele und Werte umzusetzen, universelle Heilenergien, richtet die Wirbels\u00e4ule auf, Einschlafhilfe)<\/strong><\/p>\n<p><em>&#8211; neueste Version mit 8-Elementen (8 enthaltenen Energiespeicher-Chips)<br \/>\n<\/em><\/p>\n<p><em>Die Platte tr\u00e4gt die russische Aufschrift &#8222;\u041e\u0417\u0415\u0420\u041e \u041c\u0415\u041d\u0413\u042e\u0420\u042e\u0420&#8220; und auf dem erg\u00e4nzenden Deckblatt: MENGYURYUR LAKE, LAC MENGYURYUR, MENGYURYUR-SEE<br \/>\n<\/em><\/p>\n<p>Die Platte &#8222;Mengyuryur-See&#8220; bringt die eigenen Taten mit den Lebenswerten in Einklang &#8211; man beginnt, sich zu fragen: \u201eWas ist mir wichtig?\u201c So unterst\u00fctzt sie das Gelingen seiner Ziele und Aktivit\u00e4ten und das Umsetzen seiner Werte. Sie hilft, Negatives aus der Seele zu reinigen und negative Menschen aus dem Umfeld zu entfernen. So wandelt sie die Energie des Leidens in die Energie der Liebe um und leitet heilende Energie in alle Systeme des K\u00f6rpers. Der gesamte K\u00f6rper richtet sich auf und die Wirbels\u00e4ule streckt sich. Die entspannende Wirkung der Platte kann als Einschlafhilfe genutzt werden.<\/p>\n<p><em>Die Aussagen beziehen sich auf alternative Testmethoden wie Meridianenergie-Messungen der Organfunktionskreisl\u00e4ufe nach TCM, Kirlian-Fotografie (EPG\/GDV-Kamera), Oberon, Amsat o.\u00e4. durch den Hersteller &#8222;Planet der Regionen&#8220; und stellen keine medizinische oder auf den physischen K\u00f6rper und dessen Organe bezogenen Aussage im Sinne der westlichen Schulmedizin dar.<\/em><\/p>\n<div><strong>Die Platte ist in diesem Sinne vor allem geeignet f\u00fcr:<\/strong><\/div>\n<ul>\n<li>unterst\u00fctzt das Gelingen von Aktivit\u00e4ten, die den pers\u00f6nlichen Werten des Anwenders entsprechen, und hilft diese Werte im Alltag durch Worte und Taten auszudr\u00fccken, die Energien der Platte unterst\u00fctzen den Anwender als moralischen Kompass und Leitfaden und inspirieren zu neuen Ideen, ein an Werten orientiertes Handeln wird gef\u00f6rdert,<\/li>\n<li>erstellt eine energetische Schutzh\u00fclle um den K\u00f6rper und aktiviert eine intuitive energetische Warnung: der Anwender sp\u00fcrt potenzielle Bedrohungen oder negativen Aspekte und wird so gewarnt &#8211; neuen ungew\u00f6hnlichen Empfindungen sollte also unbedingt Aufmerksamkeit geschenkt werden,<\/li>\n<li>die Platte fungiert als \u201eAdsorbens\u201c und deckt alle alten, negativen, schmerzhaften und schwierigen Informationsprogramme auf. Bei Menschen mit vielen negativen Einstellungen im Unterbewusstsein kann sich dies in Form von Angst und anderen unangenehmen Emotionen \u00e4u\u00dfern, so dass der Person die Notwendigkeit bewusst wird, an diesen Problemen zu arbeiten. Auf diese Weise werden alle inneren Probleme und alten negativen Programme identifiziert, was es erm\u00f6glicht, sie zu deaktivieren und zu heilen und so das Energiesystem zu kl\u00e4ren,<\/li>\n<li>nach dem Aufdecken der Probleme gleicht die Platte die emotionale und mentale Ebene sorgf\u00e4ltig aus, beseitigt unn\u00f6tige und sch\u00e4dliche Informationen, die in das Unterbewusstsein eindringen und das Weltbild des Anwenders beeinflussen und seine Wahrnehmung der Realit\u00e4t ver\u00e4ndern. Die Seele wird gereinigt und man f\u00fchlt sich im Seelischen wie nach einer k\u00f6rperlichen Reinigung nach einem Badehausbesuch,<\/li>\n<li>negative Menschen, welche die Seele des Anwenders vergiften, werden nach und nach aus dem Umfeld des Anwenders verdr\u00e4ngt, da diese die immer h\u00f6heren werdenden Energiefrequenzen meiden,<\/li>\n<li>tr\u00e4gt auf Informationsebene zur Produktion von Endorphinen bei und erh\u00f6ht so Freude und Sensibilit\u00e4t, was es einfacher macht, das Leben zu genie\u00dfen, es einfacher, fr\u00f6hlicher, sanfter und friedlicher zu machen,<\/li>\n<li>unterst\u00fctzt die Entspannung, das Einschlafen und einen erholsame Kurzschlaf (Powernap), wodurch Kraft und geistige Leistungsf\u00e4higkeit schnell wiederhergestellt werden,<\/li>\n<li>hilft Beziehungen zu st\u00e4rken und \u00f6ffnet das Herz f\u00fcr die Liebe,<\/li>\n<li>stellt die Energie des Benutzers wieder her und leitet Heilenergie in alle K\u00f6rpersysteme,<\/li>\n<li>st\u00e4rkt die Wirbels\u00e4ule, stellt die K\u00f6rperhaltung wieder her, \u00f6ffnet die Schultern und schafft ein Gef\u00fchl von Leichtigkeit,<\/li>\n<li>kann als \u201eEnergiekrampfl\u00f6ser\u201c wirken: hilft bei der Linderung von Gef\u00e4\u00dfkr\u00e4mpfen und Muskelverspannungen.<\/li>\n<\/ul>\n<p>Auf der Kolzov-Platte &#8222;Mengyuryur-See&#8220; sind die Informationen des Heilwassers des gleichnamigen Sees gespeichert. Der Mengyuryur-Sees, auf Deutsch soviel wie &#8222;tosender&#8220; See, liegt nahe Ynakhsyt im sibirischen Nyurbinsky Distrikt, Republik Sacha (Jakutien), in Russland.<\/p>\n<p>TIPP 1: Die Energie der Kolzov-Platte &#8222;Mengyuryur-See&#8220; ist kraftvoll und pulsierend, stetig und klar. Beim ersten Kontakt mit dieser Platte kann sie auf dem Kronen-Chakra auf dem Scheitel platziert werden und man sollte einige Minuten lang hineinsp\u00fcren. Es kann sich ein Gef\u00fchl der Gr\u00f6\u00dfe einstellen, als w\u00fcrden einem Fl\u00fcgel wachsen, ein Hochgef\u00fchl und Selbstvertrauen, w\u00e4hrend Sie gleichzeitig die Liebe f\u00fcr die Welt versp\u00fcren.<\/p>\n<p>Menschen mit Bluthochdruck und schweren Problemen des Herz-Kreislauf-Systems oder einem instabilen Nervensystem sollten zun\u00e4chst nur das damit informierte Wasser trinken und die Platte noch nicht am K\u00f6rper tragen. Und wer sensibel ist, der sollte die Platte zun\u00e4chst nur auf das 1., 2. und 3.Chakra legen und sich so durchstr\u00f6men lassen &#8211; so kann sich das Energiesystem an die neuen Energien anpassen.<\/p>\n<p>TIPP 2: Kinder mit Autismus oder Down-Syndrom sollten die Platte nicht verwenden, da es zu einem Anstieg innerer Aggression f\u00fchren kann, die sie &#8211; anders als Erwachsene &#8211; nicht kontrollieren k\u00f6nnen.<\/p>\n<p>TIPP 3: Die Platte kann sehr gut bei Problemen mit der Wirbels\u00e4ule verwendet werden und unterst\u00fctzt die Wirkung von gesundheitsf\u00f6rdernde \u00dcbungen: halten Sie dazu die Platte in der Hand oder fixieren Sie diese im Bereich das 1.Chakras. Anhand des Pulsationsgef\u00fchls im K\u00f6rper k\u00f6nnen Sie feststellen, in welchem Bereich des K\u00f6rpers die Hauptursache liegt. Tr\u00e4nen k\u00f6nnen ein Symbol f\u00fcr Heilung, Verst\u00e4ndnis und Sanftmut sein, die zu Reinheit und Wahrheit f\u00fchren. So wird die Energie des Leidens in die Energie der Liebe umgewandelt, die wir auf uns selbst, unsere Lieben und die Menschen um uns herum richten und diesen Kreis der Liebe f\u00fcr Eingeweihte nach Belieben erweitern.<\/p>\n<p>TIPP 4: Die entspannende Wirkung der Platte kann bei Einschlafproblemen den Schlaf unterst\u00fctzen.<\/p>\n<p>ZUR BEACHTUNG: Bei dieser Platte sollte das Wasser zum Energetisieren mindestens 18 Minuten lang darauf gestellt werden.<\/p>\n<p><em><strong>Wichtiger Hinweis:<\/strong><\/em><\/p>\n<p><em><strong>Wir weisen ausdr\u00fccklich darauf hin, dass die Kolzov-Platte (russische Bezeichnung: &#8222;Korrektoren des funktionalen Zustands&#8220;) ein alternatives Energie- und Informationsprodukt ist und kein Heilmittel im Sinne der westlichen Schulmedizin. Vielmehr ist es ein rein energetisches Hilfsmittel zur ganzheitlichen Balancierung von energetischen Disharmonien und Blockaden. Informationen \u00fcber Qualit\u00e4t und Eigenschaften des Energieobjekts beziehen sich auf Aussagen des russischen Herstellers und alternativen Theorien zu Mensch und Umwelt, auf alternative Anschauungen und esoterische \u00dcberlieferungen oder Aussagen. Sie gelten nur im Sinne der esoterischen Lebensphilosophie und daran angelehnte Alternativheilkunde. Wirkungen im Sinne westlicher Wissenschaft oder Medizin werden hier nicht behauptet.<\/strong><\/em><\/p>","protected":false},"excerpt":{"rendered":"<p>fungiert als moralischer Leitfaden, der deine Taten mit deinen Lebenswerten in Einklang bringt. Sie wirkt wie ein energetisches \u201eAdsorbens\u201c, das negative Programme im Unterbewusstsein aufdeckt und deaktiviert, w\u00e4hrend sie gleichzeitig toxische Menschen aus deinem Umfeld verdr\u00e4ngt. Sie wandelt Leid in Liebe um, warnt intuitiv vor Bedrohungen und besitzt eine stark entspannende Wirkung, die beim Einschlafen hilft. K\u00f6rperlich unterst\u00fctzt sie die Aufrichtung der Wirbels\u00e4ule und wirkt krampfl\u00f6send auf Gef\u00e4\u00dfe und Muskeln.<\/p>","protected":false},"featured_media":2393,"comment_status":"open","ping_status":"closed","template":"","meta":[],"product_brand":[],"product_cat":[33],"product_tag":[179],"class_list":{"0":"post-2273","1":"product","2":"type-product","3":"status-publish","4":"has-post-thumbnail","6":"product_cat-elite-series","7":"product_tag-179","9":"first","10":"instock","11":"taxable","12":"shipping-taxable","13":"purchasable","14":"product-type-simple"},"_links":{"self":[{"href":"https:\/\/vigo-rio.com\/en\/wp-json\/wp\/v2\/product\/2273","targetHints":{"allow":["GET"]}}],"collection":[{"href":"https:\/\/vigo-rio.com\/en\/wp-json\/wp\/v2\/product"}],"about":[{"href":"https:\/\/vigo-rio.com\/en\/wp-json\/wp\/v2\/types\/product"}],"replies":[{"embeddable":true,"href":"https:\/\/vigo-rio.com\/en\/wp-json\/wp\/v2\/comments?post=2273"}],"wp:featuredmedia":[{"embeddable":true,"href":"https:\/\/vigo-rio.com\/en\/wp-json\/wp\/v2\/media\/2393"}],"wp:attachment":[{"href":"https:\/\/vigo-rio.com\/en\/wp-json\/wp\/v2\/media?parent=2273"}],"wp:term":[{"taxonomy":"product_brand","embeddable":true,"href":"https:\/\/vigo-rio.com\/en\/wp-json\/wp\/v2\/product_brand?post=2273"},{"taxonomy":"product_cat","embeddable":true,"href":"https:\/\/vigo-rio.com\/en\/wp-json\/wp\/v2\/product_cat?post=2273"},{"taxonomy":"product_tag","embeddable":true,"href":"https:\/\/vigo-rio.com\/en\/wp-json\/wp\/v2\/product_tag?post=2273"}],"curies":[{"name":"wp","href":"https:\/\/api.w.org\/{rel}","templated":true}]}}