{"id":2271,"date":"2026-01-20T13:44:06","date_gmt":"2026-01-20T13:44:06","guid":{"rendered":"https:\/\/vigo-rio.com\/?post_type=product&#038;p=2271"},"modified":"2026-03-22T21:00:10","modified_gmt":"2026-03-22T21:00:10","slug":"fc-110-healing-archane","status":"publish","type":"product","link":"https:\/\/vigo-rio.com\/en\/product\/fc-110-healing-archane\/","title":{"rendered":"FC Heilender Archen \/ Healing Ackne"},"content":{"rendered":"<p><strong>Kolzov-Platte: &#8222;Heilender Akne&#8220; &#8211; vermittelt Erdung, Stabilit\u00e4t und Sicherheit, starke Energiequelle, befreit aus &#8222;Energie-Gefangenschaft&#8220;, st\u00e4rkt die Willenskraft, unterst\u00fctzt in Sport in Fitness, bringt Geist, Seele und Herz in Einklang, vermittelt Leichtigkeit und Fr\u00f6hlichkeit<\/strong><\/p>\n<p><em>Die Platte tr\u00e4gt die russische Aufschrift &#8222;\u0418\u0421\u0426\u0415\u041b\u042f\u042e\u0429\u0418\u0419 \u0410\u0420\u0428\u0410\u041d&#8220; und auf dem erg\u00e4nzenden Deckblatt: HEALING ARSHAN, ARSHAN GU\u00c9RISSEUR, HEILENDER ARSHAN<\/em><\/p>\n<p>Die Platte &#8222;Heilender Arshan&#8220; vermittelt viel Energie, sorgt f\u00fcr Erdung und Stabilit\u00e4t. Sie st\u00e4rkt den Bewegungsapparat, die Atmung und die Willenskraft und ist daher eine wertvolle Unterst\u00fctzung f\u00fcr Fitness und Sport. Sie hilft dabei, das Leben von einer positiven Seite zu betrachten und vermittelt eine neue Leichtigkeit und Fr\u00f6hlichkeit im Leben.<\/p>\n<p><em>Die Aussagen beziehen sich auf alternative Testmethoden wie Meridianenergie-Messungen der Organfunktionskreisl\u00e4ufe nach TCM, Kirlian-Fotografie (EPG\/GDV-Kamera), Oberon, Amsat o.\u00e4. durch den Hersteller &#8222;Planet der Regionen&#8220; und stellen keine medizinische oder auf den physischen K\u00f6rper und dessen Organe bezogenen Aussage im Sinne der westlichen Schulmedizin dar.<\/em><\/p>\n<div><strong>Die Platte ist in diesem Sinne vor allem geeignet f\u00fcr:<\/strong><\/div>\n<ul>\n<li>erh\u00f6ht das Energieniveau, verleiht k\u00f6rperliche Kraft und Ausdauer, erf\u00fcllt mit Vitalit\u00e4t und st\u00e4rkt die Verbindung zur Erde, zur Natur und zur Familie. Durch die Wiederverbindung mit den wahren Wurzeln entsteht ein Gef\u00fchl der Befreiung von der Energie-\u201eGefangenschaft\u201c, die Atmung wird langsam und tief, das Herz weitet sich,<\/li>\n<li>sorgt f\u00fcr Erdung und Stabilit\u00e4t der Energie, verleiht Ruhe und Festigkeit im Denken und Handeln &#8211; fest verankert mit der spirituellen und psychologischen Grundlage der eigenen Pers\u00f6nlichkeit bleibt der Anwender im Gleichgewicht, w\u00e4hrend um ihn herum der &#8222;Sturm tobt&#8220;, weckt das innere Potenzial und st\u00e4rkt das Verst\u00e4ndnis f\u00fcr die eigene Bestimmung,<\/li>\n<li>zielt auf die Erhaltung der Gesundheit und die Korrektur von Erkrankungen des Bewegungsapparates ab (Wirbels\u00e4ule, Gelenke, B\u00e4nder, Muskeln). Bei bestehenden Problemen k\u00f6nnen diese sich als Schmerz nochmals melden, bevor sie nach und nach aufgel\u00f6st werden,<\/li>\n<li>tr\u00e4gt zur Verbesserung der Gesundheit der HNO-Organe, der Atmung und des Herz-Kreislauf-Systems bei, lindert St\u00f6rungen im Nervensystems und im Stoffwechsel und ist auch bei Erkrankungen des Magen-Darm-Trakts, der Leber und der Gallenblase hilfreich,<\/li>\n<li>st\u00e4rkt die Aufnahme von Energie (Qi) aus dem umgebenden Raum w\u00e4hrend des Atmens (das Atem-Qi f\u00fcllt zun\u00e4chst die unteren drei Chakras mit Energie und steigt danach in die h\u00f6heren Chakras auf)<\/li>\n<li>die Platte ist eine starke Energiequelle, stimuliert die Willenskraft und den Siegeswillen (nicht nur im Sport, sondern auch im Leben), st\u00e4rkt den Geist und die Entschlossenheit und hilft, sportliche Potenziale auf h\u00f6chstem Niveau auszusch\u00f6pfen. Sie unterst\u00fctzt alle, die sich mit Fitness und Sport besch\u00e4ftigen und hilft einen idealen K\u00f6rperbau zu erreichen und die k\u00f6rperliche Verfassung zu bewahren,<\/li>\n<li>erf\u00fcllt mit einem Gef\u00fchl der Dankbarkeit, Zufriedenheit und des Gl\u00fccks, das sich vom Herzen aus ausbreitet und bis zum Kronen-Chakra aufsteigt &#8211; es ist wie eine R\u00fcckkehr zu sich selbst, zu seiner Seele und seinen Urspr\u00fcngen. Es entsteht eine emotionale Ausgeglichenheit auf einer neuen, tieferen Ebene, auf der Geist, Seele und Herz im Einklang sind,<\/li>\n<li>hilft dabei, das Leben von einer positiven Seite zu betrachten, tr\u00e4gt dazu bei, in Konfliktsituationen Humor zu zeigen und Spannungen abzubauen \u2013 vermittelt ein Gef\u00fchl der Leichtigkeit und Fr\u00f6hlichkeit,<\/li>\n<li>vermittelt insgesamt im Leben und in der Bewegung eine neue Leichtigkeit, macht Wege offen, einfach und sch\u00f6n und hilft, die Probleme des Lebens einfach und leicht zu l\u00f6sen,<\/li>\n<li>steigert bei Frauen die Libido (Sexualtrieb) und die F\u00e4higkeit schwanger zu werden,<\/li>\n<li>st\u00e4rkt bei M\u00e4nnern die wahre m\u00e4nnliche Energie, nicht nur die Potenz,<\/li>\n<li>bek\u00e4mpft Viren und intrazellul\u00e4re Parasiten auf der Informationsebene (z. B. Toxoplasmen, was f\u00fcr alle Katzenbesitzer besonders wichtig ist).<\/li>\n<\/ul>\n<p>Auf der Kolzov-Platte &#8222;Heilender Arshan&#8220; sind die Informationen des Heilwassers der Mineral- und Thermalquellen des Arshan Resorts im Tunkinskaja-Tal, nahe des Baikalsees in der Republik Burjatien, Russland.<\/p>\n<p>TIPP 1: Die Platte beginnt mit den unteren drei Chakras zu arbeiten. Nach ihrer Aktivierung und Verarbeitung gelangt die Energie dann auch in die h\u00f6heren Chakras. Mitunter kann das Gef\u00fchl entstehen, als w\u00fcrde die Energie im gesamten physischen K\u00f6rper neu verteilt und als w\u00fcrde man energetisch \u201emassiert\u201c.<\/p>\n<p>Um die Gesundheit schnell zu verbessern, kann die Platte sehr gut bei Atem\u00fcbungen verwendet werden. Vor dem Atemtraining wird empfohlen, 1-2 Gl\u00e4ser mit der Platte informiertes Wasser zu trinken.<\/p>\n<p>TIPP 2: F\u00fchren Sie als Atem\u00fcbung beispielsweise das \u201eQuadrat der Atmung\u201c aus dem Hatha Yoga in Kombination mit der Platte durch:<\/p>\n<p>Setzen Sie sich auf die Platte oder legen Sie die Platte auf das 1., 2. oder 3.Chakra. Konzentrieren Sie sich 1-2 Minuten lang auf die Atmung und versuchen Sie, Ihre Gedanken zu beruhigen. Atmen vollst\u00e4ndig aus, sodass keinerlei Luft mehr in der Lunge verbleibt, und atmen Sie dann nach dem folgenden Muster: Z\u00e4hlen Sie w\u00e4hrend des langsamen Einatmens 1-2-3-4, bis die Lungen vollst\u00e4ndig gef\u00fcllt sind. Halten Sie dann den Atem an und z\u00e4hlen erneut bis 4. Danach atmen Sie langsam und z\u00e4hlen wieder 1-2-3-4, bis die Lungen v\u00f6llig leer sind. Wiederholen Sie mehrere Zyklen.<\/p>\n<p>TIPP 3: Mit der Platte ist es wunderbar, in der Natur zu meditieren und mit der Energie der Erde zu arbeiten. Hilfreich ist es zum Beispiel barfu\u00df auf dem Rasen oder Boden zu stehen oder zu gehen. Dadurch kann die Energie den gesamten K\u00f6rper des Benutzers durchdringen.<\/p>\n<p>TIPP 4: F\u00fcr Fitness und beim Sport (sehr gut besonders f\u00fcr L\u00e4ufer) tr\u00e4gt man die Platte am K\u00f6rper oder Arm w\u00e4hrend des Training bei sich und trinkt damit informiertes Wasser.<\/p>\n<p>TIPP 5: Sie k\u00f6nnen die Platte sehr gut zum Informieren von Badewasser, Fu\u00dfb\u00e4der und Heildusche verwenden. Die positive Wirkung auf den Bewegungsapparat kann durch weitere Platten wie Osteovita (Serie Arkanum), Bewegungsfreiheit (Winterserie 2020) noch unterst\u00fctzt werden.<\/p>\n<p>TIPP 6: Wenn Sie hohen Blutdruck haben, tragen Sie die Platte nur stundenweise und nicht am Oberk\u00f6rper, da die aktivierende Energie der Platte bei manchen Menschen einen Anstieg des Blutdrucks bewirken kann.<\/p>\n<p>ZUR BEACHTUNG: Bei dieser Platte sollte das Wasser zum Energetisieren mindestens 10 Minuten lang darauf gestellt werden.<\/p>\n<p><em><strong>Wichtiger Hinweis:<\/strong><\/em><\/p>\n<p><em><strong>Wir weisen ausdr\u00fccklich darauf hin, dass die Kolzov-Platte (russische Bezeichnung: &#8222;Korrektoren des funktionalen Zustands&#8220;) ein alternatives Energie- und Informationsprodukt ist und kein Heilmittel im Sinne der westlichen Schulmedizin. Vielmehr ist es ein rein energetisches Hilfsmittel zur ganzheitlichen Balancierung von energetischen Disharmonien und Blockaden. Informationen \u00fcber Qualit\u00e4t und Eigenschaften des Energieobjekts beziehen sich auf Aussagen des russischen Herstellers und alternativen Theorien zu Mensch und Umwelt, auf alternative Anschauungen und esoterische \u00dcberlieferungen oder Aussagen. Sie gelten nur im Sinne der esoterischen Lebensphilosophie und daran angelehnte Alternativheilkunde. Wirkungen im Sinne westlicher Wissenschaft oder Medizin werden hier nicht behauptet.<\/strong><\/em><\/p>","protected":false},"excerpt":{"rendered":"<p>ist eine kraftvolle Energiequelle, die Geist, Seele und Herz in Einklang bringt. Sie st\u00e4rkt massiv die Willenskraft und den Siegeswillen, weshalb sie die ideale Unterst\u00fctzung f\u00fcr Sport, Fitness und einen gesunden K\u00f6rperbau ist. Sie sorgt f\u00fcr eine tiefe Erdung und Stabilit\u00e4t, befreit aus energetischer \u201eGefangenschaft\u201c und verbessert die Vitalit\u00e4t von Bewegungsapparat und Atmung. Zudem vermittelt sie eine neue Leichtigkeit, Humor in Konflikten und steigert die Libido sowie die m\u00e4nnliche Ur-Energie.<\/p>","protected":false},"featured_media":2364,"comment_status":"open","ping_status":"closed","template":"","meta":[],"product_brand":[],"product_cat":[33],"product_tag":[178],"class_list":{"0":"post-2271","1":"product","2":"type-product","3":"status-publish","4":"has-post-thumbnail","6":"product_cat-elite-series","7":"product_tag-178","9":"first","10":"instock","11":"taxable","12":"shipping-taxable","13":"purchasable","14":"product-type-simple"},"_links":{"self":[{"href":"https:\/\/vigo-rio.com\/en\/wp-json\/wp\/v2\/product\/2271","targetHints":{"allow":["GET"]}}],"collection":[{"href":"https:\/\/vigo-rio.com\/en\/wp-json\/wp\/v2\/product"}],"about":[{"href":"https:\/\/vigo-rio.com\/en\/wp-json\/wp\/v2\/types\/product"}],"replies":[{"embeddable":true,"href":"https:\/\/vigo-rio.com\/en\/wp-json\/wp\/v2\/comments?post=2271"}],"wp:featuredmedia":[{"embeddable":true,"href":"https:\/\/vigo-rio.com\/en\/wp-json\/wp\/v2\/media\/2364"}],"wp:attachment":[{"href":"https:\/\/vigo-rio.com\/en\/wp-json\/wp\/v2\/media?parent=2271"}],"wp:term":[{"taxonomy":"product_brand","embeddable":true,"href":"https:\/\/vigo-rio.com\/en\/wp-json\/wp\/v2\/product_brand?post=2271"},{"taxonomy":"product_cat","embeddable":true,"href":"https:\/\/vigo-rio.com\/en\/wp-json\/wp\/v2\/product_cat?post=2271"},{"taxonomy":"product_tag","embeddable":true,"href":"https:\/\/vigo-rio.com\/en\/wp-json\/wp\/v2\/product_tag?post=2271"}],"curies":[{"name":"wp","href":"https:\/\/api.w.org\/{rel}","templated":true}]}}