{"id":227,"date":"2026-01-14T12:42:44","date_gmt":"2026-01-14T12:42:44","guid":{"rendered":"https:\/\/vigo-rio.com\/?post_type=product&#038;p=227"},"modified":"2026-03-05T17:13:22","modified_gmt":"2026-03-05T17:13:22","slug":"fc-17-rebirth","status":"publish","type":"product","link":"https:\/\/vigo-rio.com\/en\/product\/fc-17-rebirth\/","title":{"rendered":"FC Wiedergeburt\/ Rebirth"},"content":{"rendered":"<p><strong>Kolzov-Platte &#8222;Nr.17\u00a0&#8211; Wiederbelebung&#8220; (&#8222;no secrets&#8220;)<br \/>\n(russischer Name: \u201eWiederbelebung\u201c; oder auch: \u201eno suppression &#8211; no secrets\u201c)<br \/>\nEnergetische Wirkung: Blockaden l\u00f6sen, Unterbewusstsein kl\u00e4ren und Anheben des Energie-Niveaus<\/strong><\/p>\n<p><strong>&#8211; neueste Version mit 8-Elementen (8 enthaltenen Energiespeicher-Chips)<\/strong><\/p>\n<p>Die Platte Nr.17 wurde vor allem entwickelt, um die tieferen Schichten des menschlichen Unterbewusstseins zu durchdringen. Sie offenbart die Ursachen von St\u00f6rungen der Gesundheit und l\u00f6scht die damit verbundenen negativen Programme: Die Platte erzeugt eine starke Wirbelstr\u00f6mung, die bis in die Tiefen hineinreicht und das \u201cErstarrte\u201d, \u201cDunkle\u201d und Verborgene \u201cwiederbelebt\u201d und ans Licht bringt. Dadurch k\u00f6nnen zugrunde liegende Ursachen von Krankheiten, Lebenssituationen und Problemen enth\u00fcllt und damit verbundene, hemmende negative Programme gel\u00f6scht werden. Die tieferen Wahrheiten werden offenbart, zugrundliegenden Ursachen und Hemmnisse k\u00f6nnen bearbeitet und aufgel\u00f6st werden.<br \/>\nTr\u00e4gt man die Platte, kann sie aber auch die wahre Natur eines anderen Menschen offenbaren und an die Oberfl\u00e4che bringen: ein vermeintlicher Freund zeigt pl\u00f6tzlich sein wahres Gesicht, ein unscheinbarer Kollege entpuppt sich als wunderbarer Mensch oder der tiefere Grund f\u00fcr eine verfahrene Situation mit dieser Person kann erkannt und behoben werden.<br \/>\nDiese Functions-Corrector-Platte reinigt auf den Ebenen des Unterbewusstseins und der DNA \u00e4hnlich wie es bisher durch die beiden violetten FC Nr.11 und Nr.15 m\u00f6glich war, aber die Wirkung der goldenen Nr. 17 ist schneller und st\u00e4rker.<\/p>\n<p><em>Die Aussagen beziehen sich auf alternative Testmethoden wie Meridianenergie-Messungen der Organfunktionskreisl\u00e4ufe nach TCM, Kirlian-Fotografie (EPG\/GDV-Kamera), Oberon, Amsat o.\u00e4. durch den Hersteller &#8222;Planet der Regionen&#8220; und stellen keine medizinische oder auf den physischen K\u00f6rper und dessen Organe bezogenen Aussage im Sinne der westlichen Schulmedizin dar.<br \/>\n<\/em><\/p>\n<p><strong>Die Platte ist in diesem Sinne vor allem geeignet f\u00fcr:<\/strong><\/p>\n<ul>\n<li>aktiviert das Energiesystem und vitalisiert,<\/li>\n<li>l\u00f6st tiefliegende Blockaden,<\/li>\n<li>bringt Verborgenes die Oberfl\u00e4che,<\/li>\n<li>\u201ewiederbelebt\u201c innere Erstarrungen,<\/li>\n<li>und stellt verdr\u00e4ngte, abgetrennte Energien und Potentiale wieder zur Verf\u00fcgung,<\/li>\n<li>erh\u00f6ht insgesamt die Chakra-Energie.<\/li>\n<\/ul>\n<p>Die Platte Nr. 17 beinhaltet den Kanal \u201cBuurmok\u201d, der destruktive Inhalte des Unterbewusstseins aufdeckt und aufl\u00f6st.<br \/>\nDie Platte \u201cWiederbelebung\u201d offenbart die tief im Unterbewusstsein verborgenen Wahrheiten \u2013 daher nennen wir sie auch \u201ckeine Verdr\u00e4ngung \u2013 keine Geheimnisse\u201d, \u201cno suppression &#8211; no secrets\u201d.<\/p>\n<p>ZUR BEACHTUNG: Die Aktivierungszeit von Wasser auf der Platte betr\u00e4gt mindestens 15 Sekunden.<\/p>\n<p><em><u>Ergebnis im LIFE-TEST:<\/u>\u00a0Die Kolzov-Platte &#8222;Nr.17 &#8211; Wiederbelebung \/ Wiedergeburt&#8220; hat ein neutrales Energiefeld mit 40 000 Bovis. Diese Platte hat aber eine enorm hohe Abstrahlung auf der Unterseite von weit \u00fcber 40 000 Bovis (in dieser Testmethode nach Dr. Oberbach sind die 40 000 Bovis die sicher Nachweisgrenze). Damit aktiviert sie das Herz- und das Solarplexus-Chakra auf enorme 40 000 Bovis. Das Stirn-Chakra steigt in seiner Energie auf 35 000 Bovis, das Hals-Chakra auf 28 000 Bovis, das Kronen- und Wurzel-Chakra auf 21 000 Bovis und das Blase-Sexual-Chakra verdoppelt noch seine Energie auf 14 000 Bovis. Durch die Aufladung der Chakras w\u00e4chst der bioenergetische Reaktionsabstand von zirka 75 Zentimetern um den K\u00f6rper auf 1,80 Meter.<br \/>\n<\/em><\/p>\n<p><em><strong>Wichtiger Hinweis:<br \/>\nWir weisen ausdr\u00fccklich darauf hin, dass die Kolzov-Platte (russische Bezeichnung: &#8222;Korrektoren des funktionalen Zustands&#8220;) ein alternatives Energie- und Informationsprodukt ist und kein Heilmittel im Sinne der westlichen Schulmedizin. Vielmehr ist es ein rein energetisches Hilfsmittel zur ganzheitlichen Balancierung von energetischen Disharmonien und Blockaden. Informationen \u00fcber Qualit\u00e4t und Eigenschaften des Energieobjekts beziehen sich auf Aussagen des russischen Herstellers und alternativen Theorien zu Mensch und Umwelt, auf alternative Anschauungen und esoterische \u00dcberlieferungen oder Aussagen. Sie gelten nur im Sinne der esoterischen Lebensphilosophie und daran angelehnte Alternativheilkunde. Wirkungen im Sinne westlicher Wissenschaft oder Medizin werden hier nicht behauptet.<\/strong><\/em><\/p>","protected":false},"excerpt":{"rendered":"<p>Energetische Wirkung: L\u00f6sen von Blockaden, Kl\u00e4rung des Unterbewusstseins und Anhebung des Energieniveaus<\/p>","protected":false},"featured_media":1696,"comment_status":"open","ping_status":"closed","template":"","meta":[],"product_brand":[],"product_cat":[29],"product_tag":[],"class_list":{"0":"post-227","1":"product","2":"type-product","3":"status-publish","4":"has-post-thumbnail","6":"product_cat-gold-series","8":"first","9":"instock","10":"sale","11":"taxable","12":"shipping-taxable","13":"purchasable","14":"product-type-variable"},"_links":{"self":[{"href":"https:\/\/vigo-rio.com\/en\/wp-json\/wp\/v2\/product\/227","targetHints":{"allow":["GET"]}}],"collection":[{"href":"https:\/\/vigo-rio.com\/en\/wp-json\/wp\/v2\/product"}],"about":[{"href":"https:\/\/vigo-rio.com\/en\/wp-json\/wp\/v2\/types\/product"}],"replies":[{"embeddable":true,"href":"https:\/\/vigo-rio.com\/en\/wp-json\/wp\/v2\/comments?post=227"}],"wp:featuredmedia":[{"embeddable":true,"href":"https:\/\/vigo-rio.com\/en\/wp-json\/wp\/v2\/media\/1696"}],"wp:attachment":[{"href":"https:\/\/vigo-rio.com\/en\/wp-json\/wp\/v2\/media?parent=227"}],"wp:term":[{"taxonomy":"product_brand","embeddable":true,"href":"https:\/\/vigo-rio.com\/en\/wp-json\/wp\/v2\/product_brand?post=227"},{"taxonomy":"product_cat","embeddable":true,"href":"https:\/\/vigo-rio.com\/en\/wp-json\/wp\/v2\/product_cat?post=227"},{"taxonomy":"product_tag","embeddable":true,"href":"https:\/\/vigo-rio.com\/en\/wp-json\/wp\/v2\/product_tag?post=227"}],"curies":[{"name":"wp","href":"https:\/\/api.w.org\/{rel}","templated":true}]}}