{"id":2268,"date":"2026-01-20T13:43:17","date_gmt":"2026-01-20T13:43:17","guid":{"rendered":"https:\/\/vigo-rio.com\/?post_type=product&#038;p=2268"},"modified":"2026-03-25T18:14:14","modified_gmt":"2026-03-25T18:14:14","slug":"fc-109-heavenly-ruler","status":"publish","type":"product","link":"https:\/\/vigo-rio.com\/en\/product\/fc-109-heavenly-ruler\/","title":{"rendered":"FC Himmelsherrscher \/ Sovereign"},"content":{"rendered":"<p><strong>Sonderplatten &#8211; Kolzov-Platte: &#8222;Himmelsherrscher&#8220;\u00a0(auch &#8222;Souver\u00e4n&#8220; genannt) &#8211; schenkt Selbstvertrauen und Durchsetzungskraft sein Schicksal aktiv zu gestalten, &#8222;Alles wird gut!&#8220;, befreit von Manipulationen, schafft einen Raum der Harmonie, st\u00e4rkt die Anpassungsf\u00e4higkeit bei Sress und an Ver\u00e4nderungen jeder Art)<\/strong><\/p>\n<p><em><strong>&#8211; neueste Version mit 8-Elementen (8 enthaltenen Energiespeicher-Chips)<\/strong><\/em><\/p>\n<div><em>Die Platte tr\u00e4gt die russische Aufschrift &#8222;\u0412\u0415\u0420\u0428\u0418\u0422\u0415\u041b\u042c&#8220; und auf dem erg\u00e4nzenden Deckblatt: SOUVEREIGN, HIMMERLSHERRSCHER, SOUVERAIN<\/em><\/div>\n<p>Die Sonderplatte &#8222;Himmelsherrscher&#8220; ist eine spezielle Kreation von Kolzov f\u00fcr jene Anwender, die aktiv ihr eigenes Schicksals gestalten und nicht passiv erleben m\u00f6chten. Sie unterst\u00fctzt den eigenen Willen und die daf\u00fcr n\u00f6tige Weisheit, seine W\u00fcnsche und Ziele in die Realit\u00e4t umzusetzen. Diese Durchsetzungskraft, den die Platte ermittelt, wirkt nach au\u00dfen nicht wie ein Druck, der andere wegschiebt, sondern wie die sanfte Kraft des Wassers, dem letztlich nichts wiederstehen kann &#8211; es ist eine kontrollierte Macht. Die Platte st\u00e4rkt insgesamt das Selbstvertrauen und den Glauben an sich selbst und erzeugt eine positive, optimistische Stimmung &#8222;Alles wird gut&#8220;. Zudem erschafft sie einen Raum der Harmonie im innen und au\u00dfen.<\/p>\n<div>Die Platte unterst\u00fctzt jeden, in seinem Bereich Meister seines Fachs zu werden und all jene, die im Dienste des Gemeinwohl stehen. Sie erschlie\u00dft Profi- und Hobby-Sportlern neue Leistungsm\u00f6glichkeiten und f\u00fchrt in Beruf und Unternehmertum zum Erfolg. Und jene, die gern &#8222;auf morgen&#8220; warten, bringt sie in die Aktivit\u00e4t.<\/div>\n<div>Die Platte ist ein wichtiger Helfer in Zeiten des Umbruchs und bei hohem Stress, wo eine schnelle Reaktion oder Anpassung erforderlich ist &#8211; sei es im beruflichen oder famili\u00e4ren Bereich oder im sozialen und politischen.<\/div>\n<div><\/div>\n<div>\n<p><em>Die Aussagen beziehen sich auf alternative Testmethoden wie Meridianenergie-Messungen der Organfunktionskreisl\u00e4ufe nach TCM, Kirlian-Fotografie (EPG\/GDV-Kamera), Oberon, Amsat o.\u00e4. durch den Hersteller &#8222;Planet der Regionen&#8220; und stellen keine medizinische oder auf den physischen K\u00f6rper und dessen Organe bezogenen Aussage im Sinne der westlichen Schulmedizin dar.<\/em><\/p>\n<p>Die Platte ist in diesem Sinne vor allem geeignet f\u00fcr:<\/p>\n<\/div>\n<ul>\n<li>wie ein kraftvoller Wasserstrom sp\u00fclt die Platte alle grundlegende Hindernisse weg &#8211; Blockaden auf k\u00f6rperlicher Ebene, finanzielle Einschr\u00e4nkungen und r\u00e4umliche, politische und geistige Barrieren &#8211; und bringt die pers\u00f6nlichen Talente und F\u00e4higkeiten zur Entfaltung,<\/li>\n<li>macht Einfl\u00fcsterungen, unterschwellige subliminale Botschaften, negative Einfl\u00fcsse und Manipulationen, die sich in Filmen, Video-Clips und -spielen, Fernsehsendungen usw. verbergen k\u00f6nnen, unwirksam &#8211; gewaltverherrlichende und unmoralische Handlungen, die als Spa\u00df dargestellt werden, werden wieder als Widerspruch zu den Werten des Lebens, der Kreativit\u00e4t und der evolution\u00e4ren geistigen und spirituellen Entwicklung des Menschen erkennbar,<\/li>\n<li>aktiviert alle Chakras, steigert die Lebensenergie, erh\u00f6ht das Leistungsverm\u00f6gen und unterst\u00fctzt ein hohes Ma\u00df an k\u00f6rperlicher Aktivit\u00e4t und Ausdauer &#8211; je nach Belastung vom Spaziergang bis zu Hochleistung und Wettk\u00e4mpfen &#8211; und stellt schnell das Kraft- und Energiegleichgewicht wieder her,<\/li>\n<li>hilft, \u00c4ngste abzubauen, ermutigt zu Neuanf\u00e4ngen und f\u00f6rdert die Bereitschaft, Aufgaben jeglicher Komplexit\u00e4t zu erf\u00fcllen und unterst\u00fctzt eine aktive Lebenshaltung,<\/li>\n<li>st\u00e4rkt Mut, Entschlossenheit, Standhaftigkeit und die Ausdauer, Hindernisse auf seinem Lebensweg zu \u00fcberwinden,<\/li>\n<li>erh\u00f6ht Klarheit und Geschwindigkeit kritischen Denkens, hilft wohl\u00fcberlegte Entscheidungen zu treffen, um mit seinen Ressourcen das beste Ergebnis zu erzielen, st\u00e4rkt den Gesch\u00e4ftssinn und hilft, seine intellektuellen und spirituellen Potenziale maximal zu entfalten,<\/li>\n<li>st\u00e4rkt die F\u00e4higkeit, Gefahren vorauszusehen und Entwicklungsm\u00f6glichkeiten auch in den unerwarteten Situationen zu erkennen, was eine &#8222;Immunit\u00e4t&#8220; gegen Schicksalsschl\u00e4ge verleiht,<\/li>\n<li>beschleunigt insgesamt die Denkprozesse und hilft bei der Aufnahme gro\u00dfer Informationsmengen &#8211; dies unterst\u00fctzt Sch\u00fcler und Studenten beim Lernen ebenso wie im Berufsleben und im Rentenalter, zugleich hilft die Platte das n\u00f6tige Gleichgewicht zwischen geistiger und k\u00f6rperlicher Aktivit\u00e4t zu wahren,<\/li>\n<li>f\u00f6rdert alle, die mit Mut und Tapferkeit sich f\u00fcr ihre Mitmenschen und das Gemeinwesen, f\u00fcr Wahrheit und Wohlstand f\u00fcr alle Menschen einsetzen &#8211; von Anw\u00e4lten, Journalisten, Krisenmanager, Polizei und Milit\u00e4r bis zu engagierten Menschen in sozialen Bereichen, \u00c4rzte, Lehrer, Rettungskr\u00e4fte und alle Menschen, die auf der Seite des Lichts und des Guten stehen,<\/li>\n<li>st\u00e4rkt die emotionale Stabilit\u00e4t, sch\u00fctzt vor psycho-physischem Burnout, gibt Ausgeglichenheit und Schutz in Stresssituationen, st\u00e4rkt die Kraft und Dichte des \u00c4therk\u00f6rpers des Benutzers (Aura-Schutz),<\/li>\n<li>erh\u00f6ht die Sensibilit\u00e4t und Intuition und verbessert die Interaktion mit der Umwelt,<\/li>\n<li>erf\u00fcllt den \u00e4u\u00dferen Raum mit sauberer Energie der Ruhe, Harmonie und Freude,<\/li>\n<li>im Bereich der K\u00f6rperenergien kann die Platte zu einer ganzheitlichen Verbesserung der Gesundheit beitragen, da sie effektiv mit allen Chakras interagiert und \u00fcber diese energetischen Steuerungszentralen auch energetische mit allen Hauptorganen und Hauptdr\u00fcsen,<\/li>\n<li>sie tr\u00e4gt zur Normalisierung des Kreislaufsystems bei, f\u00fcllt Nieren und Harnwege mit Energie (Niere-Blase-Meridian, Nieren-Qi), beseitigt Formen von Unwohlsein,<\/li>\n<li>kann den Stoffwechsel beschleunigen, hilft ein gesundes Essverhalten zu entwickeln (weniger Fastfood usw.) und unterst\u00fctzt die Verdauung.<\/li>\n<\/ul>\n<div><\/div>\n<div>Auf der Kolzov-Platte sind unter anderem die Informationen des Wassers einer der Thermalquellen von Shargalzhut und der \u201e108 Tropfen\u201c-Quelle in Bayankhongor Aimak, Mongolei, gespeichert. Enthalten sind au\u00dferdem die Informationen des Energieportals vom 9. August 2023, dem Feiertag der Himmlischen Heerscharen unter der Schirmherrschaft von &#8222;Kshatra-Varyu&#8220; in der zoroastrischen Tradition. Kshatra-Varyu ist einer der gro\u00dfen sieben &#8222;Unsterblichen&#8220; bzw. eine der sieben Facetten der Sch\u00f6pfung. Er ist mit dem g\u00f6ttlichen Prinzip &#8222;Vohu Manah&#8220; verbunden, dem \u201eGuten Gedanken\u201c und \u201eGuten Zweck\u201c und steht f\u00fcr einen guten Geisteszustand, der bef\u00e4higt seine Pflichten zu erf\u00fcllen und seine Ziele zu erreichen.<\/div>\n<div>Die Platte enth\u00e4lt damit Informationen, die einzeln auf den Platten &#8222;Sieger&#8220; (Serie Kollektion) und in &#8222;Wind der Ver\u00e4nderung&#8220; (Serie Elite 8-Elemnte) verwendet wurden.<\/div>\n<div><\/div>\n<div>TIPP 1: Laden Sie sich gleich am Morgen mit den Energien der Platte auf, um f\u00fcr den Tag gewappnet zu sein. Und wenn Sie zu irgendeinem Zeitpunkt des Tages das Bed\u00fcrfnis nach zus\u00e4tzlicher Energie versp\u00fcren, g\u00f6nnen Sie sich eine Minute mit der Platte und kehren Sie zu dieser Quelle unersch\u00f6pflicher Kraft zur\u00fcck.<\/div>\n<div>TIPP 2: Die Platte unterst\u00fctzt die Anpassungsf\u00e4higkeit an Ver\u00e4nderungen, was Sie auch f\u00fcr die Akklimatisierung bei Fernreisen und Wetterf\u00fchligkeit und jede andere Art von Stress nutzen k\u00f6nnen.<\/div>\n<div>TIPP 3: Wasser, das auf der Platte informiert wurde, unterst\u00fctzt bei k\u00f6rperlichem Training und Sport und erh\u00f6ht die Wirksamkeit der \u00dcbungen.<\/div>\n<div><\/div>\n<div>ZUR BEACHTUNG: Bei dieser Platte sollte das Wasser zum Energetisieren mindestens 20 Minuten lang darauf gestellt werden.<\/div>\n<p><em>Wichtiger Hinweis:<\/em><\/p>\n<p><em>Wir weisen ausdr\u00fccklich darauf hin, dass die Kolzov-Platte (russische Bezeichnung: &#8222;Korrektoren des funktionalen Zustands&#8220;) ein alternatives Energie- und Informationsprodukt ist und kein Heilmittel im Sinne der westlichen Schulmedizin. Vielmehr ist es ein rein energetisches Hilfsmittel zur ganzheitlichen Balancierung von energetischen Disharmonien und Blockaden. Informationen \u00fcber Qualit\u00e4t und Eigenschaften des Energieobjekts beziehen sich auf Aussagen des russischen Herstellers und alternativen Theorien zu Mensch und Umwelt, auf alternative Anschauungen und esoterische \u00dcberlieferungen oder Aussagen. Sie gelten nur im Sinne der esoterischen Lebensphilosophie und daran angelehnte Alternativheilkunde. Wirkungen im Sinne westlicher Wissenschaft oder Medizin werden hier nicht behauptet.<\/em><\/p>","protected":false},"excerpt":{"rendered":"<p>ist f\u00fcr Menschen konzipiert, die ihr Leben aktiv lenken wollen. Sie verleiht eine Durchsetzungskraft, die so stetig und unaufhaltsam wirkt wie flie\u00dfendes Wasser. Die Platte macht immun gegen unterschwellige Manipulationen (z. B. aus Medien), baut \u00c4ngste vor Neuanf\u00e4ngen ab und bringt Menschen, die Dinge gerne aufschieben, sofort ins Handeln. Sie ist ein exzellenter Begleiter in Zeiten des Umbruchs, beschleunigt das Denken und hilft dabei, auch in stressigen Situationen die Ruhe eines \u201eMeisters\u201c zu bewahren.<\/p>","protected":false},"featured_media":2368,"comment_status":"open","ping_status":"closed","template":"","meta":[],"product_brand":[],"product_cat":[33],"product_tag":[177],"class_list":{"0":"post-2268","1":"product","2":"type-product","3":"status-publish","4":"has-post-thumbnail","6":"product_cat-elite-series","7":"product_tag-177","9":"first","10":"instock","11":"taxable","12":"shipping-taxable","13":"purchasable","14":"product-type-simple"},"_links":{"self":[{"href":"https:\/\/vigo-rio.com\/en\/wp-json\/wp\/v2\/product\/2268","targetHints":{"allow":["GET"]}}],"collection":[{"href":"https:\/\/vigo-rio.com\/en\/wp-json\/wp\/v2\/product"}],"about":[{"href":"https:\/\/vigo-rio.com\/en\/wp-json\/wp\/v2\/types\/product"}],"replies":[{"embeddable":true,"href":"https:\/\/vigo-rio.com\/en\/wp-json\/wp\/v2\/comments?post=2268"}],"wp:featuredmedia":[{"embeddable":true,"href":"https:\/\/vigo-rio.com\/en\/wp-json\/wp\/v2\/media\/2368"}],"wp:attachment":[{"href":"https:\/\/vigo-rio.com\/en\/wp-json\/wp\/v2\/media?parent=2268"}],"wp:term":[{"taxonomy":"product_brand","embeddable":true,"href":"https:\/\/vigo-rio.com\/en\/wp-json\/wp\/v2\/product_brand?post=2268"},{"taxonomy":"product_cat","embeddable":true,"href":"https:\/\/vigo-rio.com\/en\/wp-json\/wp\/v2\/product_cat?post=2268"},{"taxonomy":"product_tag","embeddable":true,"href":"https:\/\/vigo-rio.com\/en\/wp-json\/wp\/v2\/product_tag?post=2268"}],"curies":[{"name":"wp","href":"https:\/\/api.w.org\/{rel}","templated":true}]}}