{"id":2266,"date":"2026-01-20T13:42:40","date_gmt":"2026-01-20T13:42:40","guid":{"rendered":"https:\/\/vigo-rio.com\/?post_type=product&#038;p=2266"},"modified":"2026-02-04T19:40:03","modified_gmt":"2026-02-04T19:40:03","slug":"fc-17108-sparks-of-life","status":"publish","type":"product","link":"https:\/\/vigo-rio.com\/en\/product\/fc-17108-sparks-of-life\/","title":{"rendered":"FC Funken des Lebens \/ Sparks of Life"},"content":{"rendered":"<p><strong>Kolzov-Platte: &#8222;Funken des Lebens&#8220;\u00a0(Berg Athos; f\u00fcr bedingungslose Liebe zu sich selbst, Vertrauen und Akzeptanz des Lebens, Achtsamkeit, Frieden, Harmonie, Z\u00e4rtlichkeit, f\u00fcr Vergebung und Verzeihen, positive Eltern-Kind-Beziehung)<\/strong><\/p>\n<p><strong>&#8211; neueste Version mit 8-Elementen (8 enthaltenen Energiespeicher-Chips)<\/strong><\/p>\n<p><em>Die Platte tr\u00e4gt die russische Aufschrift &#8222;\u0418\u0421\u041a\u0420\u042b \u0416\u0418\u0417\u041d\u0418&#8220; und auf dem erg\u00e4nzenden Deckblatt: SPARKS OF LIFE, \u00c9TINCELLES DES VIE, FUNKEN DES LEBENS<\/em><\/p>\n<p>Die Platte &#8222;Funken des Lebens&#8220; st\u00e4rkt eine gesunde, bedingungslose Liebe zu sich selbst, sie erf\u00fcllt mit Vertrauen, Ehrfurcht und Akzeptanz des Lebens und vermittelt die F\u00e4higkeit zu Achtsamkeit, Frieden, Harmonie, Z\u00e4rtlichkeit. Ihre Botschaft ist: &#8222;Lassen Sie den Versuch los, alles um Sie herum kontrollieren zu wollen und entspannen Sie sich. Alles ist jetzt gut. Akzeptieren Sie das Leben, wie es kommt. Alles im Leben hat zwei Seiten und Sie k\u00f6nnen f\u00fcr sich die positive Seite w\u00e4hlen.&#8220;<\/p>\n<p>Die Platte verbessert die Beziehung zwischen Eltern und Kind, st\u00e4rkt die Kraft der Vergebung und des Verzeihens. Die Platte unterst\u00fctzt alle, die mit einer gro\u00dfen Anzahl von Menschen arbeiten oder vor Publikum sprechen m\u00fcssen, sowie diejenigen, die in der Lage sein m\u00fcssen, Vorbild und Idol in positivem Sinne zu sein. Sie hilft willensstarken Menschen mit einem hohen Ma\u00df an moralischer Pflicht und Verantwortung zu handeln.<\/p>\n<p>Sie ist hilfreich f\u00fcr alle, die &#8211; unabh\u00e4ngig vom Alter &#8211; lernen, sich neues Wissen aneignen und ihre Qualifikationen verbessern m\u00f6chten.<\/p>\n<p>Die Platte erschafft nach und nach einen Zustand, in dem sich die Qualit\u00e4t von Seele und Geist nachhaltig ver\u00e4ndern und zu einer tiefgreifenden Kenntnis der inneren Welt, der Liebe und der Vollkommenheit \u00fcbergehen &#8211; ein Zustand der inneren Freiheit, der St\u00e4rke und des Gef\u00fchls, die Sch\u00f6nheit des Lebens zu sp\u00fcren, manifestiert sich und der Anwender erf\u00e4hrt, dass Liebe die Grundlage der Sch\u00f6pfung und des Lebens ist.<\/p>\n<p><em>Die Aussagen beziehen sich auf alternative Testmethoden wie Meridianenergie-Messungen der Organfunktionskreisl\u00e4ufe nach TCM, Kirlian-Fotografie (EPG\/GDV-Kamera), Oberon, Amsat o.\u00e4. durch den Hersteller &#8222;Planet der Regionen&#8220; und stellen keine medizinische oder auf den physischen K\u00f6rper und dessen Organe bezogenen Aussage im Sinne der westlichen Schulmedizin dar.<br \/>\n<\/em><\/p>\n<p><strong>Die Platte ist in diesem Sinne vor allem geeignet f\u00fcr:<\/strong><\/p>\n<ul>\n<li>aktiviert mit dem 7. und 8.Chakra vor allem die h\u00f6heren Chakras, vermittelt die hochschwingenden Energien von Achtsamkeit, Frieden, Harmonie, Z\u00e4rtlichkeit, bedingungslosem Vertrauen und Akzeptanz, was sich anf\u00fchlt, als w\u00fcrde man die Quelle wahrer Reinheit ber\u00fchren und die Aufrichtigkeit der Gedanken wecken,<\/li>\n<li>stellt eine bessere Verbindung zu sich selbst her und verbessert die Selbstreflexion und Selbsterkenntnis, offenbart so die eigenen wahren W\u00fcnsche und Bed\u00fcrfnisse, erm\u00f6glicht es, sich selbst als eine facettenreiche, lichtvolle Pers\u00f6nlichkeit wahrzunehmen,<\/li>\n<li>vermittelt die Kraft der Vergebungsenergie, die es erm\u00f6glicht, sich selbst zu vergeben und Schuldgef\u00fchle zu \u00fcberwinden, und sie l\u00e4sst einen Prozess des Abschieds von jemandem (in Vergangenheit oder Gegenwart) in Dankbarkeit erleben &#8211; ohne Gedanken an Rache oder Selbstanklage -, so dass man daran wachsen kann,<\/li>\n<li>l\u00f6scht alte Muster und Programme, die zu Autoaggression, Selbstzerst\u00f6rung und Abh\u00e4ngigkeit von \u00e4u\u00dferen Einfl\u00fcssen (insbesondere religi\u00f6ser oder sozialer Natur) gef\u00fchrt haben,<\/li>\n<li>vermittelt ein Gleichgewicht des Nervensystems, sodass Stress schneller abgebaut werden und man leichter in einen Zustand der Ruhe und Entspannung gelangen kann, lehrt den Prozess der meditativen Beobachtung der eigenen Empfindungen in Stille,<\/li>\n<li>f\u00f6rdert die berufliche Entwicklung, er\u00f6ffnet den Zugang zu neuen, originellen Ideen und ihre Umsetzung, und unterst\u00fctzt den Aufbau positiver Gesch\u00e4ftsbeziehungen und vielf\u00e4ltiger Kontakte in der Gesellschaft,<\/li>\n<li>hilft effektiv beim Beherrschen und Auswendiglernen gro\u00dfer Mengen an Informationen,<\/li>\n<li>st\u00e4rkt die F\u00e4higkeit, Menschen und Ereignisse so zu wahrzunehmen und zu akzeptieren, wie sie sind &#8211; ganz ohne Erwartungshaltung -, hilft dabei, eine andere Person in einem Zustand der Liebe, Geduld und Akzeptanz zu erreichen und die Interaktion auf eine neue Ebene zu heben,<\/li>\n<li>hilft so auch, die Beziehungen zwischen Kindern und Eltern zu verbessern und erleichtert das gegenseitige Verst\u00e4ndnis zwischen den Generationen, lehrt loszulassen und macht die Kommunikation aufrichtiger, akzeptierender, freundlicher und a priori liebevoller,<\/li>\n<li>hilft im Prozess der \u201espirituellen Trennung\u201c, indem es eigene falsche, illusorische Vorstellungen aufl\u00f6st,<\/li>\n<li>\u00f6ffnet Herz und Seele f\u00fcr helle, hochschwingende Energien, f\u00f6rdert die Entwicklung sensibler und sensitiver F\u00e4higkeiten wie Hellsehen, Hellf\u00fchlen, Hellh\u00f6ren und andere paranormale Wahrnehmungen,<\/li>\n<li>erleichtert einem ge\u00fcbten Anwender den Zugang zu mehrdimensionalen R\u00e4umen und zu Informationen und neuem Wissen aus der \u201eInformationsbibliothek der H\u00f6heren Welten\u201c (Akasha-Chronik),<\/li>\n<li>hilft, sich von Zukunfts\u00e4ngsten zu befreien, das Unterbewusstsein zu entspannen und neue, ungew\u00f6hnliche L\u00f6sungen verschiedener Situationen zu finden.<\/li>\n<\/ul>\n<p>Auf der Kolzov-Platte &#8222;Funken des Lebens&#8220; sind die Informationen des Heilwassers aus der Quelle des Heiligen Athanasius von Athos in der N\u00e4he des Klosters der Gro\u00dfen Lavra auf dem Heiligen Berg Athos, Griechenland, gespeichert.<\/p>\n<p>TIPP 1: Die Platte kann allein und mit allen anderen zuvor erschienenen Platten verwendet werden. Sie k\u00f6nnen die Platte abends vor dem Schlafengehen anwenden, um zur Ruhe zu kommen und Erholung zu erreichen. Bilden Sie bei Bedarf Tandems mit anderen Platten, die gut zusammenpassen.<\/p>\n<p>Die Energie ist leicht, ruhig, warm und entfaltet sich allm\u00e4hlich und sanft. H\u00f6ren Sie aufmerksam auf Ihren K\u00f6rper, um zu verstehen, auf welches Organ, K\u00f6rperteil oder Energiezentrum Sie die Platte im Moment anwenden sollten.<\/p>\n<p>TIPP 2: Sie k\u00f6nnen die Platte f\u00fcr eine intensive Reinigung verwenden: Es ist empfehlenswert, die Arbeit mit der Platte am 1.Chakra (Wurzel-Cahkra) zu beginnen und danach die Platte am 7.Chakra (Kronen-Chakra) aufzulegen. Danach auf das 2.Chakra legen und weiter aufsteigend nach oben auf alle anderen Chakras. So k\u00f6nnen Sie innerhalb von 70-90 Minuten den gesamten Energiek\u00f6rper sehr gut durcharbeiten und Ihren Energiezustand neu starten, eine Tiefenreinigung von \u00e4u\u00dferen Informationseinfl\u00fcssen Programmen durchf\u00fchren, einen Zustand tiefer Ruhe erreichen, und sich mit Kraft und Energie f\u00fcr einen Neustart f\u00fcllen. In jeder weiteren derartigen Anwendung werden die Empfindungen heller und st\u00e4rker werden.<\/p>\n<p>TIPP 3: Die Platte ist ein hervorragendes Werkzeug zur Verbesserung der Beziehung zwischen Eltern und Kindern. Halten Sie die Platte auf das Herz-Chakra und dr\u00fccken Sie Ihre Dankbarkeit aus, indem Sie z.B. sagen: \u201eIch bin den Energien dieser Kolzov-Platte dankbar, dass mein Kind (oder Enkel) und ich einander verstehen und h\u00f6ren, unsere Beziehung ist voller Freundlichkeit und W\u00e4rme.\u201c Ver\u00e4ndern Sie diese Worte basierend auf Ihrer jeweiligen pers\u00f6nlichen Situation.<\/p>\n<p>Die Platte ist auch ein ausgezeichneter Helfer f\u00fcr junge M\u00fctter (einschlie\u00dflich werdender M\u00fctter), um eine spirituelle Verbindung und emotionale Interaktion mit Kindern aufzubauen, insbesondere in jungen Jahren.<\/p>\n<p>TIPP 4: Um schneller von intensiver geistiger Arbeit in einen Zustand der Entspannung umschalten zu k\u00f6nnen, legen Sie die Platte zuerst auf das Stirn-Chakra und dann auf das Kronen-Chakra auf den Kopf.<\/p>\n<p>TIPP 5: Die Platte ist wichtig f\u00fcr Menschen, die eine Scheidung, Trennung oder Trennung durchmachen. F\u00fchren Sie Gebete, \u00dcbungen und Meditationen durch, um sich von traurigen Erfahrungen und schwierigen Ereignissen der Vergangenheit zu befreien, und geben. Sie ist zudem ein wertvolles Werkzeug f\u00fcr die Praxis von Psychologen, Psychotherapeuten und Coaches.<\/p>\n<p>ZUR BEACHTUNG: Bei dieser Platte sollte das Wasser zum Energetisieren mindestens 12 Minuten lang darauf gestellt werden.<\/p>\n<p><strong><em>Wichtiger Hinweis:<br \/>\nWir weisen ausdr\u00fccklich darauf hin, dass die Kolzov-Platte (russische Bezeichnung: &#8222;Korrektoren des funktionalen Zustands&#8220;) ein alternatives Energie- und Informationsprodukt ist und kein Heilmittel im Sinne der westlichen Schulmedizin. Vielmehr ist es ein rein energetisches Hilfsmittel zur ganzheitlichen Balancierung von energetischen Disharmonien und Blockaden. Informationen \u00fcber Qualit\u00e4t und Eigenschaften des Energieobjekts beziehen sich auf Aussagen des russischen Herstellers und alternativen Theorien zu Mensch und Umwelt, auf alternative Anschauungen und esoterische \u00dcberlieferungen oder Aussagen. Sie gelten nur im Sinne der esoterischen Lebensphilosophie und daran angelehnte Alternativheilkunde. Wirkungen im Sinne westlicher Wissenschaft oder Medizin werden hier nicht behauptet.<\/em><\/strong><\/p>","protected":false},"excerpt":{"rendered":"<p data-path-to-node=\"2\">Die Platte <b data-path-to-node=\"2\" data-index-in-node=\"11\">\u201eFunken des Lebens\u201c<\/b> (Berg Athos) ist ein energetischer Balsam f\u00fcr die Seele. Sie lehrt das Vertrauen in den Lebensfluss und hilft dabei, den Drang nach \u00fcberm\u00e4\u00dfiger Kontrolle loszulassen. Sie ist spezialisiert auf die Heilung von Schuldgef\u00fchlen, Vergebungsarbeit und die Verbesserung der Kommunikation zwischen den Generationen. Zudem unterst\u00fctzt sie das Lernen gro\u00dfer Informationsmengen und st\u00e4rkt Menschen, die vor Publikum sprechen oder als Vorbild agieren. Sie befreit von Zukunfts\u00e4ngsten und \u00f6ffnet den Zugang zur \u201eInformationsbibliothek der H\u00f6heren Welten\u201c.<\/p>\n<p data-path-to-node=\"3\">","protected":false},"featured_media":2354,"comment_status":"open","ping_status":"closed","template":"","meta":[],"product_brand":[],"product_cat":[33],"product_tag":[176],"class_list":{"0":"post-2266","1":"product","2":"type-product","3":"status-publish","4":"has-post-thumbnail","6":"product_cat-elite-series","7":"product_tag-176","9":"first","10":"instock","11":"taxable","12":"shipping-taxable","13":"purchasable","14":"product-type-simple"},"_links":{"self":[{"href":"https:\/\/vigo-rio.com\/en\/wp-json\/wp\/v2\/product\/2266","targetHints":{"allow":["GET"]}}],"collection":[{"href":"https:\/\/vigo-rio.com\/en\/wp-json\/wp\/v2\/product"}],"about":[{"href":"https:\/\/vigo-rio.com\/en\/wp-json\/wp\/v2\/types\/product"}],"replies":[{"embeddable":true,"href":"https:\/\/vigo-rio.com\/en\/wp-json\/wp\/v2\/comments?post=2266"}],"wp:featuredmedia":[{"embeddable":true,"href":"https:\/\/vigo-rio.com\/en\/wp-json\/wp\/v2\/media\/2354"}],"wp:attachment":[{"href":"https:\/\/vigo-rio.com\/en\/wp-json\/wp\/v2\/media?parent=2266"}],"wp:term":[{"taxonomy":"product_brand","embeddable":true,"href":"https:\/\/vigo-rio.com\/en\/wp-json\/wp\/v2\/product_brand?post=2266"},{"taxonomy":"product_cat","embeddable":true,"href":"https:\/\/vigo-rio.com\/en\/wp-json\/wp\/v2\/product_cat?post=2266"},{"taxonomy":"product_tag","embeddable":true,"href":"https:\/\/vigo-rio.com\/en\/wp-json\/wp\/v2\/product_tag?post=2266"}],"curies":[{"name":"wp","href":"https:\/\/api.w.org\/{rel}","templated":true}]}}