{"id":2263,"date":"2026-01-20T13:42:10","date_gmt":"2026-01-20T13:42:10","guid":{"rendered":"https:\/\/vigo-rio.com\/?post_type=product&#038;p=2263"},"modified":"2026-04-01T16:01:27","modified_gmt":"2026-04-01T16:01:27","slug":"fc-17107-ancient-healer","status":"publish","type":"product","link":"https:\/\/vigo-rio.com\/en\/product\/fc-17107-ancient-healer\/","title":{"rendered":"FC Alter Heiler \/ Ancient Healer"},"content":{"rendered":"<p><strong>Kolzov-Platte: &#8222;Alter Heiler&#8220;\u00a0(Buchara; Universelle Gesundheitsplatte, l\u00f6st \u00c4ngste, vermittelt Harmonie und Leichtigkeit, hilft dabei, seine Werte zu \u00fcberdenken)<br \/>\n<\/strong><\/p>\n<p><strong>&#8211; neueste Version mit 8-Elementen (8 enthaltenen Energiespeicher-Chips)<br \/>\n<\/strong><\/p>\n<p><em>Die Platte tr\u00e4gt die russische Aufschrift &#8220; \u0414\u0420\u0415\u0412\u041d\u0418\u0419 \u0426\u0415\u041b\u0418\u0422\u0415\u041b\u042c &#8220; und auf dem erg\u00e4nzenden Deckblatt: ANCIENT HEALER, VIEUX GU\u00c9RISSEUR, ALTER HEILER<\/em><\/p>\n<p>Die Platte &#8222;Alter Heiler&#8220; stellt das innere Gleichgewicht wieder her, was sich auch auf die gesamte Gesundheit des Organismus positiv auswirkt. Die Energien der Platte finden das erkrankte Organ selbst und f\u00f6rdern dessen Heilung, f\u00fchren den Zellen sehr schnell gen\u00fcgend Energie zu. Im Emotionalen beseitigt die Platte \u00c4ngste, destruktive Blockaden und hilft Beziehungen zu beenden, die auf Missverst\u00e4ndnissen und \u00fcberzogenen Erwartungen basieren &#8211; insgesamt hebt sie die Stimmung. Sie erf\u00fcllt mit dem Wunsch zu leben, aktiv zu sein und sich zu freuen. Es entsteht ein Gef\u00fchl der Harmonie, Zufriedenheit und Leichtigkeit.<\/p>\n<p>Die Botschaft der Platte ist: \u201eWende dich deiner g\u00f6ttlichen Essenz zu, deinem wahren goldenen Licht, sei du selbst!\u201c Die Heilung des K\u00f6rpers erfolgt durch das Bewusstsein f\u00fcr die eigenen Fehler und die Vergebung der Seele. Sei \u00f6fter in Frieden.<\/p>\n<p><em>Die Aussagen beziehen sich auf alternative Testmethoden wie Meridianenergie-Messungen der Organfunktionskreisl\u00e4ufe nach TCM, Kirlian-Fotografie (EPG\/GDV-Kamera), Oberon, Amsat o.\u00e4. durch den Hersteller &#8222;Planet der Regionen&#8220; und stellen keine medizinische oder auf den physischen K\u00f6rper und dessen Organe bezogenen Aussage im Sinne der westlichen Schulmedizin dar.<br \/>\n<\/em><\/p>\n<p><strong>Die Platte ist in diesem Sinne vor allem geeignet f\u00fcr:<\/strong><\/p>\n<p>\u2022 erh\u00f6ht die Energie der Organe des Anwenders extrem schnell wieder auf ein ideales Ma\u00df und vermittelt Gesundheitsinformationen an jede Organzelle,<\/p>\n<p>\u2022 wirkt gegen Parasiten, indem auf energetischem Wege ein Milieu entsteht, das f\u00fcr die Entwicklung und Existenz von Parasiten ungeeignet ist,<\/p>\n<p>\u2022 hilft bei Hauterkrankungen wie unter anderem Psoriasis, Neurodermitis und Wei\u00dffleckenkrankheit (Vitiligo), f\u00f6rdert die Reinigung und Heilung der Haut,<\/p>\n<p>\u2022 f\u00f6rdert auf energetischem Wege die Regulierung des endokrinen Systems (Hormonhaushalt),<\/p>\n<p>\u2022 reguliert auf energetischem Wege den Sauerstoffgehalt im Blut und f\u00f6rdert die S\u00e4ttigung mit Sauerstoff in den Zellen, in Gewebe und Organen,<\/p>\n<p>\u2022 tr\u00e4gt auf Informationsebene zum Schutz vor Entartung von Zellen bei (Krebs-Vorbeugung),<\/p>\n<p>\u2022 tr\u00e4gt energetisch zur Regulation des Herz-Kreislauf-Systems bei und normalisiert die Blutgerinnung,<\/p>\n<p>\u2022 verbessert die Funktionen des Urogenitalsystems bei M\u00e4nnern und Frauen,<\/p>\n<p>\u2022 tr\u00e4gt bei Frauen zur besseren Gesundheit der gyn\u00e4kologischen Organe bei, hilft bei der Bew\u00e4ltigung von emotionalen Blockaden und Frigidit\u00e4t,<\/p>\n<p>\u2022 harmonisiert das Nervensystems und hilft, sich von Sorgen, Angst, Unsicherheit und psychosomatischen Beschwerden zu befreien,<\/p>\n<p>\u2022 hilft, \u00c4ngste aus der Kindheit und daraus resultierende Verhaltensmuster zu deaktivieren: wie Angst vor Fremden, im Mittelpunkt stehen etc., so k\u00f6nnen auch darauf beruhende Unsicherheit, Angst vor \u00f6ffentlichen Reden, geringes Selbstwertgef\u00fchl, Probleme mit den Eltern etc. aufgel\u00f6st werden,<\/p>\n<p>\u2022 bei Panikzust\u00e4nden und psycho-emotionalen Zust\u00e4nden, in denen der K\u00f6rper mit passiven Abwehrreaktionen wie Muskelkr\u00e4mpfen, eingezogenen Schultern, Schw\u00e4che und Hilflosigkeit reagiert oder aber zu aktiven aggressiven Abwehrhandlungen wie Kampfhaltung und Muskelanspannung neigt, deaktiviert die Platte diese Zust\u00e4nde auf Informationsebene,<\/p>\n<p>\u2022 die Platte bringt verdr\u00e4ngten Schmerz und blockierte Emotionen wieder ins K\u00f6rperbewusstsein und zeigt jene Bereiche im K\u00f6rper, wo diese gespeichert sind &#8211; dadurch k\u00f6nnen sich kurzzeitig Muskelverspannungen und Schmerzsymptome wieder zeigen, bevor solche destruktive Blockaden aufgel\u00f6st werden,<\/p>\n<p>\u2022 hilft dabei, sich auf die wirklich wichtigen Dinge zu konzentrieren und deaktiviert zugrunde liegende destruktive oder ineffektive Verhaltensmuster, die immer wieder f\u00fcr Ablenkung gesorgt haben,<\/p>\n<p>\u2022 vermittelt inneren Frieden und Harmonie, ein Gef\u00fchl von Leichtigkeit, Vertrauen in die Zukunft und Freude am gegenw\u00e4rtigen Moment, st\u00e4rkt die Freude am Leben und die Bewusstheit f\u00fcr das eigene \u201eIch\u201c als Element Gottes und des Lichts,<\/p>\n<p>\u2022 aktiviert das 6.Chakra (Stirn-Chakra), hilft dabei, seine Werte zu \u00fcberdenken und zu pr\u00fcfen, Situationen schnell zu analysieren und f\u00f6rdert die Entwicklung von Intuition, Hellsehen und \u00fcbersinnlichen F\u00e4higkeiten,<\/p>\n<p>\u2022 hilft in der Meditation einen Zustand tiefer Entspannung und innerer Stille zu erreichen, erst dann kann der Anwender sein Bewusstsein neu f\u00fcllen und sein Leben selbst in die Hand nehmen,<\/p>\n<p>\u2022 f\u00f6rdert die Entwicklung von Pers\u00f6nlichkeit und Bewusstsein, er\u00f6ffnet neue vielf\u00e4ltige M\u00f6glichkeiten und hilft, die wahre Mission zu verwirklichen,<\/p>\n<p>\u2022 hilft dabei, Beziehungen zu beenden, die auf Missverst\u00e4ndnissen und \u00fcberzogenen Erwartungen basieren,<\/p>\n<p>\u2022 unterst\u00fctzt eine angemessene Analyse von Situationen und die wirkliche Bedeutungen zu erkennen, hilft dabei, sich von unn\u00f6tigen Erinnerungen zu trennen.<\/p>\n<p>Auf der Kolzov-Platte sind die Informationen des Heilwassers aus der Khoja Ubbon-Quelle (Brunnen) gespeichert, die sich in der W\u00fcste in der N\u00e4he der Stadt Buchara in Usbekistan befindet,<\/p>\n<p>TIPP 1: Die Platte &#8222;Alter Heiler&#8220; kann allein und mit allen anderen zuvor erschienenen Platten verwendet werden. Die Energie wirkt sanft, mit gro\u00dfer Unterst\u00fctzung und Liebe, wie ein energetischer Wellenschauer. Sie findet das erkrankte Organ selbst und f\u00f6rdert dessen Heilung.<\/p>\n<p>Es ist empfehlenswert, die Arbeit mit der Platte am 7.Chakra, am Kronen-Chakra, zu beginnen oder nach individueller Intuition. Es ist jedoch wichtig, in einem Zustand der Ruhe und des Vertrauens zu sein, \u00e4hnlich dem Zustand des Gebets. Lassen Sie den Gedanken freien Lauf, ohne zu versuchen, sie zu verdr\u00e4ngen, sondern denken Sie einfach dar\u00fcber nach, was geschieht, und seien Sie dabei in einem Zustand des inneren Verst\u00e4ndnisses und des betenden Friedens.<\/p>\n<p>TIPP 2: Sie k\u00f6nnen sich bei Anwendung der Platte mit einem bestimmten Problem besch\u00e4ftigen und daf\u00fcr eine Absicht oder einen Wunsch formulieren, oder eine Bitte auszudr\u00fccken wie z.B.: \u201eIch bitte, die Spannung abzubauen, die durch eine verzerrte und schmerzhafte Beziehung zu der Person &#8222;xy&#8230;&#8220; entstanden ist.\u201c<\/p>\n<p>TIPP 3: Die Platte wird eine besonders wertvolle Unterst\u00fctzung f\u00fcr alle Verteidiger, Sportler und Meister aller Kampfsportarten (ber\u00fchrungsloser Kampf, Qigong, Kung Fu, Karate, Aikido usw.) sein, bei denen Kraft, innere Harmonie, Konzentration der Aufmerksamkeit, Kraft, Wille, \u00e4u\u00dfere und innere Disziplin werden eingesetzt, Reaktionsschnelligkeit bis hin zur Manifestation dieser Qualit\u00e4ten auf h\u00f6chstem Energiekunstflugniveau.<\/p>\n<p>ZUR BEACHTUNG: Bei dieser Platte sollte das Wasser zum Energetisieren mindestens 10 Minuten lang darauf gestellt werden.<\/p>\n<p><strong><em>Wichtiger Hinweis:<br \/>\nWir weisen ausdr\u00fccklich darauf hin, dass die Kolzov-Platte (russische Bezeichnung: &#8222;Korrektoren des funktionalen Zustands&#8220;) ein alternatives Energie- und Informationsprodukt ist und kein Heilmittel im Sinne der westlichen Schulmedizin. Vielmehr ist es ein rein energetisches Hilfsmittel zur ganzheitlichen Balancierung von energetischen Disharmonien und Blockaden. Informationen \u00fcber Qualit\u00e4t und Eigenschaften des Energieobjekts beziehen sich auf Aussagen des russischen Herstellers und alternativen Theorien zu Mensch und Umwelt, auf alternative Anschauungen und esoterische \u00dcberlieferungen oder Aussagen. Sie gelten nur im Sinne der esoterischen Lebensphilosophie und daran angelehnte Alternativheilkunde. Wirkungen im Sinne westlicher Wissenschaft oder Medizin werden hier nicht behauptet.<\/em><\/strong><\/p>","protected":false},"excerpt":{"rendered":"<p>Die Kolzov-Platte \u201eAlter Heiler\u201c (\u0414\u0420\u0415\u0412\u041d\u0418\u0419 \u0426\u0415\u041b\u0418\u0422\u0415\u041b\u042c) fungiert als universelle Gesundheitsplatte, deren Energien intuitiv geschw\u00e4chte Organe finden und Zellen mit neuer Kraft fluten. Sie l\u00f6scht tief sitzende \u00c4ngste \u2013 auch solche aus der Kindheit \u2013, befreit von destruktiven Verhaltensmustern und hilft dabei, ungesunde Beziehungen zu kl\u00e4ren oder zu beenden. Sie vermittelt ein tiefes Gef\u00fchl von Harmonie, Leichtigkeit und Freude am gegenw\u00e4rtigen Moment.<\/p>","protected":false},"featured_media":2322,"comment_status":"open","ping_status":"closed","template":"","meta":[],"product_brand":[],"product_cat":[33],"product_tag":[175],"class_list":{"0":"post-2263","1":"product","2":"type-product","3":"status-publish","4":"has-post-thumbnail","6":"product_cat-elite-series","7":"product_tag-175","9":"first","10":"instock","11":"taxable","12":"shipping-taxable","13":"purchasable","14":"product-type-simple"},"_links":{"self":[{"href":"https:\/\/vigo-rio.com\/en\/wp-json\/wp\/v2\/product\/2263","targetHints":{"allow":["GET"]}}],"collection":[{"href":"https:\/\/vigo-rio.com\/en\/wp-json\/wp\/v2\/product"}],"about":[{"href":"https:\/\/vigo-rio.com\/en\/wp-json\/wp\/v2\/types\/product"}],"replies":[{"embeddable":true,"href":"https:\/\/vigo-rio.com\/en\/wp-json\/wp\/v2\/comments?post=2263"}],"wp:featuredmedia":[{"embeddable":true,"href":"https:\/\/vigo-rio.com\/en\/wp-json\/wp\/v2\/media\/2322"}],"wp:attachment":[{"href":"https:\/\/vigo-rio.com\/en\/wp-json\/wp\/v2\/media?parent=2263"}],"wp:term":[{"taxonomy":"product_brand","embeddable":true,"href":"https:\/\/vigo-rio.com\/en\/wp-json\/wp\/v2\/product_brand?post=2263"},{"taxonomy":"product_cat","embeddable":true,"href":"https:\/\/vigo-rio.com\/en\/wp-json\/wp\/v2\/product_cat?post=2263"},{"taxonomy":"product_tag","embeddable":true,"href":"https:\/\/vigo-rio.com\/en\/wp-json\/wp\/v2\/product_tag?post=2263"}],"curies":[{"name":"wp","href":"https:\/\/api.w.org\/{rel}","templated":true}]}}