{"id":226,"date":"2026-01-14T12:42:14","date_gmt":"2026-01-14T12:42:14","guid":{"rendered":"https:\/\/vigo-rio.com\/?post_type=product&#038;p=226"},"modified":"2026-04-15T08:51:22","modified_gmt":"2026-04-15T08:51:22","slug":"fc-16-pure-space","status":"publish","type":"product","link":"https:\/\/vigo-rio.com\/en\/product\/fc-16-pure-space\/","title":{"rendered":"FC Reiner Raum\/ Pure Space"},"content":{"rendered":"<p><strong>Kolzov-Platte &#8222;Nr.16\u00a0&#8211; Reiner Raum&#8220;<\/strong><\/p>\n<p><strong>&#8211; neueste Version mit 8-Elementen (8 enthaltenen Energiespeicher-Chips)<\/strong><\/p>\n<p><em>Die Aussagen beziehen sich auf alternative Testmethoden wie Meridianenergie-Messungen der Organfunktionskreisl\u00e4ufe nach TCM, Kirlian-Fotografie (EPG\/GDV-Kamera), Oberon, Amsat o.\u00e4. durch den Hersteller &#8222;Planet der Regionen&#8220; und stellen keine medizinische oder auf den physischen K\u00f6rper und dessen Organe bezogenen Aussage im Sinne der westlichen Schulmedizin dar.<br \/>\n<\/em><\/p>\n<p><strong>Die Platte ist in diesem Sinne vor allem geeignet f\u00fcr:<\/strong><\/p>\n<p>Die Platte Nr.16 \u201eReiner Raum\u201c erzeugt die optimalen Feldbedingungen f\u00fcr gesunde Zellen. Sie sch\u00fctzt und st\u00e4rkt die Selbstregulation und Selbstheilung und reduziert negative Stressbelastungen. Ein mit der Platte aufgeladenes Wasser kann sehr gut zur Raumreinigung und Raumenergetisierung verwendet werden, wodurch auch verschiedene astrale Wesenheiten vertrieben werden. Die Platte enth\u00e4lt zehn kosmo-energetische Kan\u00e4le einschlie\u00dflich der Kan\u00e4le \u201eGoldene Pyramide\u201c, Merkaba, G\u00f6ttliches Feuer, Dschiwa. Hinzugef\u00fcgt wurden zudem die Schwingungen von Geranien, Goldwurzel, Ginseng, Rosen\u00f6l, Eukalyptus\u00f6l und Tannen\u00f6l sowie von Tigerauge, Bergkristall und Aquamarin.<\/p>\n<p>TIPP: Die Platte Nr.16 passt zu allen Platten gut und kann noch durch die goldenen Nr.21. erg\u00e4nzt werden.<\/p>\n<p>ZUR BEACHTUNG: Die Aktivierungszeit von Wasser auf der Platte betr\u00e4gt mindestens 15 Sekunden.<\/p>\n<p><em>Ergebnis im LIFE-TEST: Die Kolzov-Platte &#8222;Nr.16 &#8211; Reiner Raum \/ Saubere Umgebung&#8220; hat ein neutrales Energiefeld mit 40 000 Bovis. Damit aktiviert sie das Kronen-Chakra auf 40 000 Bovis. Herz-, Solarplexus- und Blase-\/Sexual-Chakra steigen auf 35 000 Bovis. Das Stirn-Chakra steigt auf 21 000 Bovis und Hals- und Wurzel-Chakra verdoppeln noch ihre Energie auf 14 000 Bovis. Durch die Aufladung der Chakras w\u00e4chst der bioenergetische Reaktionsabstand von zirka 75 Zentimetern um den K\u00f6rper auf 1,80 Meter.<br \/>\n<\/em><\/p>\n<p><em><strong>Wichtiger Hinweis:<br \/>\nWir weisen ausdr\u00fccklich darauf hin, dass die Kolzov-Platte (russische Bezeichnung: &#8222;Korrektoren des funktionalen Zustands&#8220;) ein alternatives Energie- und Informationsprodukt ist und kein Heilmittel im Sinne der westlichen Schulmedizin. Vielmehr ist es ein rein energetisches Hilfsmittel zur ganzheitlichen Balancierung von energetischen Disharmonien und Blockaden. Informationen \u00fcber Qualit\u00e4t und Eigenschaften des Energieobjekts beziehen sich auf Aussagen des russischen Herstellers und alternativen Theorien zu Mensch und Umwelt, auf alternative Anschauungen und esoterische \u00dcberlieferungen oder Aussagen. Sie gelten nur im Sinne der esoterischen Lebensphilosophie und daran angelehnte Alternativheilkunde. Wirkungen im Sinne westlicher Wissenschaft oder Medizin werden hier nicht behauptet.<\/strong><\/em><\/p>","protected":false},"excerpt":{"rendered":"<p>Emotionale Stabilisierung und Stressabbau, Schutz vor psychoenergetischen Einfl\u00fcssen.<\/p>","protected":false},"featured_media":1695,"comment_status":"open","ping_status":"closed","template":"","meta":[],"product_brand":[],"product_cat":[28],"product_tag":[],"class_list":{"0":"post-226","1":"product","2":"type-product","3":"status-publish","4":"has-post-thumbnail","6":"product_cat-purple-series","8":"first","9":"instock","10":"sale","11":"taxable","12":"shipping-taxable","13":"purchasable","14":"product-type-variable"},"_links":{"self":[{"href":"https:\/\/vigo-rio.com\/en\/wp-json\/wp\/v2\/product\/226","targetHints":{"allow":["GET"]}}],"collection":[{"href":"https:\/\/vigo-rio.com\/en\/wp-json\/wp\/v2\/product"}],"about":[{"href":"https:\/\/vigo-rio.com\/en\/wp-json\/wp\/v2\/types\/product"}],"replies":[{"embeddable":true,"href":"https:\/\/vigo-rio.com\/en\/wp-json\/wp\/v2\/comments?post=226"}],"wp:featuredmedia":[{"embeddable":true,"href":"https:\/\/vigo-rio.com\/en\/wp-json\/wp\/v2\/media\/1695"}],"wp:attachment":[{"href":"https:\/\/vigo-rio.com\/en\/wp-json\/wp\/v2\/media?parent=226"}],"wp:term":[{"taxonomy":"product_brand","embeddable":true,"href":"https:\/\/vigo-rio.com\/en\/wp-json\/wp\/v2\/product_brand?post=226"},{"taxonomy":"product_cat","embeddable":true,"href":"https:\/\/vigo-rio.com\/en\/wp-json\/wp\/v2\/product_cat?post=226"},{"taxonomy":"product_tag","embeddable":true,"href":"https:\/\/vigo-rio.com\/en\/wp-json\/wp\/v2\/product_tag?post=226"}],"curies":[{"name":"wp","href":"https:\/\/api.w.org\/{rel}","templated":true}]}}