{"id":2252,"date":"2026-01-20T13:10:49","date_gmt":"2026-01-20T13:10:49","guid":{"rendered":"https:\/\/vigo-rio.com\/?post_type=product&#038;p=2252"},"modified":"2026-02-04T19:40:13","modified_gmt":"2026-02-04T19:40:13","slug":"fc-106-vector-of-fate","status":"publish","type":"product","link":"https:\/\/vigo-rio.com\/en\/product\/fc-106-vector-of-fate\/","title":{"rendered":"FC Vektor des Schicksals \/ Vector of Fate"},"content":{"rendered":"<p><strong>Kolzov-Platte: &#8222;Vektor des Schicksals&#8220;\u00a0(l\u00f6scht einschr\u00e4nkende Muster, hilft den Lebenssinn zu erkennen, f\u00f6rdert Spezialbegabungen, Kontakt mit H\u00f6herem Selbst und Schutzengel, f\u00fcr intensive Chakra-Arbeit, Schutz-Kokon)<\/strong><\/p>\n<div><em><strong>(bei paarweiser Anwendung am besten mit der Platte &#8222;Himmelsherrscher&#8220;, &#8222;Legenden von Menkaur&#8220; oder &#8222;Zeit des Gl\u00fccks&#8220;)<\/strong><\/em><\/div>\n<div>&#8211; neueste Version mit 8-Elementen (8 enthaltenen Energiespeicher-Chips)<\/div>\n<div><em>Die Platte tr\u00e4gt die russische Aufschrift &#8222;\u0412\u0415\u041a\u0422\u041e\u0420 \u0421\u0423\u0414\u042c\u0411\u042b &#8220; und auf dem erg\u00e4nzenden Deckblatt: VEKTOR DES SCHICKSALS, VECTOR OF FATE, VECTEUR DU DESTIN<\/em><\/div>\n<div>Die Platte hilft Menschen jeden Alters ihren Lebensweg zu finden, sowohl Jugendlichen als auch \u00e4lteren Menschen. Dazu r\u00e4umt sie alte einschr\u00e4nkende Muster und \u00c4ngste aus dem Weg und stellt einen besseren Kontakt zur eigenen inneren F\u00fchrung, zum H\u00f6heren Selbst, Schutzengel oder Geistf\u00fchrer her. Sie harmonisiert dei Charaks und erzeugt einen energetischen Schutz-Kokon. Die Platte kann auch sehr gut f\u00fcr intensive innere Arbeit des Anwenders an sich selbst verwendet werden &#8211; dabei h\u00e4ngt die Intensit\u00e4t und Tiefe ihrer Wirkung direkt von der Dauer der Anwendung und der Konsequenz ihrer Anwendung ab, so dass jeder das Tempo der Entwicklung bestimmten kann.<\/div>\n<div><\/div>\n<div><em>Die Aussagen beziehen sich auf alternative Testmethoden wie Meridianenergie-Messungen der Organfunktionskreisl\u00e4ufe nach TCM, Kirlian-Fotografie (EPG\/GDV-Kamera), Oberon, Amsat o.\u00e4. durch den Hersteller &#8222;Planet der Regionen&#8220; und stellen keine medizinische oder auf den physischen K\u00f6rper und dessen Organe bezogenen Aussage im Sinne der westlichen Schulmedizin dar.<\/em><\/div>\n<div><\/div>\n<div>Die Platte ist in diesem Sinne vor allem geeignet f\u00fcr:<\/div>\n<ul>\n<li>aktiviert den &#8222;Inkarnationsstern&#8220; des Anwenders, um den wahren Lebenssinn in dieser Inkarnation erkennen und sein wahres Schicksal erf\u00fcllen zu k\u00f6nnen &#8211; dies ist der Weg zu v\u00f6lligem Gl\u00fcck,<\/li>\n<li>vereint den Willen des Anwenders mit dem Willen des H\u00f6heren Selbst und den Weisungen des pers\u00f6nlichen Geistf\u00fchrers (Schutzengels etc.),<\/li>\n<li>stimuliert die \u201einneren Sonne\u201c des \u00c4therk\u00f6rpers des Anwenders, erh\u00f6ht das Energieniveau und die Schwingungsfrequenz, st\u00e4rkt die Intuition und die Wahrnehmungsf\u00e4higkeit f\u00fcr den Empfang von Informationen aus h\u00f6heren Ebenen, befreit von negativen Wahrnehmungen der Realit\u00e4t,<\/li>\n<li>die Platte ist f\u00fcr die pers\u00f6nliche Entwicklung des Benutzers von entscheidender Bedeutung und f\u00f6rdert insbesondere die Entwicklung der individuellen spezialisierten Interessengebiete (vermittelt tieferes Verst\u00e4ndnis darin, arbeitet die jeweilige Spezialbegabung st\u00e4rker heraus und unterst\u00fctzt die praktische Umsetzung),<\/li>\n<li>die Energien der Platte transformieren auftretende Probleme, indem sie in den tiefen Schichten des Bewusstseins die dortigen negativen einschr\u00e4nkenden \u00c4ngste und Muster in der Matrix des Bewusstseins (\u201eMatrixgitter\u201c) aufl\u00f6sen &#8211; Schwierigkeiten werden dadurch neutralisiert,<\/li>\n<li>vermittelt Ausdauer und Energie, um Aufgaben auch unter Zeitmangel erfolgreich zu erledigen, st\u00e4rkt im Besonderen jene Menschen, die sich f\u00fcr das Gemeinwohl einsetzen,<\/li>\n<li>bringt die Elemente-Energien Erde und Wasser wieder ins Gleichgewicht, f\u00f6rdert Wohlbefinden, F\u00fclle und Wohlstand,<\/li>\n<li>harmonisiert die Chakras, st\u00e4rkt die Energie der feinstofflichen K\u00f6rper und baut einen starken Energieschutz als doppelten Schutzkokon auf: die \u00e4u\u00dfere Schicht umh\u00fcllt den Anwender und verteilt die Energie in den umgebenden Raum, w\u00e4hrend die innere Schicht alle negativen Energieeinfl\u00fcsse von au\u00dfen reflektiert,<\/li>\n<li>synchronisiert die innere Natur des Anwenders mit seiner Umgebung, transformiert \u00dcberzeugungen und Fertigkeiten und hilft sich auf neue nat\u00fcrliche Rhythmen und Umweltbedingungen einzustellen,<\/li>\n<li>harmonisiert Stress, innere Spannungen und den emotionalen Zustand des Anwenders, erzeugt je nach Tagesform eine entspannende oder anregende Wirkung<\/li>\n<li>st\u00e4rkt die Harmonie zwischen Mann und Frau und die Balance der m\u00e4nnlichen und weiblichen Energien und Prinzipien &#8211; dies tr\u00e4gt auch zu einer harmonischen Kommunikation und gegenseitigem Verst\u00e4ndnis bei und vertieft die Gef\u00fchle in einer Partnerschaft,<\/li>\n<li>auf energetischem Wege tr\u00e4gt die Platte zur Erh\u00f6hung des Oxytocinspiegels (des Kuschel- und Liebes-Hormons) bei, was depressive Stimmungen lindern und bei Frauen die Libido steigern kann. Geb\u00e4rende k\u00f6nnen in ihren Wehen unterst\u00fctzt werden.<\/li>\n<\/ul>\n<div><\/div>\n<div><\/div>\n<div>Auf der Kolzov-Platte &#8222;Vektor des Schicksals&#8220; sind die Energien und Informationen des Heilwasser aus einer besonderen Quelle in einem System von mit Wasser \u00fcberfluteten unterirdischen H\u00f6hlen im Zeremonienbereich der Maya-Ruinen von Xcamb\u00f3, nord\u00f6stlich von Merida auf der Halbinsel Yucatan in Mexiko.<\/div>\n<div>TIPP 1: Die Platte &#8222;Vektor des Schicksals&#8220; kann mit allen zuvor ver\u00f6ffentlichten Platten kombiniert werden insbesondere mit den Platten &#8222;Himmelsherrscher\u201c, \u201eZeit des Gl\u00fccks\u201c, \u201eLegenden von Menkaur&#8220; (alle aus der Serie Elite 8-Elemente). In Kombination mit der Platte &#8222;Nr.18 -Synchronisation&#8220; (Serie Gold) intensivieren sich beide in der Wirkung.<\/div>\n<div>Die Platte &#8222;Vektor des Schicksals&#8220; erzeugt einen weichen und gleichm\u00e4\u00dfigen Energiefluss, der sich vom Auflagepunkt der Platte auf dem K\u00f6rper auf und ab durch den K\u00f6rper bewegt.<\/div>\n<div>TIPP 2: Es ist empfehlenswert, die Platte nacheinander auf jedes Chakra zu legen, beginnend unten mit dem ersten Chakra &#8211; dabei k\u00f6nnen verschiedene Gef\u00fchle und Stimmungen auftreten bis ein Zustand der Harmonie erreicht ist. Liegt die Platte beispielsweise auf dem Stirnchakra (6.Chakra) k\u00f6nnen Aspekt der Selbstidentifikation und sozialen Integration angesprochen werden und es tauchen Fragen nach dem Wertesystem auf und nach der Rolle im Leben, in Familie und sozialen Umfeld &#8211; &#8222;wer bin ich&#8220;.<\/div>\n<div>Bei wiederholter Nutzung k\u00f6nnen jeweils verschiedene Chakras st\u00e4rker reagieren, nach und nach aber wird sich die Arbeit der Platte allgemein positiv auf die k\u00f6rperliche Gesundheit und den gesch\u00e4ftlichen Erfolg sowie auf die pers\u00f6nliche Entwicklung auswirken.<\/div>\n<div>Wenn alle Chakras bearbeitet wurden und die Platte liegt auf dem Scheitel am 7.Chakra &#8211; das ist der Bereich des pers\u00f6nlichen Selbst aktiviert, in dem jeder seine h\u00f6chsten W\u00fcnsche, h\u00f6chsten Ziele erforscht &#8211; wird am 7.Chakra ein Zustand der Stabilit\u00e4t erreicht, begleitet von vollkommener Zufriedenheit, Klarheit des Denkens und Bewusstsein f\u00fcr die eigene Mission, f\u00fcr den Hauptzweck der Existenz, der jeder Handlung im Leben einen Sinn gibt.<\/div>\n<div>Die Platte wurde f\u00fcr umfangreiche, tiefgreifende Arbeit des Anwenders an sich selbst entwickelt. Die Intensit\u00e4t und Tiefe ihrer Wirkung h\u00e4ngen direkt von der L\u00e4nge der Anwendungszeit und der Konsequenz seiner Anwendung ab.<\/div>\n<div>TIPP 3: Die Platte ist ein wertvolles Werkzeug f\u00fcr professionelle Lebens- und Berufsberater und hilft Jugendlichen, Studenten oder auch \u00e4lteren Menschen ihren Lebensweg zu bestimmen. Sie kann auch allen Menschen, die in Ihrem Bereich zum Top-Spezialisten werden wollen, unterst\u00fctzen. In der Meditation hilft sie, mit seinem pers\u00f6nlichen Geistf\u00fchrer, Schutzengel etc. in Kontakt zu treten.<\/div>\n<div>TIPP4: Wenn man trotz M\u00fcdigkeit eine bestimmte Aufgabe erledigen muss, h\u00e4lt man die Platte auf Brusth\u00f6he &#8211; dies beruhigt und gibt zus\u00e4tzliche Kraft.<\/div>\n<div><\/div>\n<div>ZUR BEACHTUNG: Bei dieser Platte sollte das Wasser zum Energetisieren mindestens 12 Minuten lang darauf gestellt werden.<\/div>\n<div><\/div>\n<div><\/div>\n<div><strong><em>Wichtiger Hinweis:<\/em><\/strong><\/div>\n<div><strong><em>Wir weisen ausdr\u00fccklich darauf hin, dass die Kolzov-Platte (russische Bezeichnung: &#8222;Korrektoren des funktionalen Zustands&#8220;) ein alternatives Energie- und Informationsprodukt ist und kein Heilmittel im Sinne der westlichen Schulmedizin. Vielmehr ist es ein rein energetisches Hilfsmittel zur ganzheitlichen Balancierung von energetischen Disharmonien und Blockaden. Informationen \u00fcber Qualit\u00e4t und Eigenschaften des Energieobjekts beziehen sich auf Aussagen des russischen Herstellers und alternativen Theorien zu Mensch und Umwelt, auf alternative Anschauungen und esoterische \u00dcberlieferungen oder Aussagen. Sie gelten nur im Sinne der esoterischen Lebensphilosophie und daran angelehnte Alternativheilkunde. Wirkungen im Sinne westlicher Wissenschaft oder Medizin werden hier nicht behauptet.<\/em><\/strong><\/div>","protected":false},"excerpt":{"rendered":"<p>ist dein pers\u00f6nlicher Wegweiser. Sie hilft dir, deine Bestimmung zu erkennen und einschr\u00e4nkende \u00c4ngste in deinem Bewusstsein aufzul\u00f6sen. Sie st\u00e4rkt die Verbindung zu deiner inneren F\u00fchrung (H\u00f6heres Selbst\/Schutzengel) und baut einen <b data-path-to-node=\"2\" data-index-in-node=\"303\">doppelten Schutzkokon<\/b> auf, der negative Einfl\u00fcsse reflektiert. Besonders wertvoll ist sie, um deine individuellen Begabungen zu sch\u00e4rfen und dich zum Top-Spezialisten in deinem Bereich zu machen.<\/p>","protected":false},"featured_media":2428,"comment_status":"open","ping_status":"closed","template":"","meta":[],"product_brand":[],"product_cat":[33],"product_tag":[173],"class_list":{"0":"post-2252","1":"product","2":"type-product","3":"status-publish","4":"has-post-thumbnail","6":"product_cat-elite-series","7":"product_tag-173","9":"first","10":"instock","11":"taxable","12":"shipping-taxable","13":"purchasable","14":"product-type-simple"},"_links":{"self":[{"href":"https:\/\/vigo-rio.com\/en\/wp-json\/wp\/v2\/product\/2252","targetHints":{"allow":["GET"]}}],"collection":[{"href":"https:\/\/vigo-rio.com\/en\/wp-json\/wp\/v2\/product"}],"about":[{"href":"https:\/\/vigo-rio.com\/en\/wp-json\/wp\/v2\/types\/product"}],"replies":[{"embeddable":true,"href":"https:\/\/vigo-rio.com\/en\/wp-json\/wp\/v2\/comments?post=2252"}],"wp:featuredmedia":[{"embeddable":true,"href":"https:\/\/vigo-rio.com\/en\/wp-json\/wp\/v2\/media\/2428"}],"wp:attachment":[{"href":"https:\/\/vigo-rio.com\/en\/wp-json\/wp\/v2\/media?parent=2252"}],"wp:term":[{"taxonomy":"product_brand","embeddable":true,"href":"https:\/\/vigo-rio.com\/en\/wp-json\/wp\/v2\/product_brand?post=2252"},{"taxonomy":"product_cat","embeddable":true,"href":"https:\/\/vigo-rio.com\/en\/wp-json\/wp\/v2\/product_cat?post=2252"},{"taxonomy":"product_tag","embeddable":true,"href":"https:\/\/vigo-rio.com\/en\/wp-json\/wp\/v2\/product_tag?post=2252"}],"curies":[{"name":"wp","href":"https:\/\/api.w.org\/{rel}","templated":true}]}}