{"id":2251,"date":"2026-01-20T13:10:12","date_gmt":"2026-01-20T13:10:12","guid":{"rendered":"https:\/\/vigo-rio.com\/?post_type=product&#038;p=2251"},"modified":"2026-02-20T17:08:30","modified_gmt":"2026-02-20T17:08:30","slug":"fc-105-supreme-harmony","status":"publish","type":"product","link":"https:\/\/vigo-rio.com\/en\/product\/fc-105-supreme-harmony\/","title":{"rendered":"FC Vollkommende Harmonie \/ Supreme Harmony"},"content":{"rendered":"<p><strong>Kolzov-Platte: &#8222;Vollkommene Harmonie&#8220;\u00a0(f\u00fcr geistige F\u00fclle und Wohlstand, Freude und Dynamik, st\u00e4rkt Gemeinschaftsgef\u00fchl und Harmonie, entsch\u00e4rft Konflikte an kulturellen &#8222;Hot-Spots&#8220;, Schutz vor\u00a0<\/strong><strong>Astralwesen)<\/strong><\/p>\n<p><strong><em>(bei paarweiser Anwendung am besten mit der Platte &#8222;H\u00f6chste Sph\u00e4re&#8220;)<\/em><br \/>\n<\/strong><\/p>\n<div><em>&#8211; neueste Version mit 8-Elementen (8 enthaltenen Energiespeicher-Chips)<br \/>\n<\/em><\/div>\n<div><em>Die Platte tr\u00e4gt die russische Aufschrift &#8220; \u0412\u042b\u0421\u0428\u0410\u042f \u0413\u0410\u0420\u041c\u041e\u041d\u0418\u042f &#8220; und auf dem erg\u00e4nzenden Deckblatt: VOLLKOMMENE HARMONIE, SUPREME HARMONY, HARMONIE SUPREM\u00c9<\/em><\/div>\n<p>Die Platte &#8222;Vollkommene Harmonie&#8220; st\u00e4rkt das Gef\u00fchl der Gemeinschaft und Zusammengeh\u00f6rigkeit und das Verst\u00e4ndnis unter den Menschen &#8211; zwischen Partnern und Gruppen und auch an Orten, an denen es h\u00e4ufig zu Streitigkeiten kommt und Unterschiede in Glauben und Kultur aufeinander prallen. Hier aktiviert die Platte das h\u00f6here Bewusstsein des Menschseins und hilft, die Gesellschaft und das Miteinander zu stabilisieren. Die Platte l\u00f6scht veraltete negative Muster und Auswirkungen traumatischer Ereignisse und schafft Platz f\u00fcr neue lebensbejahende Energien und Informationen, wodurch ein tiefes Gef\u00fchl der Befreiung entsteht.<\/p>\n<div>Die Platte vermittelt Energien der geistigen F\u00fclle und des Reichtums, was wiederum materiellen Wohlstand ins Leben zieht. Sie n\u00e4hrt die Seele des Anwenders mit Freude an neuen Inspirationen und vermittelt ein Gef\u00fchl himmlischer Unterst\u00fctzung.<\/div>\n<div>Sie sch\u00fctzt zudem vor Energieraub durch unruhige Seelen und Astralwesen und ist daher bei Besuchen von Grabst\u00e4tten, Bestattungsriten und damit verbundenen Veranstaltungen unerl\u00e4sslich.<\/div>\n<div><em>Die Aussagen beziehen sich auf alternative Testmethoden wie Meridianenergie-Messungen der Organfunktionskreisl\u00e4ufe nach TCM, Kirlian-Fotografie (EPG\/GDV-Kamera), Oberon, Amsat o.\u00e4. durch den Hersteller &#8222;Planet der Regionen&#8220; und stellen keine medizinische oder auf den physischen K\u00f6rper und dessen Organe bezogenen Aussage im Sinne der westlichen Schulmedizin dar.<\/em><\/div>\n<div>Die Platte ist in diesem Sinne vor allem geeignet f\u00fcr:<\/div>\n<ul>\n<li>vermittelt dem Anwender das Verst\u00e4ndnis von der &#8222;F\u00fclle des Seins&#8220; (im Gegensatz zum Denken einer st\u00e4ndigen Knappheit) und dass auch er &#8222;das Beste&#8220; als einen Anteil daran verdient,<\/li>\n<li>aktiviert die eigenen F\u00e4higkeiten, verst\u00e4rkt den Fluss der &#8222;Energien der geistigen F\u00fclle und des Reichtums&#8220;, was wiederum materiellen Wohlstand ins Leben zieht,<\/li>\n<li>hilft dabei, eine nat\u00fcrliche, harmonische Interaktion mit Natur und Gesellschaft herzustellen und die verlorene urspr\u00fcngliche Harmonie und F\u00fclle des Seins wiederherzustellen,<\/li>\n<li>st\u00e4rkt die positive Energie im Energiefeld des Anwenders,<\/li>\n<li>st\u00e4rkt das Gef\u00fchl der Gemeinschaft und Zusammengeh\u00f6rigkeit unter den Menschen und f\u00f6rdert den guten Willen und das Verst\u00e4ndnis zwischen Partnern und Gruppen &#8211; gerade auch an Orten, an denen es h\u00e4ufig zu Streitigkeiten kommt und Unterschiede in Glauben und Kultur aufeinander prallen, hilft die Platte, das h\u00f6here Bewusstsein zu aktivieren und die Gesellschaft zu stabilisieren,<\/li>\n<li>f\u00f6rdert den Wunsch, durch G\u00fcte und Wohlt\u00e4tigkeit andere an seinem Erfolg teilhaben zu lassen, um so zur evolution\u00e4ren Entwicklung der Welt beizutragen,<\/li>\n<li>erm\u00f6glicht eine schnellere Anpassung an die neuen hochschwingenden Energien, \u00f6ffnet den Zugang zu neuen Welten und Realit\u00e4ten und anderen Dimensionen und hilft neue und h\u00f6here Ebenen des Seins wahrzunehmen und zu verstehen,<\/li>\n<li>st\u00e4rkt das Feuer-Element im Anwender, wodurch Eigenschaften wie Entschlossenheit, Ausdauer, Fr\u00f6hlichkeit und Dynamik aktiviert und Neuanf\u00e4nge unterst\u00fctzt werden,<\/li>\n<li>n\u00e4hrt die Seele des Anwenders mit Freude an neuen Inspirationen und dem Wunsch nach tiefen Wissen und Verst\u00e4ndnis der Geheimnisse des Universums und vermittelt ein Gef\u00fchl himmlischer Unterst\u00fctzung,<\/li>\n<li>harmonisiert und st\u00e4rkt das Biofeld (die Aura) und alle Chakras, was den Anwender widerstandsf\u00e4higer gegen \u00e4u\u00dfere negative Einfl\u00fcsse macht,<\/li>\n<li>l\u00f6scht veraltete negative Energiemuster, Auswirkungen traumatischer Ereignisse (ohne diese nochmals Wachzurufen) und karmische Verstrickungen; lindert so \u00c4ngste, innere Unruhe und Gef\u00fchle vager Unzufriedenheit und schafft Platz f\u00fcr neue lebenswichtige Energie- und Informationsfl\u00fcsse, was ein tiefes Gef\u00fchl der Befreiung und das Aufatmens erzeugt, ein deutlicher Energie- und Kraftzuwachs wird sp\u00fcrbar, innere Ausgeglichenheit und Leistungsf\u00e4higkeit nehmen zu,<\/li>\n<li>hilft so, zu seinem wahren Wesen zur\u00fcck zu kehren und zu erkennen, wo man Energie und Lebenszeit verschwendet hat,<\/li>\n<li>sch\u00fctzt vor Energieraub durch unruhige Seelen und Astralwesen und ist daher bei Besuchen von Grabst\u00e4tten, Bestattungsriten und damit verbundenen Veranstaltungen unerl\u00e4sslich &#8211; hilft dar\u00fcber hinaus, nekrotische Energie aus dem Biofeld zu entfernen und spiegelt den Einfluss magischer Einfl\u00fcsse zur\u00fcck,<\/li>\n<li>aktiviert die Energien der Wahrhaftigkeit und Wahrheit, sodass der Anwender immer seltener T\u00e4uschung und L\u00fcgen ausgesetzt ist,<\/li>\n<li>stellt die energetische Verbindung zum Energiefeld der Familie und der Ahnen her und vermittelt deren Unterst\u00fctzung und Schutz,<\/li>\n<li>unterst\u00fctzt die Suche nach einem treuen und liebevollen Partner,<\/li>\n<li>verbessert den Zustand des Immunsystems und hilft dem K\u00f6rper, sich an ung\u00fcnstige \u00e4u\u00dfere Faktoren leichter anzupassen,<\/li>\n<li>unterst\u00fctzt auf Ebene der K\u00f6rperenergien das Skelettsystem.<\/li>\n<\/ul>\n<div><\/div>\n<div>Auf der Kolzov-Platte &#8222;Vollkommene Harmonie&#8220; sind die Energien und Informationen des kosmo-energetischen Portals gespeichert, welches sich am 20.03.2024, dem Tag der Fr\u00fchlings-Tagundnachtgleiche und dem &#8222;Navruz&#8220;-Feiertag ge\u00f6ffnet hat. Navruz wird im Altpersischen das Fr\u00fchjahrs- und Neujahrsfest genannt und gilt als das kosmische Neujahr f\u00fcr den Planeten Erde, der Beginn eines neuen Kalenderjahres und eines neuen Zyklus, es ist eine Feier der R\u00fcckkehr der Seelen der Guten Vorfahren und der Seelen aller Dinge.<\/div>\n<div><\/div>\n<div>TIPP 1: Die Platte &#8222;Vollkommene Harmonie&#8220; bildet ein lichtvolles Tandem mit der Platte &#8222;H\u00f6chste Sph\u00e4re&#8220;, wodurch beide in ihrer Effektivit\u00e4t erh\u00f6ht werden. Sie ist aber auch mit allen zuvor ver\u00f6ffentlichten Platten kombinierbar und es k\u00f6nnen individuelle Kombinationen erstellt werden, die den pers\u00f6nlichen Zielen entsprechen.<\/div>\n<div>Die Energie der Platte &#8222;Vollkommene Harmonie&#8220; ist ruhig, \u201e\u00f6ffnend\u201c, schafft einen harmonischen energetischen Raum im Wohnumfeld des Nutzers. Sie beginnt sofort zu wirken und hat einen positiven Einfluss auf alle Energie-K\u00f6rper, einschlie\u00dflich aller Schichten des physischen und energetischen Feldes des Anwenders. Dabei wird zuerst vor allem das 1.Chakra und 7.Chakra aktiviert. Durch die Aufl\u00f6sung von Blockaden kann es zu einer Steigerung des Energieflusses kommen, was sich in Form von einem leichten Kribbeln oder W\u00e4rmeempfindungen \u00e4u\u00dfern kann oder es kann sich ein Gef\u00fchl der Erleichterung, des &#8222;Aufatmens&#8220; und der Entspannung einstellen.<\/div>\n<div>TIPP 2: Die Platte kann auch nachts verwendet werden. Durch die entspannende Wirkung erleichtert sie das Einschlafen und kann nachts subtil mit dem Unterbewusstsein arbeiten und Blockaden l\u00f6sen. Sie k\u00f6nnen vor dem Schlafen auch um Informationen zu einem bestimmten Thema bitten und die Platte hilft, dass diese aus dem Unterbewusstsein in eine h\u00f6here Bewusstseinsebene aufsteigen.<\/div>\n<div><\/div>\n<div>ZUR BEACHTUNG: Bei dieser Platte sollte das Wasser zum Energetisieren mindestens 18 Minuten lang darauf gestellt werden.<\/div>\n<div><\/div>\n<div><\/div>\n<div><strong><em>Wichtiger Hinweis:<\/em><\/strong><\/div>\n<div><strong><em>Wir weisen ausdr\u00fccklich darauf hin, dass die Kolzov-Platte (russische Bezeichnung: &#8222;Korrektoren des funktionalen Zustands&#8220;) ein alternatives Energie- und Informationsprodukt ist und kein Heilmittel im Sinne der westlichen Schulmedizin. Vielmehr ist es ein rein energetisches Hilfsmittel zur ganzheitlichen Balancierung von energetischen Disharmonien und Blockaden. Informationen \u00fcber Qualit\u00e4t und Eigenschaften des Energieobjekts beziehen sich auf Aussagen des russischen Herstellers und alternativen Theorien zu Mensch und Umwelt, auf alternative Anschauungen und esoterische \u00dcberlieferungen oder Aussagen. Sie gelten nur im Sinne der esoterischen Lebensphilosophie und daran angelehnte Alternativheilkunde. Wirkungen im Sinne westlicher Wissenschaft oder Medizin werden hier nicht behauptet.<\/em><\/strong><\/div>","protected":false},"excerpt":{"rendered":"<p>ist darauf spezialisiert, das Miteinander zu stabilisieren. Sie l\u00f6st das Denken in Mangel auf und zieht durch \u201egeistige F\u00fclle\u201c materiellen Reichtum an. Sie ist ein starker Schutz bei Beerdigungen oder Friedhofsbesuchen, da sie vor Energieraub durch Astralwesen sch\u00fctzt. Zudem hilft sie, kulturelle oder religi\u00f6se Spannungen an \u201eHot-Spots\u201c zu entsch\u00e4rfen, indem sie das Gemeinschaftsgef\u00fchl st\u00e4rkt.<\/p>","protected":false},"featured_media":2425,"comment_status":"open","ping_status":"closed","template":"","meta":[],"product_brand":[],"product_cat":[33],"product_tag":[172],"class_list":{"0":"post-2251","1":"product","2":"type-product","3":"status-publish","4":"has-post-thumbnail","6":"product_cat-elite-series","7":"product_tag-172","9":"first","10":"instock","11":"taxable","12":"shipping-taxable","13":"purchasable","14":"product-type-simple"},"_links":{"self":[{"href":"https:\/\/vigo-rio.com\/en\/wp-json\/wp\/v2\/product\/2251","targetHints":{"allow":["GET"]}}],"collection":[{"href":"https:\/\/vigo-rio.com\/en\/wp-json\/wp\/v2\/product"}],"about":[{"href":"https:\/\/vigo-rio.com\/en\/wp-json\/wp\/v2\/types\/product"}],"replies":[{"embeddable":true,"href":"https:\/\/vigo-rio.com\/en\/wp-json\/wp\/v2\/comments?post=2251"}],"wp:featuredmedia":[{"embeddable":true,"href":"https:\/\/vigo-rio.com\/en\/wp-json\/wp\/v2\/media\/2425"}],"wp:attachment":[{"href":"https:\/\/vigo-rio.com\/en\/wp-json\/wp\/v2\/media?parent=2251"}],"wp:term":[{"taxonomy":"product_brand","embeddable":true,"href":"https:\/\/vigo-rio.com\/en\/wp-json\/wp\/v2\/product_brand?post=2251"},{"taxonomy":"product_cat","embeddable":true,"href":"https:\/\/vigo-rio.com\/en\/wp-json\/wp\/v2\/product_cat?post=2251"},{"taxonomy":"product_tag","embeddable":true,"href":"https:\/\/vigo-rio.com\/en\/wp-json\/wp\/v2\/product_tag?post=2251"}],"curies":[{"name":"wp","href":"https:\/\/api.w.org\/{rel}","templated":true}]}}