{"id":2250,"date":"2026-01-20T13:09:28","date_gmt":"2026-01-20T13:09:28","guid":{"rendered":"https:\/\/vigo-rio.com\/?post_type=product&#038;p=2250"},"modified":"2026-03-25T16:57:00","modified_gmt":"2026-03-25T16:57:00","slug":"fc-104-the-mysteries-of-norway","status":"publish","type":"product","link":"https:\/\/vigo-rio.com\/en\/product\/fc-104-the-mysteries-of-norway\/","title":{"rendered":"FC Mysterien Norwegens \/ The Mysteries of Norway"},"content":{"rendered":"<p><strong>Kolzov-Platte: &#8222;Die Mysterien Norwegens&#8220;\u00a0(Insel Selja) &#8211; l\u00f6st emotionale und spirituelle Traumata, reinigt die Aura, f\u00fcr geistige Klarheit, innere Stabilit\u00e4t und Vertrauen, st\u00e4rkt Ohren und Z\u00e4hne)<\/strong><\/p>\n<p><em>&#8211; neueste Version mit 8-Elementen (8 enthaltenen Energiespeicher-Chips)<br \/>\n<\/em><\/p>\n<p><em>Die Platte tr\u00e4gt die russische Aufschrift &#8220; \u0417\u0410\u0413\u0410\u0414\u041a\u0410 \u041d\u041e\u0420\u0412\u0415\u0413\u0418\u0418&#8220; und auf dem erg\u00e4nzenden Deckblatt: MYSTERY OF NORWAY, DIE MYSTERIEN NORWEGENS, ENIGME DE LA NORV\u00c8GE<\/em><\/p>\n<p>Die Platte &#8222;Mysterien Norwegens&#8220; ist eine wichtige Hilfe, um emotionale und spirituelle Traumata aufzul\u00f6sen und sich von der Last vergangener Erfahrungen aus diesem und fr\u00fcheren Leben zu befreien. Sie schafft einen inneren Zustand der Harmonie und harmonisiert auch den umgebenden Raum. Sie erfrischt K\u00f6rper und Geist, sorgt f\u00fcr gesunden Optimismus und Klarheit der Denkprozesse. Es entsteht ein Gef\u00fchl, alle angesammelte Last loszuwerden und die Seele erf\u00fcllt sich voller Vorfreude auf bevorstehenden Ver\u00e4nderungen, die nicht nur positiv sein werden, sondern viel besser, als wir uns vorstellen k\u00f6nnen&#8230;<\/p>\n<p>Au\u00dferdem k\u00f6nnen die Energien der Platte das H\u00f6rverm\u00f6gen und den Zahnschmelz st\u00e4rken, was bisher nur selten von anderen Platten unterst\u00fctzt wurde.<\/p>\n<p><em>Die Aussagen beziehen sich auf alternative Testmethoden wie Meridianenergie-Messungen der Organfunktionskreisl\u00e4ufe nach TCM, Kirlian-Fotografie (EPG\/GDV-Kamera), Oberon, Amsat o.\u00e4. durch den Hersteller &#8222;Planet der Regionen&#8220; und stellen keine medizinische oder auf den physischen K\u00f6rper und dessen Organe bezogenen Aussage im Sinne der westlichen Schulmedizin dar.<br \/>\n<\/em><\/p>\n<p><strong>Die Platte ist in diesem Sinne vor allem geeignet f\u00fcr:<\/strong><\/p>\n<ul>\n<li>f\u00f6rdert die geistige Klarheit, beseitigt Bewusstseinstr\u00fcbungen und unterst\u00fctzt auf Informationsebene die k\u00f6rpereigene Regeneration von Gehirnstrukturen,<\/li>\n<li>arbeitet mit den tiefen Ebenen des Unterbewusstseins, wo Traumata und Schocks aus diesem oder fr\u00fcheren Leben gespeichert sein k\u00f6nnen, und l\u00f6st diese und daraus entstandene \u00c4ngste, Schuldgef\u00fchle, selbstzerst\u00f6rerische Tendenzen etc. auf,<\/li>\n<li>er\u00f6ffnet neue Horizonte der Wahrnehmung, st\u00e4rkt die Freude am Leben und f\u00f6rdert eine spirituellere Einstellung im Leben,<\/li>\n<li>verwandelt die Angst vor dem physischen Tod in einen Fluss positiver Energie und weckt das Vertrauen in die Ewigkeit des Lebens der Seele,<\/li>\n<li>hilft bei der Aufl\u00f6sung von Blockaden in den Energiezentren (Chakras) und stellt deren volle energetische Funktionsf\u00e4higkeit wieder her,<\/li>\n<li>hilft destruktive Einfl\u00fcsse im Informationsfeld des Anwenders zu beseitigen und reinigt so die Aura,<\/li>\n<li>st\u00e4rkt das Herz-Chakra, erf\u00fcllt das Herz mit Glaube und Liebe, bringt Harmonie und Frieden in die Seele und erf\u00fcllt einen Menschen mit dem Licht der g\u00f6ttlichen Liebe,<\/li>\n<li>st\u00e4rkt innere Harmonie und Willenskraft und hilft, seine Energieressourcen auf seine Ziele zu konzentrieren, f\u00f6rdert das Vertrauen in seine F\u00e4higkeiten und ein positives Selbstwertgef\u00fchl, stellt die Harmonie sowohl in der allgemeinen Lebensweise als auch im umgebenden Raum wieder her,<\/li>\n<li>\u00f6ffnet den Zugang zu echter Intuition, zu geeigneten, korrekten (wahren) Hinweisen f\u00fcr seinen gew\u00e4hlten Lebensweg, und erweckt ein Gef\u00fchl bewusster Dankbarkeit als Schl\u00fcssel zu schneller positiver Transformation,<\/li>\n<li>entfernt den Schleier der Illusionen und Unwissenheit, der die Seele umh\u00fcllt, und hilft, Erfahrungen aus verschiedenen Inkarnationen der Seele zu durchleben und zu akzeptieren, damit Liebe, G\u00fcte und Licht den Anwender ganz erf\u00fcllen k\u00f6nnen,<\/li>\n<li>vermittelt hochschwingende, reine Energien und unterst\u00fctzt das Vollbringen guter Taten und die positive Gestaltung der Zukunft,<\/li>\n<li>unterst\u00fctzt dabei, sich zu \u201eerden\u201c und Stabilit\u00e4t zu erlangen,<\/li>\n<li>auf Ebene der K\u00f6rper-Energien unterst\u00fctzt die Platte das Immunsystem und den \u201eFluss des Lebens\u201c, was Vitalit\u00e4t und Leistungsf\u00e4higkeit des Organismus aktiviert,<\/li>\n<li>st\u00e4rkt den Bewegungsapparat, einschlie\u00dflich Gelenke und Wirbels\u00e4ule,<\/li>\n<li>das H\u00f6rverm\u00f6gen sowohl auf k\u00f6rperlicher als auch auf geistiger Ebene wird verbessert und das bewusste Einordnen des Geh\u00f6rten unterst\u00fctzt,<\/li>\n<li>k\u00f6rperliche und geistige Erm\u00fcdung werden reduziert, ein gesunder Optimismus, die Klarheit der Denkprozesse, die Gehirnaktivit\u00e4t und die Bildung neuer neuronaler Verbindungen werden gef\u00f6rdert,<\/li>\n<li>die Aufnahme wichtiger Mikro-N\u00e4hrstoffe f\u00fcr ein gesundes Haar- und Nagelwachstum wird verbessert,<\/li>\n<li>tr\u00e4gt zur St\u00e4rkung des Zahnschmelzes bei, beugt der Entstehung von Karies vor und ist ein pr\u00e4ventiver Helfer zur Erhaltung der Mundgesundheit.<\/li>\n<\/ul>\n<p>Auf der Kolzov-Platte sind die Informationen des Heilwassers aus dem Brunnen der H\u00f6hle der Heiligen Sunniva von Selje (der ersten norwegischen Heiligen) gespeichert.<\/p>\n<p>Die heilige Sunniva von Selje (10. Jahrhundert) ist die Schutzheilige von Westnorwegen. Nach der Legende war sie eine irische K\u00f6nigstochter, die vor einer Ehe mit dem heidnischen K\u00f6nig floh und auf der norwegischen Insel Selja, zwischen Bergen und Trondheim gelegen, landete. Sie suchte Unterschlupf in einer H\u00f6hle, an deren Stelle sp\u00e4ter das Benediktinerkloster Selje errichtet wurde.<\/p>\n<p>TIPP 1: Die Platte Platte &#8222;Mysterien Norwegens&#8220; kann mit verschiedenen thematisch passenden Platten wie &#8222;Barsky-Quelle&#8220; und anderen kombiniert werden. F\u00fcr eine intensive Arbeit mit dieser Platte empfiehlt es sich, den eigenen K\u00f6rper auf einen 21-t\u00e4gigen Zyklus der Ver\u00e4nderungen im Energiegef\u00fcge einzustimmen. Dazu sollte man sich t\u00e4glich mit der Platte &#8222;durchstr\u00f6men&#8220; bzw. &#8222;pumpen&#8220;, indem man sie auf die Chakras legt. So kann man sein Energiesystem in 10-15 Minuten effektiv aktivieren. Am besten w\u00e4re es, das intensive &#8222;Pumpen&#8220; immer zur gleichen Tageszeit durchzuf\u00fchren.<\/p>\n<p>TIPP 2: Die Platte eignet sich sehr gut f\u00fcr energetische Reinigung: legen Sie z.B. die Platte f\u00fcr eine abendliche Dusche nach einem anstrengenden Tag auf die Mischbatterie, um das Duschwasser zu informieren und so den angesammelten energetischen \u201eSchmutz\u201c und die k\u00f6rperliche M\u00fcdigkeit abzuwaschen.<\/p>\n<p>Die Platte ist auch perfekt zum energetischen Reinigen des Raumes bzw. Hauses mit energetisiertem Wasser geeignet (mit Zerst\u00e4uber verteilen).<\/p>\n<p>TIPP 3: Die Platte kann sehr gut f\u00fcr physiotherapeutische Verfahren zur Verbesserung der Gesundheit des Bewegungsapparates und der H\u00f6rorgane eingesetzt und zur t\u00e4glichen Pflege und Vorbeugung von Zahn- und Zahnfleisch-Erkrankungen und zur St\u00e4rkung des Zahnschmelzes verwendet werden.<\/p>\n<p>TIPP 4: Sie ist in der Hand von Psychologen und Psychotherapeuten sowie in einer Vielzahl meditativer Praktiken, die auf Heilung verschiedener psychischer Traumata abzielen, ein wertvolles Werkzeug.<\/p>\n<p>ZUR BEACHTUNG: Bei dieser Platte sollte das Wasser zum Energetisieren mindestens 12 Minuten lang darauf gestellt werden.<\/p>\n<p><em><strong>Wichtiger Hinweis:<\/strong><\/em><\/p>\n<p><em><strong>Wir weisen ausdr\u00fccklich darauf hin, dass die Kolzov-Platte (russische Bezeichnung: &#8222;Korrektoren des funktionalen Zustands&#8220;) ein alternatives Energie- und Informationsprodukt ist und kein Heilmittel im Sinne der westlichen Schulmedizin. Vielmehr ist es ein rein energetisches Hilfsmittel zur ganzheitlichen Balancierung von energetischen Disharmonien und Blockaden. Informationen \u00fcber Qualit\u00e4t und Eigenschaften des Energieobjekts beziehen sich auf Aussagen des russischen Herstellers und alternativen Theorien zu Mensch und Umwelt, auf alternative Anschauungen und esoterische \u00dcberlieferungen oder Aussagen. Sie gelten nur im Sinne der esoterischen Lebensphilosophie und daran angelehnte Alternativheilkunde. Wirkungen im Sinne westlicher Wissenschaft oder Medizin werden hier nicht behauptet.<\/strong><\/em><\/p>","protected":false},"excerpt":{"rendered":"<p>ist ein spezialisierter Korrektor zur Aufl\u00f6sung emotionaler und spiritueller Traumata aus diesem und fr\u00fcheren Leben. Sie reinigt die Aura von destruktiven Einfl\u00fcssen, beseitigt Bewusstseinstr\u00fcbungen und schafft einen Zustand tiefer innerer Stabilit\u00e4t und Dankbarkeit. Einzigartig ist ihre energetische Unterst\u00fctzung f\u00fcr das H\u00f6rverm\u00f6gen und die St\u00e4rkung des Zahnschmelzes. Sie hilft dabei, die Angst vor dem Tod zu transformieren und f\u00f6rdert einen gesunden Optimismus f\u00fcr bevorstehende Lebensver\u00e4nderungen.<\/p>","protected":false},"featured_media":2333,"comment_status":"open","ping_status":"closed","template":"","meta":[],"product_brand":[],"product_cat":[33],"product_tag":[171],"class_list":{"0":"post-2250","1":"product","2":"type-product","3":"status-publish","4":"has-post-thumbnail","6":"product_cat-elite-series","7":"product_tag-171","9":"first","10":"instock","11":"taxable","12":"shipping-taxable","13":"purchasable","14":"product-type-simple"},"_links":{"self":[{"href":"https:\/\/vigo-rio.com\/en\/wp-json\/wp\/v2\/product\/2250","targetHints":{"allow":["GET"]}}],"collection":[{"href":"https:\/\/vigo-rio.com\/en\/wp-json\/wp\/v2\/product"}],"about":[{"href":"https:\/\/vigo-rio.com\/en\/wp-json\/wp\/v2\/types\/product"}],"replies":[{"embeddable":true,"href":"https:\/\/vigo-rio.com\/en\/wp-json\/wp\/v2\/comments?post=2250"}],"wp:featuredmedia":[{"embeddable":true,"href":"https:\/\/vigo-rio.com\/en\/wp-json\/wp\/v2\/media\/2333"}],"wp:attachment":[{"href":"https:\/\/vigo-rio.com\/en\/wp-json\/wp\/v2\/media?parent=2250"}],"wp:term":[{"taxonomy":"product_brand","embeddable":true,"href":"https:\/\/vigo-rio.com\/en\/wp-json\/wp\/v2\/product_brand?post=2250"},{"taxonomy":"product_cat","embeddable":true,"href":"https:\/\/vigo-rio.com\/en\/wp-json\/wp\/v2\/product_cat?post=2250"},{"taxonomy":"product_tag","embeddable":true,"href":"https:\/\/vigo-rio.com\/en\/wp-json\/wp\/v2\/product_tag?post=2250"}],"curies":[{"name":"wp","href":"https:\/\/api.w.org\/{rel}","templated":true}]}}