{"id":225,"date":"2026-01-14T12:41:50","date_gmt":"2026-01-14T12:41:50","guid":{"rendered":"https:\/\/vigo-rio.com\/?post_type=product&#038;p=225"},"modified":"2026-04-02T08:40:19","modified_gmt":"2026-04-02T08:40:19","slug":"fc-15-light-of-life","status":"publish","type":"product","link":"https:\/\/vigo-rio.com\/en\/product\/fc-15-light-of-life\/","title":{"rendered":"FC Licht des Lebens\/ Light of Life"},"content":{"rendered":"<p><strong>Kolzov-Platte &#8222;Nr.15\u00a0&#8211; Licht des Lebens&#8220;<\/strong><\/p>\n<p><strong>&#8211; neueste Version mit 8-Elementen (8 enthaltenen Energiespeicher-Chips)<\/strong><\/p>\n<p><em>Die Aussagen beziehen sich auf alternative Testmethoden wie Meridianenergie-Messungen der Organfunktionskreisl\u00e4ufe nach TCM, Kirlian-Fotografie (EPG\/GDV-Kamera), Oberon, Amsat o.\u00e4. durch den Hersteller &#8222;Planet der Regionen&#8220; und stellen keine medizinische oder auf den physischen K\u00f6rper und dessen Organe bezogenen Aussage im Sinne der westlichen Schulmedizin dar.<br \/>\n<\/em><\/p>\n<p><strong>Die Platte ist in diesem Sinne vor allem geeignet f\u00fcr:<\/strong><\/p>\n<p>Die Platte Nr.15 \u201eLicht des Lebens\u201c ist mit umfassenden Schwingungen f\u00fcr Anti-Aging und Verj\u00fcngung des Organismus informiert. Sie reinigt und regeneriert die Aura, beseitigt negative Programme und schaltet die k\u00f6rpereigenen Regenerations- und Verj\u00fcngungsfunktionen ein. Sie unterst\u00fctzt zudem die harmonische Entwicklung der Pers\u00f6nlichkeit. Die Platte enth\u00e4lt den Kanal \u201eTitan\u201c, eine Kanalgruppe namens \u201eElixier der Jugend\u201c, eine Kanalgruppe namens \u201eElixier des Lebens\u201c, welche die Herstellung und Aktivierung der Stammzellen, Telomerasen und Mitochondrien erm\u00f6glicht. Enthalten sind zudem Heilinformationen Aquamarin, Rosenquarz und Tigerauge und der altbew\u00e4hrten Heilpflanze Ginseng.<\/p>\n<p>TIPP: Die Platte Nr.15 passt beispielsweise auch sehr gut als gemeinsame Anwendung mit der blauen Platten Nr.2, Nr.6 und 7, der blauen Themen-Platte &#8222;Anti-Aging\/Sch\u00f6ne Haut&#8220;, gr\u00fcnen Themen-Platte &#8222;Wahrhaftige Liebe&#8220; und &#8222;Langes Leben&#8220; und\/oder den goldenen Nr.17, 18 und 21.<\/p>\n<p>ZUR BEACHTUNG: Die Aktivierungszeit von Wasser auf der Platte betr\u00e4gt mindestens 15 Sekunden.<\/p>\n<p><em><u>Ergebnis im LIFE-TEST:\u00a0<\/u>Die Kolzov-Platte &#8222;Nr.15 &#8211; Licht des Lebens&#8220; hat ein neutrales Energiefeld mit 40 000 Bovis. Damit aktiviert sie das Hals- und das Solarplexus-Chakra auf 40 000 Bovis. Das Herz-Chakra steigt auf 35 000 Bovis, Kronen- und Stirn-Chakra auf 28 000 Bovis, das Blase-\/Sexual-Chakra erh\u00f6ht sich in seiner Energie auf 21 000 Bovis . Das Kronen-Chakra steigt auf 28 000 Bovis und das Wurzel-Chakra und das Wurzel-Chakra bleibt in seiner Energie auf 7000 Bovis. Durch die Aufladung der Chakras w\u00e4chst der bioenergetische Reaktionsabstand von zirka 75 Zentimetern um den K\u00f6rper auf 1,50 Meter.<br \/>\n<\/em><\/p>\n<p><em><strong>Wichtiger Hinweis:<br \/>\nWir weisen ausdr\u00fccklich darauf hin, dass die Kolzov-Platte (russische Bezeichnung: &#8222;Korrektoren des funktionalen Zustands&#8220;) ein alternatives Energie- und Informationsprodukt ist und kein Heilmittel im Sinne der westlichen Schulmedizin. Vielmehr ist es ein rein energetisches Hilfsmittel zur ganzheitlichen Balancierung von energetischen Disharmonien und Blockaden. Informationen \u00fcber Qualit\u00e4t und Eigenschaften des Energieobjekts beziehen sich auf Aussagen des russischen Herstellers und alternativen Theorien zu Mensch und Umwelt, auf alternative Anschauungen und esoterische \u00dcberlieferungen oder Aussagen. Sie gelten nur im Sinne der esoterischen Lebensphilosophie und daran angelehnte Alternativheilkunde. Wirkungen im Sinne westlicher Wissenschaft oder Medizin werden hier nicht behauptet.<\/strong><\/em><\/p>","protected":false},"excerpt":{"rendered":"<p>F\u00f6rdert die Vitalit\u00e4t im Alter und unterst\u00fctzt die k\u00f6rpereigenen Regenerations- und Verj\u00fcngungsprozesse<\/p>","protected":false},"featured_media":1694,"comment_status":"open","ping_status":"closed","template":"","meta":[],"product_brand":[],"product_cat":[28],"product_tag":[],"class_list":{"0":"post-225","1":"product","2":"type-product","3":"status-publish","4":"has-post-thumbnail","6":"product_cat-purple-series","8":"first","9":"instock","10":"sale","11":"taxable","12":"shipping-taxable","13":"purchasable","14":"product-type-variable"},"_links":{"self":[{"href":"https:\/\/vigo-rio.com\/en\/wp-json\/wp\/v2\/product\/225","targetHints":{"allow":["GET"]}}],"collection":[{"href":"https:\/\/vigo-rio.com\/en\/wp-json\/wp\/v2\/product"}],"about":[{"href":"https:\/\/vigo-rio.com\/en\/wp-json\/wp\/v2\/types\/product"}],"replies":[{"embeddable":true,"href":"https:\/\/vigo-rio.com\/en\/wp-json\/wp\/v2\/comments?post=225"}],"wp:featuredmedia":[{"embeddable":true,"href":"https:\/\/vigo-rio.com\/en\/wp-json\/wp\/v2\/media\/1694"}],"wp:attachment":[{"href":"https:\/\/vigo-rio.com\/en\/wp-json\/wp\/v2\/media?parent=225"}],"wp:term":[{"taxonomy":"product_brand","embeddable":true,"href":"https:\/\/vigo-rio.com\/en\/wp-json\/wp\/v2\/product_brand?post=225"},{"taxonomy":"product_cat","embeddable":true,"href":"https:\/\/vigo-rio.com\/en\/wp-json\/wp\/v2\/product_cat?post=225"},{"taxonomy":"product_tag","embeddable":true,"href":"https:\/\/vigo-rio.com\/en\/wp-json\/wp\/v2\/product_tag?post=225"}],"curies":[{"name":"wp","href":"https:\/\/api.w.org\/{rel}","templated":true}]}}