{"id":2249,"date":"2026-01-20T13:08:40","date_gmt":"2026-01-20T13:08:40","guid":{"rendered":"https:\/\/vigo-rio.com\/?post_type=product&#038;p=2249"},"modified":"2026-02-04T19:40:31","modified_gmt":"2026-02-04T19:40:31","slug":"fc-103-barskiy-spring","status":"publish","type":"product","link":"https:\/\/vigo-rio.com\/en\/product\/fc-103-barskiy-spring\/","title":{"rendered":"FC Barskiy Quelle \/ Barskiy Spring"},"content":{"rendered":"<p><strong>Kolzov-Platte: &#8222;Barsky-Quelle&#8220;\u00a0(l\u00f6st Traumata und emotionalen Burnout, schenkt Gelassenheit, Selbstvertrauen und Freude, st\u00e4rkt Augen und Sehkraft)<\/strong><\/p>\n<p><em>&#8211; neueste Version mit 8-Elementen (8 enthaltenen Energiespeicher-Chips)<br \/>\n<\/em><\/p>\n<p><em>Die Platte tr\u00e4gt die russische Aufschrift &#8222;\u0411\u0410\u0420\u0421\u041a\u0418\u0419 \u0420\u041e\u0414\u041d\u0418\u041a &#8220; und auf dem erg\u00e4nzenden Deckblatt: BARSKY SPRING, BARSKY-QUELLE, SOURCE DE BARSKY<\/em><\/p>\n<p>Die Platte hat eine regenerierende Wirkung auf die Gesundheit, die \u201elebendigem Wasser\u201c (eine fr\u00fchere Platte, die nicht mehr erh\u00e4ltlich ist) \u00e4hnelt. Sie unterst\u00fctzt die Heilung, vermittelt Energie und Optimismus und ein Gef\u00fchl von Kraft, Gl\u00fcck und echter Freude, wie man sie in der Kindheit erlebt hat.<\/p>\n<p>Sie wird aber auch wegen einer anderen Hauptzielrichtung von allen Menschen ben\u00f6tigt: sie l\u00f6st emotionale Blockaden, harmonisiert die Gef\u00fchle, neutralisiert negative Emotionen, hilft bei emotionalem Burnout und setzt die pers\u00f6nlichen Potenziale frei. Dieser Prozess \u00e4hnelt der Arbeit des Heilers, der hilft, traumatische Erfahrungen der Seele zu heilen.<\/p>\n<p>Die inspirierende Botschaft dieser Platte ist: \u201e\u00dcbernehmen Sie die Kontrolle \u00fcber Ihr Schicksal \u2013 Sie werden Erfolg haben! F\u00fchlen Sie Ihre Gef\u00fchle, denken Sie positiv, vertrauen Sie Ihrer Intuition &#8211; Alles wird gro\u00dfartig!\u201c<\/p>\n<p>Au\u00dferdem k\u00f6nnen die Energien der Platte die Sehkraft verbessern und dem Auge Kraft und St\u00e4rke verleihen.<\/p>\n<p><em>Die Aussagen beziehen sich auf alternative Testmethoden wie Meridianenergie-Messungen der Organfunktionskreisl\u00e4ufe nach TCM, Kirlian-Fotografie (EPG\/GDV-Kamera), Oberon, Amsat o.\u00e4. durch den Hersteller &#8222;Planet der Regionen&#8220; und stellen keine medizinische oder auf den physischen K\u00f6rper und dessen Organe bezogenen Aussage im Sinne der westlichen Schulmedizin dar.<br \/>\n<\/em><\/p>\n<p><strong>Die Platte ist in diesem Sinne vor allem geeignet f\u00fcr:<\/strong><\/p>\n<ul>\n<li>arbeitet auf der Informationsebene mit dem Unterbewusstsein und l\u00f6scht sehr tiefsitzende negative Erfahrungen, Leiden und Traumata &#8211; dabei dringt die Platte bis in die im Knochensystem gespeicherten verborgenen Schichten vor und heilt auf emotionaler Ebene, was lange Zeit unterdr\u00fcckt wurde, einschlie\u00dflich uralter, \u00fcberlieferter Phantomschmerzen und Seelenschmerzen, die sich in Gesicht, Haltung und Verhalten ausdr\u00fccken k\u00f6nnen,<\/li>\n<li>auf diese Weise reduziert die Platte Aggressionen, versteckte und aufgestaute Wut, Verachtung und Hass und beseitigt auch Spannungen und Gef\u00fchle von Enge im K\u00f6rper: daf\u00fcr bestimmt sie die Quelle dieser Zust\u00e4nde und leitet dort Energie f\u00fcr deren Heilung hin, was man dort mitunter als Pulsieren wahrnehmen kann,<\/li>\n<li>bei emotionalem Burnout und chronischer M\u00fcdigkeit verhilft sie zu tiefer Erholung und Wiederherstellung der k\u00f6rperlichen St\u00e4rke, stellt das Energiegleichgewicht wieder her und hilft beim Neuanfang,<\/li>\n<li>stellt eine Verbindung mit dem H\u00f6heren Selbst auf der Seelenebene her, vertieft die Verbindung zwischen Seele und Herz, indem es ihre Energie verteilt und zu einem Ganzen vereint,<\/li>\n<li>bringt dem Benutzer Klarheit und Verst\u00e4ndnis, setzt kreatives Denken und kreative Energie frei, hilft die umgebenden Welt auf einer mehrdimensionalen Ebene wahrzunehmen, vertreibt Illusionen und \u00c4ngste und vermittelt ein Gef\u00fchl von Frieden und Ruhe,<\/li>\n<li>hilft in eine Atmosph\u00e4re der Liebe, Freundlichkeit, Aufmerksamkeit und F\u00fcrsorge einzutauchen, schafft ein Gef\u00fchl der Gelassenheit, weckt den Wunsch, innezuhalten und diesen Zustand in Erwartung von etwas Fr\u00f6hlichem und Angenehmem in Dankbarkeit zu genie\u00dfen,<\/li>\n<li>erzeugt eine leichte Entspannung, beseitigt M\u00fcdigkeit, vermittelt ein Gef\u00fchl von Kraft, Gl\u00fcck und echter Freude, wie man sie in der Kindheit erlebt hat,<\/li>\n<li>steigert das Energieniveau, hilft Wissen und Weisheit zu erlangen, entwickelt die F\u00e4higkeit zu lieben und hilft zu verstehen, dass das Wohlbefinden steigt, wenn man sich selbst \u00f6ffnet,<\/li>\n<li>verleiht dem Blick Gr\u00f6\u00dfe, Kraft und St\u00e4rke, schafft ein Gef\u00fchl innerer W\u00fcrde, f\u00f6rdert Selbstvertrauen und erleichtert den \u00dcbergang in den &#8222;Flow&#8220;-Zustand,<\/li>\n<li>auf Ebene der K\u00f6rper-Energien beugt die Platte der Entstehung von Erkrankungen im Herz-Kreislauf-System und im Skelettsystem vor, tr\u00e4gt zur Erhaltung der Zahngesundheit bei, aktiviert eine Reinigung und Entgiftung des Dickdarms,<\/li>\n<li>sie hilft generell unterst\u00fctzend bei Heilungs- und Rehabilitationsprozessen und bei der Zellerneuerung, weshalb sei eine Anti-Aging und verj\u00fcngende Wirkung hat,<\/li>\n<li>tr\u00e4gt zur St\u00e4rkung der Sehkraft und des Auges bei,<\/li>\n<li>die Platte hat eine heilende Wirkung auf den K\u00f6rper, \u00e4hnlich der Heilkraft der \u00e4lteren, nicht mehr erh\u00e4ltlichen Platte \u201eLebendiges Wasser\u201c.<\/li>\n<\/ul>\n<p>Auf der Kolzov-Platte sind die Informationen des Heilwassers aus der Barsky-Quelle (Evleisky), an der Stra\u00dfe Evleika in Nikolsk, Region Pensa (ca. 600km s\u00fcd\u00f6stlich von Moskau gelegen) gespeichert.<\/p>\n<p>TIPP 1: Die Platte &#8222;Barsky-Quelle&#8220; kann mit verschiedenen thematisch passenden Platten wie &#8222;Mysterien Norwegens&#8220; und anderen kombiniert werden. Die Energie der Platte ist sehr sanft, dringt aber dennoch tief bis zu den Wurzeln des Problems vor. Die Energie ist dabei so wohltuend, dass der Wunsch entsteht, sie zu genie\u00dfen. So kann die Platte auch genutzt werden, um einfach nach einem anstrengenden Tag die innere Anspannung und Gereiztheit zu l\u00f6sen.<\/p>\n<p>TIPP 2: W\u00e4hrend jeder meditativen Praxis hilft die Platte, einen tiefen Zustand der geistigen Ruhe zu erreichen &#8211; das Gef\u00fchl der Grenzen des eigenen K\u00f6rpers verschwindet, \u00c4ngste, Sorgen und Unruhe l\u00f6sen sich auf.<\/p>\n<p>Wenn eine Person die Einsamkeit bevorzugt, verh\u00e4lt sich die Platte wie ein treuer Freund \u2013 er schweigt, aber seine Anwesenheit ist sp\u00fcrbar und belastet nicht, sondern bringt Unterst\u00fctzung und Erleichterung in jeder stressigen emotionalen Situation.<\/p>\n<p>TIPP 3: Verwendung Sie die Platte begleitend zu Ihren Therapien und Programmen f\u00fcr die Genesung, da sie negative Programme und Blockaden bis tief in die Skelettebene hinein l\u00f6scht, Energie, Kraft und Optimismus vermittelt. M\u00f6glicherweise haben Sie das Gef\u00fchl, als w\u00fcrde etwas Weiches und Zartes auf die Knochen gelegt und diese beginnen sich mit Licht zu f\u00fcllen. Die Platte hilft auch, stagnierende Emotionen loszuwerden und Auswege zu finden: Probleme werden behutsam an die Oberfl\u00e4che gebracht und geheilt, als w\u00fcrden \u201eL\u00f6cher\u201c geflickt.<\/p>\n<p>TIPP 4: Personen in leitenden Positionen hilft die Platte, sich einen ehrlichen und dauerhaften Respekt zu erwerben.<\/p>\n<p>ZUR BEACHTUNG: Bei dieser Platte sollte das Wasser zum Energetisieren mindestens 10 Minuten lang darauf gestellt werden.<\/p>\n<p><em><strong>Wichtiger Hinweis:<\/strong><\/em><\/p>\n<p><em><strong>Wir weisen ausdr\u00fccklich darauf hin, dass die Kolzov-Platte (russische Bezeichnung: &#8222;Korrektoren des funktionalen Zustands&#8220;) ein alternatives Energie- und Informationsprodukt ist und kein Heilmittel im Sinne der westlichen Schulmedizin. Vielmehr ist es ein rein energetisches Hilfsmittel zur ganzheitlichen Balancierung von energetischen Disharmonien und Blockaden. Informationen \u00fcber Qualit\u00e4t und Eigenschaften des Energieobjekts beziehen sich auf Aussagen des russischen Herstellers und alternativen Theorien zu Mensch und Umwelt, auf alternative Anschauungen und esoterische \u00dcberlieferungen oder Aussagen. Sie gelten nur im Sinne der esoterischen Lebensphilosophie und daran angelehnte Alternativheilkunde. Wirkungen im Sinne westlicher Wissenschaft oder Medizin werden hier nicht behauptet.<\/strong><\/em><\/p>","protected":false},"excerpt":{"rendered":"<p>Die Kolzov-Platte \u201eBarsky-Quelle\u201c (\u0411\u0410\u0420\u0421\u041a\u0418\u0419 \u0420\u041e\u0414\u041d\u0418\u041a) wirkt wie ein energetischer \u201eSeelen-Heiler\u201c. Sie l\u00f6scht tiefsitzende Traumata und emotionale Blockaden, die bis in das Knochensystem gespeichert sind, und hilft effektiv bei emotionalem Burnout sowie chronischer M\u00fcdigkeit. Sie schenkt eine tiefe Gelassenheit, st\u00e4rkt das Selbstvertrauen und die Sehkraft und vermittelt ein Gef\u00fchl von purer, kindlicher Lebensfreude.<\/p>","protected":false},"featured_media":2348,"comment_status":"open","ping_status":"closed","template":"","meta":[],"product_brand":[],"product_cat":[33],"product_tag":[170],"class_list":{"0":"post-2249","1":"product","2":"type-product","3":"status-publish","4":"has-post-thumbnail","6":"product_cat-elite-series","7":"product_tag-170","9":"first","10":"instock","11":"taxable","12":"shipping-taxable","13":"purchasable","14":"product-type-simple"},"_links":{"self":[{"href":"https:\/\/vigo-rio.com\/en\/wp-json\/wp\/v2\/product\/2249","targetHints":{"allow":["GET"]}}],"collection":[{"href":"https:\/\/vigo-rio.com\/en\/wp-json\/wp\/v2\/product"}],"about":[{"href":"https:\/\/vigo-rio.com\/en\/wp-json\/wp\/v2\/types\/product"}],"replies":[{"embeddable":true,"href":"https:\/\/vigo-rio.com\/en\/wp-json\/wp\/v2\/comments?post=2249"}],"wp:featuredmedia":[{"embeddable":true,"href":"https:\/\/vigo-rio.com\/en\/wp-json\/wp\/v2\/media\/2348"}],"wp:attachment":[{"href":"https:\/\/vigo-rio.com\/en\/wp-json\/wp\/v2\/media?parent=2249"}],"wp:term":[{"taxonomy":"product_brand","embeddable":true,"href":"https:\/\/vigo-rio.com\/en\/wp-json\/wp\/v2\/product_brand?post=2249"},{"taxonomy":"product_cat","embeddable":true,"href":"https:\/\/vigo-rio.com\/en\/wp-json\/wp\/v2\/product_cat?post=2249"},{"taxonomy":"product_tag","embeddable":true,"href":"https:\/\/vigo-rio.com\/en\/wp-json\/wp\/v2\/product_tag?post=2249"}],"curies":[{"name":"wp","href":"https:\/\/api.w.org\/{rel}","templated":true}]}}