{"id":2248,"date":"2026-01-20T13:08:03","date_gmt":"2026-01-20T13:08:03","guid":{"rendered":"https:\/\/vigo-rio.com\/?post_type=product&#038;p=2248"},"modified":"2026-02-23T19:11:03","modified_gmt":"2026-02-23T19:11:03","slug":"fc-102-the-path-of-valdai","status":"publish","type":"product","link":"https:\/\/vigo-rio.com\/en\/product\/fc-102-the-path-of-valdai\/","title":{"rendered":"FC Der Pfad von Valdai \/ Valdai Pathway"},"content":{"rendered":"<p><strong>Kolzov-Platte: &#8222;Valdai-Pfad&#8220;\u00a0(f\u00fcr Freude und Hoffnung im Leben, zieht Gleichgesinnte an, l\u00f6st Stress und negative Verhaltensmuster auf, unterst\u00fctzt in Krisenzeiten)<br \/>\n<\/strong><\/p>\n<p><strong><em>(bei paarweiser Anwendung am besten mit der Platte &#8222;Algorithmen der Ewigkeit des Baikals&#8220;)<\/em><br \/>\n<\/strong><\/p>\n<p>&#8211; neueste Version mit 8-Elementen (8 enthaltenen Energiespeicher-Chips)<em><br \/>\n<\/em><\/p>\n<p><em>Die Platte tr\u00e4gt die russische Aufschrift \u00ab\u0412\u0410\u041b\u0414\u0410\u0419\u0421\u041a\u0410\u042f \u0422\u0420\u041e\u041f\u0410\u00bb und auf dem erg\u00e4nzenden Deckblatt:<\/em><\/p>\n<p>Die Platte &#8222;Valdai-Pfad&#8220; hilft freudige Ereignisse zu erschaffen und mit einem L\u00e4cheln im Positiven leben zu k\u00f6nnen. Sie befreit von Stress und negativen Verhaltensmustern, wandelt dunkle Bef\u00fcrchtungen und \u00c4ngste in die Energie des Lichts und des Gl\u00fccks. Sie unterst\u00fctzt in Zeiten pers\u00f6nlicher und allgemeiner Krisen, verbessert die Entscheidungsf\u00e4higkeit und hilft, den Horizont zu erweitern &#8211; ideal f\u00fcr Menschen, die schwer zu einer Entscheidung finden und Schwierigkeiten haben, sich an neue Umst\u00e4nde anzupassen. Die Platte hilft auch, neue Freunde und Gleichgesinnte zu finden und st\u00e4rkt die Bindung in Partnerschaften. Ebenso unterst\u00fctzt sie in Meditation, Retreat und Exerzitien, w\u00e4hrend Zeiten der Einsamkeit und bei asketischen Praktiken und spirituellen Gel\u00fcbde. Bei Schw\u00e4che, Beschwerden, verschiedenen Krankheiten und verminderter Immunit\u00e4t verbessert die Platte den Allgemeinzustand des K\u00f6rpers. Die Platte &#8222;Valdai-Pfad&#8220; f\u00fchrt den Benutzer in K\u00f6rper, Geist und Seele zu seiner urspr\u00fcnglichen Kraft zur\u00fcck, zu den Urspr\u00fcngen der Seele.<\/p>\n<p><em>Die Aussagen beziehen sich auf alternative Testmethoden wie Meridianenergie-Messungen der Organfunktionskreisl\u00e4ufe nach TCM, Kirlian-Fotografie (EPG\/GDV-Kamera), Oberon, Amsat o.\u00e4. durch den Hersteller &#8222;Planet der Regionen&#8220; und stellen keine medizinische oder auf den physischen K\u00f6rper und dessen Organe bezogenen Aussage im Sinne der westlichen Schulmedizin dar.<\/em><\/p>\n<div><strong>Die Platte ist in diesem Sinne vor allem geeignet f\u00fcr:<\/strong><\/div>\n<ul>\n<li>die Platte reinigt den inneren und \u00e4u\u00dferen Raum des Anwenders in kraftvollen Wellen, die nach und nach alles Unn\u00f6tige und Veraltete wegwaschen &#8211; so kann der Anwender an dem nunmehr befreiten Ort auf ein h\u00f6heres Energieniveau gelangen und f\u00fcr sich etwas Neues erschaffen,<\/li>\n<li>hilft dem Anwender, sich pers\u00f6nlich auf der neuen Spirale der globalen Evolution der Erde zu entwickeln, indem es ihm einzigartige M\u00f6glichkeiten und Perspektiven er\u00f6ffnet.<\/li>\n<li>sie vermittelt eine schnellere Energiezufuhr, sorgt f\u00fcr einen konstanten, gleichm\u00e4\u00dfigen und nachhaltigen Energiefluss f\u00fcr alle Aktivit\u00e4ten und erm\u00f6glicht einen energetischen Flow-Zustand, so dass dieser im t\u00e4glichen Leben voll und ganz sp\u00fcrbar bleibt,<\/li>\n<li>l\u00f6st Transformationsprozesse auf Energieebene aus, befreit den Geist von einschr\u00e4nkenden \u00dcberzeugungen und \u201ementalen Fallen\u201c und sch\u00fctzt vor Wesenheiten mit niedrigen Schwingungen aus den feinstofflichen Dimensionen,<\/li>\n<li>hilft dem Anwender dabei, seine Ressourcen und F\u00e4higkeiten zu erkennen und f\u00fcr seinen individuellen Lebensweg zu nutzen, um f\u00fcr sich F\u00fclle und Wohlbefinden zu erreichen,<\/li>\n<li>hilft, sich zu konzentrieren, unterst\u00fctzt Achtsamkeit und Umsicht bei der Wahrnehmung der Umwelt und beseitigt effektiv eventuelle angesammelte Spannungen, Blockaden und das Gef\u00fchl mangelnder Freiheit, belebt das Leben mit einem Gef\u00fchl der Neugier, indem es die Aufmerksamkeit auf die Suche nach positiven Momenten lenkt, anstatt in Unzufriedenheit und \u00c4rgernisse zu versinken, und zieht Gleichgesinnte an,<\/li>\n<li>hilft dabei eine Vielzahl von \u00c4ngsten zu \u00fcberwinden und wandelt Bef\u00fcrchtungen und Angstzust\u00e4nde in lichtvolle Energie und Gl\u00fcck um, befreit den Geist von Stress und anderen negativen Verhaltensmustern, hilft dabei, freudige Ereignisse zu schaffen,<\/li>\n<li>hilft bei der Selbsterkenntnis durch das Eintauchen in die Tiefen der eigenen Seele, in die eigene innere Welt, um zu seiner urspr\u00fcnglichen Kraft und den Urspr\u00fcngen der Seele zur\u00fcckzukehren, hilft, das innere Licht zu finden und es nach au\u00dfen auszustrahlen und seinen Lebensweg in Einklang mit den universellen H\u00f6heren Gesetze zu gehen,<\/li>\n<li>beseitigt \u00c4ngste vor der Ungewissheit der Zukunft, vermittelt Selbstvertrauen, geistige Klarheit und innere Ausdauer und st\u00e4rkt den Glauben an die eigenen F\u00e4higkeiten, bevorstehende Hindernisse \u00fcberwinden zu k\u00f6nnen, unterst\u00fctzt generell in Zeiten pers\u00f6nlicher und relationaler Krisen,<\/li>\n<li>\u00f6ffnet in den Tiefen jeder Pers\u00f6nlichkeit eine Quelle der Hoffnung, \u00f6ffnet einen Kanal der inneren Freude und f\u00fcllt den Anwender mit urspr\u00fcnglicher kosmischer Energie und spiritueller Kraft,<\/li>\n<li>unterst\u00fctzt den Prozess des bewussten Abschieds und der Vergebung, hilft dabei, die Vergangenheit loszulassen und erleichtert es, unn\u00f6tige, veraltete Ansichten abzulegen, die die Entwicklung der Pers\u00f6nlichkeit behindern, \u00f6ffnet und erweitert die Facetten des Herzens und der Seele f\u00fcr das Neue,<\/li>\n<li>f\u00f6rdert die Anziehungskraft f\u00fcr den wahren Lebenspartner, aktiviert Energien f\u00fcr den Aufbau starker, langfristiger Beziehungen, die auf Vertrauen, gegenseitiger Akzeptanz, Tiefe und Aufrichtigkeit der Gef\u00fchle basieren, und sorgt dabei gleichzeitig f\u00fcr einen Zustand der Leichtigkeit und Freude,<\/li>\n<li>unterst\u00fctzt die Praxis des luziden Tr\u00e4umens, verbessert die Konzentration und Lerngeschwindigkeit,<\/li>\n<li>tr\u00e4gt dazu bei, das Wohlbefinden auf der Erde und beim Anwender zu steigern,<\/li>\n<li>regt eine energetische Analyse der pers\u00f6nlichen Bindungen und Beziehungen zu Angeh\u00f6rigen durch Umdenken und Neubewertung vergangener Ereignisse an -einschlie\u00dflich der Erfahrung der damit verbundenen Emotionen und Gef\u00fchle -, und stellt die Harmonie in der Familie wieder her,<\/li>\n<li>f\u00f6rdert die Wiederherstellung der Funktionen aller Systeme und Organe, s\u00e4ttigt jede Zelle mit Energie und den gesunden Zellschwingungen,<\/li>\n<li>reguliert Bewegungsapparat und Atemsystem, kann begleitend in der Behandlung von Alkoholsucht eingesetzt werden,<\/li>\n<li>erleichtert den Ablauf einer nat\u00fcrlichen Geburt und bietet energetische Unterst\u00fctzung bei Fragen rund um Unfruchtbarkeit.<\/li>\n<\/ul>\n<p>Auf der Platte sind die Informationen des Heilwassers aus der Quelle der Heiligen Gro\u00dfm\u00e4rtyrerin Paraskeva Pyatnitsa in der N\u00e4he des kleinen russischen Dorfes Edrovo im Bezirk Valdai, Gebiet Nowgorod gespeichert. Paraskeva Pyatnitsa gilt als Schutzheilige von Haus, Vieh und Felder, der Frauenarbeit und des Handels, weshalb bei vielen Marktpl\u00e4tzen zu finden ist. Die Heilige soll bereits zu Lebzeiten zahlreiche Heilungswunder bewirkt haben, weshalb sie auch bei schweren k\u00f6rperlichen und seelischen Leiden angerufen wird.<\/p>\n<p>TIPP 1 &#8211; starke Kombination: Die Platte &#8222;Valdai-Pfad&#8220; arbeitet mit der Platte &#8222;Algorithmen der Ewigkeit des Baikals&#8220; in einem transformativen Tandem zusammen. Durch die Schaffung einer starken Synergie wirkt dieses Tandem als Katalysator f\u00fcr die Transformation. Es zerst\u00f6rt nicht nur Barrieren und beseitigt energetische Fesseln, die das Bewusstsein behindern, sondern reinigt auch gr\u00fcndlich die energetische Signatur des Raumes &#8211; dadurch sind Neuanf\u00e4nge und die Verwirklichung Ihrer Seelenaufgabe und von Zielen und W\u00fcnschen m\u00f6glich, wenn die Platten mit der inneren Einstellung von Dankbarkeit, Frieden und Offenheit gegen\u00fcber der Welt verwendet werden.<\/p>\n<p>Die Platte kann auch sehr gut mit der Platte &#8222;Heilige Quelle&#8220; (Serie Elite 8-Elemente) kombiniert werden, um eine tiefgehende gesundheitliche Regeneration zu erzielen. Aber auch mit anderen Platten ist sie kombinierbar.<\/p>\n<p>TIPP 2: Die Energie der Platte &#8222;Valdai-Pfad&#8220; ist wie ein kraftvoller Regenbogen, ein aktiver Strom, der ununterbrochen rauscht und gleichzeitig positiv und freudig ist. Sie bietet einen umfassenden &#8222;Resonanzklang&#8220; gesunder hochfrequenter Schwingungen der Seele und des K\u00f6rper an, auf welchen man sich zur Genesung einschwingen kann. Sie k\u00f6nnen dazu die Platte auf dem 5.Chakra (Hals-Chakra) platzieren und auch Absichten und W\u00fcnsche formulieren, um Heilung bitten und um L\u00f6sungen f\u00fcr alle dr\u00e4ngenden Probleme und Szenarien zu erarbeiten, die f\u00fcr Sie am wichtigsten sind.<\/p>\n<p>TIPP 3 &#8211; luzides Tr\u00e4umen: Platzieren Sie die Platte im Schlafbereich um das Klartr\u00e4umen (luzides Tr\u00e4umen) zu unterst\u00fctzen. Bevor Sie mit dem Training beginnen, k\u00f6nnen Sie sich ein bestimmtes Ziel oder eine bestimmte Aufgabe setzen und die Energien dann im Schlaf wirken lassen. Sie k\u00f6nnen lebendige, filmische Tr\u00e4ume erleben, mit Details, die es wert sind, im Ged\u00e4chtnis zu bleiben und als einzigartiges Lebenserlebnis in die Realit\u00e4t umzusetzen.<\/p>\n<p>Da der Schlaf dadurch nicht so erholsam sein kann, sollte die Platte nciht jede Nacht verwendet werden.<\/p>\n<p>TIPP 4: Die Platte eignet sich sehr gut zur Raum-Reinigung: platzieren Sie die Platte am Schalter, mit dem Sie das Licht einschalten, oder an der elektrischen Sicherung &#8211; sie kann das eingeschaltete Licht selbst, die Energie im Rau reinigen und das Haus mit positiver Energie s\u00e4ttigen.<\/p>\n<p>ZUR BEACHTUNG: Bei dieser Platte sollte das Wasser zum Energetisieren mindestens 15 Minuten lang darauf gestellt werden.<\/p>\n<p><em><strong>Wichtiger Hinweis:<\/strong><\/em><\/p>\n<p><em><strong>Wir weisen ausdr\u00fccklich darauf hin, dass die Kolzov-Platte (russische Bezeichnung: &#8222;Korrektoren des funktionalen Zustands&#8220;) ein alternatives Energie- und Informationsprodukt ist und kein Heilmittel im Sinne der westlichen Schulmedizin. Vielmehr ist es ein rein energetisches Hilfsmittel zur ganzheitlichen Balancierung von energetischen Disharmonien und Blockaden. Informationen \u00fcber Qualit\u00e4t und Eigenschaften des Energieobjekts beziehen sich auf Aussagen des russischen Herstellers und alternativen Theorien zu Mensch und Umwelt, auf alternative Anschauungen und esoterische \u00dcberlieferungen oder Aussagen. Sie gelten nur im Sinne der esoterischen Lebensphilosophie und daran angelehnte Alternativheilkunde. Wirkungen im Sinne westlicher Wissenschaft oder Medizin werden hier nicht behauptet.<\/strong><\/em><\/p>","protected":false},"excerpt":{"rendered":"<p>ist ein \u201eStimmungsaufheller\u201c, der Angst und Stress in Licht und Gl\u00fcck verwandelt. Sie hilft dir, veraltete Verhaltensmuster loszulassen, Entscheidungen leichter zu treffen und dich an neue Lebensumst\u00e4nde anzupassen. Die Platte zieht Gleichgesinnte und Partner an und st\u00e4rkt deine urspr\u00fcngliche spirituelle Kraft. Sie wirkt wie ein \u201ereinigender Regenbogen\u201c, der Altes wegw\u00e4scht und Raum f\u00fcr Neues schafft.<\/p>","protected":false},"featured_media":2345,"comment_status":"open","ping_status":"closed","template":"","meta":[],"product_brand":[],"product_cat":[33],"product_tag":[169],"class_list":{"0":"post-2248","1":"product","2":"type-product","3":"status-publish","4":"has-post-thumbnail","6":"product_cat-elite-series","7":"product_tag-169","9":"first","10":"instock","11":"taxable","12":"shipping-taxable","13":"purchasable","14":"product-type-simple"},"_links":{"self":[{"href":"https:\/\/vigo-rio.com\/en\/wp-json\/wp\/v2\/product\/2248","targetHints":{"allow":["GET"]}}],"collection":[{"href":"https:\/\/vigo-rio.com\/en\/wp-json\/wp\/v2\/product"}],"about":[{"href":"https:\/\/vigo-rio.com\/en\/wp-json\/wp\/v2\/types\/product"}],"replies":[{"embeddable":true,"href":"https:\/\/vigo-rio.com\/en\/wp-json\/wp\/v2\/comments?post=2248"}],"wp:featuredmedia":[{"embeddable":true,"href":"https:\/\/vigo-rio.com\/en\/wp-json\/wp\/v2\/media\/2345"}],"wp:attachment":[{"href":"https:\/\/vigo-rio.com\/en\/wp-json\/wp\/v2\/media?parent=2248"}],"wp:term":[{"taxonomy":"product_brand","embeddable":true,"href":"https:\/\/vigo-rio.com\/en\/wp-json\/wp\/v2\/product_brand?post=2248"},{"taxonomy":"product_cat","embeddable":true,"href":"https:\/\/vigo-rio.com\/en\/wp-json\/wp\/v2\/product_cat?post=2248"},{"taxonomy":"product_tag","embeddable":true,"href":"https:\/\/vigo-rio.com\/en\/wp-json\/wp\/v2\/product_tag?post=2248"}],"curies":[{"name":"wp","href":"https:\/\/api.w.org\/{rel}","templated":true}]}}