{"id":2247,"date":"2026-01-20T13:07:22","date_gmt":"2026-01-20T13:07:22","guid":{"rendered":"https:\/\/vigo-rio.com\/?post_type=product&#038;p=2247"},"modified":"2026-02-04T19:40:43","modified_gmt":"2026-02-04T19:40:43","slug":"fc-101-eternity-algorithms-of-lake-baikal","status":"publish","type":"product","link":"https:\/\/vigo-rio.com\/en\/product\/fc-101-eternity-algorithms-of-lake-baikal\/","title":{"rendered":"FC Ewigkeit Algorithmen des Baikalsees \/ Eternity Algorithms of Lake Baikal"},"content":{"rendered":"<p><strong>Kolzov-Platte: &#8220; Ewigkeit Algorithmen des Baikalsees&#8220; (f\u00fcr mehr Lebensenergie und seelisches Gleichgewicht, beseitigt die Barrieren des Matrix-Gitters und \u00f6ffnet den Zugang zum H\u00f6heren Bewusstsein, h\u00f6here F\u00e4higkeiten entfalten, Wunscherf\u00fcllung)<br \/>\n<\/strong><\/p>\n<p><strong><em>(bei paarweiser Anwendung am besten mit der Platte &#8222;Valdai-Pfad&#8220;)<\/em><br \/>\n<\/strong><\/p>\n<p>&#8211; neueste Version mit 8-Elementen (8 enthaltenen Energiespeicher-Chips)<\/p>\n<p><em>Die Platte tr\u00e4gt die russische Aufschrift &#8220; \u0410\u041b\u0413\u041e\u0420\u0418\u0422\u041c\u042b \u0412\u0415\u0427\u041d\u041e\u0421\u0422\u0418 \u0411\u0410\u0419\u041a\u0410\u041b\u0410 &#8220; und auf dem erg\u00e4nzenden Deckblatt:<\/em><\/p>\n<p>Die Platte ist lebenswichtig f\u00fcr jeden Menschen in diesen Zeiten mit vielen Turbulenzen, st\u00e4ndigen Ver\u00e4nderungen und Schwankungen, die unser geistiges und k\u00f6rperliches Wohlbefinden unter Druck setzen. Insbesondere profitieren sensible Menschen und Personen, die in St\u00e4dten wohnen, da die Platte ihnen Harmonie, Energie und neue Kraft verleiht. Die Platte beseitigt die Barrieren des Matrix-Gitters, also jener Struktur, die den Zugang des menschlichen Bewusstseins zum H\u00f6heren Reinen Bewusstsein einschr\u00e4nkt &#8211; dadurch wird der Weg zu einem h\u00f6heren Bewusstseinszustand er\u00f6ffnet, in welchem die F\u00e4hig- und Fertigkeiten ein qualitativ neues Niveau erreichen und das wahre Potenzial seines Bewusstseins offenbar wird. Es ist die erste Kolzov-Platte, die direkt an dem Matrixraster arbeitet und es gab noch nie eine, mit einer derartigen Tiefe ihres Einflusses auf das Bewusstsein.<\/p>\n<p><em>Die Aussagen beziehen sich auf alternative Testmethoden wie Meridianenergie-Messungen der Organfunktionskreisl\u00e4ufe nach TCM, Kirlian-Fotografie (EPG\/GDV-Kamera), Oberon, Amsat o.\u00e4. durch den Hersteller &#8222;Planet der Regionen&#8220; und stellen keine medizinische oder auf den physischen K\u00f6rper und dessen Organe bezogenen Aussage im Sinne der westlichen Schulmedizin dar.<\/em><\/p>\n<div><strong>Die Platte ist in diesem Sinne vor allem geeignet f\u00fcr:<\/strong><\/div>\n<ul>\n<li>der von der Platte vermittelte &#8222;Algorithmus der Ewigkeit des Baikals&#8220; ist Ausdruck absoluter Harmonie, die direkt von der Prim\u00e4rquelle des G\u00f6ttlichen ausgeht: er hilft dem Anwender, eine neue, h\u00f6here Bewusstseinsebene, ein tieferes Verst\u00e4ndnis von sich selbst, der Welt und der universellen karmischen Gesetze des Universums zu erhalten,<\/li>\n<li>versetzt den Anwender in einen Zustand des Lichts, der Schwerelosigkeit, der Entspannung und der Harmonie des Lebens, wenn der Seelenstern sich nach innen richtet und alle K\u00f6rper &#8211; einschlie\u00dflich der physischen H\u00fclle &#8211; erleuchtet,<\/li>\n<li>gibt dem Anwender die richtige innere Einstimmung, um sich mit diesen Energien verbinden und an sie anpassen zu k\u00f6nnen und um sich mit dem wahren Erbe der Menschheit zu verbinden,<\/li>\n<li>schafft einen stabilen Zustand des Geistes und des seelischen Gleichgewichts, beseitigt mentale und emotionale Barrieren, f\u00fchrt konsequent und stetig zur \u00dcberwindung aller inneren Hindernisse und erm\u00f6glicht es dem Anwender, angemessen auf Geschehnisse zu reagieren,<\/li>\n<li>stellt eine bessere Harmonie zwischen den physischen und spirituellen Aspekten der Existenz her, um ein Gleichgewicht zwischen diesen Dimensionen im Anwender herzustellen,<\/li>\n<li>beseitigt die Barrieren des Matrix-Gitters, also jener Struktur, die den Zugang des menschlichen Bewusstseins zum H\u00f6heren Reinen Bewusstsein einschr\u00e4nkt oder blockiert &#8211; dadurch wird es unter anderem m\u00f6glich, sich wirklich als Sch\u00f6pfer zu erkennen und zu akzeptieren,<\/li>\n<li>harmonisiert und f\u00fchrt schrittweise zu einem h\u00f6heren Bewusstseinszustand (entsprechend der individuellen Ebene des Benutzers), in welchem seine F\u00e4hig- und Fertigkeiten ein qualitativ neues Niveau erreichen und das wahre Potenzial seines Bewusstseins offenbaren,<\/li>\n<li>f\u00fchrt den Anwender zu wahrer Selbsterkenntnis, erneuert den Fluss des angestammten generischen Erbes und st\u00e4rkt durch unsere Seelen den Fluss des Lebens und der Beseelung unseres Planeten,<\/li>\n<li>gibt dem Anwender die M\u00f6glichkeit, die Gr\u00f6\u00dfe des G\u00f6ttlichen Geistes wirklich zu erleben, der sich durch die Kraft des Baikalsees durch Zeit und Raum, Zeitalter und Weiten offenbart, so dass jeder die M\u00f6glichkeit hat, diese Informationen in den eigenen individuellen Lebensstrom einzubinden,<\/li>\n<li>f\u00fchrt jeden Benutzer zum Verst\u00e4ndnis seiner wahren Bestrebungen und Ziele, befreit von Fremdbestimmungen und \u00e4u\u00dferen Zw\u00e4ngen und bringt ihn so zu seinem wahren Ursprung, zu seiner wirklichen Quelle zur\u00fcck,<\/li>\n<li>schafft die Grundlage und die notwendigen Bedingungen f\u00fcr die Erf\u00fcllung von W\u00fcnschen, wenn diese in Harmonie mit der Lebenssph\u00e4re und der Umwelt sind und frei von rein egoistischen Motiven des Anwenders,<\/li>\n<li>hilft dem Anwender, alle f\u00fcr ihn notwendigen Situationen (Prozesse, Projekte, Pl\u00e4ne) zu verwirklichen, um die Harmonie des Universums zu bewahren und die Kraft der Dankbarkeit zu nutzen,<\/li>\n<li>l\u00e4dt den Anwender mit neuen Lebensenergien auf, befreit von destruktiven, zerst\u00f6rerischen Einfl\u00fcssen und s\u00e4ttigt mit den Energien der Natur, wodurch die innere elementare Natur des Menschen &#8211; insbesondere das Element Wasser &#8211; geweckt wird,<\/li>\n<li>befreit von veralteten Mustern und negativen unbewussten Einstellungen und verwandelt sie in einen lichtvollen Neubeginn,<\/li>\n<li>\u00f6ffnet das genetische Ged\u00e4chtnis f\u00fcr die spirituelle Weiterentwicklung des Anwenders und erm\u00f6glicht den Zugang zu all seinen Entwicklungen und Errungenschaften,<\/li>\n<li>erweckt die innere sch\u00f6pferische Energie, die Kraft der Sch\u00f6pfung, und f\u00fchrt den Anwender auf den Pfad der Selbstverwirklichung,<\/li>\n<li>aktiviert das Stirn-Chakra (6.Chakra) und erm\u00f6glicht so, eine h\u00f6here Ebene der Weltwahrnehmung zu erreichen und den Horizont des Verst\u00e4ndnisses der Zukunft zu erweitern,<\/li>\n<li>richtet das Augenmerk auf das Tiefe und Aufrichtige, auf alles Verborgene und verwirft alles K\u00fcnstliche, Unaufrichtige und Falsche,<\/li>\n<li>f\u00f6rdert die Erleuchtung des Geistes durch tiefe Selbsterkenntnis und ermutigt zu guten Taten,<\/li>\n<li>erleichtert die \u00dcbertragung von heiligem Wissen und offenbart dieses ohne Verzerrung in seiner reinen Form, damit der Anwender die Aufgaben seiner Seele erf\u00fcllen kann,<\/li>\n<li>l\u00f6st alle negativen Aspekte der Pers\u00f6nlichkeit auf, die dem Wohlbefinden des Anwenders im Wege stehen,<\/li>\n<li>hilft in einen meditativ-fokussierten Zustand einzutauchen, der einem Wachschlaf \u00e4hnelt, aber bei dem die Klarheit des Bewusstseins erhalten bleibt &#8211; der Geist bleibt aufmerksam f\u00fcr alles, was um ihn herum passiert; so verbessert die Platte auch die F\u00e4higkeit und H\u00e4ufigkeit von Klartr\u00e4umen,<\/li>\n<li>tr\u00e4gt zur Entspannung und Beseitigung von Muskelverspannungen bei &#8211; anfangs k\u00f6nnen sich diese vielleicht akut bemerkbar machen, aber sie verschwinden im Laufe der Anwendung.<\/li>\n<\/ul>\n<p>Auf der Platte sind die Informationen eines Kraftplatzes in der N\u00e4he der buddhistischen &#8222;Stupa der Erleuchtung&#8220; auf der Insel Ogoy an der Meerenge des Kleinen Meeres des Baikalsees gelegen (Olchonskij-Bezirk, Gebiet Irkutsk) gespeichert. Die Information wurde an einem Punkt gewonnen, an dem die Energieabgabe am h\u00f6chsten war.<\/p>\n<p>TIPP 1 &#8211; starke Kombination: Die Platte &#8222;Algorithmen der Ewigkeit des Baikals&#8220; arbeitet mit der Platte &#8222;Valdai-Pfad&#8220; in einem transformativen Tandem zusammen. Durch die Schaffung einer starken Synergie wirkt dieses Tandem als Katalysator f\u00fcr die Transformation. Es zerst\u00f6rt nicht nur Barrieren und beseitigt energetische Fesseln, die das Bewusstsein behindern, sondern reinigt auch gr\u00fcndlich die energetische Signatur des Raumes &#8211; dadurch sind Neuanf\u00e4nge und die Verwirklichung Ihrer Seelenaufgabe und von Zielen und W\u00fcnschen m\u00f6glich, wenn die Platten mit der inneren Einstellung von Dankbarkeit, Frieden und Offenheit gegen\u00fcber der Welt verwendet werden.<\/p>\n<p>Die Platte &#8222;Algorithmen der Ewigkeit des Baikals&#8220; kann auch mit anderen zuvor erschienen thematisch passenden Platten kombiniert werden.<\/p>\n<p>TIPP 2 &#8211; positive Grundhaltung: Die Energiestr\u00f6me verteilen sich gleichm\u00e4\u00dfig \u00fcber alle Chakras und Meridiane. Die Energie ist sanft, f\u00fcrsorglich, f\u00fcrsorglich, wohltuend und bezaubernd. Damit die Arbeit mit den Energien der Platte &#8222;Algorithmen der Ewigkeit des Baikals&#8220; erfolgreich ist, ist es \u00e4u\u00dferst wichtig, sich ihr mit positiven Emotionen und guten Gedanken zu n\u00e4hern. In einem Zustand negativer Emotionen ist es besser, auf die Verwendung zu verzichten &#8211; dann muss man sich zuerst beruhigen und das innere Gleichgewicht wiederherstellen, zum Beispiel mit Hilfe der Platte \u201eValdai-Pfad\u201c.<\/p>\n<p>TIPP 3 &#8211; Dankbarkeit und Visualisierung: Damit Ihre Tr\u00e4ume Wirklichkeit werden, m\u00fcssen Sie eine klare Vorstellung davon haben, was Sie wollen, und ihren Traum oder Wunsch gezielt mit der Energie der Liebe n\u00e4hren. Wenn eine Person in der Lage ist, den Fluss ihrer Gedanken zu kontrollieren und zu ver\u00e4ndern, erh\u00e4lt sie mit der Platte unbegrenzte M\u00f6glichkeiten f\u00fcr eine kraftvolle energetische Gestaltung von W\u00fcnschen, das Setzen von Zielen und die Verwirklichung von Tr\u00e4umen.<\/p>\n<p>TIPP 4 &#8211; Klarheit und Liebe: Der Schl\u00fcssel zur Entwicklung des pers\u00f6nlichen Bewusstseins liegt darin, bewusste Praktiken zur Kultivierung positiven Denkens einzusetzen. Lernen Sie, sich auf den Inhalt Ihrer Gedanken und das, was Sie in die Umgebung projizieren, zu konzentrieren. Dies ist Teil des Prozesses, ein tiefes Verst\u00e4ndnis f\u00fcr die Welt und sich selbst in ihr zu erlangen. Damit Ihre Tr\u00e4ume Wirklichkeit werden, m\u00fcssen Sie eine klare Vorstellung davon haben, was Sie wollen, und jeden Traum gezielt mit der Energie der Liebe n\u00e4hren.<\/p>\n<p>TIPP 5 &#8211; Regelm\u00e4\u00dfigkeit und Dankbarkeit: Visualisieren Sie regelm\u00e4\u00dfig Ihre Ziele und W\u00fcnsche und dr\u00fccken Sie dabei Ihre Dankbarkeit gegen\u00fcber den H\u00f6heren M\u00e4chten und kosmischen Energien aus. Bedanken Sie sich zum Beispiel aufrichtig f\u00fcr die Gesundheit und Freude Ihrer Seele, f\u00fcr die St\u00e4rke des Geistes und f\u00fcr die Harmonie eines gesunden K\u00f6rpers mit einem gesunden Geist. Erkennen Sie, dass Ihre Seele offen f\u00fcr g\u00f6ttliche F\u00fchrung und Liebe zur Welt ist und dass Ihr K\u00f6rper auf dieser Grundlage in ausgezeichneter, k\u00f6rperlicher Verfassung gehalten werden kann.<\/p>\n<p>TIPP 6 &#8211; Br\u00fccke Baikalsee: Visualisieren Sie dabei auch den Baikalsee, w\u00e4hrend Sie die Platte auf das Stirnchakra legen. Dies st\u00e4rkt und aktiviert die &#8222;Algorithmen des Baikalsees&#8220; und hilft dabei, die richtigen Lebensentscheidungen treffen k\u00f6nnen. Die Platte stellt eine Verbindung zu den alten Kristallen des Baikalsees her und wir k\u00f6nnen den Funken des spirituellen Herzens mit voller Kraft nutzen, wodurch sich Aspekte und Energien, die uns in dieser Zeit wichtig sind, entwickeln und manifestieren k\u00f6nnen. Versuchen Sie w\u00e4hrend dieser Kommunikation mit der Platte, Ihren spirituellen Kern auf der h\u00f6chsten Frequenz zu halten, um eine Resonanz mit den einzigartigen Energieschwingungen des Baikalsees zu erreichen &#8211; und damit auch die Resonanz mit den Algorithmen f\u00fcr das ewige Leben und die Unsterblichkeit der Seele. Dies gibt Ihnen auch die M\u00f6glichkeit, Ihre innere Welt durch die Energien der Liebe zu vertiefen und zu bereichern.<\/p>\n<p>TIPP 7: Die Platte &#8222;Algorithmen der Ewigkeit des Baikals&#8220; ist besonders geeignet f\u00fcr jede Art von Meditation.<\/p>\n<p>Tipp 8 &#8211; Sterbebegleitung: F\u00fcr alte Menschen, die sich im Sterbeprozess befinden, kann die Platte diese \u00dcbergangsphase ihres Lebens mildern, das Karma des ausgehenden Weges lindern und es ihnen erm\u00f6glichen, den Weg mit Leichtigkeit zu gehen und keine ungel\u00f6sten Fragen oder eine Last unzumutbarer Probleme f\u00fcr die Nachkommen zur\u00fcckzulassen.<\/p>\n<p>ZUR BEACHTUNG: Bei dieser Platte sollte das Wasser zum Energetisieren mindestens 15 Minuten lang darauf gestellt werden.<\/p>\n<p><em><strong>Wichtiger Hinweis:<\/strong><\/em><\/p>\n<p><em><strong>Wir weisen ausdr\u00fccklich darauf hin, dass die Kolzov-Platte (russische Bezeichnung: &#8222;Korrektoren des funktionalen Zustands&#8220;) ein alternatives Energie- und Informationsprodukt ist und kein Heilmittel im Sinne der westlichen Schulmedizin. Vielmehr ist es ein rein energetisches Hilfsmittel zur ganzheitlichen Balancierung von energetischen Disharmonien und Blockaden. Informationen \u00fcber Qualit\u00e4t und Eigenschaften des Energieobjekts beziehen sich auf Aussagen des russischen Herstellers und alternativen Theorien zu Mensch und Umwelt, auf alternative Anschauungen und esoterische \u00dcberlieferungen oder Aussagen. Sie gelten nur im Sinne der esoterischen Lebensphilosophie und daran angelehnte Alternativheilkunde. Wirkungen im Sinne westlicher Wissenschaft oder Medizin werden hier nicht behauptet.<\/strong><\/em><\/p>","protected":false},"excerpt":{"rendered":"<p>Die Kolzov-Platte \u201eAlgorithmen des Baikalsees\u201c (\u0410\u041b\u0413\u041e\u0420\u0418\u0422\u041c\u042b \u0412\u0415\u0427\u041d\u041e\u0421\u0422\u0418 \u0411\u0410\u0419\u041a\u0410\u041b\u0410) ist eine revolution\u00e4re Platte, die erstmals direkt am \u201eMatrix-Gitter\u201c ansetzt. Sie beseitigt die Barrieren, die das menschliche Bewusstsein vom H\u00f6heren Reinen Bewusstsein trennen. Sie vermittelt absolute Harmonie, hilft bei der Verwirklichung seelengetragener W\u00fcnsche und er\u00f6ffnet den Zugang zu verborgenem genetischem Wissen. Besonders f\u00fcr sensible Menschen in turbulenten Zeiten bietet sie einen stabilen Anker aus Licht und Schwerelosigkeit.<\/p>","protected":false},"featured_media":2357,"comment_status":"open","ping_status":"closed","template":"","meta":[],"product_brand":[],"product_cat":[33],"product_tag":[168],"class_list":{"0":"post-2247","1":"product","2":"type-product","3":"status-publish","4":"has-post-thumbnail","6":"product_cat-elite-series","7":"product_tag-168","9":"first","10":"instock","11":"taxable","12":"shipping-taxable","13":"purchasable","14":"product-type-simple"},"_links":{"self":[{"href":"https:\/\/vigo-rio.com\/en\/wp-json\/wp\/v2\/product\/2247","targetHints":{"allow":["GET"]}}],"collection":[{"href":"https:\/\/vigo-rio.com\/en\/wp-json\/wp\/v2\/product"}],"about":[{"href":"https:\/\/vigo-rio.com\/en\/wp-json\/wp\/v2\/types\/product"}],"replies":[{"embeddable":true,"href":"https:\/\/vigo-rio.com\/en\/wp-json\/wp\/v2\/comments?post=2247"}],"wp:featuredmedia":[{"embeddable":true,"href":"https:\/\/vigo-rio.com\/en\/wp-json\/wp\/v2\/media\/2357"}],"wp:attachment":[{"href":"https:\/\/vigo-rio.com\/en\/wp-json\/wp\/v2\/media?parent=2247"}],"wp:term":[{"taxonomy":"product_brand","embeddable":true,"href":"https:\/\/vigo-rio.com\/en\/wp-json\/wp\/v2\/product_brand?post=2247"},{"taxonomy":"product_cat","embeddable":true,"href":"https:\/\/vigo-rio.com\/en\/wp-json\/wp\/v2\/product_cat?post=2247"},{"taxonomy":"product_tag","embeddable":true,"href":"https:\/\/vigo-rio.com\/en\/wp-json\/wp\/v2\/product_tag?post=2247"}],"curies":[{"name":"wp","href":"https:\/\/api.w.org\/{rel}","templated":true}]}}