{"id":2246,"date":"2026-01-20T13:06:55","date_gmt":"2026-01-20T13:06:55","guid":{"rendered":"https:\/\/vigo-rio.com\/?post_type=product&#038;p=2246"},"modified":"2026-04-01T16:22:02","modified_gmt":"2026-04-01T16:22:02","slug":"fc-100-guardian-of-the-world","status":"publish","type":"product","link":"https:\/\/vigo-rio.com\/en\/product\/fc-100-guardian-of-the-world\/","title":{"rendered":"FC Besch\u00fctzer der Welt \/ Guardian of the World"},"content":{"rendered":"<p><strong>Kolzov-Platte: &#8222;Besch\u00fctzer der Welt&#8220; \/\u00a0russisch:\u00a0&#8222;H\u00fcter des Friedens&#8220;\u00a0(Helfer in Zeiten von Chaos, f\u00fcr Gerechtigkeit, Selbstkontrolle und Selbstbefreiung, vermittelt Ehre, Gewissen, Wahrhaftigkeit, Selbstachtung, Mut, Hingabe an h\u00f6here Ziele, Gelassenheit, Frieden und Gl\u00fcck)<\/strong><\/p>\n<p><em><strong>&#8211; neueste Version mit 8-Elementen (8 enthaltenen Energiespeicher-Chips)<\/strong><br \/>\n<\/em><\/p>\n<p><em>Die Platte tr\u00e4gt die russische Aufschrift &#8222;\u0421\u0422\u0420\u0410\u0416 \u041c\u0418\u0420\u0410&#8220; auf dem erg\u00e4nzenden Deckblatt: &#8222;GUARDIAN OF THE WORLD&#8220;, &#8222;GARDIEN DU MONDE&#8220;, &#8222;BESCH\u00dcTZER DER WELT&#8220;<\/em><\/p>\n<p>Die Platte hilft dem Anwender in einem Zustand der Gerechtigkeit leben zu k\u00f6nnen, sich vom Einfluss dunkler, negativer Strukturen zu befreien und den Strukturen des Chaos zu widerstehen. Sie neutralisiert destruktive Emotionen wie Angst, Wut und Aggression, aktiviert die Wahrnehmung der Realit\u00e4t auf Basis anderer qualitativer Einstellungen und hilft beim Aufbau einer neuen, besseren Lebenslinie. Entschlossenheit, Mut und Gerechtigkeit, Frieden und Gl\u00fcck und spirituelle St\u00e4rke werden gest\u00e4rkt.<\/p>\n<p>Die Platte ist hilfreich f\u00fcr Menschen, die dazu neigen, sich leicht von anderen beeinflussen zu lassen, die oft in Konflikt geraten oder sich falsch beurteilt, verurteilt, machtlos und unf\u00e4hig f\u00fchlen, etwas in ihrem Leben zu \u00e4ndern. Sie hilft allen, die sich f\u00fcr eine gerechte Sache einsetzen, und die sich als Verteidiger von jemandem oder einer gerechten Idee einsetzen (auch f\u00fcr Anw\u00e4lte, Gewerkschaftler, Polizei und Milit\u00e4r in gerechtem Handeln).<\/p>\n<p>Die Platte hilft, sich aus einer co-abh\u00e4ngigen Situation (Partner, Eltern, Freunde, Mentoren) zu befreien, einen echten Seelenpartner zu finden und Verantwortung f\u00fcr sein eigenes Leben zu \u00fcbernehmen.<\/p>\n<p>Die Platte hilft Verhaltensmuster und stereotype Verhaltensreaktionen zu ver\u00e4ndern, erleichtert es neue, friedliche Wege zur L\u00f6sung von Konflikten zu finden &#8211; nach etwa zwei Monaten st\u00e4ndiger Anwendung der Platte entwickelt der Anwender die Gewohnheit, dem Pfad der Gerechtigkeit zu folgen, wodurch sich das Leben zum Besseren ver\u00e4ndert.<\/p>\n<p>Bei der Arbeit mit der Platte entsteht ein Bewusstsein f\u00fcr die Gr\u00f6\u00dfe des Lebens, die Unsterblichkeit der Seele und eine endlose Liebe zum Leben, die Kraft des Geistes, ein unersch\u00f6pfliches Gef\u00fchl f\u00fcr den Wert des Seins, Dankbarkeit und Z\u00e4rtlichkeit.<\/p>\n<p><em>Die Aussagen beziehen sich auf alternative Testmethoden wie Meridianenergie-Messungen der Organfunktionskreisl\u00e4ufe nach TCM, Kirlian-Fotografie (EPG\/GDV-Kamera), Oberon, Amsat o.\u00e4. durch den Hersteller &#8222;Planet der Regionen&#8220; und stellen keine medizinische oder auf den physischen K\u00f6rper und dessen Organe bezogenen Aussage im Sinne der westlichen Schulmedizin dar.<br \/>\n<\/em><\/p>\n<p><strong>Die Platte ist in diesem Sinne vor allem geeignet f\u00fcr:<\/strong><\/p>\n<ul>\n<li>st\u00e4rkt die Kraft der gesunden Ordnung im Leben des Anwender und auf der Erde und verankert sie, sch\u00fctzt den Anwender vor St\u00f6rungen der Weltordnung und gegen Ungerechtigkeit,<\/li>\n<li>aktiviert die Energien des Erwachens und der F\u00fcrsorge und hilft in Not-Zeiten von Trauer, Ungerechtigkeit oder Gesetzlosigkeit,<\/li>\n<li>hilft dem Anwender, den Strukturen des Chaos und der Dunkelheit zu widerstehen und die Dunkelheit aus der Seele zu vertreiben, aktiviert den evolution\u00e4ren Weg der Entwicklung von Bewusstsein und Pers\u00f6nlichkeit gem\u00e4\u00df den h\u00f6chsten Gesetzen des Universums und l\u00e4sst nicht zu, dass Unwissenheit und Laster triumphieren,<\/li>\n<li>die Energien der Platte aktivieren nicht nur den Anwender selbst, sondern sie werden auch in den umgebenden Raum abgestrahlt und dieser damit informiert &#8211; die abgestrahlten Qualit\u00e4ten sind: Ehre, Gewissen, Wahrhaftigkeit, Selbstachtung, Mut, Willenskraft, Entschlossenheit, Ausdauer, Hingabe an h\u00f6here Ziele &#8211; sie \u00f6ffnen den Weg zur &#8222;H\u00f6heren Lichtwelt&#8220; und sie gew\u00e4hren dem Anwender Gelassenheit, Frieden und Gl\u00fcck,<\/li>\n<li>erweckt im Anwender das Wissen \u00fcber wahre Kreativit\u00e4t, die niemals Zerst\u00f6rung f\u00f6rdert,<\/li>\n<li>aktiviert Energien, die zur Fruchtbarkeit der Erde beitragen, und sch\u00fctzt Bauern, G\u00e4rtner und andere Menschen, die mit der Erde arbeiten, stellt auch K\u00e4mpfer unter besonderen Schutz und erweckt die &#8222;Krieger des Lichts&#8220; auf der Erde,<\/li>\n<li>er\u00f6ffnet dem Anwender die heilige Dimension der Verwirklichung des g\u00f6ttlichen Plans und die Essenz der gro\u00dfen geheimen Einweihungen und Mysterien,<\/li>\n<li>die Platte hilft, sich von unn\u00f6tigen Gedanken zu befreien und st\u00e4rkt pragmatische Handlungen und Gedanken, um das Richtige und Gerechte zu tun und so auch positives Karma f\u00fcr sich selbst zu erzeugen,<\/li>\n<li>die Platte setzt daf\u00fcr eine Energiebarriere f\u00fcr \u00e4u\u00dfere Einfl\u00fcsse, sodass der Anwender inneh\u00e4lt und in sich selbst eintaucht, um zuk\u00fcnftige Handlungen mit den Richtlinien seiner Seele und seinem spirituellen Mentor koordinieren zu k\u00f6nnen. Erst dann wird die Kommunikation und das Handeln fortgesetzt, so dass die innere Stimme der Seele zum Kompass im Leben werden kann,<\/li>\n<li>\u00f6ffnet die h\u00f6chsten spirituellen Energiezentren und f\u00f6rdert die Aufnahme von Informationen aus h\u00f6heren Sph\u00e4ren, st\u00e4rkt Liebe, Harmonie, Akzeptanz, Ausgeglichenheit auch in schwierigen Situationen und bringt alle Aspekte des Lebens mit der g\u00f6ttlichen Norm in Einklang, in der Liebe und Verst\u00e4ndnis herrschen,<\/li>\n<li>f\u00f6rdert das Bewusstsein f\u00fcr die Realit\u00e4t, ohne die Wahrnehmung durch Blockierung \u00e4u\u00dferer Einfl\u00fcsse zu verzerren und erm\u00f6glicht so eine offenere Wahrnehmung,<\/li>\n<li>hilft dabei den Standpunkt einer anderen Person zu verstehen, und m\u00f6gliche Wege zur L\u00f6sung des Konflikts zu finden,<\/li>\n<li>die Platte hilft dabei, schnell und einfach Strategien zum Erreichung seiner Ziele festzulegen, gibt die Kraft, seine Interessen zu wahren, und gibt die Energie, um die n\u00f6tigen Aufgaben auch umsetzen zu k\u00f6nnen. Sie er\u00f6ffnet neue M\u00f6glichkeiten, die der Nutzer bisher nicht wahrgenommen hat (z.B. in Form von Tr\u00e4umen, Visionen, Informationen, Bildern etc.) und vermittelt ein klares Handlungsverst\u00e4ndnis, hilft,<\/li>\n<li>gleicht Emotionen aus und hilft, seine \u201einneren D\u00e4monen\u201c zu erkennen (die zu Unzufriedenheit, Aggressivit\u00e4t, autorit\u00e4rem, harten und rigorosen Verhalten f\u00fchren k\u00f6nnen), l\u00f6scht destruktiver Emotionen und \u00fcberlebte schmerzhafte Erinnerungen und beseitigt dadurch verschiedene Arten von Blockaden,<\/li>\n<li>beseitigt Zukunfts\u00e4ngste, hilft die Emotionen zu kontrollieren und einen gebrochenen Geist wiederherzustellen und die jeweilige Situation zu bew\u00e4ltigen,<\/li>\n<li>erf\u00fcllt den Anwender mit Leichtigkeit, Ruhe, Freude und Seelenfrieden, ein Gef\u00fchl von Fluss und Entschlossenheit entsteht, der Anwender f\u00fchlt sich als Teil des Weltganzen,<\/li>\n<li>hilft dem Anwender die Realit\u00e4t anhand anderer qualitativer Parameter wahrzunehmen, die \u00fcber zeitliche und r\u00e4umliche Dimensionen hinausgehen, und eine neue beste Lebenslinie aufzubauen,<\/li>\n<li>M\u00e4nnern hilft die Platte, die Frau ihres Herzens zu gewinnen. Aber unehrliche, selbsts\u00fcchtige &#8222;Don Juans&#8220;, die nur eine Frau nach der anderen erobern wollen, erleben einen starken energetischen R\u00fcckschlag, wenn sie die Platte daf\u00fcr nutzen,<\/li>\n<li>steigert die Libido bei M\u00e4nnern und Frauen,<\/li>\n<li>hilft bei der Befreiung aus co-abh\u00e4ngigen Beziehungen sowohl mit aktuell lebenden als auch mit bereits verstorbenen Menschen,<\/li>\n<li>erleichtert es, auch schwierige Beziehungen zu verstehen und die Situation von allen Seiten zu betrachten, um durch Dialog eine L\u00f6sung f\u00fcr den Konflikt zu finden,<\/li>\n<li>hilft, Fehler einzugestehen, was zur energetischen Befreiung von der negativen energetischen Belastungen,<\/li>\n<li>st\u00e4rkt die besondere Begabung von Anwendern mit \u00fcbersinnlichen F\u00e4higkeiten, verleiht Energie und die F\u00e4higkeit, prophetische Tr\u00e4ume zu sehen und h\u00f6here Informationen sofort zu erkennen,<\/li>\n<li>hilft die feinstofflichen K\u00f6rper des Anwenders schnell und kraftvoll von negativen Einfl\u00fcssen Dritter zu reinigen &#8211; einschlie\u00dflich magischer, vom energetischen \u201eVampirismus\u201c lebender Menschen, von sich st\u00e4ndig beschwerenden N\u00f6rglern, Skeptikern und Kritikern und deren Negativit\u00e4t &#8211; und erstellt eine Schutzbarriere um das Biofeld (Aura) des Anwenders,<\/li>\n<li>erweckt die &#8222;Krieger des Lichts&#8220; auf der Erde, gibt ihnen kraftvolle Unterst\u00fctzung und inspiriert sie, hohe Ziele zu verfolgen und ihrer Berufung treu zu bleiben,<\/li>\n<li>vermittelt das Bewusstsein f\u00fcr die Gr\u00f6\u00dfe und den Wert des Lebens und jedes gelebten Augenblicks, erinnert an die Endlichkeit der Existenz und die Unsterblichkeit des Geistes (ohne ein Gef\u00fchl des Untergangs) und tr\u00e4gt zur Bewahrung von Ehre und W\u00fcrde bei.<\/li>\n<\/ul>\n<p>Auf der Platte sind die Informationen des kosmo-energetischen Kanal des Gottes Perun (Pirun) gespeichert. Sie vermittelt den g\u00f6ttlichen Zustand der Freude, die aus der Emotion der Gerechtigkeit entsteht.<\/p>\n<p>Perun ist der oberste Gott der slawischen Mythologie. Er ist der Gott des Gewitters, des Donners und der Blitze. Im indoeurop\u00e4ischen Zusammenhang entspricht Perun dem nordgermanischen Thor bzw. dem s\u00fcdgermanischen Donar, dem griechischen Zeus, dem litauischen und altpreu\u00dfischen Perkunas, dem lettischen Perkons und dem indischen Indra. Er war als Himmelsgott &#8211; vor allem wohl in der \u00e4ltesten Zeit der indogermanischen Wanderungen &#8211; der schreckenerregende Blitzschleuderer und Herr des grollenden Donners, in sp\u00e4terer Zeit aber auch Regenspender und Fruchtbarkeitsgott. Er ist der Beschirmer der Weltordnung und Bek\u00e4mpfer der M\u00e4chte des Chaos.<\/p>\n<p>TIPP 1: Bei der Arbeit mit der Platte &#8222;Besch\u00fctzer der Welt&#8220; ist es wichtig zu verstehen, dass &#8222;Perun&#8220;, der Gott der Gerechtigkeit, ein Besch\u00fctzer, W\u00e4chter und Krieger ist, der immer das Gesetz beachtet. Seine Botschaft ist: \u201eDie Seele ist Teil des Lichts und muss dem Weg des Lichts folgen, um nicht in der Dunkelheit umzukommen.\u201c<\/p>\n<p>Die Energie der Platte ist sanft, elastisch, stark, aber gleichzeitig subtil und nimmt allm\u00e4hlich zu. Ein besonders empfindlicher Anwender kann ein leichtes Kribbeln in den Handfl\u00e4chen sp\u00fcren, wenn die Platte dazwischen liegt. Der kosmo-energetische Kanal &#8222;Perun&#8220; muss nicht zus\u00e4tzlich ge\u00f6ffnet werden, er startet selbstst\u00e4ndig beim Arbeiten mit der Platte.<\/p>\n<p>Die Energien der Platte k\u00f6nnen bei manchen Anwendern unterdr\u00fcckte Emotionen (Wut, Aggression, Melancholie, Traurigkeit, Schmerz) zeigen, die aus dem Unterbewusstsein an die Oberfl\u00e4che kommen k\u00f6nnen \u2013 das ist normal, es ist wichtig, davor keine Angst zu haben. Die Energien der Platte lassen den Menschen aber nicht mit diesen Emotionen zur\u00fcck, sondern deaktivieren sie. Dennoch sollte die Platte in solchen F\u00e4lle zun\u00e4chst nur f\u00fcr kurze Zeitr\u00e4ume verwendet werden und stattdessen vor allem das damit informierte Wasser getrunken werden &#8211; das erleichtert und aktiviert gleichzeitig den Prozess. Nach etwa zwei Monaten st\u00e4ndiger Anwendung der Platte entwickelt der Anwender die Gewohnheit, dem Pfad der Gerechtigkeit zu folgen, wodurch sich das Leben zum Besseren ver\u00e4ndert.<\/p>\n<p>TIPP 2: Es empfiehlt sich, die Platte zun\u00e4chst auf den Scheitel zu legen oder zu halten, dann auf die Stirn, dann auf den Herzbereich und dann auf den Unterbauch unterhalb des Nabels. Dadurch werden sofort das 7. und 8. Chakra aktiviert. Dann beginnt die Energie durch das Stirn-Chakra entlang der rechten K\u00f6rperseite nach unten zu flie\u00dfen und f\u00fcllt dann das 4., 2. und 1.Chakra. Danach werden auch 3. und 5.Chakra aktiviert, aber zun\u00e4chst entsteht ein energetischer Stopp im 3.Chakra, wo der menschliche Wille manifestiert wird, um dann im 5.Chakra artikuliert und umgesetzt zu werden. Dieser \u201eStopp\u201c-Zustand dient der \u00dcberpr\u00fcfung mit ihren Werten, wie sie im 6.Chakra visualisiert werden.<\/p>\n<p>TIPP 3: Die Platte kann allein verwendet werden, ist aber auch mit allen anderen Platten kombinierbar &#8211; insbesondere mit den Platten: &#8222;Nr.16&#8220; (Serie Violett), &#8222;Afrasiab&#8220;, &#8222;Wind der Ver\u00e4nderung&#8220;, &#8222;Energien der Gerechtigkeit&#8220;, &#8222;Zeit des Gl\u00fccks&#8220;, &#8222;Schatz der Frau&#8220;, &#8222;Magie der Liebe&#8220;, &#8222;L\u00e4cheln der Sonne (alle Serie ELITE 8-Elemente), &#8222;Kolzovs Lichtgeschenk&#8220; (Serie Elite), &#8222;Harmonie&#8220; (Serie Gr\u00fcn) und allen Platten der Serie Gold.<\/p>\n<p>TIPP 4: Die beste Zeit f\u00fcr eine intensive Arbeit mit der Platte ist um ca. 13:00 Uhr. Um das Gef\u00fchl der Gerechtigkeit schneller in sich selbst zu fixieren, nehmen Sie die Platte in die rechte Hand, spannen Sie Ihren Nacken ein wenig an und halten Sie die Platte an die rechte Seite des Halses auf die Halsschlagader. Danach nehmen Sie die Platte in die linke Hand und halten sie entsprechend auf der linken Halsseite an die Halsschlagader.<\/p>\n<p>TIPP 5: Die Farbe Lila und rubinrote Kristalle verst\u00e4rken die Gerechtigkeits-Wirkung der Platte noch. Ebenso der Verzehr der folgenden, zuvor auf der Platte informierten Lebensmittel: Mandeln, roter Paprika, Pfirsich, Reis, Milchpilze.<\/p>\n<p>TIPP 6: Bei Anwendern, die einen Kampfsport betreiben, aktiviert die Platte das Muskelged\u00e4chtnis und das Erlernen der Techniken wird erleichtert.<\/p>\n<p>TIPP 7: Die Platte kann vor dem Schlafengehen und w\u00e4hrend des Schlafens verwendet werden. Bei meditativen Arbeitstechniken k\u00f6nnen Sie um das bitten, was Sie wollen &#8211; f\u00fcr Ihre Manifestation formulieren Sie konkret und vermeiden Sie Illusionen.<\/p>\n<p>TIPP 8: Wenn ein Organ Heilung ben\u00f6tigt, k\u00f6nnen Sie die Patte direkt auf dem Organ platzieren. Die Platte kann zudem als zus\u00e4tzliches Hilfsmittel in der Psychotherapie &#8211; allein oder in Zusammenarbeit mit Psychotherapeuten &#8211; eingesetzt werden.<\/p>\n<p>ZUR BEACHTUNG: Bei dieser Platte sollte das Wasser zum Energetisieren mindestens 20 Minuten lang darauf gestellt werden.<\/p>\n<p><strong><em>Wichtiger Hinweis:<br \/>\nWir weisen ausdr\u00fccklich darauf hin, dass die Kolzov-Platte (russische Bezeichnung: &#8222;Korrektoren des funktionalen Zustands&#8220;) ein alternatives Energie- und Informationsprodukt ist und kein Heilmittel im Sinne der westlichen Schulmedizin. Vielmehr ist es ein rein energetisches Hilfsmittel zur ganzheitlichen Balancierung von energetischen Disharmonien und Blockaden. Informationen \u00fcber Qualit\u00e4t und Eigenschaften des Energieobjekts beziehen sich auf Aussagen des russischen Herstellers und alternativen Theorien zu Mensch und Umwelt, auf alternative Anschauungen und esoterische \u00dcberlieferungen oder Aussagen. Sie gelten nur im Sinne der esoterischen Lebensphilosophie und daran angelehnte Alternativheilkunde. Wirkungen im Sinne westlicher Wissenschaft oder Medizin werden hier nicht behauptet.<\/em><\/strong><\/p>","protected":false},"excerpt":{"rendered":"<p>fungiert als energetischer Kompass f\u00fcr Gerechtigkeit und Wahrheit. Sie neutralisiert Angst, Wut sowie Aggression und hilft dabei, sich aus co-abh\u00e4ngigen Beziehungen (Partner, Eltern, Mentoren) zu befreien. Als \u201eKrieger des Lichts\u201c st\u00e4rkt sie den eigenen Willen, sch\u00fctzt vor energetischem Vampirismus und unterst\u00fctzt Anw\u00e4lte, Lehrer oder Polizisten in ihrem gerechten Handeln. Sie \u00f6ffnet die h\u00f6chsten spirituellen Zentren, l\u00f6scht schmerzhafte Erinnerungen und hilft, nach etwa zwei Monaten konsequenter Anwendung, eine v\u00f6llig neue, positive Lebenslinie aufzubauen.<\/p>","protected":false},"featured_media":2349,"comment_status":"open","ping_status":"closed","template":"","meta":[],"product_brand":[],"product_cat":[33],"product_tag":[200],"class_list":{"0":"post-2246","1":"product","2":"type-product","3":"status-publish","4":"has-post-thumbnail","6":"product_cat-elite-series","7":"product_tag-200","9":"first","10":"instock","11":"taxable","12":"shipping-taxable","13":"purchasable","14":"product-type-simple"},"_links":{"self":[{"href":"https:\/\/vigo-rio.com\/en\/wp-json\/wp\/v2\/product\/2246","targetHints":{"allow":["GET"]}}],"collection":[{"href":"https:\/\/vigo-rio.com\/en\/wp-json\/wp\/v2\/product"}],"about":[{"href":"https:\/\/vigo-rio.com\/en\/wp-json\/wp\/v2\/types\/product"}],"replies":[{"embeddable":true,"href":"https:\/\/vigo-rio.com\/en\/wp-json\/wp\/v2\/comments?post=2246"}],"wp:featuredmedia":[{"embeddable":true,"href":"https:\/\/vigo-rio.com\/en\/wp-json\/wp\/v2\/media\/2349"}],"wp:attachment":[{"href":"https:\/\/vigo-rio.com\/en\/wp-json\/wp\/v2\/media?parent=2246"}],"wp:term":[{"taxonomy":"product_brand","embeddable":true,"href":"https:\/\/vigo-rio.com\/en\/wp-json\/wp\/v2\/product_brand?post=2246"},{"taxonomy":"product_cat","embeddable":true,"href":"https:\/\/vigo-rio.com\/en\/wp-json\/wp\/v2\/product_cat?post=2246"},{"taxonomy":"product_tag","embeddable":true,"href":"https:\/\/vigo-rio.com\/en\/wp-json\/wp\/v2\/product_tag?post=2246"}],"curies":[{"name":"wp","href":"https:\/\/api.w.org\/{rel}","templated":true}]}}