{"id":2245,"date":"2026-01-20T13:05:52","date_gmt":"2026-01-20T13:05:52","guid":{"rendered":"https:\/\/vigo-rio.com\/?post_type=product&#038;p=2245"},"modified":"2026-02-04T19:40:56","modified_gmt":"2026-02-04T19:40:56","slug":"fc-99-wings-of-the-spirit","status":"publish","type":"product","link":"https:\/\/vigo-rio.com\/en\/product\/fc-99-wings-of-the-spirit\/","title":{"rendered":"FC Fl\u00fcgel des Geistes \/ Wings of Spirit"},"content":{"rendered":"<p><strong>Kolzov-Platte: &#8222;Fl\u00fcgel des Geistes&#8220;\u00a0(f\u00fcr innere Harmonie, Selbsterkenntnis und Selbstvertrauen, st\u00e4rkt soziale Bindungen in Familie, Nachbarschaft und auf Arbeit, f\u00fcr Energetisierung von Lebensmitteln und beim Duschen, Unterst\u00fctzung h\u00f6herer M\u00e4chte)<\/strong><\/p>\n<p><em><strong>&#8211; neueste Version mit 8-Elementen (8 enthaltenen Energiespeicher-Chips)<\/strong><br \/>\n<\/em><\/p>\n<p><em>Die Platte tr\u00e4gt die russische Aufschrift \u041a\u0420\u042b\u041b\u042c\u042f \u0414\u0423\u0425\u0410\u00bb auf dem erg\u00e4nzenden Deckblatt: &#8222;WINGS OF THE SPIRIT&#8220;, &#8222;AILES DE LESPRIT&#8220;<\/em><\/p>\n<p>Die Platte beseitigt falsche Vorstellungen, hilft Schuldgef\u00fchle zu \u00fcberwinden und gibt Selbstvertrauen f\u00fcr den eigenen Weg der Selbstverwirklichung. Sie st\u00e4rkt soziale Beziehungen und die Verbindung in Familie, Nachbarschaft und auf Arbeit und verbessert die Harmonie in der Ehe und im gesamten sozialen Raum. Sie hilft dabei, angemessen zu kommunizieren und st\u00e4rkt jede Art von Kreativit\u00e4t. Die Platte ist hilfreich f\u00fcr Menschen, die Angst vor einer Beziehung haben oder die generell eine tiefe Beziehung suchen.<\/p>\n<p>Bei der Arbeit in Einrichtungen, in denen Kindern betreut oder Kranke und alte Menschen gepflegt werden, ist sie sehr hilfreich, da sie sowohl mit dem Anwender als auch mit dem Raum interagiert.<\/p>\n<p>Die Platte bildet einen Raum lebensspendender Energien, insbesondere in der K\u00fcche &#8211; diese Energien k\u00f6nnen sich auf das Essen und Trinken \u00fcbertragen und auf die ganze Familie n\u00e4hrend und heilend wirken.<\/p>\n<p><em>Die Aussagen beziehen sich auf alternative Testmethoden wie Meridianenergie-Messungen der Organfunktionskreisl\u00e4ufe nach TCM, Kirlian-Fotografie (EPG\/GDV-Kamera), Oberon, Amsat o.\u00e4. durch den Hersteller &#8222;Planet der Regionen&#8220; und stellen keine medizinische oder auf den physischen K\u00f6rper und dessen Organe bezogenen Aussage im Sinne der westlichen Schulmedizin dar.<br \/>\n<\/em><\/p>\n<p><strong>Die Platte ist in diesem Sinne vor allem geeignet f\u00fcr:<\/strong><\/p>\n<ul>\n<li>beseitigt falsche Vorstellungen \u00fcber sich selbst und das Leben im Allgemeinen, hilft Schuldgef\u00fchle zu \u00fcberwinden und Selbstvertrauen zu gewinnen und l\u00e4sst falsche Urteile, L\u00fcgen und negative Worte anderer Menschen abprallen,<\/li>\n<li>stellt die Selbstachtung wieder her und hilft, die verlorene Liebe zu sich selbst wiederzuentdecken, st\u00e4rkt das innere Gleichgewicht und die Harmonie mit sich selbst im Einklang mit der Welt,<\/li>\n<li>hilft, sich selbst auf einer tieferen Ebene besser zu verstehen, wodurch der Anwender auch andere Menschen besser verstehen kann,<\/li>\n<li>lindert Stress, erzeugt ein Gef\u00fchl der Freude und weckt den Sinn f\u00fcr Humor,<\/li>\n<li>f\u00f6rdert die F\u00e4higkeit des Anwenders, seine Gedanken h\u00f6flich und herzlich auszudr\u00fccken, auch wenn etwas Unangenehmes gesagt werden muss, st\u00e4rkt die Diplomatie und R\u00fccksichtnahme,<\/li>\n<li>st\u00e4rkt die sozialen Verbindungen und l\u00f6scht veraltete Muster im Handeln und Denken: festigt die Verbindung in der Familie, st\u00e4rkt bestehende Paargemeinschaften und bringt Leichtigkeit, Tiefe und emotionale Verbindung in die Beziehung, hilft beim Aufbau sozialer Verbindungen in Nachbarschaft und auf Arbeit &#8211; die Menschen beginnen, einander besser zu verstehen und zuzuh\u00f6ren, die Bewusstheit in der Interaktion wird erh\u00f6ht,<\/li>\n<li>bietet die Unterst\u00fctzung der H\u00f6heren M\u00e4chte mit F\u00fcrsorge und gro\u00dfer Liebe, st\u00e4rkt den inneren moralischen Kompass, unterst\u00fctzt die Manifestation wahrer Qualit\u00e4ten, hilft, sein Potential zu entfalten und hochschwingende Energien in die Welt zu tragen,<\/li>\n<li>st\u00e4rkt die m\u00e4nnlichen Eigenschaften von Tapferkeit und Selbstvertrauen und aktiviert in M\u00e4nnern ein Vaterschaftsgef\u00fchl und den Wunsch, sich um andere zu k\u00fcmmern, aber auch die Aufmerksamkeit f\u00fcr die Frage: welche Art der F\u00fcrsorge ist wirklich notwendig, gew\u00fcnscht und angemessen,<\/li>\n<li>st\u00e4rkt in Frauen die intuitive Verbindung zur Natur, zu Ritualen und den positiven Umgang mit Energien und Magie bis hin zu praktischen Kenntnissen \u00fcber den tieferen Nutzen von Kr\u00e4utern, Pilzen, Gew\u00fcrzen, \u00d6len etc., um die Gesundheit der Familie zu gew\u00e4hrleisten,<\/li>\n<li>hilft dabei, einen w\u00fcrdigen Partner f\u00fcr eine ernsthafte, tiefe Beziehung zu finden, erleichtert die Kommunikation und in der Kunst des unaufdringlichen Flirtens,<\/li>\n<li>erweckt sanft die Libido, Intimit\u00e4t wird zu einem gegenseitigen Heilungsprozess im Hinblick auf die Gesundheit von Seele und K\u00f6rper,<\/li>\n<li>hilft dabei, Verdr\u00e4ngtes aufzuarbeiten,<\/li>\n<li>l\u00f6scht parasit\u00e4re Energieverbindungen, die f\u00fcr Gef\u00fchlsausbr\u00fcche, Arroganz, Intoleranz und psychologische Manipulation gegen\u00fcber anderen Menschen verantwortlich sein k\u00f6nnen &#8211; verleiht so auf psycho-emotionaler Ebene ein Gef\u00fchl der Freiheit von schmerzhafter Last, die wie ein \u201eunsichtbares Gewicht\u201c oder \u201eFesseln\u201c auf einer Person lastete,<\/li>\n<li>vereint die spirituellen und materiellen Komponenten eines Menschen zu einem Ganzen und tr\u00e4gt dazu bei, sich selbst, andere Menschen und die Welt um den Anwender herum mit Liebe und F\u00fcrsorge zu f\u00fcllen,<\/li>\n<li>es stellt sich ein Kraftschub ein, eine Steigerung der Energie, eine Verbesserung der Stimmung, der Wunsch nach Aktivit\u00e4t erwacht, Freiheit und Leichtigkeit manifestieren sich,<\/li>\n<li>hilft dabei, sich mit der eigenen spirituellen Quelle zu verbinden und die Verbindung zu Vorfahren und den Wurzeln aller Familienlinien zu sp\u00fcren,<\/li>\n<li>stellt eine Verbindung zur kosmischen Quelle von Energie und Vitalit\u00e4t her, aus der man jederzeit sch\u00f6pfen kann,<\/li>\n<li>hat eine entgiftende Wirkung auf der K\u00f6rper- und Energiebene, am K\u00f6rper getragen reinigt die Platte jedes Chakra und alle Meridiane,<\/li>\n<li>tr\u00e4gt energetisch zur Verbesserung des Herz-Kreislauf-Systems bei, hat eine leichte lymphdrainierende Wirkung, harmonisiert das Urogenitalsystem bei Frauen und M\u00e4nnern,<\/li>\n<li>hilft bei psychischen Problemen im Zusammenhang mit Schwangerschaft und Geburt,<\/li>\n<li>kann auch im Schlaf angewendet werden, wirkt sanft und ohne die Nachtruhe zu st\u00f6ren,<\/li>\n<li>hilft bei Meditation oder Gebet in einen tieferen Zustand zu gelangen,<\/li>\n<li>st\u00e4rkt und belebt die Gebete einer Frau f\u00fcr ihren Sohn oder Ehemann, auch wenn diese weit von ihr entfernt sind,<\/li>\n<li>hilft, eine Verbindung mit dem Energiefeld der Erde herzustellen und f\u00fcr die weitere evolution\u00e4re Entwicklung im Austausch zu bleiben.<\/li>\n<\/ul>\n<p>Auf der Kolzov-Platte sind die Informationen des Wassers von einem heiligen Zeremonienort auf der Halbinsel Yucatan (Mexiko) am Golf von Mexiko gespeichert. An diesem Ort heiligen Ort Cisnes besteht eine Verbindung zum Schutzgeist des gesamten Golfs von Mexiko.<\/p>\n<p>TIPP 1: Die Energien der Platte sind sanft &#8211; wie ein dichter, transparenter Nebel umh\u00fcllen sie den Anwender und durchstr\u00f6men ihn als weichen Fluss. Die Platte ist mit allen anderen Platten kompatibel.<\/p>\n<p>Sie k\u00f6nnen sich auf die Platte setzen (sie unter das Stei\u00dfbein platzieren), ein Glas damit informiertes Wasser trinken und die Reaktionen des K\u00f6rpers und Ihrer Emotionen beobachten. Dabei k\u00f6nnen pl\u00f6tzliche Stimmungsschwankungen auftreten, ein Gef\u00fchl eines leichten Flie\u00dfens, Schwankens, der Schl\u00e4frigkeit oder es kann ein innerer Monolog mit seinen Beschwerden gef\u00fchrt werden, um Ursachen der Probleme aufzudecken.<\/p>\n<p>TIPP 2: F\u00fcr einen besseren Schlaf kann die Platte in der N\u00e4he der Schlafzone platziert werden und zusammen mit der Platte &#8222;Portal der Tr\u00e4ume&#8220; verwendet werden: die Tr\u00e4ume k\u00f6nnen dadurch lebendiger und bedeutungsvoller werden, es entsteht ein Gef\u00fchl vollkommener, hochwertiger Ruhe sowie k\u00f6rperlicher und psycho-emotionaler Leichtigkeit.<\/p>\n<p>TIPP 3: Mit der Platte k\u00f6nnen sehr gut Speisen energetisiert werden, auch Fertiggerichte k\u00f6nnen so wieder mit hochwertiger Energie verbessert werden. Legen Sie die Platte beispielsweise unter den Teller, unter eine Sch\u00fcssel mit Lebensmitteln, in eine Schublade mit Gew\u00fcrzen (generell k\u00f6nnen wasserhaltige Lebensmittel besser energetisiert werden als trockene wie M\u00fcsli). Sie k\u00f6nnen die Platte w\u00e4hrend des Kochens auch selbst in der Tasche bei sich tragen und dann Ihrer Intuition vertrauen, mit welchen Zutaten das Essen noch besser wird.<\/p>\n<p>TIPP 4: F\u00fcr die Aktivierung der Ahnenarbeit, informieren Sie Wasser auf der Platte und gie\u00dfen es dann im Gedenken an die Vorfahren in der N\u00e4he eines Baumes oder einer anderen Pflanze aus.<\/p>\n<p>TIPP 5: Duschen Sie mindestens alle zwei Wochen mit der Platte (die Platte am Duschschlauch oder an der Mischbatterie mit einem Klettband befestigen &#8211; das vorbeistr\u00f6mende Waser wird sofort energetisiert). So wird jede Zelle energetisch &#8222;gewaschen&#8220; und gereinigt, was sich nach und nach positiv auf die Gesundheit von K\u00f6rper und Seele auswirkt.<\/p>\n<p>TIPP 6: F\u00fcr die St\u00e4rkung der Harmonie in der Familie ist es wichtig, dass beide Partner das informierte Wasser trinken.<\/p>\n<p>ZuR BEACHTUNG: Bei dieser Platte sollte das Wasser zum Energetisieren mindestens 20 Minuten lang darauf gestellt werden.<\/p>\n<p><strong><em>Wichtiger Hinweis:<br \/>\nWir weisen ausdr\u00fccklich darauf hin, dass die Kolzov-Platte (russische Bezeichnung: &#8222;Korrektoren des funktionalen Zustands&#8220;) ein alternatives Energie- und Informationsprodukt ist und kein Heilmittel im Sinne der westlichen Schulmedizin. Vielmehr ist es ein rein energetisches Hilfsmittel zur ganzheitlichen Balancierung von energetischen Disharmonien und Blockaden. Informationen \u00fcber Qualit\u00e4t und Eigenschaften des Energieobjekts beziehen sich auf Aussagen des russischen Herstellers und alternativen Theorien zu Mensch und Umwelt, auf alternative Anschauungen und esoterische \u00dcberlieferungen oder Aussagen. Sie gelten nur im Sinne der esoterischen Lebensphilosophie und daran angelehnte Alternativheilkunde. Wirkungen im Sinne westlicher Wissenschaft oder Medizin werden hier nicht behauptet.<\/em><\/strong><\/p>","protected":false},"excerpt":{"rendered":"<p>ist ein Spezialist f\u00fcr das Zwischenmenschliche. Sie l\u00f6st Schuldgef\u00fchle und falsche Selbstbilder auf, um den Weg f\u00fcr echte Selbstverwirklichung und Diplomatie frei zu machen. Sie festigt Bindungen in der Familie, Ehe und am Arbeitsplatz und hilft Singles, einen w\u00fcrdigen Partner f\u00fcr tiefe Beziehungen zu finden. Einzigartig ist ihre Wirkung im Haushalt: Sie energetisiert Lebensmittel (insb. in der K\u00fcche) und verwandelt das Duschen in ein reinigendes Ritual f\u00fcr jede Zelle.<\/p>","protected":false},"featured_media":2350,"comment_status":"open","ping_status":"closed","template":"","meta":[],"product_brand":[],"product_cat":[33],"product_tag":[167],"class_list":{"0":"post-2245","1":"product","2":"type-product","3":"status-publish","4":"has-post-thumbnail","6":"product_cat-elite-series","7":"product_tag-167","9":"first","10":"instock","11":"taxable","12":"shipping-taxable","13":"purchasable","14":"product-type-simple"},"_links":{"self":[{"href":"https:\/\/vigo-rio.com\/en\/wp-json\/wp\/v2\/product\/2245","targetHints":{"allow":["GET"]}}],"collection":[{"href":"https:\/\/vigo-rio.com\/en\/wp-json\/wp\/v2\/product"}],"about":[{"href":"https:\/\/vigo-rio.com\/en\/wp-json\/wp\/v2\/types\/product"}],"replies":[{"embeddable":true,"href":"https:\/\/vigo-rio.com\/en\/wp-json\/wp\/v2\/comments?post=2245"}],"wp:featuredmedia":[{"embeddable":true,"href":"https:\/\/vigo-rio.com\/en\/wp-json\/wp\/v2\/media\/2350"}],"wp:attachment":[{"href":"https:\/\/vigo-rio.com\/en\/wp-json\/wp\/v2\/media?parent=2245"}],"wp:term":[{"taxonomy":"product_brand","embeddable":true,"href":"https:\/\/vigo-rio.com\/en\/wp-json\/wp\/v2\/product_brand?post=2245"},{"taxonomy":"product_cat","embeddable":true,"href":"https:\/\/vigo-rio.com\/en\/wp-json\/wp\/v2\/product_cat?post=2245"},{"taxonomy":"product_tag","embeddable":true,"href":"https:\/\/vigo-rio.com\/en\/wp-json\/wp\/v2\/product_tag?post=2245"}],"curies":[{"name":"wp","href":"https:\/\/api.w.org\/{rel}","templated":true}]}}