{"id":2244,"date":"2026-01-20T13:05:12","date_gmt":"2026-01-20T13:05:12","guid":{"rendered":"https:\/\/vigo-rio.com\/?post_type=product&#038;p=2244"},"modified":"2026-04-15T12:32:43","modified_gmt":"2026-04-15T12:32:43","slug":"fc-98-the-highest-sphere","status":"publish","type":"product","link":"https:\/\/vigo-rio.com\/en\/product\/fc-98-the-highest-sphere\/","title":{"rendered":"FC Die H\u00f6chste Sph\u00e4re \/ The Higher Sphere"},"content":{"rendered":"<p><strong>Kolzov-Platte: &#8222;H\u00f6chste Sph\u00e4re&#8220;\u00a0(Aura-Schutz, wandelt niedrige Energien im K\u00f6rper in hohe Lichtenergien, heilt durch die Energie der Liebe, sch\u00fctz vor Beeinflussung)<\/strong><\/p>\n<p><strong><em>bei paarweiser Anwendung am besten mit der Platte &#8222;Ruf des Kukulkan&#8220;)<\/em><\/strong><\/p>\n<p><strong><em>&#8211; neueste Version mit 8-Elementen (8 enthaltenen Energiespeicher-Chips)<\/em><\/strong><\/p>\n<p><em>Die Platte tr\u00e4gt die russische Aufschrift &#8220; \u0412\u042b\u0421\u0428\u0410\u042f \u0421\u0424\u0415\u0420\u0410&#8220; und auf dem erg\u00e4nzenden Deckblatt: &#8222;HIGHER SPHERE&#8220;, &#8222;SPH\u00c9RE SUP\u00c9RIEURE&#8220;, &#8222;DIE H\u00d6CHSTE SPH\u00c4RE&#8220;<\/em><\/p>\n<p>Diese Platte ist wirklich notwendig f\u00fcr alle Menschen, betont Kolzov. Diese Platte wirkt wie ein Notfallmittel, daher sollte jeder sie immer bei sich haben. Sie stellt die Energiestruktur einer Person in 3 Tagen wieder her, ersetzt niedrigschwingende Energien durch hochschwingende und umh\u00fcllt den Anwender mit einem energetischen Schutzkokon, einem zus\u00e4tzlichen Aura-Schutz.<\/p>\n<p>Sie hilft Kindern jeden Alters, sich zu entwickeln und auf die umgebenden Energien einzustimmen und korrigiert aufkommende Ungleichgewichte. Jugendliche unterst\u00fctzt sie dabei, ihr Potenzial und ihre Talente freizusetzen.<\/p>\n<p>Sie hilft, sich aus aufgezwungenen Standards und gesellschaftlichen Druck zu befreien &#8211; auch als Eltern. Und bei Menschen, die sich leicht &#8222;selbst verlieren\u201c, indem sie sich von jemandem oder etwas mitrei\u00dfen lassen, st\u00e4rkt sie die F\u00e4higkeit, wieder auf das eigene Herz und den Verstand zu h\u00f6ren.<\/p>\n<p>Die Platte vermittelt zudem viel Energie, eine positive, optimistische Stimmung und Klarheit des Geistes und Denkens. Und sie schafft ein positives Umfeld f\u00fcr das \u00dcberleben in schwierigen Phasen &#8211; so ist die Platte auch zum Beispiel ein wertvoller Helfer im Krankenwagen und in der Notaufnahme.<\/p>\n<p><em>Die Aussagen beziehen sich auf alternative Testmethoden wie Meridianenergie-Messungen der Organfunktionskreisl\u00e4ufe nach TCM, Kirlian-Fotografie (EPG\/GDV-Kamera), Oberon, Amsat o.\u00e4. durch den Hersteller &#8222;Planet der Regionen&#8220; und stellen keine medizinische oder auf den physischen K\u00f6rper und dessen Organe bezogenen Aussage im Sinne der westlichen Schulmedizin dar.<br \/>\n<\/em><\/p>\n<p><strong>Die Platte ist in diesem Sinne vor allem geeignet f\u00fcr:<\/strong><\/p>\n<ul>\n<li>schaltet den internen \u201eEnergiegenerator\u201c mit voller Leistung ein und gibt dem Anwender das Gef\u00fchl, als w\u00fcrde sich eine pers\u00f6nliche Sonne in ihm drehen: f\u00fcllt dabei schnell alle Energiestrukturen des Anwenders und ersetzt niedrig schwingende Energien durch hohe Lichtenergien,<\/li>\n<li>schafft eine positive, optimistische Stimmung, sorgt f\u00fcr einen Kraft- und Energieschub und regt die k\u00f6rperliche Aktivit\u00e4t an,<\/li>\n<li>sorgt f\u00fcr Klarheit des Geistes und Denkens, beschleunigt Denkprozesse und Reaktionsf\u00e4higkeit, erm\u00f6glicht dem Benutzer, sich leichter an ver\u00e4nderte Umst\u00e4nde anzupassen und Hindernisse zu \u00fcberwinden &#8211; bis hin zur sofortigen \u00c4nderung der bisher eingeschlagenen Route zum Erreichen eines Ziels,<\/li>\n<li>befreit von negativen Gedanken, lindert Traurigkeit, Apathie und allgemeine, grundlose M\u00fcdigkeit, vertreibt das Gef\u00fchl der Gleichg\u00fcltigkeit gegen\u00fcber dem, was passiert,<\/li>\n<li>umh\u00fcllt den Anwender mit einer zus\u00e4tzlichen Aura-Schutzh\u00fclle, einem energetischen Schutzkokon und vermittelt ein Gef\u00fchl der Unverwundbarkeit und inneren St\u00e4rke, da ihn seine eigene Energie nicht mehr verl\u00e4sst,<\/li>\n<li>erm\u00f6glicht dem Anwender, sich mit den drei nat\u00fcrlichen Kr\u00e4ften der Welten Yav, Slav, Prav (materielle und immaterielle Welt und deren Ordnungskr\u00e4fte) zu verbinden,<\/li>\n<li>\u00f6ffnet die oberen Chakras vom 4. bis zum 8.Chakra und reinigt die unteren Chakras vom 1. bis zum 3.Chakra,<\/li>\n<li>\u00f6ffnet Herz und Seele, erweckt die spirituelle Natur, hilft dem Anwender, sich in allen Lebensbereichen durch einen Zustand der Heilung und heilenden Liebe zu entwickeln,<\/li>\n<li>st\u00e4rkt Entschlossenheit und Zielstrebigkeit, hilft dabei seine Ziele zu erreichen, indem die eigene Energie gesteigert, akkumuliert und bewahrt wird,<\/li>\n<li>hilft sich selbst besser zu verstehen, sch\u00fctzt vor dem autorit\u00e4ren Einfluss der Meinungen anderer,<\/li>\n<li>verbessert den Ablauf von Ereignisfl\u00fcssen und ver\u00e4ndert den Raum um den Benutzer herum zum Besseren (mitunter kann es scheinen, dass es sogar schlechter wird, aber in Wirklichkeit werden ineffiziente Ereignisse mit unangenehmen Emotionen beseitigt und g\u00fcnstigere Bedingungen angezogen),<\/li>\n<li>besch\u00fctzt Verliebte, hilft Unverheirateten einen Partner zu erobern und f\u00f6rdert die Wiedervereinigung liebender Herzen,<\/li>\n<li>besch\u00fctzt verheiratete Paare und st\u00e4rkt famili\u00e4re Bindungen, \u201eh\u00f6rt\u201c W\u00fcnsche nach Familiengl\u00fcck und Harmonie und reagiert auf sie, sorgt f\u00fcr den Wohlstand im Haus,<\/li>\n<li>schafft energetisch g\u00fcnstige Bedingungen f\u00fcr Eltern bei der Kindererziehung und steigert das Potenzial positiver geistiger Energie in der Familie und beseitigt Wirkungen von negativen Mustern und emotionalen Traumata in der Familiengeschichte,<\/li>\n<li>deaktiviert Schuldgef\u00fchle aufgrund von aufgezwungenen Programmen und erm\u00f6glicht so ein Selbst-Bewusstsein in neuer Qualit\u00e4t,<\/li>\n<li>f\u00f6rdert die tiefe Aufarbeitung verschiedener negativer Emotionen, Gedanken, alten Einstellungen, energetischer und k\u00f6rperlicher Blockaden, stimmt auf einen Zustand der Liebe auf spiritueller Ebene ein und f\u00f6rdert den Weg der Heilung von K\u00f6rper und Geist durch Liebe,<\/li>\n<li>hilft dabei, Talente zu entdecken und zu entwickeln, enth\u00fcllt verborgenes inneres Potenzial,<\/li>\n<li>f\u00f6rdert die harmonische Interaktion und den Energieaustausch zwischen allen Lebewesen im Universum,<\/li>\n<li>auf Ebene der K\u00f6rperenergien hilft die Platte den Organen, in einen idealen Funktionszustand zur\u00fcckzukehren, und unterst\u00fctzt den Organismus bei chronischen Erkrankungen das gr\u00f6\u00dftm\u00f6gliche Gleichgewicht aufrechtzuerhalten,<\/li>\n<li>wirkt sanft auf die untere Wirbels\u00e4ule, f\u00f6rdert lokal die Muskelentspannung, korrigiert die K\u00f6rperhaltung und richtet sie auf,<\/li>\n<li>verbessert die Durchblutung und hilft, den Blutdruck zu normalisieren,<\/li>\n<li>entspannt und l\u00f6st Verspannungen in den Gesichtsmuskeln, insbesondere im Augenbereich,<\/li>\n<li>beschleunigt den Fortschritt und beseitigt Blockaden beim Durchgang der Kundalini-Energie durch die Chakras,<\/li>\n<li>hilft im Haushalt \u201eungebetene G\u00e4ste\u201c wie M\u00e4use usw. loszuwerden, sch\u00fctzt Ernten und Pflanzungen vor Sch\u00e4dlingen und tr\u00e4gt so zur Ertragssteigerung bei.<\/li>\n<\/ul>\n<p>Auf der Platte sind die hohen Energien des Energieportals vom 14.02.2024 der &#8222;St. Tryphon-Energie&#8220; gespeichert. Die Energiequalit\u00e4t des Tages wurde mit der Geschichte eines Heiligen verbunden: Dies ist der Tag des heiligen St. Tryphon, der aufgrund seines starken Glaubens mit der Gnade begabt war, alle m\u00f6glichen Krankheiten zu heilen und D\u00e4monen austreiben zu k\u00f6nnen. Seit dem 12. Jahrhundert wird an diesem Tag der Tryphon-Segen gegen b\u00f6se Geister und sch\u00e4dliche Insekten gespendet. St. Tryphon gilt auch als Patron der G\u00e4rtner und Winzer.<\/p>\n<p>TIPP 1: Die Platte &#8222;H\u00f6chste Sph\u00e4re&#8220; bildet ein ph\u00e4nomenales Tandem mit der Platte &#8222;Ruf des Kukulkan&#8220;, welche sowohl energetischen Schutz als auch Energieaktivierung bieten. Dieses Tandem zielt darauf ab, g\u00fcnstige Bedingungen f\u00fcr das \u00dcberleben des Benutzers in komplexen modernen Realit\u00e4ten zu schaffen.<\/p>\n<p>Die Platte ist mit allen zuvor ver\u00f6ffentlichten Platten kombinierbar. Zusammen mit der Platte \u201eBesch\u00fctzer der Welt&#8220; angewendet hilft die Platte, innere Ressourcen und Energie zu schonen und der Anwender wird vor negativen Einfl\u00fcssen aus dem Weltraum und Energieangriffen jeglicher Art gesch\u00fctzt.<\/p>\n<p>Zusammen mit dem der Platte &#8222;L\u00e4cheln der Sonne&#8220; schafft die Platte eine solare Sph\u00e4re der Liebe, Inspiration und einen Zustand des Flie\u00dfens. Dies kann mit einer einstellung von Dankbarkeit unterst\u00fctzt werden.<\/p>\n<p>TIPP 2: Die Platte hat eine sanfte, pulsierende Energie und aktiviert sofort das 4. und 6. Chakra (Herz- und Stirn-Chakra), danach f\u00fcllt sie alle unteren Chakras mit einem kr\u00e4ftigen Energiefluss und steigt dann auf zu den Chakras 7, 8 und 9. Die Energie offenbart sich nach und nach, wobei jedes Mal ihre F\u00e4higkeiten erweitert und vertieft werden. Es ist, als w\u00fcrde sie Schichten abstreifen und neue Ebenen des Verst\u00e4ndnisses offenbaren.<\/p>\n<p>Menschen, die bereits \u00fcber einen l\u00e4ngeren Zeitraum eine Energieschw\u00e4che und einen Abfluss von Energie versp\u00fcrt haben, k\u00f6nnen bei der ersten Anwendung der Platte ein Unbehagen f\u00fchlen, so als w\u00fcrde die Energie von innen heraus \u00fcberflie\u00dfen. Das liegt daran, dass die Aura dieser Menschen gest\u00f6rt sein kann &#8211; die Platte beseitigt diese St\u00f6rungen und es kann es zu einem Gef\u00fchl der &#8222;\u00dcberf\u00fcllung&#8220; kommen, weil man nicht daran gew\u00f6hnt ist, seinen Energie-Kokon vollst\u00e4ndig zu f\u00fchlen.<\/p>\n<p>TIPP 3: Die Platte reinigt die Energiekan\u00e4le, die Meridiane, l\u00f6st Blockaden an den Akupunkturpunkten der Organe, was zu einer kurzfristigen leichten Schmerzwirkung in den H\u00e4nden f\u00fchren kann.<\/p>\n<p>Die Platte kann sehr gut f\u00fcr Massagen verwendet werden, insbesondere wenn Verspannungen oder Blockaden gel\u00f6st werden sollen: man kann das Massage\u00f6l informieren, der Patient sollte zuvor ein Glas damit informiertes Wasser trinken und w\u00e4hrend einer Massagebehandlung kann die Platte auf einen Massageliege gelegt oder an der Hand des Masseurs befestigt werden.<\/p>\n<p>Tragen Sie daheim ein auf der Platte informiertes \u00d6l auf die Stellen und Organe auf, an denen Sie Schmerzen versp\u00fcren.<\/p>\n<p>Die Platte sollte vor dem Schlafengehen nur bis zirka 20 Uhr verwendet werden, da die starke Energie zu einem unruhigen Schlaf f\u00fchren k\u00f6nnte. Sie k\u00f6nnen, aber mit der Plate in der Hand vor dem Schlaf bitte, dass Ihnen im Traum eine bestimmte Frage beantwortet wird.<\/p>\n<p>TIPP 4: Sie k\u00f6nnen die Platte morgens verwenden, um schnell aufzuwachen und neue Energie zu tanken, sowie in Momenten des Tages, in denen die innere Energie fehlt.<\/p>\n<p>TIPP 6: Diese Platte wirkt wie ein Notfallmittel, daher sollte jeder sie immer bei sich haben. Helfer im Krankenwagen und in der Notaufnahme sollten alle die Platte bei sich tragen!<\/p>\n<p>ZUR BEACHTUNG: Bei dieser Platte sollte das Wasser zum Energetisieren mindestens 30 Minuten lang darauf gestellt werden.<\/p>\n<p><strong><em>Wichtiger Hinweis:<br \/>\nWir weisen ausdr\u00fccklich darauf hin, dass die Kolzov-Platte (russische Bezeichnung: &#8222;Korrektoren des funktionalen Zustands&#8220;) ein alternatives Energie- und Informationsprodukt ist und kein Heilmittel im Sinne der westlichen Schulmedizin. Vielmehr ist es ein rein energetisches Hilfsmittel zur ganzheitlichen Balancierung von energetischen Disharmonien und Blockaden. Informationen \u00fcber Qualit\u00e4t und Eigenschaften des Energieobjekts beziehen sich auf Aussagen des russischen Herstellers und alternativen Theorien zu Mensch und Umwelt, auf alternative Anschauungen und esoterische \u00dcberlieferungen oder Aussagen. Sie gelten nur im Sinne der esoterischen Lebensphilosophie und daran angelehnte Alternativheilkunde. Wirkungen im Sinne westlicher Wissenschaft oder Medizin werden hier nicht behauptet.<\/em><\/strong><\/p>","protected":false},"excerpt":{"rendered":"<p>wird von Kolzov als unverzichtbares \u201eNotfallmittel\u201c beschrieben, das innerhalb von nur drei Tagen die Energiestruktur komplett regeneriert. Sie schaltet einen internen \u201eEnergiegenerator\u201c ein, der niedrige Schwingungen (Trauer, Apathie, M\u00fcdigkeit) in hohe Lichtenergien umwandelt. Ein Schutzkokon bewahrt den Anwender vor Energieverlust und fremder Beeinflussung. Sie heilt durch die Frequenz der Liebe, st\u00e4rkt die Entschlossenheit und hilft Jugendlichen, ihr volles Potenzial freizusetzen.<\/p>","protected":false},"featured_media":2343,"comment_status":"open","ping_status":"closed","template":"","meta":[],"product_brand":[],"product_cat":[33],"product_tag":[199],"class_list":{"0":"post-2244","1":"product","2":"type-product","3":"status-publish","4":"has-post-thumbnail","6":"product_cat-elite-series","7":"product_tag-199","9":"first","10":"instock","11":"taxable","12":"shipping-taxable","13":"purchasable","14":"product-type-simple"},"_links":{"self":[{"href":"https:\/\/vigo-rio.com\/en\/wp-json\/wp\/v2\/product\/2244","targetHints":{"allow":["GET"]}}],"collection":[{"href":"https:\/\/vigo-rio.com\/en\/wp-json\/wp\/v2\/product"}],"about":[{"href":"https:\/\/vigo-rio.com\/en\/wp-json\/wp\/v2\/types\/product"}],"replies":[{"embeddable":true,"href":"https:\/\/vigo-rio.com\/en\/wp-json\/wp\/v2\/comments?post=2244"}],"wp:featuredmedia":[{"embeddable":true,"href":"https:\/\/vigo-rio.com\/en\/wp-json\/wp\/v2\/media\/2343"}],"wp:attachment":[{"href":"https:\/\/vigo-rio.com\/en\/wp-json\/wp\/v2\/media?parent=2244"}],"wp:term":[{"taxonomy":"product_brand","embeddable":true,"href":"https:\/\/vigo-rio.com\/en\/wp-json\/wp\/v2\/product_brand?post=2244"},{"taxonomy":"product_cat","embeddable":true,"href":"https:\/\/vigo-rio.com\/en\/wp-json\/wp\/v2\/product_cat?post=2244"},{"taxonomy":"product_tag","embeddable":true,"href":"https:\/\/vigo-rio.com\/en\/wp-json\/wp\/v2\/product_tag?post=2244"}],"curies":[{"name":"wp","href":"https:\/\/api.w.org\/{rel}","templated":true}]}}