{"id":2243,"date":"2026-01-20T13:04:43","date_gmt":"2026-01-20T13:04:43","guid":{"rendered":"https:\/\/vigo-rio.com\/?post_type=product&#038;p=2243"},"modified":"2026-03-25T17:13:31","modified_gmt":"2026-03-25T17:13:31","slug":"fc-97-the-call-of-kukulkan","status":"publish","type":"product","link":"https:\/\/vigo-rio.com\/en\/product\/fc-97-the-call-of-kukulkan\/","title":{"rendered":"FC Der Ruf des Kukulkan \/ The Call of Kukulkan"},"content":{"rendered":"<p><strong>Kolzov-Platte: &#8222;Ruf des Kukulkan&#8220;\u00a0(reinigt Aura und Chakras, l\u00f6scht destruktive Programme, reinigt das Unterbewusstsein, energetisiert und schafft ein positives Umfeld in unruhigen Zeiten)<br \/>\n<\/strong><\/p>\n<p><strong><em>(bei paarweiser Anwendung am besten mit der Platte &#8222;H\u00f6chste Sph\u00e4re&#8220;)<\/em><br \/>\n<\/strong><\/p>\n<p><strong><em>&#8211; neueste Version mit 8-Elementen (8 enthaltenen Energiespeicher-Chips)<\/em><br \/>\n<\/strong><\/p>\n<p><em>Die Platte tr\u00e4gt die russische Aufschrift &#8222;\u0417\u041e\u0412 \u041a\u0423\u041a\u0423\u041b\u042c\u041a\u0410\u041d\u0410&#8220; und auf dem erg\u00e4nzenden Deckblatt: &#8222;CALL OF KUKULKAN&#8220;, &#8222;APPEL DE KUKULCAN&#8220;, &#8222;DER RUF DES KUKULKAN&#8220;<\/em><\/p>\n<p>Die Platte vermittelt eine sehr m\u00e4chtige, starke, uralte, ewige Energie und ist f\u00fcr jeden Menschen wichtig. Sie hilft dabei, g\u00fcnstige Umfeldbedingungen f\u00fcr das Leben des Anwenders in komplexen und chaotischen Realit\u00e4ten zu schaffen. Sie st\u00e4rkt den Glauben an sich selbst und das Vertrauen an die Weisheit seines Herzens. Die Platte reinigt von energetischen und geistigen Verschmutzungen, l\u00f6scht emotionale Schmerzen und verbindet den Anwender mit den Energien h\u00f6herer Lichtwelten.<\/p>\n<p><em>Die Aussagen beziehen sich auf alternative Testmethoden wie Meridianenergie-Messungen der Organfunktionskreisl\u00e4ufe nach TCM, Kirlian-Fotografie (EPG\/GDV-Kamera), Oberon, Amsat o.\u00e4. durch den Hersteller &#8222;Planet der Regionen&#8220; und stellen keine medizinische oder auf den physischen K\u00f6rper und dessen Organe bezogenen Aussage im Sinne der westlichen Schulmedizin dar.<\/em><\/p>\n<p><strong>Die Platte ist in diesem Sinne vor allem geeignet f\u00fcr:<\/strong><\/p>\n<ul>\n<li>Zielt darauf ab, den Anwender von negativen Energien und geistigem \u201eSchmutz\u201c zu reinigen,<\/li>\n<li>l\u00f6scht destruktive innere Programme zur\u00fcck, mit denen man selbst seine eigene Seele, ihre Manifestationen und seine Seelenaufgabe unterdr\u00fcckt,<\/li>\n<li>zielt auf eine gr\u00fcndliche Reinigung aller Chakras des Anwenders ab. Dadurch \u00f6ffnet sich jedes Chakra, wird leistungsf\u00e4higer und ist schneller mit Energie gef\u00fcllt,<\/li>\n<li>verbindet die Seele des Anwenders mit den Energien der h\u00f6heren Lichtwelten, aus denen sie inkarniert wurde, um ein tiefes Verst\u00e4ndnis der wahren Ziele des Lebens und des friedlichen Miteinanders zu erlangen,<\/li>\n<li>erm\u00f6glicht der Seele, in der aktuellen Inkarnation sich frei zu entfalten, frei zu \u00e4u\u00dfern und auszudr\u00fccken und in einem Zustand der Freude und des Friedens zu leben. Wenn sich der menschliche Geist aufrichtet und in die h\u00f6heren Sph\u00e4ren des Universums eilt, hilft die Platte dabei, die Verbindung des Benutzers mit dem H\u00f6heren Bewusstsein herzustellen,<\/li>\n<li>arbeitet mit dem Unterbewusstsein, um in einem energetisch freieren Zustand leben zu k\u00f6nnen: aktiviert Erinnerungen aus der Vergangenheit, l\u00e4sst sie ohne negative Emotionen Revue passieren, um sie endg\u00fcltig loslassen, vergeben und akzeptieren zu k\u00f6nnen,<\/li>\n<li>hilft dabei, den Unterschied zu erkennen zwischen wahren Werten und solchen, die von der Gesellschaft zum Zweck der Machterhaltung und -kontrolle und Schaffung hierarchischer Beziehungen auferlegt werden,<\/li>\n<li>l\u00f6st unterdr\u00fcckten emotionalen Schmerz und tiefe Untergangsgef\u00fchle, deaktiviert die Sehnsucht nach Verstorbenen und geistiger Verw\u00fcstung,<\/li>\n<li>hilft bei der Beseitigung negativer Ahnenprogramme und deaktiviert negative Energiebindungen &#8211; auch solche aus der Vergangenheit -, reinigt das Energiefeld von induzierten Programmen &#8211; einschlie\u00dflich solche aus magischen und stammesm\u00e4\u00dfigen Verwicklungen &#8211; , und sch\u00fctzt vor Verleumdung durch Neider,<\/li>\n<li>bei der Partnerwahl reinigt die Platte den Geist von destruktiven Mustern, sch\u00e4dlichen Verhaltensmustern,<\/li>\n<li>auf der unterbewussten Ebene verhindert die Platte, dass man selbst auch ungewollt Verleumdungen in Worten, Gedanken, Taten und Handlungen vollzieht, sie hilft dabei, ein positives, moralisches Leben zu f\u00fchren, um eine Verbindung mit der spirituellen Welt aufrechtzuerhalten und die eigene Seele zu sp\u00fcren, und sie hilft, ganz im Vertrauen auf die h\u00f6heren M\u00e4chte und in seinen eigenen h\u00f6chsten spirituellen Aspekten zu leben,<\/li>\n<li>die Platte hilft nicht nur, das Bewusstsein des Anwenders zum Besseren zu ver\u00e4ndern sondern beeinflusst auch das Bewusstsein der gesamten Menschheit positiv.<\/li>\n<\/ul>\n<p>Auf der Platte sind die Informationen vom Kraftplatz der zentralen Pyramide von Chich\u00e9n Itz\u00e1 (Halbinsel Yucatan, Mexiko), der Pyramide des Kukulc\u00e1n gespeichert. Kukulc\u00e1n ist bei den Maya die &#8222;gefiederte Schlange&#8220; Quetzalcoatl, ein Gott der Auferstehung und der Reinkarnation und Gott der vier Elemente (Wasser, Erde, Feuer, Luft).<\/p>\n<p>Die Pyramide ist durch ein ungew\u00f6hnliches Lichtspiel zu den Tagundnachtgleichen bekannt: Bei Sonnenuntergang f\u00e4llt der Schatten der gezackten Kante auf die Seite der hervorstehenden Treppe. Dieser wellenf\u00f6rmige Schatten sieht wie eine Schlange aus, welche nur an diesem Tag die Pyramide herunter bzw. hoch kriecht. Und wenn man sich genau vor die Treppe an der Nordflanke der Pyramide stellt und in die H\u00e4nde klatscht, wird zudem ein Echo erzeugt, das genauso klingt wie der Ruf des Quetzal, des heiligen Vogels der Maya!<\/p>\n<p>Hinzugef\u00fcgt wurden noch die Informationen des kosmo-energetischen Maya-Kanals &#8222;Yaklel&#8220; (der auch in der Platte Nr.23 der Serie Gold &#8222;Kontrolle und Schutz der Energie-Verbindungen\/Anti-Energievampire&#8220; enthalten ist).<\/p>\n<p>TIPP 1: Die Platte &#8222;Der Ruf des Kukulkan&#8220; bildet ein erstaunliches Tandem mit der Platte &#8222;H\u00f6chste Sph\u00e4re&#8220;, welche sowohl energetischen Schutz als auch Energieaktivierung bieten. Dieses Tandem zielt darauf ab, g\u00fcnstige Bedingungen f\u00fcr das \u00dcberleben des Anwenders in komplexen modernen Realit\u00e4ten zu schaffen.<\/p>\n<p>Die Platte kann allein und mit allen anderen zuvor erschienenen Platten verwendet werden und es k\u00f6nnen andere spezielle Tandems f\u00fcr verschiedene Lebensbereiche gebildet werden, etwa f\u00fcr die Aktivierung, Reinigung und Harmonisierung.<\/p>\n<p>TIPP 2: Die Platte sollte wegen der starken Energien nicht nachts verwendet werden, da der Schlaf unruhig werden k\u00f6nnte. Es wird empfohlen, das Durchstr\u00f6men mit einer zweiten Platte besser vor 18:00 Uhr durchzuf\u00fchren.<\/p>\n<p>TIPP 3: Die Platte ist ideal zum Meditieren: legen Sie die Platte auf das Herz-Chakra. Verwenden Sie die Platte bei Gebeten und W\u00fcnschen ausschlie\u00dflich f\u00fcr friedliche Ziele und vermeiden Sie das Wort \u201eKampf\u201c, vergessen Sie Meinungsverschiedenheiten in Ihrem Inneren und versetzen Sie sich in einen Zustand der Liebe, des Friedens und der Harmonie. Halten Sie diesen Zustand so lange wie m\u00f6glich aufrecht &#8211; die Schwingung wird sich auf Ihr Umfeld und sogar auf das Energie-Informationsfeld der Erde \u00fcbertragen: Je mehr Menschen diesen Zustand erreichen, desto schneller wird eine gl\u00fcckliche Zeit auf der Erde kommen.<\/p>\n<p>TIPP 4: Die Platte hilft Blockaden und Muskelverspannungen zu l\u00f6sen (insbesondere im Nackenbereich) und ist daher auch f\u00fcr Massagetherapeuten und K\u00f6rpertherapeuten sehr n\u00fctzlich.<\/p>\n<p>ZUR BEACHTUNG: Bei dieser Platte sollte das Wasser zum Energetisieren mindestens 30 Minuten lang darauf gestellt werden.<\/p>\n<p><strong><em>Wichtiger Hinweis:<br \/>\nWir weisen ausdr\u00fccklich darauf hin, dass die Kolzov-Platte (russische Bezeichnung: &#8222;Korrektoren des funktionalen Zustands&#8220;) ein alternatives Energie- und Informationsprodukt ist und kein Heilmittel im Sinne der westlichen Schulmedizin. Vielmehr ist es ein rein energetisches Hilfsmittel zur ganzheitlichen Balancierung von energetischen Disharmonien und Blockaden. Informationen \u00fcber Qualit\u00e4t und Eigenschaften des Energieobjekts beziehen sich auf Aussagen des russischen Herstellers und alternativen Theorien zu Mensch und Umwelt, auf alternative Anschauungen und esoterische \u00dcberlieferungen oder Aussagen. Sie gelten nur im Sinne der esoterischen Lebensphilosophie und daran angelehnte Alternativheilkunde. Wirkungen im Sinne westlicher Wissenschaft oder Medizin werden hier nicht behauptet.<\/em><\/strong><\/p>","protected":false},"excerpt":{"rendered":"<p>vermittelt eine kraftvolle, uralte Energie, die dir hilft, in einer chaotischen Welt stabil zu bleiben. Sie reinigt deine Chakren und deine Aura tiefgreifend von geistigem \u201eSchmutz\u201c und l\u00f6scht destruktive Programme, mit denen du dich selbst unterdr\u00fcckst. Sie hilft dabei, emotionalen Schmerz und Ahnen-Verwicklungen loszulassen und verbindet dich mit deinem H\u00f6heren Bewusstsein, um deine wahre Seelenaufgabe in Freude und Frieden zu leben.<\/p>","protected":false},"featured_media":2341,"comment_status":"open","ping_status":"closed","template":"","meta":[],"product_brand":[],"product_cat":[33],"product_tag":[201],"class_list":{"0":"post-2243","1":"product","2":"type-product","3":"status-publish","4":"has-post-thumbnail","6":"product_cat-elite-series","7":"product_tag-201","9":"first","10":"instock","11":"taxable","12":"shipping-taxable","13":"purchasable","14":"product-type-simple"},"_links":{"self":[{"href":"https:\/\/vigo-rio.com\/en\/wp-json\/wp\/v2\/product\/2243","targetHints":{"allow":["GET"]}}],"collection":[{"href":"https:\/\/vigo-rio.com\/en\/wp-json\/wp\/v2\/product"}],"about":[{"href":"https:\/\/vigo-rio.com\/en\/wp-json\/wp\/v2\/types\/product"}],"replies":[{"embeddable":true,"href":"https:\/\/vigo-rio.com\/en\/wp-json\/wp\/v2\/comments?post=2243"}],"wp:featuredmedia":[{"embeddable":true,"href":"https:\/\/vigo-rio.com\/en\/wp-json\/wp\/v2\/media\/2341"}],"wp:attachment":[{"href":"https:\/\/vigo-rio.com\/en\/wp-json\/wp\/v2\/media?parent=2243"}],"wp:term":[{"taxonomy":"product_brand","embeddable":true,"href":"https:\/\/vigo-rio.com\/en\/wp-json\/wp\/v2\/product_brand?post=2243"},{"taxonomy":"product_cat","embeddable":true,"href":"https:\/\/vigo-rio.com\/en\/wp-json\/wp\/v2\/product_cat?post=2243"},{"taxonomy":"product_tag","embeddable":true,"href":"https:\/\/vigo-rio.com\/en\/wp-json\/wp\/v2\/product_tag?post=2243"}],"curies":[{"name":"wp","href":"https:\/\/api.w.org\/{rel}","templated":true}]}}