{"id":2240,"date":"2026-01-20T13:02:43","date_gmt":"2026-01-20T13:02:43","guid":{"rendered":"https:\/\/vigo-rio.com\/?post_type=product&#038;p=2240"},"modified":"2026-02-26T09:21:45","modified_gmt":"2026-02-26T09:21:45","slug":"fc-94-symmetry","status":"publish","type":"product","link":"https:\/\/vigo-rio.com\/en\/product\/fc-94-symmetry\/","title":{"rendered":"FC Symmetrie"},"content":{"rendered":"<p><strong>Kolzov-Platte: &#8222;Symmetrie&#8220;\u00a0(f\u00fcr erh\u00f6hte Aufmerksamkeit, schnelles Denken, synchronisiert K\u00f6rper und Geist, Erdung und Spiritualit\u00e4t, Gegenwart und Ahnenlinie, linke und rechte Gehirnh\u00e4lfte, l\u00f6st \u00c4ngste und schenkt Aktivit\u00e4t und Lebensfreude)<\/strong><\/p>\n<p><strong><em>(bei paarweiser Anwendung am besten mit der Platte &#8222;Wind der Ver\u00e4nderung&#8220;)<\/em><\/strong><\/p>\n<p>&nbsp;<\/p>\n<p><strong>&#8211; neueste Version mit 8-Elementen (8 enthaltenen Energiespeicher-Chips)<\/strong><\/p>\n<div><em>\u00a0<\/em><\/div>\n<div><em>Die Platte tr\u00e4gt die russische Aufschrift: \u0421\u0418\u041c\u041c\u0415\u0422\u0420\u0418\u042f\u00a0<\/em><em>bzw. auf dem erg\u00e4nzenden Deckblatt: &#8222;SYMMETRY&#8220;, &#8222;SYM\u00c9TRIE&#8220;, &#8222;SYMMETRIE&#8220;<\/em><\/div>\n<div><\/div>\n<div><\/div>\n<div>Die Platte vermittelt einen kraftvollen Energiefluss, welcher mehrmals von oben nach unten und von unten nach oben in einer Energiespirale die Wirbels\u00e4ule durchl\u00e4uft und so Blockaden l\u00f6st, das Nervensystem synchronisiert und das Energiesystem aktiviert. Ist die Arbeit erst einmal abgeschlossen, wechselt die Platte in den Unterst\u00fctzungsmodus ohne Energie\u00fcberschuss. Durch die Vermittlung erh\u00f6hter Aufmerksamkeit und schnellen Denken ist die Platte f\u00fcr alle Personen hilfreich, die viele Informationen verarbeiten und schnell entscheiden m\u00fcssen, etwa f\u00fcr Piloten, alle Fahrer von Bussen, Lokomotiven und Landwirtschaftsger\u00e4te etc., f\u00fcr Kraftfahrer und f\u00fcr Milit\u00e4rangeh\u00f6rige jeden Ranges, weil sie den Blick auf die gegenw\u00e4rtige Situation sch\u00e4rft, eine hohe Aufmerksamkeit unterst\u00fctzt und hilft die Sicherheit einer Situation einzusch\u00e4tzen, ebenso f\u00fcr Mitarbeiter von B\u00f6rsen und Handel, Lehrer, Dozenten, Redakteure, Journalisten, Schauspieler, Moderatoren.<\/div>\n<div><em>\u00a0<\/em><\/div>\n<div><em>\u00a0<\/em><\/div>\n<div><em>Die Aussagen beziehen sich auf alternative Testmethoden wie Meridianenergie-Messungen der Organfunktionskreisl\u00e4ufe nach TCM, Kirlian-Fotografie (EPG\/GDV-Kamera), Oberon, Amsat o.\u00e4. durch den Hersteller &#8222;Planet der Regionen&#8220; und stellen keine medizinische oder auf den physischen K\u00f6rper und dessen Organe bezogenen Aussage im Sinne der westlichen Schulmedizin dar.<\/em><\/div>\n<p><strong>Die Platte ist in diesem Sinne vor allem geeignet f\u00fcr:<\/strong><\/p>\n<div><\/div>\n<div><\/div>\n<ul>\n<li>vermittelt die Energie von Aktivit\u00e4t, Kreativit\u00e4t, Leichtigkeit und Lebensfreude, f\u00f6rdert die Akzeptanz seines K\u00f6rpers und der Empfindungen, die er vermittelt, hilft die Rhythmen des Seins zu respektieren und im Fluss des Lebens zu bleiben,<\/li>\n<li>st\u00e4rkt das Vertrauen in eine bessere Zukunft, verdr\u00e4ngt negative Denkmuster, die aus Entt\u00e4uschungen und Erwartungshaltungen entstanden sind, hilft dem Anwender, seine wahren Tr\u00e4ume zu erkennen und seine Energie zu stabilisieren,<\/li>\n<li>korrigiert alle feinstofflichen K\u00f6rper, um die Verbindung mit dem H\u00f6heren Selbst zu verbessern und zu intensivieren, damit sich die unsterbliche Seele selbst erkennen kann, reinigt dazu auch die Ahnenlinien, um Stammbaum und die Ahnenenergien zu heilen,<\/li>\n<li>synchronisiert den Anwender mit den nat\u00fcrlichen Rhythmen der Erde und des Kosmos durch eine Aktivierung des inneren &#8222;universellen kosmischen Codes&#8220; (dieser enth\u00e4lt die grundlegenden Ordnungsprinzipen vom Raum und Zeit wie beispielsweise Heilige Geometrie, Fibonacci-Zahlen etc.)<\/li>\n<li>entsprechend werden dabei das unterste und das oberste Chakra aktiviert (also 1. und 7. Chakra) &#8211; die anderen Chakras folgen durch innere Resonanz -, was die Funktionen des gesamten Organismus verbessern kann,<\/li>\n<li>st\u00e4rkt die Vitalit\u00e4t, stellt ein geschw\u00e4chtes Biofeld des Anwenders wieder her, bringt es in die Balance und harmonisiert die Mentalenergie-Ebene (in der Aura-Fotografie sichtbar an einem verbesserten Farbhintergrund der Aura),<\/li>\n<li>korrigiert destruktive Ver\u00e4nderungen auf den Energieebenen des physischen K\u00f6rpers, der feinstofflichen H\u00fcllen und im Verhalten, und wandelt sie in Algorithmen des Friedens, der Zusammenarbeit und der friedlichen Interaktion um,<\/li>\n<li>aktiviert Denkprozesse f\u00fcr die L\u00f6sung von Problemen, erm\u00f6glicht Einsichten, regt Bewusstsein und Reaktionsgeschwindigkeit an und hilft beim Erreichen von Zielen,<\/li>\n<li>hilft dabei, die Bedeutung des Wortes \u201eManifestation\u201c zu verstehen \u2013 um ein aktives, lichtvolles, reiches Leben in Harmonie und ohne innere \u201eD\u00e4monen\u201c zu erschaffen,<\/li>\n<li>hilft dabei, eventuelle \u00c4ngste, und posttraumatische Belastungsst\u00f6rungen aufzul\u00f6sen, die insbesondere in Zusammenhang mit Feuer stehen wie Br\u00e4nde, Verletzungen durch Verbrennungen, Explosionen oder mit Schie\u00dfereien und Milit\u00e4reins\u00e4tzen,<\/li>\n<li>erf\u00fcllt den Benutzer mit einem Zustand der Harmonie mit seinem K\u00f6rper und seinem Naturell, stoppt kreisende Gedanken und sinnlose Selbstzweifel,<\/li>\n<li>s\u00e4ttigt mit Energien der bedingungslosen Liebe und lehrt sich selbst zu lieben (erst wenn wir uns selbst lieben, k\u00f6nnen wir auch andere lieben),<\/li>\n<li>synchronisiert die Aktivit\u00e4ten der linken und rechten Gehirnh\u00e4lfte, harmonisiert und erweckt das Bewusstsein des Anwenders, erm\u00f6glicht bewusste Entscheidungen im Einklang von Seele und Geist,<\/li>\n<li>hilft, einen bewussten Zustand erh\u00f6hter Aufmerksamkeit \u201eeinzuschalten\u201c, die Situation schnell und einf\u00fchlsam erfassen zu k\u00f6nnen, sich im Umfeld zurechtzufinden und den tats\u00e4chlichen und objektiven Grad der Gefahr oder Sicherheit zu bestimmen und gleichzeitig dabei inneren Frieden und Ruhe zu bewahren,<\/li>\n<li>hilft dabei, pers\u00f6nliche Grenzen zu wahren und sich in einen Zustand der Achtsamkeit und Kontemplation zu versetzen, was auch auf andere ausstrahlt und das allgemeine Umfeld emotional stabilisiert, hilft in kontroversen Situationen im Gleichgewicht zu bleiben und seine Herzlichkeit, geistige Aktivit\u00e4t und Klarheit und Arbeitsf\u00e4higkeit zu erhalten,<\/li>\n<li>st\u00e4rkt in einem m\u00e4nnlichen Anwender die F\u00e4higkeiten, als Besch\u00fctzer der Familie, des Zuhauses und Verteidiger der Heimat, und st\u00e4rkt die Gelassenheit gegen\u00fcber den Launen der Frauen, schult die F\u00e4higkeit, nicht mehr w\u00fctend auf die gesteigerte Emotionalit\u00e4t von Frauen zu sein, und hilft, in einem Zustand des aktiven Zuh\u00f6rens zu sein, hilft verwundete M\u00e4nnlichkeit zu heilen,<\/li>\n<li>st\u00e4rkt in einer Anwenderin die Weiblichkeit und Sanftheit der Frau, schult die F\u00e4higkeit, den Mann so zu akzeptieren, wie er ist, ohne ihn zurecht zu biegen und zu versuchen, ihn neu zu erschaffen,<\/li>\n<li>st\u00e4rkt in Liebesbeziehungen die gegenseitige Akzeptanz und des Verst\u00e4ndnis f\u00fcreinander, ohne falsche Verpflichtungen und Illusionen vertieft sich die gegenseitige Zuneigung,<\/li>\n<li>erh\u00f6ht die Lebensenergie und steigert die Libido,<\/li>\n<li>hilft dabei, eine freundschaftliche \u201eEltern-Kind\u201c-Beziehung aufzubauen, auch wenn sich die Lebenseinstellung von Kindern und Eltern extrem unterscheiden,<\/li>\n<li>verbessert den Gesundheitszustand bei Erkrankungen der Atemwege und des Urogenitalsystems, st\u00e4rkt die Abwehr bei Infekten, lindert im Energetischen Schmerzen in Muskulatur und Wirbels\u00e4ule, hilft die Nachwirkungen bei Lebensmittelvergiftung schneller aufzul\u00f6sen, unterst\u00fctzt antibakterielle Wirkungen, f\u00f6rdert energetisch die schnellere Heilung von Wunden (u.a. Verbrennungen, Sch\u00fcrfwunden, kleine Wunden),<\/li>\n<li>harmonisiert den Fetthaushalt und hilft, den Zustand der Haut zu verbessern, so dass ein straffender und verj\u00fcngender Effekt entsteht,<\/li>\n<li>die Platte kann auch nachts angewendet werden und unterst\u00fctzt den erholsamen Schlaf.<\/li>\n<\/ul>\n<div><\/div>\n<div><\/div>\n<div>Auf der Platte sind Informationen des Heilwassers unterirdischer H\u00f6hlenseen im Gebirge der Mansky-Region, Region Krasnojarsk (zwischen Nowosibirsk und Baikal-See), gespeichert.<\/div>\n<div><\/div>\n<div>TIPP 1: Die Platte &#8222;Symmetrie&#8220; schafft ein transformatives Tandem mit der Platte &#8222;Wind der Ver\u00e4nderung&#8220; um eine kraftvolle Korrektur des Energiefeldes des Anwenders durchzuf\u00fchren, den Anwender und den Raum mit reiner Energie und der Energie der absoluten Liebe zu f\u00fcllen, um sich in den Rhythmus des Lebens einzuf\u00fcgen, an Ver\u00e4nderungen besser anzupassen und gegen Schicksalsschl\u00e4ge gefeit zu sein und ein Gef\u00fchl der Freude , wenn die \u201eSeele zu fliegen scheint\u201c, zu erzeugen.<\/div>\n<div>Die Platte &#8222;Symmetrie&#8220; ist zudem kompatibel mit allen zuvor ver\u00f6ffentlichten Platten, insbesondere mit \u201eEnergien der Neuen Welt&#8220;, &#8222;Bewahrer des Lebens&#8220;, &#8222;Portal der Tr\u00e4ume&#8220; und &#8222;Geheimnisse Alaskas&#8220; (Serie Elite).<\/div>\n<div>Sie k\u00f6nnen aber auch eigene Kombinationen je nach pers\u00f6nlichen W\u00fcnschen und Situationen bilden. So k\u00f6nnen Sportler die Platte &#8222;Symmetrie&#8220; mit der Platte &#8222;Sieger&#8220; kombinieren (Wasser trinken und das Energiesystem mit den beiden Platten durchstr\u00f6men lassen) und damit eine starke Unterst\u00fctzung vor Wettk\u00e4mpfen erzeugen.<\/div>\n<div>Und M\u00fctter, die ihre Kinder verstehen und darin unterst\u00fctzen wollen, ihren Platz im Leben zu finden, nehmen die Platte &#8222;Mamma&#8220;, &#8222;Bereginja&#8220; (beide Serie Kollektion) oder &#8222;Wahrhaftige Liebe&#8220; (Serie Gr\u00fcn) in die linke Hand und \u201eSymmetrie\u201c in die rechte Hand. V\u00e4ter verwenden daf\u00fcr die Platte &#8222;Liebe Yang&#8220;, &#8222;Schwarzer Berg&#8220; (beide Serie Effizient) oder &#8222;Wahrhaftige Liebe&#8220; (Serie Gr\u00fcn).<\/div>\n<div>TIPP 2: Bem\u00fchen Sie sich w\u00e4hrend der Zeit, in der Sie mit dieser Platte arbeiten, nur an das Gute zu denken, nur das Positive zu sehen und zu f\u00fchlen. Trinken Sie an den ersten Anwendungstagen zun\u00e4chst nur 0,5 Liter von dem auf der Platte informierten Wasser und steigern Sie Menge dann allm\u00e4hlich. Die Platte findet im K\u00f6rper, was reguliert werden sollte und beginnt, diesen Zustand sorgf\u00e4ltig zu korrigieren. Manchmal treten dabei Schmerzen in einem K\u00f6rperbereich auf, jedoch beginnt die Korrektur sofort auch diese Begleiterscheinung zu l\u00f6sen.<\/div>\n<div>TIPP 3: Die Platte &#8222;Symmetrie&#8220; ist wichtig f\u00fcr Piloten, alle Fahrer von Bussen, Lokomotiven und Landwirtschaftsger\u00e4te etc., f\u00fcr Kraftfahrer und f\u00fcr Milit\u00e4rangeh\u00f6rige jeden Ranges, weil sie den Blick auf die gegenw\u00e4rtige Situation sch\u00e4rft, eine hohe Aufmerksamkeit unterst\u00fctzt und hilft die Sicherheit einer Situation einzusch\u00e4tzen.<\/div>\n<div>TIPP 4: Die Platte ist f\u00fcr Personen hilfreich, die viele Informationen verarbeiten und schnell entscheiden m\u00fcssen, etwa Mitarbeiter von B\u00f6rsen und Handel, Lehrer, Dozenten, Redakteure, Journalisten, Kriegsberichterstatter, Fernsehmitarbeiter, Regisseure, Schauspieler, Moderatoren von Chats mit einem gro\u00dfen Teilnehmerpublikum usw.<\/div>\n<div>F\u00fcr Lehrer ist die Platte zudem hilfreich, wenn emotional aufgeregte Sch\u00fcler nach einer Pause zum Unterricht kommen, um ihre Aufmerksamkeit wieder in die richtige Richtung zu lenken und k\u00f6rperliche Spannungen zu l\u00f6sen.<\/div>\n<div>Frauen in gehobenen Positionen hilft die Platte, in einem M\u00e4nnerteam die Aufgaben zu verteilen, ohne zu emotional zu erscheinen und ohne dass ihre Weiblichkeit von der Aufgabenerf\u00fcllung zu sehr ablenkt.<\/div>\n<div>TIPP 5: Sie ist sehr wichtig f\u00fcr alle Personen, die eine schwierige Kindheit durchlebt und viele Konflikte und Streitigkeiten erlebt haben und f\u00fcr Menschen, die Kriege durchgemacht haben.<\/div>\n<div>Die Platte kann zur Aufarbeitung von Scheidungen verwendet werden, insbesondere wenn diese im Streit erfolgte: Danken Sie dem fr\u00fcheren Partner f\u00fcr die Erfahrung, umarmen Sie ihn geistig, schreiben Sie ihm einen Brief oder eine Nachricht (es ist nicht notwendig, diese auch abzusenden). Legen Sie die Nachricht auf die Platte.<\/div>\n<div>TIPP 6: Sie k\u00f6nnen auch darum bitten die Ahnenlinie zu reinigen: Schreiben Sie dazu Ihre Absicht auf ein Papier und sagen dann laut, dass Sie die Ahnenlinie reinigen m\u00f6chten. Sie k\u00f6nnen auch darum bitten, ein Problem in der jetzigen Familie zu l\u00f6sen.<\/div>\n<div>Die Platte eignet sich auch zur Unterst\u00fctzung, um die Folgen von Traumata und tragischen Ereignisse zu l\u00f6sen und um sich von Gef\u00fchlen des Untergangs, der Hilflosigkeit und der Opferrolle zu befreien.<\/div>\n<div>TIPP 7: Bei Nieren- und Harnwegsproblemen sollte viel auf der Plate informiertes Wasser getrunken werden, und man solllte sich mehrmal am Tag auf die Platte setzen (mindestens je 15 Minuten lang, besser 30 Minuten).<\/div>\n<div>TIPP 8: Die Platte kann sehr gut auch im Schlaf-, Meditations- und Entspannungsbereich platziert werden.<\/div>\n<div><\/div>\n<div>ZUR BEACHTUNG: Bei dieser Platte sollte das Wasser zum Energetisieren mindestens 15 Minuten lang darauf gestellt werden.<\/div>\n<p><em><strong>Wichtiger Hinweis:<\/strong><\/em><\/p>\n<p><strong><em>Wir weisen ausdr\u00fccklich darauf hin, dass die Kolzov-Platte (russische Bezeichnung: &#8222;Korrektoren des funktionalen Zustands&#8220;) ein alternatives Energie- und Informationsprodukt ist und kein Heilmittel im Sinne der westlichen Schulmedizin. Vielmehr ist es ein rein energetisches Hilfsmittel zur ganzheitlichen Balancierung von energetischen Disharmonien und Blockaden. Informationen \u00fcber Qualit\u00e4t und Eigenschaften des Energieobjekts beziehen sich auf Aussagen des russischen Herstellers und alternativen Theorien zu Mensch und Umwelt, auf alternative Anschauungen und esoterische \u00dcberlieferungen oder Aussagen. Sie gelten nur im Sinne der esoterischen Lebensphilosophie und daran angelehnte Alternativheilkunde. Wirkungen im Sinne westlicher Wissenschaft oder Medizin werden hier nicht behauptet.<\/em><\/strong><\/p>","protected":false},"excerpt":{"rendered":"<p>ist ein kraftvoller Begleiter f\u00fcr alle, die unter hohem Druck schnell entscheiden und viele Informationen verarbeiten m\u00fcssen. Sie synchronisiert die Gehirnh\u00e4lften, sch\u00e4rft die Aufmerksamkeit und l\u00f6st gleichzeitig tiefsitzende \u00c4ngste oder Belastungen. Sie hilft dir, im \u201eHier und Jetzt\u201c pr\u00e4sent zu bleiben, st\u00e4rkt deine Lebensfreude und harmonisiert das Verh\u00e4ltnis zwischen m\u00e4nnlichen und weiblichen Energien.<\/p>","protected":false},"featured_media":2410,"comment_status":"open","ping_status":"closed","template":"","meta":[],"product_brand":[],"product_cat":[33],"product_tag":[164],"class_list":{"0":"post-2240","1":"product","2":"type-product","3":"status-publish","4":"has-post-thumbnail","6":"product_cat-elite-series","7":"product_tag-164","9":"first","10":"instock","11":"taxable","12":"shipping-taxable","13":"purchasable","14":"product-type-simple"},"_links":{"self":[{"href":"https:\/\/vigo-rio.com\/en\/wp-json\/wp\/v2\/product\/2240","targetHints":{"allow":["GET"]}}],"collection":[{"href":"https:\/\/vigo-rio.com\/en\/wp-json\/wp\/v2\/product"}],"about":[{"href":"https:\/\/vigo-rio.com\/en\/wp-json\/wp\/v2\/types\/product"}],"replies":[{"embeddable":true,"href":"https:\/\/vigo-rio.com\/en\/wp-json\/wp\/v2\/comments?post=2240"}],"wp:featuredmedia":[{"embeddable":true,"href":"https:\/\/vigo-rio.com\/en\/wp-json\/wp\/v2\/media\/2410"}],"wp:attachment":[{"href":"https:\/\/vigo-rio.com\/en\/wp-json\/wp\/v2\/media?parent=2240"}],"wp:term":[{"taxonomy":"product_brand","embeddable":true,"href":"https:\/\/vigo-rio.com\/en\/wp-json\/wp\/v2\/product_brand?post=2240"},{"taxonomy":"product_cat","embeddable":true,"href":"https:\/\/vigo-rio.com\/en\/wp-json\/wp\/v2\/product_cat?post=2240"},{"taxonomy":"product_tag","embeddable":true,"href":"https:\/\/vigo-rio.com\/en\/wp-json\/wp\/v2\/product_tag?post=2240"}],"curies":[{"name":"wp","href":"https:\/\/api.w.org\/{rel}","templated":true}]}}