{"id":224,"date":"2026-01-14T12:41:24","date_gmt":"2026-01-14T12:41:24","guid":{"rendered":"https:\/\/vigo-rio.com\/?post_type=product&#038;p=224"},"modified":"2026-04-02T08:40:19","modified_gmt":"2026-04-02T08:40:19","slug":"fc-14-golden-pyramid","status":"publish","type":"product","link":"https:\/\/vigo-rio.com\/en\/product\/fc-14-golden-pyramid\/","title":{"rendered":"FC Goldene Pyramide\/ Golden Pyramid"},"content":{"rendered":"<p><strong>Kolzov-Platte &#8222;Nr.14\u00a0&#8211; Goldene Pyramide&#8220;<\/strong><\/p>\n<p><strong>&#8211; neueste Version mit 8-Elementen (8 enthaltenen Energiespeicher-Chips)<\/strong><\/p>\n<p><em>Die Aussagen beziehen sich auf alternative Testmethoden wie Meridianenergie-Messungen der Organfunktionskreisl\u00e4ufe nach TCM, Kirlian-Fotografie (EPG\/GDV-Kamera), Oberon, Amsat o.\u00e4. durch den Hersteller &#8222;Planet der Regionen&#8220; und stellen keine medizinische oder auf den physischen K\u00f6rper und dessen Organe bezogenen Aussage im Sinne der westlichen Schulmedizin dar.<br \/>\n<\/em><\/p>\n<p><strong>Die Platte ist in diesem Sinne vor allem geeignet f\u00fcr:<\/strong><\/p>\n<p>Die Platte Nr.14 \u201eGoldene Pyramide\u201c ist f\u00fcr die Harmonisierung des gesamten Organismus. Sie sch\u00fctzt die Aura des Menschen vor negativen \u00e4u\u00dferen Einfl\u00fcssen und bek\u00e4mpft verschiedene informationelle Viren. Sie reinigt und sch\u00fctzt die Wirbels\u00e4ule. Enthalten sind unter anderem die Schwingungen der Pflanzen Baldrianwurzel, Distel, Johanniskraut und von Eiche.<\/p>\n<p>TIPP: Die Platte Nr.14 passt beispielsweise auch sehr gut als gemeinsame Anwendung mit den blauen Platten Nr.8 und\/oder der gr\u00fcnen Themen-Platte &#8222;Harmonie&#8220; und\/oder den goldenen Nr.20, 21 und\/oder 23.<\/p>\n<p>ZUR BEACHTUNG: Die Aktivierungszeit von Wasser auf der Platte betr\u00e4gt mindestens 15 Sekunden.<\/p>\n<p><em><u>Ergebnis im LIFE-TEST:<\/u>\u00a0Die Kolzov-Platte &#8222;Nr.14 &#8211; Goldene Pyramide&#8220; hat ein neutrales Energiefeld mit 40 000 Bovis. Damit aktiviert sie Stirn-, Hals- und Herz-Chakra auf 40 000 Bovis, wobei das Stirn-Charka sogar noch deutlich mehr ansteigt (jedoch ist in dieser Testmethode nach Dr. Oberbach die sichere Testgrenze bei 40 000 Bovis). Das Blase-\/Sexual-Chakra Chakra erh\u00f6ht sich in seiner Energie auf 35 000 Bovis. Das Kronen-Chakra steigt auf 28 000 Bovis, das Solarplexus-Chakra auf 21 000 Bovis und das Wurzel-Chakra verdoppelt seine Energie auf 14 000 Bovis. Durch die Aufladung der Chakras w\u00e4chst der bioenergetische Reaktionsabstand von zirka 75 Zentimetern um den K\u00f6rper auf 2,00 Meter.<\/em><\/p>\n<p><em><strong>Wichtiger Hinweis:<br \/>\nWir weisen ausdr\u00fccklich darauf hin, dass die Kolzov-Platte (russische Bezeichnung: &#8222;Korrektoren des funktionalen Zustands&#8220;) ein alternatives Energie- und Informationsprodukt ist und kein Heilmittel im Sinne der westlichen Schulmedizin. Vielmehr ist es ein rein energetisches Hilfsmittel zur ganzheitlichen Balancierung von energetischen Disharmonien und Blockaden. Informationen \u00fcber Qualit\u00e4t und Eigenschaften des Energieobjekts beziehen sich auf Aussagen des russischen Herstellers und alternativen Theorien zu Mensch und Umwelt, auf alternative Anschauungen und esoterische \u00dcberlieferungen oder Aussagen. Sie gelten nur im Sinne der esoterischen Lebensphilosophie und daran angelehnte Alternativheilkunde. Wirkungen im Sinne westlicher Wissenschaft oder Medizin werden hier nicht behauptet.<\/strong><\/em><\/p>","protected":false},"excerpt":{"rendered":"<p>Erzeugt einen starken Schutz f\u00fcr Ihr Energiefeld und Ihren physischen K\u00f6rper gegen alle Arten von externen Aggressionen.<\/p>","protected":false},"featured_media":1693,"comment_status":"open","ping_status":"closed","template":"","meta":[],"product_brand":[],"product_cat":[28],"product_tag":[],"class_list":{"0":"post-224","1":"product","2":"type-product","3":"status-publish","4":"has-post-thumbnail","6":"product_cat-purple-series","8":"first","9":"instock","10":"sale","11":"taxable","12":"shipping-taxable","13":"purchasable","14":"product-type-variable"},"_links":{"self":[{"href":"https:\/\/vigo-rio.com\/en\/wp-json\/wp\/v2\/product\/224","targetHints":{"allow":["GET"]}}],"collection":[{"href":"https:\/\/vigo-rio.com\/en\/wp-json\/wp\/v2\/product"}],"about":[{"href":"https:\/\/vigo-rio.com\/en\/wp-json\/wp\/v2\/types\/product"}],"replies":[{"embeddable":true,"href":"https:\/\/vigo-rio.com\/en\/wp-json\/wp\/v2\/comments?post=224"}],"wp:featuredmedia":[{"embeddable":true,"href":"https:\/\/vigo-rio.com\/en\/wp-json\/wp\/v2\/media\/1693"}],"wp:attachment":[{"href":"https:\/\/vigo-rio.com\/en\/wp-json\/wp\/v2\/media?parent=224"}],"wp:term":[{"taxonomy":"product_brand","embeddable":true,"href":"https:\/\/vigo-rio.com\/en\/wp-json\/wp\/v2\/product_brand?post=224"},{"taxonomy":"product_cat","embeddable":true,"href":"https:\/\/vigo-rio.com\/en\/wp-json\/wp\/v2\/product_cat?post=224"},{"taxonomy":"product_tag","embeddable":true,"href":"https:\/\/vigo-rio.com\/en\/wp-json\/wp\/v2\/product_tag?post=224"}],"curies":[{"name":"wp","href":"https:\/\/api.w.org\/{rel}","templated":true}]}}