{"id":2239,"date":"2026-01-20T13:01:58","date_gmt":"2026-01-20T13:01:58","guid":{"rendered":"https:\/\/vigo-rio.com\/?post_type=product&#038;p=2239"},"modified":"2026-02-04T19:41:29","modified_gmt":"2026-02-04T19:41:29","slug":"fc-93-winds-of-change","status":"publish","type":"product","link":"https:\/\/vigo-rio.com\/en\/product\/fc-93-winds-of-change\/","title":{"rendered":"FC Wind der Ver\u00e4nderung \/ Wind of Change"},"content":{"rendered":"<p><strong>Kolzov-Platte: &#8222;Wind der Ver\u00e4nderung&#8220;\u00a0(reinigt energetisch den Raum, f\u00fcr Selbstvertrauen, Neuanfang, Erreichen seiner Ziele, Gesch\u00e4ftssinn, sch\u00fctzt vor Schicksalsschl\u00e4gen und Negativem und verhilft dem Guten zum Sieg)<\/strong><\/p>\n<div>\n<p><strong><em>(bei paarweiser Anwendung am besten mit der Platte &#8222;Wind der Ver\u00e4nderung&#8220;)<\/em><br \/>\n<\/strong><\/p>\n<p><strong>&#8211; neueste Version mit 8-Elementen (8 enthaltenen Energiespeicher-Chips)<\/strong><\/p>\n<\/div>\n<div>\n<div><em>\u00a0<\/em><\/div>\n<div><em>Die Platte tr\u00e4gt die russische Aufschrift: \u0412\u0415\u0422\u0415\u0420 \u041f\u0415\u0420\u0415\u041c\u0415\u041d\u00a0<\/em><em>bzw. auf dem erg\u00e4nzenden Deckblatt: &#8222;WIND OF CHANGE&#8220;, &#8222;VENT DU CHANGEMENT&#8220;, &#8222;WIND DER VER\u00c4NDERUNG&#8220;<\/em><\/div>\n<\/div>\n<div>Die Platte &#8222;Wind der Ver\u00e4nderung&#8220; hilft dabei seine \u00c4ngste loszulassen und eine aktive Rolle im Leben einzunehmen. Sie ist die erste Wahl f\u00fcr Zauderer, welche die Dinge st\u00e4ndig aufschieben und in Zweifeln leben. Sie beschleunigt die Denkgeschwindigkeit und verleiht gleichzeitig die Ruhe und Gelassenheit, um eine bessere Entscheidung treffen zu k\u00f6nnen. Die Platte erm\u00f6glicht dem Anwender zudem, den Weg seiner spirituellen Entwicklungsm\u00f6glichkeit zu erkennen und bewusst zu w\u00e4hlen.<\/div>\n<div>Die Energien der Platte unterst\u00fctzen auch jene, die ihrem Volk wirklich dienen wollen und dabei von den h\u00f6chsten Grunds\u00e4tzen der Moral geleitet werden, die sich f\u00fcr Frieden und ein geordnetes Miteinander einsetzen (z.B. als \u00c4rzte, Feuerwehrleute, Polizisten, Anw\u00e4lte und Richter bis hin zu Politikern, Managern, Journalisten, Wissenschaftlern und Berufsmilit\u00e4r).<\/div>\n<div><\/div>\n<p><em>Die Aussagen beziehen sich auf alternative Testmethoden wie Meridianenergie-Messungen der Organfunktionskreisl\u00e4ufe nach TCM, Kirlian-Fotografie (EPG\/GDV-Kamera), Oberon, Amsat o.\u00e4. durch den Hersteller &#8222;Planet der Regionen&#8220; und stellen keine medizinische oder auf den physischen K\u00f6rper und dessen Organe bezogenen Aussage im Sinne der westlichen Schulmedizin dar.<\/em><\/p>\n<div><\/div>\n<div><strong>\u00a0<\/strong><\/div>\n<div><strong>Die Platte ist in diesem Sinne vor allem geeignet f\u00fcr:<\/strong><\/div>\n<ul>\n<li>reinigt den Raum von negativen Energien (von Menschen, Ph\u00e4nomenen, Einfl\u00fcssen) und erf\u00fcllt den Raum mit den Qualit\u00e4ten von Harmonie, Ruhe und Freude,<\/li>\n<li>aktiviert Mut und Tapferkeit des Anwenders und schenkt das Selbstvertrauen, seine Ziele zu erreichen, ermutigt zu Neuanf\u00e4ngen und gibt Energie und Entschlossenheit, um positive Risiken einzugehen und sich auf seine Ziele zu konzentrieren, f\u00f6rdert die Bereitschaft, die Arbeit zu erledigen und den ersten Schritt zu tun,<\/li>\n<li>hilft dabei \u00c4ngste abzubauen, die damit verbunden sind, sich auszudr\u00fccken, sich zu pr\u00e4sentieren (etwa eine Rede halten) und eine aktive, herausgehobene Position im Leben einzunehmen,<\/li>\n<li>beschleunigt die Denkgeschwindigkeit und verleiht gleichzeitig die Ruhe und Gelassenheit, um eine bessere Entscheidung treffen zu k\u00f6nnen,<\/li>\n<li>hilft dabei, gro\u00dfe Mengen an Informationen zu verarbeiten und ist daher auch eine wertvolle Unterst\u00fctzung f\u00fcr Sch\u00fcler, Studenten, Auszubildende beim Lernen und bei Pr\u00fcfungen &#8211; generell hilfreich f\u00fcr alle, die geistig arbeiten,<\/li>\n<li>st\u00e4rkt die Beobachtungsgabe und die Liebe zum Detail, steigert die F\u00e4higkeit zum kritischen Denken und zur geistigen Sch\u00e4rfe,<\/li>\n<li>hilft in der heutigen schnelllebigen Zeit sein Leben zu f\u00fchren und vermittelt die daf\u00fcr n\u00f6tige Kraft und Ressourcen, um seine Ziele zu erreichen (egal, ob in Ausbildung, Beruf oder Sport, Training etc.),<\/li>\n<li>st\u00e4rkt den Gesch\u00e4ftssinn, verleiht Entschlossenheit, Kraft und Energie, um Gesch\u00e4fte zu f\u00fchren, Gesch\u00e4ftsprozesse zu planen und umzusetzen,<\/li>\n<li>vermittelt ein Verst\u00e4ndnis f\u00fcr die W\u00fcnsche des Gespr\u00e4chspartners, um in Verhandlungen, eine f\u00fcr beide Seiten vorteilhafte L\u00f6sung zu finden,<\/li>\n<li>hilft dabei, seine verschiedenen sozialen Rollen (Mutter\/Vater, Schwester\/Bruder, Freund\/Freundin, Ehemann\/Frau, Gesch\u00e4ftspartner\/Kollege usw.) bewusst einzunehmen, um sich in diesen Beziehungen m\u00f6glichst klar und wahrhaftig zu manifestieren,<\/li>\n<li>f\u00f6rdert schauspielerisches Talent, was auch zur Anpassung an die moderne Welt und Gesellschaft beitr\u00e4gt,<\/li>\n<li>stellt Harmonie, Gerechtigkeit und Verst\u00e4ndnis im Leben des Anwenders wieder her, weckt den Glauben an die Verbindung und Heiligkeit der nat\u00fcrlichen Elemente, an den Sieg des Guten und des Lichts \u00fcber das B\u00f6se und das Chaos<\/li>\n<li>f\u00f6rdert Anwender, die f\u00fcr eine gerechte Sache k\u00e4mpfen, leistet Hilfe im Kampf gegen \u201edunkle\u201c M\u00e4chte, sch\u00fctzt die Schwachen und ungerecht Behandelten und verleiht dem Anwender den Schutz g\u00f6ttlicher Macht,<\/li>\n<li>besch\u00fctzt alle, die ihre Pflicht in Milit\u00e4r oder Polizei erf\u00fcllen, und die ihr Leben mit Mut und Heldentum f\u00fchren und sich f\u00fcr die Wahrheit und den Wohlstand aller Menschen einsetzen,<\/li>\n<li>hilft, auf der Seite des Guten und des Lichts zu bleiben, die richtigen Entscheidungen daf\u00fcr zu treffen und er\u00f6ffnet die F\u00e4higkeit, Gefahren und Chancen vorherzusehen,<\/li>\n<li>verleiht Kraft und Energie und sch\u00fctzt gegen alle Schicksalsschl\u00e4ge,<\/li>\n<li>sch\u00fctzt die Seele des Anwenders vor negativen Schwingungen, schlechten Gedanken und Lastern, f\u00f6rdert die innere spirituelle Entwicklung des Anwenders und hilft, Schwierigkeiten auf dem Weg der Entwicklung zu \u00fcberwinden,<\/li>\n<li>aktiviert alle Chakras, beginnend beim 1. Chakra aufsteigend bis zum 7. Chakra &#8211; dabei wird besonders das zweite Chakra aktiviert -, erh\u00f6ht die Kraft und Dichte des \u00c4therk\u00f6rpers und st\u00e4rkt die Elemente-Energien des Luft-Elements,<\/li>\n<li>arbeitet mit dem dritten Chakra zusammen, um die Gesundheit der Verdauungsorgane zu verbessern, energetisiert den Nieren-Blase-Meridian und beseitigt auf \u00e4therischer Ebene sanft Beschwerden, die sich im zugeh\u00f6rigen<\/li>\n<li>Organbereich in Krankheiten verwandeln k\u00f6nnten,<\/li>\n<li>aktiviert den Stoffwechsel bei schlechten Ern\u00e4hrungsgewohnheiten und Esss\u00fcchten (Fast Food etc.), hilft energetisch dabei, ein gesundes Essverhalten zu entwickeln.<\/li>\n<\/ul>\n<div><\/div>\n<div>Auf der Kolzov-Platte sind die Informationen des Energieportals am 9. August 2023 gespeichert, dem Feiertag der Himmlischen Heerscharen unter der Schirmherrschaft von &#8222;Kshatra-Varyu&#8220; in der zoroastrischen Tradition. Kshatra-Varyu ist einer der gro\u00dfen sieben &#8222;Unsterblichen&#8220; bzw. eine der sieben Facetten der Sch\u00f6pfung. Er ist mit dem g\u00f6ttlichen Prinzip &#8222;Vohu Manah&#8220; verbunden, dem \u201eGuten Gedanken\u201c und \u201eGuten Zweck\u201c und steht f\u00fcr einen guten Geisteszustand, der bef\u00e4higt seine Pflichten zu erf\u00fcllen und seine Ziele zu erreichen.<\/div>\n<div><\/div>\n<div>TIPP 1: Die Platte &#8222;Wind der Ver\u00e4nderung&#8220; schafft ein transformatives Tandem mit der Platte &#8222;Symmetrie&#8220; um eine kraftvolle Korrektur des Energiefeldes des Anwenders durchzuf\u00fchren, den Anwender und den Raum mit reiner Energie und der Energie der absoluten Liebe zu f\u00fcllen, um sich in den Rhythmus des Lebens einzuf\u00fcgen, an Ver\u00e4nderungen besser anzupassen und gegen Schicksalsschl\u00e4ge gefeit zu sein und ein Gef\u00fchl der Freude , wenn die \u201eSeele zu fliegen scheint\u201c, zu erzeugen.<\/div>\n<div>Die Platte &#8222;Wind der Ver\u00e4nderung&#8220; ist zudem kompatibel mit allen zuvor ver\u00f6ffentlichten Platten, insbesondere auch mit solchen, die auf beruflichen Erfolg und Sicherung des Wohlstands zielen wie &#8222;F\u00fclle und Erfolg&#8220; (Serie Gr\u00fcn), &#8222;Fortuna&#8220;, &#8222;Goldener Sand&#8220; (Serie Effizient), &#8222;Wohlstand&#8220;, &#8222;Licht des Erfolgs&#8220;, &#8222;L\u00e4cheln der Sonne&#8220;, &#8222;Weg des Universums&#8220;, &#8222;Atem des Universums&#8220;, &#8222;Blaue Lagune. Island&#8220;, &#8222;Pracht von Khwarenah&#8220; &#8222;Enth\u00fcllung des \u00dcberwusstseins&#8220;, &#8222;Renaissance&#8220;(Serie Elite), Armband &#8222;Magnat\/Sieger&#8220;. Arbeitet auch sehr gut mit Platten f\u00fcr eine bessere Kommunikation zusammen wie &#8222;Erwachen der Seele&#8220;, &#8222;Energien des Gelingens&#8220;, &#8222;Energien der neuen Welt&#8220;, &#8222;Transformation&#8220;, &#8222;Triumph des Seins&#8220; (Serie Elite), &#8222;Gl\u00fcckseligkeit&#8220; (Serie Kollektion)<\/div>\n<div>TIPP 2: Die mentale Unterst\u00fctzung durch die Platte ist auch hilfreich f\u00fcr Erfinder, Anw\u00e4lte, Gesch\u00e4ftsleute, Journalisten und auch f\u00fcr Autofahrer im Stra\u00dfenverkehr. Sie unterst\u00fctzt Sportler darin, neue Hochleistungen zu erreichen.<\/div>\n<div><\/div>\n<div>ZUR BEACHTUNG: Bei dieser Platte sollte das Wasser zum Energetisieren mindestens 20 Minuten lang darauf gestellt werden.<\/div>\n<p><em><strong>Wichtiger Hinweis:<\/strong><\/em><\/p>\n<p><em><strong>Wir weisen ausdr\u00fccklich darauf hin, dass die Kolzov-Platte (russische Bezeichnung: &#8222;Korrektoren des funktionalen Zustands&#8220;) ein alternatives Energie- und Informationsprodukt ist und kein Heilmittel im Sinne der westlichen Schulmedizin. Vielmehr ist es ein rein energetisches Hilfsmittel zur ganzheitlichen Balancierung von energetischen Disharmonien und Blockaden. Informationen \u00fcber Qualit\u00e4t und Eigenschaften des Energieobjekts beziehen sich auf Aussagen des russischen Herstellers und alternativen Theorien zu Mensch und Umwelt, auf alternative Anschauungen und esoterische \u00dcberlieferungen oder Aussagen. Sie gelten nur im Sinne der esoterischen Lebensphilosophie und daran angelehnte Alternativheilkunde. Wirkungen im Sinne westlicher Wissenschaft oder Medizin werden hier nicht behauptet.<\/strong><\/em><\/p>","protected":false},"excerpt":{"rendered":"<p>ist das ideale Werkzeug f\u00fcr \u201eZauderer\u201c und Menschen, die dazu neigen, Dinge aufzuschieben. Sie verleiht den Mut f\u00fcr den ersten Schritt, beschleunigt die Denkgeschwindigkeit und schenkt gleichzeitig die Gelassenheit f\u00fcr kluge Entscheidungen. Sie reinigt den Raum von Negativit\u00e4t und sch\u00fctzt vor Schicksalsschl\u00e4gen, w\u00e4hrend sie dem \u201eGuten\u201c zum Sieg verhilft.<\/p>","protected":false},"featured_media":2421,"comment_status":"open","ping_status":"closed","template":"","meta":[],"product_brand":[],"product_cat":[33],"product_tag":[163],"class_list":{"0":"post-2239","1":"product","2":"type-product","3":"status-publish","4":"has-post-thumbnail","6":"product_cat-elite-series","7":"product_tag-163","9":"first","10":"instock","11":"taxable","12":"shipping-taxable","13":"purchasable","14":"product-type-simple"},"_links":{"self":[{"href":"https:\/\/vigo-rio.com\/en\/wp-json\/wp\/v2\/product\/2239","targetHints":{"allow":["GET"]}}],"collection":[{"href":"https:\/\/vigo-rio.com\/en\/wp-json\/wp\/v2\/product"}],"about":[{"href":"https:\/\/vigo-rio.com\/en\/wp-json\/wp\/v2\/types\/product"}],"replies":[{"embeddable":true,"href":"https:\/\/vigo-rio.com\/en\/wp-json\/wp\/v2\/comments?post=2239"}],"wp:featuredmedia":[{"embeddable":true,"href":"https:\/\/vigo-rio.com\/en\/wp-json\/wp\/v2\/media\/2421"}],"wp:attachment":[{"href":"https:\/\/vigo-rio.com\/en\/wp-json\/wp\/v2\/media?parent=2239"}],"wp:term":[{"taxonomy":"product_brand","embeddable":true,"href":"https:\/\/vigo-rio.com\/en\/wp-json\/wp\/v2\/product_brand?post=2239"},{"taxonomy":"product_cat","embeddable":true,"href":"https:\/\/vigo-rio.com\/en\/wp-json\/wp\/v2\/product_cat?post=2239"},{"taxonomy":"product_tag","embeddable":true,"href":"https:\/\/vigo-rio.com\/en\/wp-json\/wp\/v2\/product_tag?post=2239"}],"curies":[{"name":"wp","href":"https:\/\/api.w.org\/{rel}","templated":true}]}}