{"id":2238,"date":"2026-01-20T13:01:06","date_gmt":"2026-01-20T13:01:06","guid":{"rendered":"https:\/\/vigo-rio.com\/?post_type=product&#038;p=2238"},"modified":"2026-02-04T19:41:34","modified_gmt":"2026-02-04T19:41:34","slug":"fc-92-energies-of-justice","status":"publish","type":"product","link":"https:\/\/vigo-rio.com\/en\/product\/fc-92-energies-of-justice\/","title":{"rendered":"FC Energie der Gerechtigkeit \/ Energies of Justice"},"content":{"rendered":"<div><strong>Kolzov-Platte: &#8222;Energie der Gerechtigkeit&#8220;\u00a0(f\u00fcr Gerechtigkeit und gerechte Vertr\u00e4ge und gerechte Ordnung, f\u00fcr Harmonie zwischen Menschen und Gruppen, st\u00e4rkt die Visualisierungskraft und das Umsetzen von Zielen, hilft alles zu ordnen)<\/strong><\/div>\n<p><strong><em>&#8211; neueste Version mit 8-Elementen (8 enthaltenen Energiespeicher-Chips)<\/em><\/strong><\/p>\n<div>Diese Platte braucht jeder, um seine innere Ordnung zu optimieren, denn sie hilft bei der Korrektur von K\u00f6rper, Herz, Seele und Bewusstsein und kann als pers\u00f6nlicher Psychotherapeut, Arzt und Freund verwendet werden. Sie hilft dabei, in einen besseren Kontakt mit dem H\u00f6heren Selbst und in einen Bewusstseinszustand zu gelangen, der zu einem Verst\u00e4ndnis der eigenen St\u00e4rken und Schw\u00e4chen f\u00fchrt. Menschen, die den Mut verloren haben, gibt die Platte wieder Kraft und Selbstvertrauen.<\/div>\n<div>Die Platte stellt Gerechtigkeit wieder her und hilft bei der Bildung und Festlegung von friedlichen Vereinbarungen und Vertr\u00e4gen, moralischen und rechtlichen Grenzen, aktiviert den Wunsch, die Prinzipien von Ehre und Gerechtigkeit, Ordnung und Recht umzusetzen. Sie schafft ein energetisches Feld f\u00fcr harmonische, friedliche Beziehungen zwischen den Menschen, sch\u00fctzt den Anwender der Platte vor Zwietracht und Ungl\u00fcck.<\/div>\n<div>Liebe ist eine Folge der g\u00f6ttlichen Ordnung, Ordnung ist der Kanal f\u00fcr den freien Fluss der Liebe. Wenn in einem Menschen Ordnung herrscht, flie\u00dft Liebe in ihm. Wenn um einen Menschen g\u00f6ttliche Ordnung herrscht, dann ist alles mit Liebe erf\u00fcllt, wenn Ordnung in Beziehungen herrscht, dann bewegt sich die Liebe problemlos zwischen Menschen, ohne dass es zu St\u00f6rungen kommt.<\/div>\n<div><\/div>\n<p><em>Die Aussagen beziehen sich auf alternative Testmethoden wie Meridianenergie-Messungen der Organfunktionskreisl\u00e4ufe nach TCM, Kirlian-Fotografie (EPG\/GDV-Kamera), Oberon, Amsat o.\u00e4. durch den Hersteller &#8222;Planet der Regionen&#8220; und stellen keine medizinische oder auf den physischen K\u00f6rper und dessen Organe bezogenen Aussage im Sinne der westlichen Schulmedizin dar.<\/em><\/p>\n<p>Die Platte &#8222;Energie der Gerechtigkeit&#8220; ist vor allem geeignet f\u00fcr:<\/p>\n<ul>\n<li>\u00f6ffnet einen Kommunikationskanal mit h\u00f6heren Bewusstseinsebenen wie dem eigenen H\u00f6heren Selbst (das H\u00f6here Selbst ist Dein vollkommener Teil, so wie Du im Ursprung als Wesen gedacht bist &#8211; in Jedem ist der g\u00f6ttliche Funke angelegt und \u00fcber den Kontakt zu Deinem H\u00f6heren Selbst, kannst Du Dich damit verbinden). Das H\u00f6here Selbst stellt eine Ebene der Ordnung dar, auf der Dein Handeln, W\u00fcnschen und Wollen aus einer \u00fcbergeordneten Perspektive betrachtet werden kann. Von hier kommen Intuition und Impulse, um Dein Leben in Einklang mit Deiner Seelenaufgabe und der Sch\u00f6pfung zu leiten. In einem besseren Kontakt mit dem H\u00f6heren Selbst wird sowohl das pers\u00f6nliche Schicksal als auch im Schicksal der Welt als Ganzes verst\u00e4ndlicher und man kann es gestalten, ohne damit im st\u00e4ndigen Konflikt zu stehen,<\/li>\n<li>vermittelt ein Bewusstsein f\u00fcr die aktuelle Ordnung der Dinge, das Verst\u00e4ndnis ihrer Ursache-Wirkungs-Beziehungen, hilft, rational zu denken und emotional ausgeglichen zu sein, und hilft dabei, keine Ungerechtigkeit zu erzeugen, der h\u00f6heren Ordnung zu folgen und sein Karma nicht zu sch\u00e4digen,<\/li>\n<li>schafft ein energetisches Feld f\u00fcr harmonische, friedliche Beziehungen zwischen den Menschen, sch\u00fctzt den Anwender der Platte vor Zwietracht und Ungl\u00fcck,<\/li>\n<li>stellt Gerechtigkeit wieder her und h\u00e4lt ein Gleichgewicht zwischen \u201eNehmen\u201c und \u201eGeben\u201c im Austausch mit anderen Menschen und der Welt aufrecht, bezieht alle Betroffenen einer Problemlage ein und stellt im Sinne der h\u00f6heren Ordnung das Gleichgewicht von Wahrheit und Gerechtigkeit her,<\/li>\n<li>hilft bei der Bildung und Festlegung von friedlichen Vereinbarungen und Vertr\u00e4gen, moralischen und rechtlichen Grenzen, aktiviert den Wunsch, die Prinzipien von Ehre und Gerechtigkeit, Ordnung und Recht umzusetzen,<\/li>\n<li>hilft einzelnen Personen aber auch gr\u00f6\u00dferen Gruppen, wenn ihre Rechte verletzt wurden und sie get\u00e4uscht oder wehrlos sind,<\/li>\n<li>st\u00e4rkt die Selbstreflexion in Bezug auf das eigene gerechte Handeln \u2013 als Impuls zur Korrektur und Selbstverbesserung,<\/li>\n<li>hilft dem Anwender, die eigenen gegebenen Versprechen auch einzuhalten (&#8222;Du hast Dein Wort gegeben \u2013 halte es!\u201c) und die Versprechen und Interessen anderer (Partner, Freund, Vater usw.) zu respektieren. Aktiviert die Energien der Einheit und Harmonie und hilft, Menschen einander n\u00e4her zu bringen,<\/li>\n<li>tr\u00e4gt zur Aufrechterhaltung freundschaftlicher Beziehungen bei und sch\u00fctzt eheliche Verbindungen,<\/li>\n<li>verleiht k\u00f6rperliche St\u00e4rke und den energetischen Wunsch, endlich Ordnung zu schaffen, in verschiedenen Interessens- und Lebensbereichen: im Haus, auf dem Schreibtisch, in Papieren, in Beziehungen usw.<\/li>\n<li>neutralisiert unn\u00fctzes Geschwafel und \u00fcberkritische Rhetorik und lenkt Gespr\u00e4che in eine sinnvolle und zielf\u00fchrende Richtung: Wenn Sie m\u00f6chten, dass die Dinge anders werden, machen Sie einen konstruktiven Vorschlag und arbeiten Sie f\u00fcr das Gute, und lassen Sie sich nicht auf Geschwafel ein,<\/li>\n<li>hilft dabei, sich von inneren destruktiven Energien zu befreien, lindert energetische \u00dcberlastung, Stressbelastung, \u00c4ngste, Aufregung, Schuldgef\u00fchle und Groll und hilft bei der Umsetzung kluger Ideen und Bestrebungen,<\/li>\n<li>f\u00f6rdert die Entwicklung der Willenskraft, den Aufbau von sinnvollen Absichten und Zielen und das Bewusstsein f\u00fcr die eigene Verantwortung &#8211; lenkt die eigenen Aktivit\u00e4ten in eine g\u00fcnstige Richtung,<\/li>\n<li>aktiviert den Wunsch, sich Wissen anzueignen, um seine Ziele und W\u00fcnsche im Leben (f\u00fcr Beruf, Gesundheit, Liebe) zu erreichen (in Kurse, Schulungen, Webinaren usw.),<\/li>\n<li>f\u00f6rdert auch die Erf\u00fcllung von W\u00fcnschen im Zusammenhang mit dem Erwerb spirituellen Wissens und dem Treffen mit einem spirituellen Mentor,<\/li>\n<li>verbessert den Geldfluss, um seine finanziellen Angelegenheiten ordnen zu k\u00f6nnen, jedoch nicht f\u00fcr Verschwendung und Launen, sondern f\u00fcr notwendige Bed\u00fcrfnisse und n\u00fctzliche Aufgaben: Behandlungen, Aus- und Fortbildung, Reisen zu \u201eKraftorten\u201c und \u00e4hnliches,<\/li>\n<li>schafft energetische Bedingungen, in denen sich negativen Anhaftungen in der Aura des Anwenders und negative einschr\u00e4nkende Muster, Verbote und Indoktrinationen (aus Erziehung, Propaganda etc.) aufl\u00f6sen k\u00f6nnen, aktiviert und reinigt alle Chakras und Meridiane, hilft bei der Aufl\u00f6sung von Karma jeglicher Art (eigenes oder der Vorfahren) ,<\/li>\n<li>hilft dabei \u00c4ngste zu l\u00f6sen: l\u00f6st diese aus dem Unterbewusstsein und bringt sie zur bewussten Anschauung, um sie zu transformieren &#8211; so wird der Weg frei f\u00fcr weitere Entwicklung von Pers\u00f6nlichkeit und Spiritualit\u00e4t und f\u00fcr eine angemessene Selbsteinsch\u00e4tzung und ein gesundes Selbstwertgef\u00fchl,<\/li>\n<li>st\u00e4rkt die Kreativit\u00e4t und hilft, sein bestes Potenzial zu entfalten,<\/li>\n<li>hat einen positiven Einfluss auf den Bewegungsapparat (lindert Verspannungen, Schmerzen),<\/li>\n<li>arbeitet mit dem Raum, f\u00fcllt ihn mit goldenem Licht und kristallklarer Reinheit und hilft dabei, genau jene energetische Raum-Qualit\u00e4t zu schaffen, die Sie f\u00fcr die jeweiligen Zwecke ben\u00f6tigen (Zuhause, B\u00fcro, Auftritt, Verhandlungen, Sitzungen mit einem Psychologen, Meditation usw.),<\/li>\n<li>Liebe ist eine Folge der Ordnung, Ordnung ist der Kanal f\u00fcr den freien Fluss der Liebe. Wenn in einem Menschen Ordnung herrscht, flie\u00dft Liebe in ihm. Wenn um einen Menschen Ordnung herrscht, dann ist alles mit Liebe erf\u00fcllt, wenn Ordnung in Beziehungen herrscht, dann bewegt sich die Liebe problemlos zwischen Menschen, ohne dass es zu St\u00f6rungen kommt.<\/li>\n<\/ul>\n<div><\/div>\n<div><\/div>\n<div>Auf der Kolzov-Platte sind die Informationen des Energieportals am 16.10.2023 gespeichert, in der zoroastrischen Tradition ein Feiertag des Sonnengottes Mitras. Der altpersische Mitra war eine der m\u00e4chtigsten Gottheiten, Schutzpatron und H\u00fcter des himmlischen Gesetzes, der Gerechtigkeit, der Ordnung und der Einhaltung der Vertr\u00e4ge. Der altpersische Mitra kann nicht mit dem hunderte Jahre sp\u00e4ter entstandenen r\u00f6mischen Mithraskult (Stierkult und Sol invictus) gleichgesetzt werden.<\/div>\n<div><\/div>\n<div>TIPP 1: Die Platte &#8222;Energie der Gerechtigkeit&#8220; stellt sofort ein starker Energiefluss her. Schauen sie dazu zirka eine Minute lang auf die Platte, w\u00e4hrend sie diese in der Hand halten. Der Energiefluss zirkuliert sodann st\u00e4ndig im Kreis von oben nach unten durch den K\u00f6rper, mit Pausen im Hals- und im Herz-Chakra, und bedeckt den gesamten Brustbereich (vom Unterkiefer bis zum Solarplexus).<\/div>\n<div>TIPP 2: Die Platte hilft bei der Verwirklichung von Absichten und verst\u00e4rkt die Wirkung ihrer Visualisierung, um Ihre W\u00fcnsche ins Leben zu ziehen &#8211; bleiben Sie dazu w\u00e4hrend der Arbeit mit der Platte an ihren Zielen fokussiert und lassen Sie keine \u00c4ngste und Zweifel aufkommen, schreiben Sie Ihre W\u00fcnsche auf und wenn Sie einen spirituellen Lehrer, einen Mentor, einen guten Lehrer in einem Handwerk oder in einem Bildungsfach brauchen, bitten sie darum.<\/div>\n<div>TIPP 3: Wenn Sie ungerecht behandelt wurden, arbeiten Sie mit positiven Zielen mit der Platte, um die Situation erfolgreich zu l\u00f6sen, w\u00fcnschen Sie nicht einfach nur eine Bestrafung der T\u00e4ter.<\/div>\n<div>TIPP 4: Achten Sie bei der Arbeit mit der Platte aufmerksam auf Ihren K\u00f6rper: Entspannen Sie sich und beobachten Sie Emotionen, Gedanken und k\u00f6rperliche Empfindungen &#8211; Folgendes kann auftreten: k\u00f6rperlicher und emotionaler Schmerz, negative Gedanken und Emotionen (z.B. Groll). In diesem Fall ist es notwendig, die Kontrolle loszulassen und dem Prozess so weit wie m\u00f6glich zu vertrauen. Die Hauptsache ist, richtig zu verstehen, zu erkennen, loszulassen, zu vergeben und das Problem beginnt zu heilen. H\u00f6ren Sie auf den K\u00f6rper und lassen Sie ihn sich selbst heilen: Wenn der K\u00f6rper sich bewegen m\u00f6chte, dann h\u00f6ren Sie auf ihn und lassen Sie ihn sich bewegen &#8211; die Energie bewegt sich dann von oben nach unten entlang der R\u00fcckseite des K\u00f6rpers von unten nach oben entlang der Vorderfl\u00e4che und durchl\u00e4uft so mehrere Zyklen, bis alle Blockaden gel\u00f6st sind.<\/div>\n<div>\u201eFortgeschrittene\u201c k\u00f6nnen zus\u00e4tzliche Heil- und Meditationstechniken anwenden, um den Prozess zu beschleunigen und den Zustand zu harmonisieren. Sinnvoll k\u00f6nnen auch innere Reisen in die Vergangenheit sein, um Schl\u00fcsselpunkten zu finden, in denen die Probleme entstanden sind.<\/div>\n<div>TIPP 5: Die Platte ist hilfreich f\u00fcr alle, die ihren Beruf und Alltag effektiv und intelligent organisieren m\u00f6chten. Sie hilft im Management, in Politkern und Milit\u00e4r, wo Ordnung, Disziplin und Verantwortung in Einklang gebracht werden m\u00fcssen. Sie ist ebenso ein ausgezeichnetes Werkzeug f\u00fcr Psychologen und in helfenden Berufen.<\/div>\n<div><\/div>\n<div>ZUR BEACHTUNG: Bei dieser Platte sollte das Wasser zum Energetisieren mindestens 15 Minuten lang darauf gestellt werden.<\/div>\n<div><em><strong>Wichtiger Hinweis:<\/strong><\/em><\/div>\n<p><em><strong>Wir weisen ausdr\u00fccklich darauf hin, dass die Kolzov-Platte (russische Bezeichnung: &#8222;Korrektoren des funktionalen Zustands&#8220;) ein alternatives Energie- und Informationsprodukt ist und kein Heilmittel im Sinne der westlichen Schulmedizin. Vielmehr ist es ein rein energetisches Hilfsmittel zur ganzheitlichen Balancierung von energetischen Disharmonien und Blockaden. Informationen \u00fcber Qualit\u00e4t und Eigenschaften des Energieobjekts beziehen sich auf Aussagen des russischen Herstellers und alternativen Theorien zu Mensch und Umwelt, auf alternative Anschauungen und esoterische \u00dcberlieferungen oder Aussagen. Sie gelten nur im Sinne der esoterischen Lebensphilosophie und daran angelehnte Alternativheilkunde. Wirkungen im Sinne westlicher Wissenschaft oder Medizin werden hier nicht behauptet.<\/strong><\/em><\/p>","protected":false},"excerpt":{"rendered":"<p data-path-to-node=\"4,0,0\"><b data-path-to-node=\"4,0,0\" data-index-in-node=\"0\">Keywords:<\/b> Ordnung, faire Vertr\u00e4ge, Karma-L\u00f6sung, Selbstvertrauen, Finanz-Fokus.<br \/>\n<b data-path-to-node=\"4,1,0\" data-index-in-node=\"0\">Geistige Ebene:<\/b> Verbindung zum H\u00f6heren Selbst; Schutzpatron Mitra; neutralisiert zielloses Geschwafel.<br \/>\n<b data-path-to-node=\"4,2,0\" data-index-in-node=\"0\">K\u00f6rperlicher Fokus:<\/b> L\u00f6st Verspannungen im Bewegungsapparat; energetischer \u201eHausputz\u201c f\u00fcr die Aura.<br \/>\n<b data-path-to-node=\"4,3,0\" data-index-in-node=\"0\">Strukturierung:<\/b> Wasser ben\u00f6tigt <b data-path-to-node=\"4,3,0\" data-index-in-node=\"32\">15 Min.<\/b> (8-Elemente-Technologie)<\/p>","protected":false},"featured_media":2335,"comment_status":"open","ping_status":"closed","template":"","meta":[],"product_brand":[],"product_cat":[33],"product_tag":[162],"class_list":{"0":"post-2238","1":"product","2":"type-product","3":"status-publish","4":"has-post-thumbnail","6":"product_cat-elite-series","7":"product_tag-162","9":"first","10":"instock","11":"taxable","12":"shipping-taxable","13":"purchasable","14":"product-type-simple"},"_links":{"self":[{"href":"https:\/\/vigo-rio.com\/en\/wp-json\/wp\/v2\/product\/2238","targetHints":{"allow":["GET"]}}],"collection":[{"href":"https:\/\/vigo-rio.com\/en\/wp-json\/wp\/v2\/product"}],"about":[{"href":"https:\/\/vigo-rio.com\/en\/wp-json\/wp\/v2\/types\/product"}],"replies":[{"embeddable":true,"href":"https:\/\/vigo-rio.com\/en\/wp-json\/wp\/v2\/comments?post=2238"}],"wp:featuredmedia":[{"embeddable":true,"href":"https:\/\/vigo-rio.com\/en\/wp-json\/wp\/v2\/media\/2335"}],"wp:attachment":[{"href":"https:\/\/vigo-rio.com\/en\/wp-json\/wp\/v2\/media?parent=2238"}],"wp:term":[{"taxonomy":"product_brand","embeddable":true,"href":"https:\/\/vigo-rio.com\/en\/wp-json\/wp\/v2\/product_brand?post=2238"},{"taxonomy":"product_cat","embeddable":true,"href":"https:\/\/vigo-rio.com\/en\/wp-json\/wp\/v2\/product_cat?post=2238"},{"taxonomy":"product_tag","embeddable":true,"href":"https:\/\/vigo-rio.com\/en\/wp-json\/wp\/v2\/product_tag?post=2238"}],"curies":[{"name":"wp","href":"https:\/\/api.w.org\/{rel}","templated":true}]}}