{"id":2237,"date":"2026-01-20T13:00:22","date_gmt":"2026-01-20T13:00:22","guid":{"rendered":"https:\/\/vigo-rio.com\/?post_type=product&#038;p=2237"},"modified":"2026-03-25T17:13:29","modified_gmt":"2026-03-25T17:13:29","slug":"fc-91-womans-treasure","status":"publish","type":"product","link":"https:\/\/vigo-rio.com\/en\/product\/fc-91-womans-treasure\/","title":{"rendered":"FC Schatz der Frau \/ Woman&#8217;s Treasure"},"content":{"rendered":"<div><strong>Kolzov-Platte: &#8222;Schatz der Frau&#8220; (Entfaltung der weiblichen Energie, Gesundheit und Ausstrahlung, innere Akzeptanz, mehr Selbstbewusstsein und Attraktivit\u00e4t)<\/strong><\/div>\n<div><em><strong>&#8211; neueste Version mit 8-Elementen (8 enthaltenen Energiespeicher-Chips)<\/strong><\/em><\/div>\n<p>Die Platte steigert das innere Lichtpotenzial und aktiviert die weibliche Sch\u00f6nheit. Sie hilft einer Frau, das neue g\u00f6ttliche Potenzial weiblicher Kraft in sich selbst zu entdecken und durch sich selbst zum Ausdruck zu bringen &#8211; was es ihr erm\u00f6glicht, \u00e4u\u00dfere Sch\u00f6nheit und gesunde Hormonfunktionen f\u00fcr lange Zeit aufrechtzuerhalten. Weitere Themen, die mit den Energien der Platte bearbeitet werden k\u00f6nnen sind innere Akzeptanz, Selbstbewusstsein, F\u00fcrsorge, Liebe, Einsamkeit und Melancholie, Langeweile, Traurigkeit, das Gef\u00fchl, das Leben ginge an einem vorbei, \u00fcberzogenem Pflichtgef\u00fchl und es k\u00f6nnen Blockaden aufgel\u00f6st werden, in Zusammenhang mit M\u00e4nner, Beziehungen und Familie.<\/p>\n<div>Die Platte offenbart die Sch\u00f6nheit, Weichheit und W\u00fcrde einer Frau und verlangsamt den Prozess des k\u00f6rperlichen Alterns. Auch M\u00e4nner k\u00f6nnen die Platte zur Entspannung und zur Arbeit mit diesen Themen verwenden. Ver\u00e4ndert die Wahrnehmung der Welt zum Besseren durch die Offenlegung weiblicher Energien.<\/div>\n<div><em>Die Aussagen beziehen sich auf alternative Testmethoden wie Meridianenergie-Messungen der Organfunktionskreisl\u00e4ufe nach TCM, Kirlian-Fotografie (EPG\/GDV-Kamera), Oberon, Amsat o.\u00e4. durch den Hersteller &#8222;Planet der Regionen&#8220; und stellen keine medizinische oder auf den physischen K\u00f6rper und dessen Organe bezogenen Aussage im Sinne der westlichen Schulmedizin dar.<\/em><\/div>\n<div>Die Platte &#8222;Schatz der Frau&#8220; ist vor allem geeignet f\u00fcr:<\/div>\n<ul>\n<li>Ziel ist die innere Transformation der weiblichen Energie \u2013 es entsteht mehr innere Leichtigkeit und Z\u00e4rtlichkeit \u2013, was dazu beitr\u00e4gt, die Energie in eine wirklich weibliche Energie zu verwandeln,<\/li>\n<li>hilft dabei, eine Reihe von Einstellungen in allen Schichten des Bewusstseins und des Unterbewusstseins aufzul\u00f6sen: bewusste und unbewusste Sch\u00e4digung des eigenen K\u00f6rpers, Selbstzerst\u00f6rung des K\u00f6rpers (Junk Food, geringe k\u00f6rperliche Aktivit\u00e4t, S\u00fcchte), Versuche, den eigenen K\u00f6rper zu \u201everbessern\u201c, die auf dem \u201eIch bin nicht genug\u201c-Programm beruhen,<\/li>\n<li>aktiviert das 1., 4., 5., 7. Chakra und vor allem das 2 Chakra, synchonisiert die Chakra-Energien mit den Meridianenergien und st\u00e4rkt so Vitalit\u00e4t, Herzenergie und Seelenebene,<\/li>\n<li>schafft ein Gleichgewicht zwischen m\u00e4nnlichen und weiblichen Energien in der Energiestruktur der Frau, er\u00f6ffnet neue Facetten der Weiblichkeit, verleiht Yin-St\u00e4rke und Selbstvertrauen, steigert Attraktivit\u00e4t und es wird schwer, den Blick von einer Frau mit solcher Energie abzuwenden,<\/li>\n<li>verleiht dem Gang Anmut, bringt die Augen zum Strahlen und aktiviert die weibliche Sch\u00f6nheit,<\/li>\n<li>schaltet einen leistungsstarken \u201eGenerator\u201c f\u00fcr inneres Licht ein, alles beginnt gut zu laufen und gibt Ihnen die M\u00f6glichkeit, Ihre Ziele zu verwirklichen,<\/li>\n<li>st\u00e4rkt die F\u00e4higkeit zum Flirten ohne sexuelle Untert\u00f6ne, wie ein Spiel um des Spielens willen, steigert die positive Einstellung zu sich selbst und verbessert die positive Stimmung anderer. \u201eJe gl\u00fccklicher du bist, desto gl\u00fccklicher sind alle um dich herum!\u201c,<\/li>\n<li>bringt die Wahrnehmung der Sch\u00f6nheit auf eine qualitativ neue Ebene, es entsteht eine Synergie der Gef\u00fchle,<\/li>\n<li>erzeugt einen Zustand des Friedens und der Selbstzufriedenheit, der Bewunderung f\u00fcr die Welt, ein Gef\u00fchl der F\u00fclle des Lebens, der Freude am Leben selbst und an harmonischen Beziehungen<\/li>\n<li>hilft einer Frau dabei, jeden Moment zu genie\u00dfen und verhilft zur Erkenntnis \u2013 Ihr neues Leben liegt in Ihren H\u00e4nden,<\/li>\n<li>hilft dabei, sich selbst zu akzeptieren und zu lieben und f\u00fchrt zur Erkenntnis, dass alle wichtigen Lebensereignisse, auch die negativen, wertvolle Erfahrungen sind, die zur Weisheit werden,<\/li>\n<li>hilft die Liebe ins Leben zu ziehen und gute Beziehungen in der Familie aufzubauen, erm\u00f6glicht einer Frau, ihren weiblichen \u201eRang\u201c durch die Energien der Treue zu verwirklichen \u2013 um ihre Familie und ihren Ehemann zu sch\u00fctzen,<\/li>\n<li>hilft dabei, den eigenen K\u00f6rper angemessen zu akzeptieren und zu pflegen, Ihre k\u00f6rperliche und emotionale Gesundheit bewusst zu verbessern und sich nicht zu qu\u00e4len, um jemandem zu gefallen (Partner, soziale Einrichtungen, usw.)<\/li>\n<li>l\u00f6st unbewusste physische und psychische Blockaden, die durch den Einfluss negativer Programme, Einstellungen und Situationen in Bezug auf M\u00e4nner entstanden sind und f\u00fcllt die Anwenderin mit einer Ressource hoher Energie,<\/li>\n<li>erh\u00f6ht die \u201em\u00fctterliche\u201c Energie einer Frau und die F\u00e4higkeit, sich ohne Druck und Stress um die Kinder k\u00fcmmern zu k\u00f6nnen,<\/li>\n<li>st\u00e4rkt die F\u00e4higkeit, in Beziehungen mit M\u00e4nnern pers\u00f6nliche Grenzen zu setzen und flexibel zu handeln &#8211; auch um sich und Kinder sch\u00fctzen zu k\u00f6nnen,<\/li>\n<li>hilft bei Stimmungsschwankungen nicht der \u00fcberm\u00e4\u00dfigen Emotionalit\u00e4t zu erliegen und schneller wieder in einen Zustand der Entspannung zu gelangen,<\/li>\n<li>hilft dabei, Verbindungen zu gleichgesinnten Frauen aufzubauen und sich dem Fluss der lebensspendenden weiblichen Energie zu \u00f6ffnen,<\/li>\n<li>hilft dabei, gute Beziehungen zu Eltern, Kindern und Ehepartnern zu pflegen oder wiederherzustellen und sich bei Bedarf vom Informationsfeld falscher und negativer \u00dcberzeugungen geliebter Menschen zu \u201etrennen\u201c,<\/li>\n<li>beseitigt Eitelkeit und st\u00e4rkt die F\u00e4higkeit, zur entspannten, distanzierten Beobachtung und zum Verst\u00e4ndnis,<\/li>\n<li>deaktiviert unbewusste \u201eVerbindungen\u201c zum Energiesystem des Benutzers, die von niedrigeren Schwingungsebenen stammen und beispielsweise durch das Ansehen von grausamen Szenen im Fernsehen in das Unterbewusstsein eingedrungen sein k\u00f6nnen,<\/li>\n<li>auf Ebene der K\u00f6rperenergien, hilft die Platte dabei, die Alterung zu verlangsamen, jugendliche Prozesse auf energetischer und k\u00f6rperlicher Ebene anzusto\u00dfen und K\u00f6rper und Seele mit einem Zustand und Gef\u00fchl der Jugend zu erf\u00fcllen,<\/li>\n<li>l\u00f6st muskul\u00e4re Blockaden, in dem sie den Muskeltonus normalisiert &#8211; die K\u00f6rperblockade wird dazu zun\u00e4chst aktiviert und wird sp\u00fcrbar, um dann nach und nach aufgel\u00f6st zu werden,<\/li>\n<li>hilft, Stauungen im Lymphsystem zu beseitigen und die Gesundheit der Gyn\u00e4kologie in jedem Alter zu verbessern, sie kann auch bei PMS und in den Wechseljahren eingesetzt werden.<\/li>\n<\/ul>\n<div><\/div>\n<div><\/div>\n<div>Auf der Platte sind die Informationen des Wassers der Geisha-Quelle gespeichert, die sich im Bezirk Juschno-Sachalinsk auf der russischen Insel Sachalin, n\u00f6rdlich von Japan, befindet.<\/div>\n<div><\/div>\n<div>TIPP 1: Die Energie der Platte &#8222;Schatz der Frau&#8220; \u00f6ffnet sich schnell, sie ist sehr sanft wie fallende Bl\u00fctenbl\u00e4tter. Trinken Sie gleich morgens damit informiertes Wasser und lassen sich mit der Energie durchstr\u00f6men &#8211; und Sie werden die Ver\u00e4nderungen in sich selbst und in Ihrer Umgebung bemerken.<\/div>\n<div>M\u00f6chten Sie die Platte f\u00fcr eine Heilung einsetzen, dann bitten Sie konkret um die Heilung eines bestimmten Organs und aller damit verbundenen Funktionen, die an der Entstehung des Problems beteiligt waren (z. B. Augen, Leber oder Magen-Darm-Trakt).<\/div>\n<div>Halten Sie die Platte auf der Thymusdr\u00fcse und danken Sie w\u00e4hrend der Arbeit allen, die an Ereignissen in Ihrem Leben teilgenommen haben, aber vor allem sich selbst: &#8222;Ich danke Ihnen f\u00fcr jede Erfahrung, die ich machen durfte und die ich morgen durchmachen werde. Ich danke allen Menschen, die mir auf meinem Weg begegnet sind, die an den Ereignissen meines Lebens teilgenommen haben.&#8220;<\/div>\n<div><\/div>\n<div>TIPP 2: Sie k\u00f6nnen Ihr Herz und Ihre Intuition zu einem Mann befragen: Halten Sie die Platte auf H\u00f6he des Herz-Chakras und achten Sie auf die inneren Signale &#8211; jede Frau erh\u00e4lt ihre eigenen Informationen, aber es gibt auch allgemeine, universelle Antworten wie &#8222;einfach lieben, einfach akzeptieren, sei du selbst, pass auf dich auf&#8220;. Sie k\u00f6nnen aber auch jene erkennen, die Ihre Grenzen verletzen und k\u00f6nnen eine neue Art von Interaktion aufbauen.<\/div>\n<div>Trinken Sie etwas mit der Platte informiertes Wasser, tanken Sie neue Energie und machen Sie sich bereit, Liebe zu verbreiten.<\/div>\n<div>TIPP 3: Die Platte ist auch sehr gut geeignet f\u00fcr M\u00e4dchen in der Pubert\u00e4t, um ihre Einstellung zu sich selbst, ihren vor\u00fcbergehenden M\u00e4ngel (physiologische Ver\u00e4nderungen im K\u00f6rper, ungesunde Gesichtshaut usw.) gegen\u00fcber zu heilen &#8211; aber auch in jedem Alter, um Ablehnung von sich selbst, Aussehen und K\u00f6rper, zu \u00fcberwinden.<\/div>\n<div>TIPP 4: Unverzichtbar f\u00fcr Ballettt\u00e4nzerinnen und alle anderen T\u00e4nzerinnen zur St\u00e4rkung der Ausstrahlung. Hilfreich f\u00fcr Frauen, die Fitness betreiben und Sportarten betreiben, bei denen es notwendig ist, K\u00f6rperplastizit\u00e4t zu zeigen \u2013 Rhythmische Sportgymnastik, Eiskunstlauf usw.. Die Platte unterst\u00fctzt auch die Kreativit\u00e4t und Musikalit\u00e4t.<\/div>\n<div>TIPP 5: Die Platte kann von schwangeren Frauen verwendet werden (Wasser trinken, auf den Bauch auftragen, in den Schlafbereich legen). Und sie hilft, Kinder zu beruhigen (bei Tr\u00e4nen, Wutanf\u00e4llen, \u00c4ngsten).<\/div>\n<div>TIPP 6: Die Platte sollte in Sch\u00f6nheitssalons, Massager\u00e4umen, Spas, Sanatorien und Ferienh\u00e4usern platziert werden, im Schlaf- und Ruhebereich und kann auch die Traumarbeit unterst\u00fctzen.<\/div>\n<div>TIPP 7: Die Platte kann mit \u00e4lteren Platten passender Themen kombiniert werden wie &#8222;Wahrhaftige Liebe&#8220; (Serie Gr\u00fcn), &#8222;Bereginja&#8220; und &#8222;Mamma&#8220; (Serie Kollektion) etc.<\/div>\n<div><\/div>\n<div>ZUR BEACHTUNG: Bei dieser Platte sollte das Wasser zum Energetisieren mindestens 15 Minuten lang darauf gestellt werden.<\/div>\n<div><\/div>\n<div><\/div>\n<div><strong><em>Wichtiger Hinweis:<br \/>\n<\/em><\/strong><\/div>\n<p><strong><em>Wir weisen ausdr\u00fccklich darauf hin, dass die Kolzov-Platte (russische Bezeichnung: &#8222;Korrektoren des funktionalen Zustands&#8220;) ein alternatives Energie- und Informationsprodukt ist und kein Heilmittel im Sinne der westlichen Schulmedizin. Vielmehr ist es ein rein energetisches Hilfsmittel zur ganzheitlichen Balancierung von energetischen Disharmonien und Blockaden. Informationen \u00fcber Qualit\u00e4t und Eigenschaften des Energieobjekts beziehen sich auf Aussagen des russischen Herstellers und alternativen Theorien zu Mensch und Umwelt, auf alternative Anschauungen und esoterische \u00dcberlieferungen oder Aussagen. Sie gelten nur im Sinne der esoterischen Lebensphilosophie und daran angelehnte Alternativheilkunde. Wirkungen im Sinne westlicher Wissenschaft oder Medizin werden hier nicht behauptet.<\/em><\/strong><\/p>","protected":false},"excerpt":{"rendered":"<p>ist darauf ausgerichtet, deine innere Sch\u00f6nheit und Ausstrahlung zu maximieren. Sie verwandelt deine Energie in eine sanfte, z\u00e4rtliche Yin-Kraft und hilft dir, dich selbst bedingungslos zu lieben und zu akzeptieren. Sie l\u00f6st Blockaden im Zusammenhang mit M\u00e4nnern und Partnerschaften und verlangsamt den k\u00f6rperlichen Alterungsprozess durch Harmonisierung des Hormonsystems.<\/p>","protected":false},"featured_media":2413,"comment_status":"open","ping_status":"closed","template":"","meta":[],"product_brand":[],"product_cat":[33],"product_tag":[161],"class_list":{"0":"post-2237","1":"product","2":"type-product","3":"status-publish","4":"has-post-thumbnail","6":"product_cat-elite-series","7":"product_tag-161","9":"first","10":"outofstock","11":"taxable","12":"shipping-taxable","13":"purchasable","14":"product-type-simple"},"_links":{"self":[{"href":"https:\/\/vigo-rio.com\/en\/wp-json\/wp\/v2\/product\/2237","targetHints":{"allow":["GET"]}}],"collection":[{"href":"https:\/\/vigo-rio.com\/en\/wp-json\/wp\/v2\/product"}],"about":[{"href":"https:\/\/vigo-rio.com\/en\/wp-json\/wp\/v2\/types\/product"}],"replies":[{"embeddable":true,"href":"https:\/\/vigo-rio.com\/en\/wp-json\/wp\/v2\/comments?post=2237"}],"wp:featuredmedia":[{"embeddable":true,"href":"https:\/\/vigo-rio.com\/en\/wp-json\/wp\/v2\/media\/2413"}],"wp:attachment":[{"href":"https:\/\/vigo-rio.com\/en\/wp-json\/wp\/v2\/media?parent=2237"}],"wp:term":[{"taxonomy":"product_brand","embeddable":true,"href":"https:\/\/vigo-rio.com\/en\/wp-json\/wp\/v2\/product_brand?post=2237"},{"taxonomy":"product_cat","embeddable":true,"href":"https:\/\/vigo-rio.com\/en\/wp-json\/wp\/v2\/product_cat?post=2237"},{"taxonomy":"product_tag","embeddable":true,"href":"https:\/\/vigo-rio.com\/en\/wp-json\/wp\/v2\/product_tag?post=2237"}],"curies":[{"name":"wp","href":"https:\/\/api.w.org\/{rel}","templated":true}]}}