{"id":2236,"date":"2026-01-20T12:59:43","date_gmt":"2026-01-20T12:59:43","guid":{"rendered":"https:\/\/vigo-rio.com\/?post_type=product&#038;p=2236"},"modified":"2026-02-28T20:09:12","modified_gmt":"2026-02-28T20:09:12","slug":"fc-90-magnificence","status":"publish","type":"product","link":"https:\/\/vigo-rio.com\/en\/product\/fc-90-magnificence\/","title":{"rendered":"FC Enth\u00fcllung des \u00dcberbewusstsein \/ Magnificence"},"content":{"rendered":"<p><strong>Kolzov-Platte: &#8222;Enth\u00fcllung des \u00dcberbewusstseins \/ Innere Gr\u00f6\u00dfe&#8220;\u00a0(f\u00fcr Spitzenleistung, innere Gr\u00f6\u00dfe und G\u00fcte, bei Stress, harmonisiert das vegetative Nervensystem, Ausgleich der m\u00e4nnlichen und weiblichen Energien, f\u00fcr St\u00e4rkung der Familie und Schutz des Hauses)<\/strong><\/p>\n<p><strong><em>(bei paarweiser Anwendung am besten mit der Platte &#8222;Energien der neuen Welt\/Selbstbewusstsein&#8220;)<\/em><br \/>\n<\/strong><\/p>\n<p><strong>&#8211; neueste Version mit 8-Elementen (8 enthaltenen Energiespeicher-Chips)<\/strong><\/p>\n<p><em>Die Platte tr\u00e4gt die russische Aufschrift: \u0412\u0415\u041b\u0418\u0427\u0418\u0415<\/em><\/p>\n<p><em>bzw. auf dem erg\u00e4nzenden Deckblatt: &#8222;MAGNIFICIENCE&#8220;, &#8222;GRANDEUR INT\u00c9RIERE&#8220;<\/em><\/p>\n<p>Die Platte hilft dem Anwender, alle Sch\u00f6nheiten dieser Welt zu sehen, zu f\u00fchlen und zu sch\u00e4tzen und ihre G\u00fcter zu empfangen. Sie unterst\u00fctzt dabei, der Beste in seinem Bereich zu werden &#8211; egal, in welchem Metier man t\u00e4tig ist -, und aktiviert die Energien der inneren Gr\u00f6\u00dfe und G\u00fcte. Sie stellt zudem die Gesundheit des vegetativen Nervensystems und des Hormonsystems wieder her, einschlie\u00dflich der Funktionen der Zirbeldr\u00fcse.<\/p>\n<p>Die Platte aktiviert das historische Ged\u00e4chtnis der Menschen, unabh\u00e4ngig vom aktuellen Wohnort. Sie tr\u00e4gt dazu bei, die Bedeutung der Familie und des h\u00e4uslichen Herdes wiederzubeleben und die Beziehungen zwischen den Generationen zu harmonisieren. Sie f\u00f6rdert das Wohlergehen und den Wohlstand der Familie und sch\u00fctzt den &#8222;heimischen Herd&#8220;. Sie gibt Kindern das Gef\u00fchl, gesch\u00fctzt zu sein und hilft dabei, hyperaktive und emotional instabile Kinder zu beruhigen. Wenn die Aura der Eltern &#8222;verschlossen&#8220; ist (siehe von Kolzov die Infos zu diesem Problembereich zu: globale &#8222;Negativ-Programme&#8220;), dann fehlt Kindern die energetische Verbindung und sie reagieren mit auff\u00e4lligem Verhalten. Die Platte hilft Kindern das auszugleichen.<\/p>\n<p><em>Die Aussagen beziehen sich auf alternative Testmethoden wie Meridianenergie-Messungen der Organfunktionskreisl\u00e4ufe nach TCM, Kirlian-Fotografie (EPG\/GDV-Kamera), Oberon, Amsat o.\u00e4. durch den Hersteller &#8222;Planet der Regionen&#8220; und stellen keine medizinische oder auf den physischen K\u00f6rper und dessen Organe bezogenen Aussage im Sinne der westlichen Schulmedizin dar.<\/em><\/p>\n<p><strong>Die Platte ist in diesem Sinne vor allem geeignet f\u00fcr:<\/strong><\/p>\n<ul>\n<li>aktiviert alle Chakras, insbesondere das Hals-Chakra, und verbessert deren Koordination in einem einzigen System, unterst\u00fctzt die Verbindung des physischen K\u00f6rper zu einem energetischen Ganzen und die Verbindung der Organe mit der zugeh\u00f6rigen Informationsebene,<\/li>\n<li>stellt die Gesundheit des vegetativen Nervensystems und des Hormonsystems wieder her, einschlie\u00dflich der Funktionen der Zirbeldr\u00fcse, strukturiert und reguliert den Informationsfluss,<\/li>\n<li>unterst\u00fctzt die langfristige Erneuerung und Regeneration des Bewegungsapparates bis ins hohe Alter,<\/li>\n<li>hilft bei Stress und Unruhezust\u00e4nden wieder in die Ruhe und Ausgeglichenheit zu kommen,<\/li>\n<li>hilft Frauen mit PMS, gleicht emotionale Schwankungen aus,<\/li>\n<li>reinigt den Anwender und seine Umgebung von negativen Wesenheiten, unruhigen Seelen Verstorbener und Wesenheiten verschiedener Art,<\/li>\n<li>st\u00e4rkt das &#8222;innere Licht&#8220; des Anwenders und bringt es zum Leuchten, verbindet den inneren Rhythmus mit den Rhythmen der Natur, erdet und weckt zugleich die Erinnerung an das Universum,<\/li>\n<li>die Intuition und sensitive F\u00e4higkeiten werden gest\u00e4rkt und spirituelle Einsichten und &#8222;Visionen\u201c unterst\u00fctzt,<\/li>\n<li>offenbart inneres Wissen, was und wann etwas zu tun ist und wie es ohne Eile erledigt wird,<\/li>\n<li>die Platte vermittelt einen Energiekanal, der einen Fluss weiblicher und m\u00e4nnlicher Energie enth\u00e4lt, ohne dass sich diese vermischen. So k\u00f6nnen Frauen mit weiblicher Energie gest\u00e4rkt werden und M\u00e4nner mit m\u00e4nnlicher. Zugleich wird aber auch die harmonische Kombination m\u00e4nnlicher und weiblicher Energien in jedem Menschen unterst\u00fctzt und die Erinnerung an die urspr\u00fcngliche Bedeutung und den urspr\u00fcnglichen Zustand dieser Energien geweckt &#8211; Frauen empfinden dies als gr\u00f6\u00dfere Gelassenheit und Weichheit, f\u00fcr M\u00e4nner zeigt sich dies als innere Stabilit\u00e4t und Standhaftigkeit gepaart mit Sanftheit und Freundlichkeit,<\/li>\n<li>st\u00e4rkt bei Frauen ein gesundes m\u00fctterliches Verhalten ohne \u00fcberm\u00e4\u00dfige Autorit\u00e4t oder K\u00e4lte zu zeigen. Die Anwenderin w\u00fcrde intuitiv verstehen, wann es notwendig ist, in die Angelegenheiten des Kindes einzugreifen oder nicht, wann es notwendig ist, es zu sch\u00fctzen und\/oder zu helfen, und wann es notwendig ist, ihm die M\u00f6glichkeit zu geben, sich auf unabh\u00e4ngige Weise f\u00fcr seine Handlungen zu verantworten, damit sich eine ehrliche und gesunde Pers\u00f6nlichkeit mit einer ausgeglichenen Psyche formen kann,<\/li>\n<li>gibt Kindern das Gef\u00fchl, gesch\u00fctzt zu sein und hilft dabei, hyperaktive und emotional instabile Kinder zu beruhigen,<\/li>\n<li>belebt die Kraft der Familie, verbindet mit der Ursprungslinie der Energie der Frauen, welche auf Liebe und Frieden ausgerichtet ist und mit der m\u00e4nnlichen Ursprungslinie, die sich in St\u00e4rke, Loyalit\u00e4t, Anstand und Wahrheit manifestiert,<\/li>\n<li>hilft dabei, die Bedeutung von Familie und des Zuhauses zu verstehen, harmonisiert die Beziehungen zwischen den Generationen und hilft, sich gegenseitig zu akzeptieren,<\/li>\n<li>unterst\u00fctzt dabei, den richtigen Ehepartner zu finden, mit dem es m\u00f6glich ist, durch Eintracht und Einigkeit f\u00fcreinander Gl\u00fcck zu schaffen,<\/li>\n<li>zielt auf eine Wiederbelebung des historischen Ged\u00e4chtnisses von Menschen und Regionen, unabh\u00e4ngig vom gegenw\u00e4rtigen Wohnort.<\/li>\n<li>Unterst\u00fctzt die Aufnahme und Pflege von Haustieren im Haushalt.<\/li>\n<\/ul>\n<p>Auf der Kolzov-Platte &#8222;Enth\u00fcllung des \u00dcberbewusstseins \/ Innere Gr\u00f6\u00dfe&#8220; sind die Informationen des kosmo-energetischen Kanals des Gottes Veles gespeichert, der einen Zustand der Freude vermittelt, der durch G\u00fcte und Innere Gr\u00f6\u00dfe ausgel\u00f6st wird.<\/p>\n<p>Veles oder Volos ist einer der Hauptg\u00f6tter in der slawischen Mythologie. Er ist ein Gott der Fruchtbarkeit, der Erde und der Magie, Besch\u00fctzer des Viehs und der Ernte und Herrscher \u00fcber das Totenreich. Von dieser Grundfunktion leitet sich seine Zust\u00e4ndigkeit f\u00fcr den wirtschaftlichen Bereich, das Bewahren des Reichtums und das Sicherstellen der Rechtsordnung ab.<\/p>\n<p>TIPP 1: Die Platte &#8222;Enth\u00fcllung des \u00dcberwusstseins\/Innere Gr\u00f6\u00dfe&#8220; bildet mit der Platte &#8222;Energien der neuen Welt\/Selbstvertrauen&#8220; ein ideales Paar. Es ist empfehlenswert, zuerst mit der Platte &#8222;Enth\u00fcllung des \u00dcberwusstseins\/Innere Gr\u00f6\u00dfe&#8220; zu arbeiten und danach mit der Platte &#8222;Energien der neuen Welt&#8220;.<\/p>\n<p>Die Platte &#8222;Enth\u00fcllung des \u00dcberbewusstseins \/ Innere Gr\u00f6\u00dfe&#8220; kann einzeln oder in Kombination verwendet werden mit den Platten: &#8222;Wahrhaftige Liebe&#8220; und &#8222;Harmonie&#8220; (Serie Gr\u00fcn), &#8222;Geheimnis des Weisen&#8220;, &#8222;Kolzovs Lichtgeschenk&#8220; (Serie Elite), &#8222;Sieger&#8220;, &#8222;Indi&#8220; und &#8222;Gl\u00fcckseligkeit&#8220; (Serie Kollektion).<\/p>\n<p>TIPP 2: Wenn Sie die Energie der Platte st\u00e4rker und schneller aufrufen m\u00f6chten: Nehmen Sie die Platte in die rechte Hand, spannen den Hals leicht an und ber\u00fchren mit der rechten Hand die rechte Halsschlagader (und informiert so mit der Platte das vorbeiflie\u00dfende Blut in der rechten Halsschlagader) f\u00fcr die Dauer von zirka 22 Herzschl\u00e4gen. Danach wechselt Sie die Seite: die Platte in die linke Hand nehmen und an die linke Halsseite auf die linke Halsschlagader halten. Danach halten Sie die Platte auf H\u00f6he des Solarplexus zwischen den Handfl\u00e4chen.<\/p>\n<p>Die Platte ist f\u00fcr die Anwendung in jedem Alter sowohl f\u00fcr M\u00e4nner als auch f\u00fcr Frauen sehr wichtig.<\/p>\n<p>Die Energien der Platte werden oft als die Energien der alten \u00c4ltesten empfunden &#8211; als alte Weisheiten, des vergessenen geheimen Wissens der allerersten Inkarnationen des Menschen. Sie k\u00f6nnen sich an die \u00c4ltesten wenden, wenn Sie wirklich wichtige Probleme l\u00f6sen m\u00fcssen, und um Hilfe bitten. Die Antwort wird in Form von Energien, Gedanken, Gef\u00fchlen und Empfindungen kommen.<\/p>\n<p>TIPP 3: Sie k\u00f6nnen die Platte auch nachts unter das Kopfkissen legen &#8211; sowohl bei Erwachsenen als auch bei Kindern -, um den emotionalen Hintergrund zu beruhigen und zu harmonisieren.<\/p>\n<p>TIPP 4: Die Energien der Platte werden zus\u00e4tzlich gest\u00e4rkt, wenn man die Platte bei sich hat und harmonische Musik etwa von Klavier oder der 11-saitigen Tonica-Gitarre h\u00f6rt oder spielt. Auch der Verzehr von \u00c4pfeln und Haseln\u00fcssen, Hirsem\u00fcsli, R\u00fcbengem\u00fcse, Trompetenpilz und Basilikumgew\u00fcrz unterst\u00fctzten die Energien der Platte. Die beste Uhrzeit f\u00fcr eine intensive Anwendung in Meditationen etc. damit ist 22 Uhr.<\/p>\n<p>TIPP 5: Durch die Aktivierung des Hals-Chakras ist die Platte eine wertvolle Unterst\u00fctzung beim Singer, f\u00fcr Hobbys\u00e4nger und Profis&#8230;<\/p>\n<p>TIPP 6: W\u00e4hrend der Schwangerschaft sollte die Platte nicht bei starkem Stress und nicht f\u00fcr l\u00e4ngere Zeit angewendet werden.<\/p>\n<p>TIPP 7: Die Platte ist auch besonders gut f\u00fcr M\u00fctter, deren S\u00f6hne nicht das Vorbild ihres Vaters im Leben haben. Solche M\u00fctter neigen dazu, ihre S\u00f6hne \u00fcberm\u00e4\u00dfig zu besch\u00fctzen oder unter Druck zu setzen, wodurch sie daran gehindert werden, erwachsen zu werden und sich zu trennen.<\/p>\n<p>ZUR BEACHTUNG: Bei dieser Platte sollte das Wasser zum Energetisieren mindestens 15 Minuten lang darauf gestellt werden.<\/p>\n<p><em><strong>Wichtiger Hinweis:<\/strong><\/em><\/p>\n<p><em><strong>Wir weisen ausdr\u00fccklich darauf hin, dass die Kolzov-Platte (russische Bezeichnung: &#8222;Korrektoren des funktionalen Zustands&#8220;) ein alternatives Energie- und Informationsprodukt ist und kein Heilmittel im Sinne der westlichen Schulmedizin. Vielmehr ist es ein rein energetisches Hilfsmittel zur ganzheitlichen Balancierung von energetischen Disharmonien und Blockaden. Informationen \u00fcber Qualit\u00e4t und Eigenschaften des Energieobjekts beziehen sich auf Aussagen des russischen Herstellers und alternativen Theorien zu Mensch und Umwelt, auf alternative Anschauungen und esoterische \u00dcberlieferungen oder Aussagen. Sie gelten nur im Sinne der esoterischen Lebensphilosophie und daran angelehnte Alternativheilkunde. Wirkungen im Sinne westlicher Wissenschaft oder Medizin werden hier nicht behauptet.<\/strong><\/em><\/p>","protected":false},"excerpt":{"rendered":"<p>ist ein kraftvoller Begleiter, um im eigenen Fachgebiet Spitzenleistungen zu erbringen und gleichzeitig tiefen inneren Frieden zu finden. Sie harmonisiert das vegetative Nervensystem, reguliert die Zirbeldr\u00fcse sowie das Hormonsystem und wirkt ausgleichend auf hyperaktive oder emotional instabile Kinder. Die Platte belebt die Verbindung zur Ahnenlinie, sch\u00fctzt das Zuhause und hilft Frauen (insb. bei PMS) sowie M\u00e4nnern, ihre jeweilige Urkraft in einer gesunden Balance aus Stabilit\u00e4t und Sanftheit zu leben.<\/p>","protected":false},"featured_media":2337,"comment_status":"open","ping_status":"closed","template":"","meta":[],"product_brand":[],"product_cat":[33],"product_tag":[160],"class_list":{"0":"post-2236","1":"product","2":"type-product","3":"status-publish","4":"has-post-thumbnail","6":"product_cat-elite-series","7":"product_tag-160","9":"first","10":"instock","11":"taxable","12":"shipping-taxable","13":"purchasable","14":"product-type-simple"},"_links":{"self":[{"href":"https:\/\/vigo-rio.com\/en\/wp-json\/wp\/v2\/product\/2236","targetHints":{"allow":["GET"]}}],"collection":[{"href":"https:\/\/vigo-rio.com\/en\/wp-json\/wp\/v2\/product"}],"about":[{"href":"https:\/\/vigo-rio.com\/en\/wp-json\/wp\/v2\/types\/product"}],"replies":[{"embeddable":true,"href":"https:\/\/vigo-rio.com\/en\/wp-json\/wp\/v2\/comments?post=2236"}],"wp:featuredmedia":[{"embeddable":true,"href":"https:\/\/vigo-rio.com\/en\/wp-json\/wp\/v2\/media\/2337"}],"wp:attachment":[{"href":"https:\/\/vigo-rio.com\/en\/wp-json\/wp\/v2\/media?parent=2236"}],"wp:term":[{"taxonomy":"product_brand","embeddable":true,"href":"https:\/\/vigo-rio.com\/en\/wp-json\/wp\/v2\/product_brand?post=2236"},{"taxonomy":"product_cat","embeddable":true,"href":"https:\/\/vigo-rio.com\/en\/wp-json\/wp\/v2\/product_cat?post=2236"},{"taxonomy":"product_tag","embeddable":true,"href":"https:\/\/vigo-rio.com\/en\/wp-json\/wp\/v2\/product_tag?post=2236"}],"curies":[{"name":"wp","href":"https:\/\/api.w.org\/{rel}","templated":true}]}}