{"id":2235,"date":"2026-01-20T12:58:54","date_gmt":"2026-01-20T12:58:54","guid":{"rendered":"https:\/\/vigo-rio.com\/?post_type=product&#038;p=2235"},"modified":"2026-02-04T19:41:49","modified_gmt":"2026-02-04T19:41:49","slug":"fc-89-divine-channel","status":"publish","type":"product","link":"https:\/\/vigo-rio.com\/en\/product\/fc-89-divine-channel\/","title":{"rendered":"FC Energie der neuen Welt \/ Divine Channel"},"content":{"rendered":"<p><strong>Kolzov-Platte: &#8222;Energien der neuen Welt \/Selbstvertrauen&#8220;\u00a0(Selbstvertrauen, Lebensfreude, Optimismus, im &#8222;Flow&#8220; sein, f\u00fcr vorurteilsfreie Kommunikation, unterst\u00fctzt beim Lernen, Verst\u00e4rker-Platte)<\/strong><\/p>\n<p><strong><em>(bei paarweiser Anwendung am besten mit der Platte &#8222;Enth\u00fcllung des \u00dcberbewusstseins\/Innere Gr\u00f6\u00dfe&#8220;)<\/em><br \/>\n<\/strong><\/p>\n<p><strong>&#8211; neueste Version mit 8-Elementen (8 enthaltenen Energiespeicher-Chips)<\/strong><\/p>\n<p><em>Die Platte tr\u00e4gt die russische Aufschrift: \u042d\u041d\u0415\u0420\u0413\u0418\u0418 \u041f\u041e\u0422\u041e\u041a\u0410 bzw. auf dem erg\u00e4nzenden Deckblatt: &#8222;DIVINE CHANEL&#8220;, &#8222;RELIANCE \u00c1 SON&#8220;<\/em><\/p>\n<p>Die Platte &#8222;Energien der neuen Welt&#8220; st\u00e4rkt die F\u00e4higkeit, sich selbst zu vertrauen, also das &#8222;Selbst-Vertrauen&#8220;. Sie hilft beim Strukturieren von Informationen und in der Kommunikation und ist daher eine wertvolle Unterst\u00fctzung bei Aus- und Fortbildungen, bei Pr\u00fcfungen, Tests und in Verhandlungen. Sie erm\u00f6glicht es, sich auf das Wesentliche zu konzentrieren und mit der wahren Quelle des Wissens zu verbinden. Sie st\u00e4rkt die Intuition und hilft zu erkennen, was die \u00e4u\u00dfere Welt &#8222;uns sagen will&#8220; und was der eigene Beitrag zur Sch\u00f6pfung sein kann. Die Platte vermittelt zudem Optimismus und Lebensfreude.<\/p>\n<p>Die Platte &#8222;Energien der neuen Welt&#8220; hat die F\u00e4higkeit, die Wirkung aller anderen Platten zu manifestieren, zu erg\u00e4nzen und zu verst\u00e4rken.<\/p>\n<p><em>Die Aussagen beziehen sich auf alternative Testmethoden wie Meridianenergie-Messungen der Organfunktionskreisl\u00e4ufe nach TCM, Kirlian-Fotografie (EPG\/GDV-Kamera), Oberon, Amsat o.\u00e4. durch den Hersteller &#8222;Planet der Regionen&#8220; und stellen keine medizinische oder auf den physischen K\u00f6rper und dessen Organe bezogenen Aussage im Sinne der westlichen Schulmedizin dar.<\/em><\/p>\n<p><strong>Die Platte ist in diesem Sinne vor allem geeignet f\u00fcr:<br \/>\n<\/strong><\/p>\n<ul>\n<li>vermittelt einen gl\u00fcckseligen Zustand voll Optimismus, Inspiration und Lebensfreude, vermittelt die F\u00e4higkeit, alles mit Humor anzugehen und das Leben zu genie\u00dfen (all dies ist der Fluss von Haoma, der dem Chaos entgegenwirkt),<\/li>\n<li>\u00f6ffnet die sensitiven Wahrnehmungskan\u00e4le des Anwenders und hilft dabei in einem &#8222;Flow&#8220;-Zustand zu gelangen (&#8222;Flow&#8220; ist ein begl\u00fcckender, tranceartiger Zustand mit h\u00f6chster Konzentrationsf\u00e4higkeit) und in Synchronizit\u00e4t mit der umgebenden Welt und dem Kosmos zu bleiben,<\/li>\n<li>bringt ein gesundes Gleichgewicht in das Leben des Anwenders, sch\u00fctzt ihn vor destruktiven Einfl\u00fcssen, macht ihn unangreifbar und erm\u00f6glicht es, auf nat\u00fcrliche Weise ganz bei sich und man selbst zu sein,<\/li>\n<li>hilft dabei, vorhandene energetische Blockaden aufzul\u00f6sen und neutralisiert negative Energien, die von au\u00dfen auf den Anwender treffen,<\/li>\n<li>aktiviert das 4.Chakra, das Herz-Chakra, aber auch das 1., 3., 5. und 6. Chakra, \u00f6ffnet das Energiesystem und l\u00f6st Blockaden im \u00c4therk\u00f6rper,<\/li>\n<li>st\u00e4rkt das H\u00f6rverm\u00f6gen,<\/li>\n<li>erh\u00f6ht die Aufmerksamkeit und verbessert die Konzentrationsf\u00e4higkeit bei der Arbeit, beim Lernen, Lesen etc.<\/li>\n<li>hilft dabei, sein Zeitmanagement zu verbessern und zu erkennen, wann es Zeit ist, sich zu entspannen &#8211; ein Burnout und gro\u00dfe k\u00f6rperliche Erm\u00fcdung wir so vermieden,<\/li>\n<li>erm\u00f6glicht dem Anwender tiefere Einblicke in das \u00e4u\u00dfere Geschehen und enth\u00fcllt die wahre Bedeutung dahinter (Menschen, Prozesse, Zust\u00e4nde, Emotionen) &#8211; alles wird in gro\u00dfer Klarheit offenbart,<\/li>\n<li>hilft dabei, Informationen zu analysieren und extrahieren und das zu finden, was wirklich f\u00fcr einen selbst wichtig ist,<\/li>\n<li>st\u00e4rkt die F\u00e4higkeit, anderen vorurteilsfrei zuzuh\u00f6ren und zu akzeptieren, dass andere Menschen einen Standpunkt oder eine Meinung haben, die sich manchmal radikal von der eigenen unterscheidet, hilft beim Verstehen des anderen und verbessert so die Qualit\u00e4t jeder Kommunikation,<\/li>\n<li>hilft vor wichtigen Gespr\u00e4chen und Verhandlungen, sich Klarheit \u00fcber seine Position zu verschaffen, um sie dann bestm\u00f6glich vermitteln zu k\u00f6nnen,<\/li>\n<li>st\u00e4rkt die F\u00e4higkeit zur Selbsterkenntnis in der Kommunikation mit anderen Menschen und hilft, seine Bewusstseinsgrenzen zu erweitern,<\/li>\n<li>st\u00e4rkt die F\u00e4higkeit auf sich selbst und seine Einsichten und Intuitionen auch zu h\u00f6ren und danach zu handeln,<\/li>\n<li>st\u00e4rkt die F\u00e4higkeit, ruhig und selbstbewusst \u201eNein\u201c sagen zu k\u00f6nnen, sich nicht vereinnahmen zu lassen und alles Unn\u00f6tige loszulassen &#8211; ohne Schuldgef\u00fchle, Scham, unn\u00f6tige Erkl\u00e4rungen und Ausreden,<\/li>\n<li>vermittelt innere Ruhe und tr\u00e4gt dazu bei, sich nicht in die Hektik der umgebenden Welt hineinziehen zu lassen,<\/li>\n<li>vermittelt die Kraft, sich in einer ver\u00e4ndernden Welt bessere Lebensbedingungen zu schaffen und sch\u00fctzt vor Gefahren dabei,<\/li>\n<li>steigert die Leistungsf\u00e4higkeit, um seine Aufgaben ohne erh\u00f6hten geistigen, k\u00f6rperlichen und energetischen Aufwand mit Leichtigkeit und ohne inneren Anspannung ausf\u00fchren zu k\u00f6nnen,<\/li>\n<li>beseitigt den Zustand \u00fcberm\u00e4\u00dfiger Redseligkeit und hilft dabei, &#8222;auf den Punkt&#8220; kommen zu k\u00f6nnen,<\/li>\n<li>hilft dem Geist dabei, sich gegen Neid und Laster und deren zerst\u00f6rerische Auswirkungen zu wappnen, baut einen Schutz gegen\u00fcber dem Drang, selbst negative und gottlose Gedanken und Handlungen zu verrichten, st\u00e4rkt Rechtschaffenheit und spirituelle Einstellungen,<\/li>\n<li>hilft dabei, psycho-emotionale Ausl\u00f6ser, die auf Dauer zu psychosomatische Manifestationen und Erkrankungen des K\u00f6rpers f\u00fchren k\u00f6nnen, aufzul\u00f6sen,<\/li>\n<li>erm\u00f6glicht die Entwicklung und das Finden innerer Gnade, die zum Erwachen der schlafenden Seele beitr\u00e4gt, verleiht dem Anwender Rechtschaffenheit und Fr\u00f6mmigkeit und gew\u00e4hrt ein langes Leben,<\/li>\n<li>die Platte hat zudem die wichtige F\u00e4higkeit, die Wirkung anderer Platten zu manifestieren, zu erg\u00e4nzen und zu verst\u00e4rken.<\/li>\n<\/ul>\n<p>Auf der Kolzov-Platte sind die Informationen des Energieportals am 22. August 2023 gespeichert, dem Tag von Haoma in der zoroastrischen Tradition.<\/p>\n<p>Haoma ist eine g\u00f6ttliche Pflanze im Zoroastrismus und in der sp\u00e4teren persischen Kultur und Mythologie. Haoma hat seinen Ursprung in der indo-iranischen Religion und ist mit dem vedischen Soma, dem Trank der G\u00f6tter, verwandt. Haoma steht f\u00fcr Fruchtbarkeit und Unsterblichkeit. Zarathustra wurde nach einem Haoma-Trunk empfangen. B\u00fcschel der Haomo-Pflanze wurde zur Wasserreinigung verwendet. Haomas besondere Gabe besteht darin, mit der wahren Quelle des Wissens zu verbinden.<\/p>\n<p>TIPP 1: Die Platte &#8222;Energien der neuen Welt\/Selbstvertrauen&#8220; bildet mit der Platte &#8222;Enth\u00fcllung des \u00dcberwusstseins\/Innere Gr\u00f6\u00dfe&#8220; ein ideales Paar. Es ist empfehlenswert, zuerst mit der Platte &#8222;Enth\u00fcllung des \u00dcberwusstseins\/Innere Gr\u00f6\u00dfe&#8220; zu arbeiten und danach mit der Platte &#8222;Energien der neuen Welt&#8220;.<\/p>\n<p>Die Platte &#8222;Energien der neuen Welt\/Selbstvertrauen&#8220; kann auch sehr gut mit der Platte \u201ePracht of Khvarenah\u201c kombiniert werden und mit allen &#8222;solaren&#8220; Platten (&#8222;Sonnenbote&#8220;, &#8222;Sonnensymbol&#8220;, &#8222;L\u00e4cheln der Sonne&#8220;, &#8222;Solar&#8220;, &#8222;Neuer Stern&#8220;, &#8222;Umwandlung&#8220; usw.) und den Platten, die auf die Erbauung der Liebe ausgerichtet sind.<\/p>\n<p>TIPP 2: Die pulsierende sanfte Energie der Platte deckt Blockaden und schmerzhafte Empfindungen auf und bringt sie allm\u00e4hlich zur Aufl\u00f6sung. Auf psychologischer Ebene wird die Energie sofort in die Problembereiche gelenkt.<\/p>\n<p>TIPP 3: Die Platte ist unverzichtbar bei Verhandlungen, egal auf welcher Ebene, bei famili\u00e4ren und sozialen \u201eStreitigkeiten\u201c, bei Konflikten aller Art: Platzieren Sie die Platte im Brustbereich (in einer Hemdtasche oder Brustbeutel) oder auf dem Tisch.<\/p>\n<p>TIPP 4: Menschen, die zus\u00e4tzlich zu ihren eigenen Problemen auch die Probleme anderer \u201emit sich herumtragen\u201c, sollten die Platte immer bei sich tragen, ebenso Menschen, die anderen nicht oder nicht genug zuh\u00f6ren.<\/p>\n<p>TIPP 5: Die Platte sollte von Sch\u00fclern und Studenten und generell bei Tests, Pr\u00fcfungen und in der Aus- und Weiterbildung verwendet werden. Sie ist aber auch n\u00fctzlich f\u00fcr Workaholics und Personen, die unter Not- und Extrembedingungen studieren und arbeiten.<\/p>\n<p>ZUR BEACHTUNG: Bei dieser Platte sollte das Wasser zum Energetisieren mindestens 20 Minuten lang darauf gestellt werden.<\/p>\n<p><em><strong>Wichtiger Hinweis:<\/strong><\/em><\/p>\n<p><em><strong>Wir weisen ausdr\u00fccklich darauf hin, dass die Kolzov-Platte (russische Bezeichnung: &#8222;Korrektoren des funktionalen Zustands&#8220;) ein alternatives Energie- und Informationsprodukt ist und kein Heilmittel im Sinne der westlichen Schulmedizin. Vielmehr ist es ein rein energetisches Hilfsmittel zur ganzheitlichen Balancierung von energetischen Disharmonien und Blockaden. Informationen \u00fcber Qualit\u00e4t und Eigenschaften des Energieobjekts beziehen sich auf Aussagen des russischen Herstellers und alternativen Theorien zu Mensch und Umwelt, auf alternative Anschauungen und esoterische \u00dcberlieferungen oder Aussagen. Sie gelten nur im Sinne der esoterischen Lebensphilosophie und daran angelehnte Alternativheilkunde. Wirkungen im Sinne westlicher Wissenschaft oder Medizin werden hier nicht behauptet.<\/strong><\/em><\/p>","protected":false},"excerpt":{"rendered":"<p>ist dein energetischer Anker f\u00fcr maximales Selbstvertrauen und geistige Klarheit. Sie hilft dir, in den \u201eFlow\u201c-Zustand zu kommen, Informationen blitzschnell zu strukturieren und dich in Pr\u00fcfungen oder Verhandlungen auf das Wesentliche zu fokussieren. Sie st\u00e4rkt die Intuition, f\u00f6rdert vorurteilsfreies Zuh\u00f6ren und verleiht die Kraft, ruhig und ohne Schuldgef\u00fchle \u201eNein\u201c zu sagen. Als besonderes Highlight wirkt sie als <b data-path-to-node=\"2\" data-index-in-node=\"456\">Verst\u00e4rker<\/b>, der die Wirkung anderer Kolzov-Platten intensiviert und manifestiert.<\/p>","protected":false},"featured_media":2336,"comment_status":"open","ping_status":"closed","template":"","meta":[],"product_brand":[],"product_cat":[33],"product_tag":[159],"class_list":{"0":"post-2235","1":"product","2":"type-product","3":"status-publish","4":"has-post-thumbnail","6":"product_cat-elite-series","7":"product_tag-159","9":"first","10":"instock","11":"taxable","12":"shipping-taxable","13":"purchasable","14":"product-type-simple"},"_links":{"self":[{"href":"https:\/\/vigo-rio.com\/en\/wp-json\/wp\/v2\/product\/2235","targetHints":{"allow":["GET"]}}],"collection":[{"href":"https:\/\/vigo-rio.com\/en\/wp-json\/wp\/v2\/product"}],"about":[{"href":"https:\/\/vigo-rio.com\/en\/wp-json\/wp\/v2\/types\/product"}],"replies":[{"embeddable":true,"href":"https:\/\/vigo-rio.com\/en\/wp-json\/wp\/v2\/comments?post=2235"}],"wp:featuredmedia":[{"embeddable":true,"href":"https:\/\/vigo-rio.com\/en\/wp-json\/wp\/v2\/media\/2336"}],"wp:attachment":[{"href":"https:\/\/vigo-rio.com\/en\/wp-json\/wp\/v2\/media?parent=2235"}],"wp:term":[{"taxonomy":"product_brand","embeddable":true,"href":"https:\/\/vigo-rio.com\/en\/wp-json\/wp\/v2\/product_brand?post=2235"},{"taxonomy":"product_cat","embeddable":true,"href":"https:\/\/vigo-rio.com\/en\/wp-json\/wp\/v2\/product_cat?post=2235"},{"taxonomy":"product_tag","embeddable":true,"href":"https:\/\/vigo-rio.com\/en\/wp-json\/wp\/v2\/product_tag?post=2235"}],"curies":[{"name":"wp","href":"https:\/\/api.w.org\/{rel}","templated":true}]}}