{"id":2233,"date":"2026-01-20T12:57:19","date_gmt":"2026-01-20T12:57:19","guid":{"rendered":"https:\/\/vigo-rio.com\/?post_type=product&#038;p=2233"},"modified":"2026-04-14T08:56:03","modified_gmt":"2026-04-14T08:56:03","slug":"fc-87-fire-of-the-universe","status":"publish","type":"product","link":"https:\/\/vigo-rio.com\/en\/product\/fc-87-fire-of-the-universe\/","title":{"rendered":"FC Feuer des Universmus \/ Fire of the Universe"},"content":{"rendered":"<p><strong>Kolzov-Platte: &#8222;Feuer des Universmus&#8220; &#8211; (Schwingungserh\u00f6hung, Resonanz mit h\u00f6heren Energie von Erde und Universum)<\/strong><\/p>\n<p>Die Platte &#8222;Geheimnisse des Universums&#8220; verleiht einen \u201cmagischen Energiekick\u201d, um einen Zustand voll innerer Harmonie und Ausgeglichenheit zu erreichen und um in Resonanz mit den h\u00f6heren positiven Energien der Erde und des Universums zu gelangen.<br \/>\nDie Platte sollte man erst anwenden, wenn man innerlich dazu bereit ist und sie keinesfalls jemanden aufdr\u00e4ngen. Dann aber ist die Platte eine wertvolle Unterst\u00fctzung auch f\u00fcr alle Menschen in lehrenden und in Gesundheitsberufen, f\u00fcr Trainer und Ausbilder von der Schule bis Meditation und K\u00f6rperarbeit, f\u00fcr \u00c4rzte und Therapeuten. Sie k\u00f6nnen die Energien dieser Kolzov-Platte aufnehmen, sich damit aufladen und in ihrer T\u00e4tigkeit an andere Menschen weitergeben.<br \/>\n\u00c4hnlich wie auf der Platte &#8222;Smaragd-Tafel&#8220; sind auf dieser Platte die Energien eines besonderen kosmo-energetischen Portals gespeichert, das sich am &#8222;Spiegeldatum&#8220; 12.02\/2021 ge\u00f6ffnet hat. Die Platte &#8222;Geheimnisse des Universums&#8220; ist unter allen anderen Kolzov-Platten die mit dem bisher h\u00f6chsten energetischen Schwingungsniveau und zeigt eine sehr langanhaltende Wirkung. Die Replikation der Platten ist sehr zeitaufw\u00e4ndig und ben\u00f6tigt sieben Tage, um das Programm zu speichern.<\/p>\n<p><em>Die Aussagen beziehen sich auf alternative Testmethoden wie Meridianenergie-Messungen der Organfunktionskreisl\u00e4ufe nach TCM, Kirlian-Fotografie (EPG\/GDV-Kamera), Oberon, Amsat o.\u00e4. durch den Hersteller &#8222;Planet der Regionen&#8220; und stellen keine medizinische oder auf den physischen K\u00f6rper und dessen Organe bezogenen Aussage im Sinne der westlichen Schulmedizin dar.<\/em><\/p>\n<p><strong>Die Platte ist in diesem Sinne vor allem geeignet f\u00fcr:<\/strong><\/p>\n<ul>\n<li>sie unterst\u00fctzt die Gehirnstrukturen dabei, sich an die Energie der neuen Zeit anzupassen,<\/li>\n<li>aktiviert im Menschen alle Elemente des Universums: Erde, Wasser, Zeit (Holz), Feuer, Luft (Stern), \u00c4ther (Himmel), Klang (Gott), Licht (Mond), Ewigkeit und Unendlichkeit (Sonne).<\/li>\n<li>stimmt den Anwender darauf ein, sich der Mehrdimensionalit\u00e4t der Realit\u00e4t des Seins bewusst werden zu k\u00f6nnen.<\/li>\n<li>Die Platte aktiviert schlafende, inaktive Informationszentren einer Person, die sie mit dem H\u00f6heren Bewusstsein verbindet. Sie f\u00f6rdert so eine starke Verbindung mit den H\u00f6heren Energien und Weisheiten und er\u00f6ffnet den Zugang zu Wissen im Dienste der Bewahrung der Zivilisation.<\/li>\n<li>Die Wirkung der Platte zielt auf eine umfassende allgemeine Reinigung des menschlichen Energiesystems, auf die Beseitigung von destruktiven Programmen und die Bildung neuer positiver Programme, um einen Zustand der inneren und \u00e4u\u00dferen F\u00fclle zu erreichen, in welchem jeder diese wohltuenden Energien zum Wohle anderer weitergeben und aussenden kann.<\/li>\n<li>Sie st\u00e4rkt die Energien der bedingungslosen Liebe und die aktiviert das eigene Biofeld bis zur maximal m\u00f6glichen St\u00e4rke und Ausdehnung.<\/li>\n<li>Die Platte schenkt Geistesblitze, st\u00e4rkt die Kreativit\u00e4t und Intuition, um Hemmnisse in der individuellen Entwicklung besser \u00fcberwinden zu k\u00f6nnen und um sich ein sch\u00f6neres Leben voller Gl\u00fcck und Kreativit\u00e4t zu erschaffen.<\/li>\n<li>Die Kolzov-Platte st\u00e4rkt die Intuition auch, um eventuelle Gefahren vermeiden und Krisensituationen besser bew\u00e4ltigen zu k\u00f6nnen.<\/li>\n<li>Sie hilft dabei, schwierige und scheinbar ausweglose Situationen zu \u00fcberwinden und in problematischen und negativen Beziehungsgeflechten neue alternative L\u00f6sungen zu finden.<\/li>\n<li>So hilft sie dabei, die wichtigsten Belange unseres Lebens &#8211; Ehe und Beziehung, berufliche T\u00e4tigkeit und gesch\u00e4ftliche Beziehungen &#8211; zu verbessern.<\/li>\n<li>Sie bringt die Energien in die Balance und unterst\u00fctzt die innere Harmonie, um auch mit der \u00e4u\u00dferen Welt und den Energien in Erde in Einklang zu kommen.<\/li>\n<li>Die Kolzov-Platte unterst\u00fctzt dabei, wohlwollende Absichten umzusetzen. Dazu ist es notwendig, das was man im Leben erreichen und anziehen m\u00f6chte, mit positiven Emotionen zu betrachten und zu st\u00e4rken.<\/li>\n<\/ul>\n<p>Auf der Platte &#8222;Geheimnisse des Universums&#8220; sind die Energien und Informationen eines kosmo-energetischen Portals gespeichert, das sich am Tag des Spiegeldatums 12.02.2021 ge\u00f6ffnet hat.<\/p>\n<p>TIPP 1: Steigern Sie die Anwendungszeit nach und nach und dosieren Sie die Anwendung anfangs nicht zu hoch &#8211; lassen Sie sich Zeit! Empfehlenswert ist es, die Platten zun\u00e4chst nur 10-15 Minuten lang anzuwenden. Wenn Sie einen starken Energie- und Informationsfluss sp\u00fcren, legen Sie die Platte f\u00fcr mehrere Stunden zur Seite und trinken Sie zun\u00e4chst nur das damit energetisierte Wasser. Sie k\u00f6nnen Ihren Organismus durch die vorherige Anwendung der Platte &#8222;Fr\u00fchling des Lebens&#8220; auf die hohen Energien der Platte &#8222;Geheimnisse des Universums&#8220; vorbereiten.<\/p>\n<p>TIPP 2: Bei gesundheitlichen Problemen, sollte Sie zun\u00e4chst die Platten der Serien &#8222;Blau&#8220;, &#8222;Gr\u00fcn&#8220; und &#8222;Violett&#8220; verwenden, um den physischen Zustand an die neuen Energien anzupassen und auf die Platte &#8222;Geheimnisse des Universums&#8220; vorzubereiten. Dann werden Gesundheitsprobleme der Vergangenheit angeh\u00f6ren.<\/p>\n<p>TIPP 3: Die Wirkung auf den Benutzer ist je nach individuellen Entwicklungsstand von Bewusstsein und Seele unterschiedlich. Wichtig ist in jedem Fall: Verwenden Sie die Platte nur, wenn Sie sich in einem positiven emotionalen Zustand befinden und bem\u00fchen Sie sich um eine innere Einstellung von Liebe und Dankbarkeit. Wenn Sie von Emotionen mit niederem Schwingungsniveau beherrscht werden, wie Wut, Zorn, Aggression, Bosheit, Gekr\u00e4nktsein usw. nehmen Sie die Platte besser nicht zur Hand, denn sonst k\u00f6nnten \u00e4hnliche negative Energien zur\u00fcckgespiegelt werden. Bei positiver Einstellung aber erh\u00e4lt der Anwender Hilfe und Unterst\u00fctzung, &#8222;von wo man sie nicht erwartet hat&#8220;. Es kann auch eine Reinigungskrise sein, die die Situation zum Besseren ver\u00e4ndert.<\/p>\n<p>ZUR BEACHTUNG: Bei der Platte &#8222;Geheimnisse des Universums&#8220; sollte das Wasser zum Energetisieren mindestens 14 Stunden lang, also am einfachsten \u00fcber Nacht, darauf gestellt werden.<\/p>\n<p><em><u>Ergebnis im LIFE-TEST:\u00a0<\/u>Die Kolzov-Platte &#8222;Geheimnisse des Universums&#8220; hat ein neutrales Energiefeld mit mehr als 40 000 Bovis. Damit aktiviert sie alle vier oberen Chakras auf 40 000 Bovis! Also Kronen-, Stirn-, Hals- und Herz-Chakra steigern ihre Aktivit\u00e4t auf den gleichen enormen Wert von 40 000 Bovis. Das Wurzel-Chakra wird auf hohe 35 000 Bovis aktiviert, das Solarplexus-Chakra auf 28 000 Bovis und das Blase-\/Sexual-Chakra auf 21 000 Bovis. Durch die Aufladung der Chakras w\u00e4chst der bioenergetische Reaktionsabstand von zirka 75 Zentimetern um den K\u00f6rper auf 2,25 Meter.<br \/>\nIn einem Wassertest zeigt sich, das flie\u00dfendes Wasser sofort auf 40 000 Bovis aktiviert wird, auch wenn man die Platte &#8222;Geheinisse des Universums&#8220; nur au\u00dfen am Wasserhahn fixiert. Nach 24 Stunden Stehzeit hat das so aktivierte Wasser immer noch eine Energie von 35 000 Bovis.<\/em><\/p>\n<p><strong><em>Wichtiger Hinweis:<br \/>\nWir weisen ausdr\u00fccklich darauf hin, dass die Kolzov-Platte (russische Bezeichnung: &#8222;Korrektoren des funktionalen Zustands&#8220;) ein alternatives Energie- und Informationsprodukt ist und kein Heilmittel im Sinne der westlichen Schulmedizin. Vielmehr ist es ein rein energetisches Hilfsmittel zur ganzheitlichen Balancierung von energetischen Disharmonien und Blockaden. Informationen \u00fcber Qualit\u00e4t und Eigenschaften des Energieobjekts beziehen sich auf Aussagen des russischen Herstellers und alternativen Theorien zu Mensch und Umwelt, auf alternative Anschauungen und esoterische \u00dcberlieferungen oder Aussagen. Sie gelten nur im Sinne der esoterischen Lebensphilosophie und daran angelehnte Alternativheilkunde. Wirkungen im Sinne westlicher Wissenschaft oder Medizin werden hier nicht behauptet.<\/em><\/strong><\/p>","protected":false},"excerpt":{"rendered":"<p>bietet ein au\u00dfergew\u00f6hnlich hohes energetisches Schwingungsniveau, um das Bewusstsein an die Energien der \u201eneuen Zeit\u201c anzupassen. Sie aktiviert verborgene Informationszentren, st\u00e4rkt die Intuition zur L\u00f6sung scheinbar auswegloser Situationen und f\u00f6rdert die bedingungslose Liebe. Als \u201emagischer Energiekick\u201c unterst\u00fctzt sie besonders Menschen in Heil- und Lehrberufen dabei, Licht und positive Programme in die Welt zu tragen.<\/p>","protected":false},"featured_media":2356,"comment_status":"open","ping_status":"closed","template":"","meta":[],"product_brand":[],"product_cat":[33],"product_tag":[157],"class_list":{"0":"post-2233","1":"product","2":"type-product","3":"status-publish","4":"has-post-thumbnail","6":"product_cat-elite-series","7":"product_tag-157","9":"first","10":"instock","11":"taxable","12":"shipping-taxable","13":"purchasable","14":"product-type-simple"},"_links":{"self":[{"href":"https:\/\/vigo-rio.com\/en\/wp-json\/wp\/v2\/product\/2233","targetHints":{"allow":["GET"]}}],"collection":[{"href":"https:\/\/vigo-rio.com\/en\/wp-json\/wp\/v2\/product"}],"about":[{"href":"https:\/\/vigo-rio.com\/en\/wp-json\/wp\/v2\/types\/product"}],"replies":[{"embeddable":true,"href":"https:\/\/vigo-rio.com\/en\/wp-json\/wp\/v2\/comments?post=2233"}],"wp:featuredmedia":[{"embeddable":true,"href":"https:\/\/vigo-rio.com\/en\/wp-json\/wp\/v2\/media\/2356"}],"wp:attachment":[{"href":"https:\/\/vigo-rio.com\/en\/wp-json\/wp\/v2\/media?parent=2233"}],"wp:term":[{"taxonomy":"product_brand","embeddable":true,"href":"https:\/\/vigo-rio.com\/en\/wp-json\/wp\/v2\/product_brand?post=2233"},{"taxonomy":"product_cat","embeddable":true,"href":"https:\/\/vigo-rio.com\/en\/wp-json\/wp\/v2\/product_cat?post=2233"},{"taxonomy":"product_tag","embeddable":true,"href":"https:\/\/vigo-rio.com\/en\/wp-json\/wp\/v2\/product_tag?post=2233"}],"curies":[{"name":"wp","href":"https:\/\/api.w.org\/{rel}","templated":true}]}}