{"id":2232,"date":"2026-01-20T12:56:40","date_gmt":"2026-01-20T12:56:40","guid":{"rendered":"https:\/\/vigo-rio.com\/?post_type=product&#038;p=2232"},"modified":"2026-03-25T17:13:26","modified_gmt":"2026-03-25T17:13:26","slug":"fc-86-code-of-zdravie","status":"publish","type":"product","link":"https:\/\/vigo-rio.com\/en\/product\/fc-86-code-of-zdravie\/","title":{"rendered":"FC Code von  Zdravie \/ Code of Zdravie"},"content":{"rendered":"<p><strong>Kolzov-Platte: &#8222;Gesundheitscode&#8220;\u00a0(= &#8222;Code von ZDRAVIE&#8220;, vermittelt heilende Energien und die Unterst\u00fctzung himmlischer Kr\u00e4fte, neue Kraft und innere Ruhe, \u00f6ffnet das spirituelle Herz)<br \/>\n<\/strong><\/p>\n<p><strong><em>(bei paarweiser Anwendung am besten mit der Platte &#8222;Feuer des Universums&#8220;)<\/em><br \/>\n<\/strong><\/p>\n<p><strong>&#8211; neueste Version mit 8-Elementen (8 enthaltenen Energiespeicher-Chips)<\/strong><\/p>\n<p>Die Platte &#8222;Gesundheitscode&#8220; vermittelt heilende Energien auf allen Ebenen des Organismus und hilft dabei, schwierige Situationen und Traumata besser zu verarbeiten.<\/p>\n<p>Sie hilft dabei, die Energiek\u00f6rper zu reinigen und sich von allem, was nicht dem pers\u00f6nlichen Entwicklungsstand entspricht, zu befreien. Sie vermittelt neue notwendige Abstimmungsparameter zur Anpassung an die neuen Energie der Erde und \u00f6ffnet das spirituelle Herz, um sich seiner wahren Vorherbestimmung und seines nat\u00fcrlichen pers\u00f6nlichen Wertes noch intensiver bewusst zu werden. Sie sagt dem Anwender: &#8222;K\u00fcmmere Dich um die Reinheit und das Licht in Dir und bewahre sie. Handle in der neuen Zeit im Einklang mit Reinheit und Licht!&#8220;<\/p>\n<p>Die Platte &#8222;Gesundheitscode&#8220; ist vor allem geeignet f\u00fcr:<\/p>\n<ul>\n<li>vermittelt heilende Energien auf allen Ebenen des Organismus, richtet alle Energiek\u00f6rper aus und bringt sie ins Gleichgewicht, zielt so auf eine kraftvolle ganzheitliche Heilung,<\/li>\n<li>harmonisiert und balanciert die rechte und linke Gehirnh\u00e4lfte (Hemisph\u00e4ren-Synchronisation), f\u00f6rdert eine ganzheitliche Wahrnehmung des Lebens, den Einklang von F\u00fchlen, Denken, Wollen und Handeln in einem Zustand der Liebe voller Licht und Unterst\u00fctzung der h\u00f6heren M\u00e4chte,<\/li>\n<li>st\u00e4rkt die F\u00e4higkeit, alles, was im Leben passiert, psychologisch zu \u201everdauen\u201c, mehrt so die Lebensweisheit und st\u00e4rkt das unvoreingenommene Denken,<\/li>\n<li>die Platte vermittelt viel Energie zur Auff\u00fcllung aller Energiek\u00f6rper und des gesamten Organismus mit reinster Energie, damit der K\u00f6rper seine wirkliche vollst\u00e4ndige irdische St\u00e4rke erlangt,<\/li>\n<li>sch\u00fctzt das Biofeld des Anwenders und bietet einen leistungsstarken Energie- und Auraschutz,<\/li>\n<li>hilft dabei, aus schwierigen Situationen zu finden und vermittelt unverhoffte Hilfen zur Bestimmung des einzuschlagenden Weges,<\/li>\n<li>vermittelt ein Gef\u00fchl der Unterst\u00fctzung und der Anwesenheit eines Schutzengels, des Getragenwerdens von himmlischen und irdischen Kr\u00e4fte, was zu einer tiefen inneren Ruhe f\u00fchrt,<\/li>\n<li>hilft dabei, eine ausgewogene Sicht auf alle Ereignisse zu gewinnen und auszudr\u00fccken und eine gr\u00f6\u00dfere Lebensweisheit zu erlangen,<\/li>\n<li>hilft dabei, verdr\u00e4ngte, tiefsitzende schmerzhafte Erinnerungen noch einmal bewusst zu machen, um sie dann endg\u00fcltig Loslassen und Verstehen zu k\u00f6nnen &#8211; um letztlich wieder ganz mit seinem inneren Wesen, mit seiner Essenz verbunden sein zu k\u00f6nnen,<\/li>\n<li>hilft im Energetischen bei entz\u00fcndlichen Prozessen und bei Problemen der Schleimh\u00e4ute,<\/li>\n<li>hilft energetisch unterst\u00fctzend bei der Wiederherstellung der Funktionen des Magen-Darm-Trakts (u.a. bei Gastritis, Magen-, Zw\u00f6lffingerdarm- und Dickdarmgeschw\u00fcre, Bauchspeicheldr\u00fcse, Peristaltik, Verstopfung),<\/li>\n<li>verbessert den energetischen Zustand von Leber und Gallenblase (u.a. bei Hepatitis unterschiedlicher Herkunft, Entz\u00fcndungen der Gallenblase usw.)<\/li>\n<li>hilft den Stoffwechsel im K\u00f6rper zu normalisieren und unterst\u00fctzt so dabei das K\u00f6pergewicht zu regulieren,<\/li>\n<li>hilft im Energetischen auch bei der Korrektur von Hautkrankheiten, kann eine wundheilende Wirkung haben, hilft bei der Beseitigung von Juckreiz, Hautausschl\u00e4gen, Dermatitis und Verbrennungen, verbessert den Zustand von Haut und Haaren und l\u00f6st \u00e4u\u00dfere Verj\u00fcngungsprozesse aus,<\/li>\n<li>aktiviert einen Heilungsprozess der Fortpflanzungsorgane bei M\u00e4nnern und Frauen,<\/li>\n<li>hat eine positive Heilwirkung auf den menschlichen Bewegungsapparat, insbesondere auf die Gelenke und die Wirbels\u00e4ule,<\/li>\n<li>Die Platte unterst\u00fctzt die m\u00e4nnliche Energie, daher ist sie f\u00fcr alle notwendig, die keinen Vater hatten. Wichtig ist die Energie des Vaters, nicht die des Mannes.<\/li>\n<\/ul>\n<p>Auf der Kolzov-Platte &#8222;Gesundheitscode&#8220; sind die Informationen des Heilwassers aus der \u201eKisly\u201c-Quelle (der heiligen Quelle des Propheten Elias) gespeichert, gelegen bei Kiewka im Bezirk Remontnensky \u00f6stlich von Rostow zwischen Schwarzem und Kaspischen Meer.<\/p>\n<p>TIPP 1: Die Platte &#8222;Gesundheitscode&#8220; bildet mit der Platte &#8222;Feuer des Universums&#8220; ein \u201eheilendes Tandem\u201c wie eine Vereinigung zweier Herzen &#8211; vereint in einem einzigen Herzen, dem Herzen der Seele, um eine kraftvolle Heilung des K\u00f6rpers zu bewirken, eine spirituelle Energiereinigung von falschen Urteilen und von allem, was nicht dem Entwicklungsstand entspricht und um das spirituelle Herz f\u00fcr die Energien des Lichts und die Weisheit des Universums zu \u00f6ffnen.<\/p>\n<p>Halten Sie die Platte &#8222;Gesundheitscode&#8220; in der rechten Hand und &#8222;Feuer des Universums&#8220; in der linken Hand, dann entfaltet sich eine universelle Korrektur des Organismus zur Steigerung der Gesundheit.<\/p>\n<p>Die Platte &#8222;Gesundheitscode&#8220; wirkt sehr sanft, mit gro\u00dfer Liebe, Unterst\u00fctzung, F\u00fcrsorge \u2013 die Energie ist sp\u00fcrbar wie die Liebe von Eltern, wie ein f\u00fcrsorglicher Ratgeber.<\/p>\n<p>TIPP 2: Die Platte kann von allen Menschen genutzt werden, um k\u00f6rperliche und geistige Traumata zu heilen, so ist sie auch eine wertvolle Hilfe in helfenden Berufen (Psychologen, \u00c4rzte, Energietherapeuten, Massagetherapeuten, Lehrer usw.)<\/p>\n<p>TIPP 3: In der Meditation und f\u00fcr spirituelle Entwicklung und Einsichten, um den Kosmos in sich selbst zu verstehen, setzen Sie sich auf die Platte, um die unteren Chakras damit aufzuladen.<\/p>\n<p>Wenn Sie meditieren, um Informationen und Antworten zu erhalten, empfiehlt es sich, die Platte in der linken Hand zu halten.<\/p>\n<p>TIPP 4: Die Platte &#8222;Gesundheitscode&#8220; macht aus einem intensiven Anwender einen Lehrer, der intuitiv von Weisheit durchdrungen wird und dann bereit ist, sie mit anderen zu teilen.<\/p>\n<p>TIPP 5: Nehmen Sie die Platte mit, wenn Sie sich in einer Menschenmenge aufhalten (auf Reisen, Veranstaltungen etc.). In potenziell lebensbedrohlichen Situationen ist es wichtig die Platte &#8222;Gesundheitscode&#8220; sogar zusammen mit den Platten &#8222;Unfall-Schutz&#8220; (=&#8220;Anti-Kataklysm&#8220;, Serie Effizient) und Nr.16 &#8211; Reiner Raum (Serie Violett) bei sich zu haben.<\/p>\n<p>TIPP 5: Die Platte kann zum Informieren aller Kosmetika, insbesondere mit Anti-Aging-Wirkung oder f\u00fcr Hauterkrankungen, und zum Informieren von B\u00e4dern und Kompressen zur Behandlung des Bewegungsapparates (bei Verletzungen, nach Operationen etc.) verwendet werden. Au\u00dferdem kann sie begleitend zur Gewichtsabnahme eingesetzt werden.<\/p>\n<p>ZUR BEACHTUNG: Bei dieser Platte sollte das Wasser zum Energetisieren mindestens 20 Minuten lang darauf gestellt werden<\/p>\n<p><em><br \/>\n<strong>Wichtiger Hinweis:<br \/>\nWir weisen ausdr\u00fccklich darauf hin, dass die Kolzov-Platte (russische Bezeichnung: &#8222;Korrektoren des funktionalen Zustands&#8220;) ein alternatives Energie- und Informationsprodukt ist und kein Heilmittel im Sinne der westlichen Schulmedizin. Vielmehr ist es ein rein energetisches Hilfsmittel zur ganzheitlichen Balancierung von energetischen Disharmonien und Blockaden. Informationen \u00fcber Qualit\u00e4t und Eigenschaften des Energieobjekts beziehen sich auf Aussagen des russischen Herstellers und alternativen Theorien zu Mensch und Umwelt, auf alternative Anschauungen und esoterische \u00dcberlieferungen oder Aussagen. Sie gelten nur im Sinne der esoterischen Lebensphilosophie und daran angelehnte Alternativheilkunde. Wirkungen im Sinne westlicher Wissenschaft oder Medizin werden hier nicht behauptet.<\/strong><\/em><\/p>","protected":false},"excerpt":{"rendered":"<p data-path-to-node=\"2\">Die Platte <b data-path-to-node=\"2\" data-index-in-node=\"11\">\u201eGesundheitscode\u201c<\/b> (Code von ZDRAVIE) wirkt wie ein f\u00fcrsorglicher, v\u00e4terlicher Ratgeber, der dich mit tiefer innerer Ruhe und dem Gef\u00fchl des \u201eGetragenwerdens\u201c erf\u00fcllt. Sie synchronisiert die Gehirnh\u00e4lften, sch\u00fctzt die Aura und hilft dabei, seelische Traumata sowie schmerzhafte Erinnerungen endg\u00fcltig zu verarbeiten. K\u00f6rperlich unterst\u00fctzt sie massiv den Magen-Darm-Trakt, die Leber und das Hautbild, w\u00e4hrend sie energetisch die Anpassung an neue Erdschwingungen erleichtert. Besonders wertvoll ist sie f\u00fcr Menschen, die ohne Vater aufgewachsen sind, da sie die stabilisierende m\u00e4nnliche Ur-Energie st\u00e4rkt.<\/p>\n<p data-path-to-node=\"3\">","protected":false},"featured_media":2347,"comment_status":"open","ping_status":"closed","template":"","meta":[],"product_brand":[],"product_cat":[33],"product_tag":[156],"class_list":{"0":"post-2232","1":"product","2":"type-product","3":"status-publish","4":"has-post-thumbnail","6":"product_cat-elite-series","7":"product_tag-156","9":"first","10":"instock","11":"taxable","12":"shipping-taxable","13":"purchasable","14":"product-type-simple"},"_links":{"self":[{"href":"https:\/\/vigo-rio.com\/en\/wp-json\/wp\/v2\/product\/2232","targetHints":{"allow":["GET"]}}],"collection":[{"href":"https:\/\/vigo-rio.com\/en\/wp-json\/wp\/v2\/product"}],"about":[{"href":"https:\/\/vigo-rio.com\/en\/wp-json\/wp\/v2\/types\/product"}],"replies":[{"embeddable":true,"href":"https:\/\/vigo-rio.com\/en\/wp-json\/wp\/v2\/comments?post=2232"}],"wp:featuredmedia":[{"embeddable":true,"href":"https:\/\/vigo-rio.com\/en\/wp-json\/wp\/v2\/media\/2347"}],"wp:attachment":[{"href":"https:\/\/vigo-rio.com\/en\/wp-json\/wp\/v2\/media?parent=2232"}],"wp:term":[{"taxonomy":"product_brand","embeddable":true,"href":"https:\/\/vigo-rio.com\/en\/wp-json\/wp\/v2\/product_brand?post=2232"},{"taxonomy":"product_cat","embeddable":true,"href":"https:\/\/vigo-rio.com\/en\/wp-json\/wp\/v2\/product_cat?post=2232"},{"taxonomy":"product_tag","embeddable":true,"href":"https:\/\/vigo-rio.com\/en\/wp-json\/wp\/v2\/product_tag?post=2232"}],"curies":[{"name":"wp","href":"https:\/\/api.w.org\/{rel}","templated":true}]}}