{"id":2231,"date":"2026-01-20T12:55:42","date_gmt":"2026-01-20T12:55:42","guid":{"rendered":"https:\/\/vigo-rio.com\/?post_type=product&#038;p=2231"},"modified":"2026-04-15T08:51:20","modified_gmt":"2026-04-15T08:51:20","slug":"fc-84-sacred-spring","status":"publish","type":"product","link":"https:\/\/vigo-rio.com\/en\/product\/fc-84-sacred-spring\/","title":{"rendered":"FC Heilige Quelle \/ Sacred Spring"},"content":{"rendered":"<p><strong>Kolzov-Platte: &#8222;Heilige Quelle&#8220;\u00a0(f\u00fcr Freude, Optimismus und innere Ruhe, Negatives wird in Super-Positives gewandelt, Yin-Yang-Ausgleich, ordnet Gedanken, f\u00fcr Nervensystem und Augen)<\/strong><\/p>\n<p><strong>&#8211; neueste Version mit 8-Elementen (8 enthaltenen Energiespeicher-Chips)<\/strong><\/p>\n<p><em>Die Platte tr\u00e4gt die russische Aufschrift: \u00ab \u0421\u0412\u042f\u0422\u041e\u0419 \u0418\u0421\u0422\u041e\u0427\u041d\u0418\u041a\u00bb<br \/>\nbzw. auf dem erg\u00e4nzenden Deckblatt: &#8222;SACRED SPRING, SOURCE SACR\u00c9E, HEILIGE QUELLE&#8220;<\/em><\/p>\n<p>&#8222;Hab keine Angst, deine Zeit ist gekommen!&#8220; Das ist das Motto der Platte &#8222;Heilige Quelle&#8220;. Sie vermittelt Freude und Optimismus, Gef\u00fchle von Ohnmacht, Kummer und \u00c4ngste verschwinden &#8211; Negatives wandelt sich in Super-Positives! Sie hilft, die Gedanken zu ordnen und auszurichten. Zudem bringt sie im K\u00f6rperlichen die Yin-Yang-Energien ins Gleichgewicht und s\u00e4ttigt den Organismus mit Heilenergie. Dabei harmonisiert sie das Zentral-Nervensystem und st\u00e4rkt die Sehorgane.<\/p>\n<p>Die Platte &#8222;Heilige Quelle&#8220; erscheint &#8211; gemeinsam mit der Platte &#8222;Geheimnisse von Alaska&#8220; &#8211; zum 15. Jahrestag der Gr\u00fcndung des Kolzov-Platten-Herstellers &#8222;Planet der Regionen&#8220; (daher die &#8222;15&#8220; auf der Vorderseite).<\/p>\n<p><em>Die Aussagen beziehen sich auf alternative Testmethoden wie Meridianenergie-Messungen der Organfunktionskreisl\u00e4ufe nach TCM, Kirlian-Fotografie (EPG\/GDV-Kamera), Oberon, Amsat o.\u00e4. durch den Hersteller &#8222;Planet der Regionen&#8220; und stellen keine medizinische oder auf den physischen K\u00f6rper und dessen Organe bezogenen Aussage im Sinne der westlichen Schulmedizin dar.<\/em><\/p>\n<p><strong><br \/>\nDie Platte &#8222;Heilige Quelle&#8220; ist vor allem geeignet f\u00fcr:<\/strong><\/p>\n<ul>\n<li>vermittelt Freude, Leichtigkeit, Weichheit und innere Frische, beseitigt Kummer und Traurigkeit, verwandelt Negatives in Super-Positives, beruhigt und entspannt K\u00f6rper, Geist und Seele,<\/li>\n<li>erf\u00fcllt mit Optimismus, \u00f6ffnet das Herz als Seelenmitte, hilft allen, die sich weiter entwickeln und Neues ausprobieren m\u00f6chten, zu wachsen und aufzusteigen,<\/li>\n<li>der Anwender der Platte muss kein &#8222;schweres Kreuz&#8220; mehr tragen, er findet einfache und gerechte Wege &#8211; in einer neuen Leichtigkeit der Wahrnehmung und Bewegung entstehen neue Verbindungen und M\u00f6glichkeiten, wer an der Gegenwart verzweifelt oder in der Vergangenheit feststeckt, findet hoffnungsvolle Auswege,<\/li>\n<li>l\u00f6st \u00c4ngsten und einschr\u00e4nkende Programme, die bisher die pers\u00f6nliche Entwicklung blockiert haben,<\/li>\n<li>alles Schlechte im Leben des Anwenders verschwindet, die Ereignisse im Leben wandeln sich zum Besseren und es entsteht eine neue Lust am Leben,<\/li>\n<li>startet einen Entgiftungsprozess in K\u00f6rper und Seele,<\/li>\n<li>s\u00e4ttigt den menschlichen K\u00f6rper mit Heilkraft und bringt Ordnung in ihn: harmonisiert den Zustand des Zentral-Nervensystems (hilft auch beim Einschlafen), st\u00e4rkt Sehorgane, Herz-Kreislauf, Urogenital- und Fortpflanzungssystem,<\/li>\n<li>lindert Kr\u00e4mpfe, Verspannungen, Kopfschmerzen und Muskelverspannungen, indem Heilenergie in jene Problembereiche gelenkt wird,<\/li>\n<li>harmonisiert den nat\u00fcrlichen Biorhythmus eines Menschen und aktiviert die ruhenden Reserven des Organismus,<\/li>\n<li>die Platte hilft dabei zu erwachen und zu erkennen, wenn ein falscher Weg eingeschlagen worden ist oder man am falschen Platz im Leben ist,<\/li>\n<li>vermittelt innere Ruhe und Geborgenheit und l\u00e4sst ganz in die innere Welt eintauchen, ohne sich f\u00fcr das au\u00dfen zu verschlie\u00dfen &#8211; &#8222;nicht ich gehe in die Welt, sondern die Welt kommt zu mir&#8220;&#8230;,<\/li>\n<li>die Platte hilft dabei, die Gedanken zu ordnen und auszurichten, veraltete Denkmuster k\u00f6nnen losgelassen werden und ein Gef\u00fchl der Ohnmacht verschwindet,<\/li>\n<li>harmonisiert den emotionalen Zustand, erf\u00fcllt die Seele und das Herz mit spiritueller Gnade und Freude und f\u00fchrt zu innerem Frieden,<\/li>\n<li>aktiviert die Willens- und die Geisteskraft, beseitigt unzeitgem\u00e4\u00dfe Einschr\u00e4nkungen und vermittelt ein Verst\u00e4ndnis f\u00fcr die Zusammenh\u00e4nge negativer Zust\u00e4nde,<\/li>\n<li>entfernt \u00fcbersch\u00fcssiges Energiepotential im 3.Chakra und verteilt die Energie an andere Chakras &#8211; bei Personen, die andere schnell bevormunden und \u00fcberrumpeln oder die einen gro\u00dfen Machtanspruch haben und r\u00fccksichtslos agieren, wird so die Willenskraft auf ein gesundes Ma\u00df reguliert,<\/li>\n<li>vermittelt eine andere, h\u00f6here Perspektive auf Situationen und auf sich selbst, wodurch der Anwender an seinen Erfahrungen wachsen kann und gegen Widrigkeiten widerstandsf\u00e4higer wird,<\/li>\n<li>hilft dem Anwender jeden Geschlechts, seine innere Polarit\u00e4t der &#8222;m\u00e4nnlichen&#8220; und &#8222;weiblichen&#8220; Anteile zu harmonisieren und ein Yin-Yang-Gleichgewicht herzustellen; Frauen k\u00f6nnen ihre Weiblichkeit besser offenbaren und M\u00e4nner einen Zustand des Friedens und der Ruhe finden,<\/li>\n<li>f\u00f6rdert M\u00e4dchen und Frauen bei der Suche nach dem passenden Partner f\u00fcr eine gl\u00fccklichen Ehe und hilft energetisch bei Unfruchtbarkeit, Empf\u00e4ngnis und Geburt,<\/li>\n<li>die Platte erm\u00f6glicht es, Erinnerung an die Vorfahren zu wecken &#8211; unabh\u00e4ngig von Religion, Glauben und Herkunft des Anwenders kann die Ber\u00fchrung mit dem Kraftplatz des historischen Erbes des antiken Russlands die eigenen Urspr\u00fcnge und Ahnenkr\u00e4fte erschlie\u00dfen.<\/li>\n<\/ul>\n<p>Auf der Kolzov-Platte &#8222;Heilige Quelle&#8220; sind die Informationen der Heilquelle von St. Paraskeva Pyatnitsa in Staraja Ladoga, nahe des Ladoga-Sees \u00f6stlich von St. Petersburg gespeichert. Diese Quelle ist die \u00e4lteste, belegte aller Heilquellen Russlands. Der Ort Staraja Ladoga (&#8222;Alt-Ladoga&#8220;, urspr\u00fcnglich Aldogaborg) war um 750 die gr\u00f6\u00dfte bekannte Siedlung in Osteuropa, vergleichbar den Wikinger-Siedlungen in Birka (Schweden) und Haithabu (Deutschland). Von hier begann 862 der War\u00e4ger Rjurik seine Herrschaft \u00fcber die Rus und der Ort ist damit der Ursprung des russischen Reiches. Die heilige Paraskeva, die heutige Namensgeberin der Heilquelle, ist die christliche Nachfolgerin, der in slawischer Zeit verehrten Muttergottheit und Schutzpatronin von Feld, Heim und Hof Mokuscha.<\/p>\n<p>TIPP 1: Wenn Sie die Platte auf das 1.Chakra legen, wird die Lebensenergie sanft aktiviert. Platzieren Sie sie auf das 7. Chakra synchronisieren Sie sich mit den Rhythmen des umgebenden Raums.<\/p>\n<p>TIPP 2: Die Platte unterst\u00fctzt bei einem Handelsgesch\u00e4ft. Sie kann auch gezielt genutzt werden, um berufliche Probleme zu l\u00f6sen: Trinken Sie viel damit informiertes Wasser, konzentrieren Sie sich dabei jeweils auf den ganzen K\u00f6rper und beobachten Sie, welche Antworten und Hinweise f\u00fcr die Ursache der beruflichen oder gesch\u00e4ftlichen Blockaden in Ihnen aufsteigen<\/p>\n<p>TIPP 3: Um ein bestimmtes Organ zu heilen und ein Problem (Krankheiten, Gedanken, Emotionen) zu beseitigen, stellen Sie sich die L\u00f6sung des Problems bildlich vor und halten Sie die Platte nacheinander auf jedes Chakra.<\/p>\n<p>TIPP 4: Die Platte kann zur Verbesserung der Seesch\u00e4rfe genutzt werden: Halten Sie die Platte mit der Schmalseite vor die Stirn auf H\u00f6he der Vertiefung zwischen Stirn und Nase) und \u201eCLEAR VIEW-2\u201c zu befestigen. Platzieren dem gegen\u00fcber im Nacken, zwischen Kopf und Halsansatz, die Platte &#8222;Klarer Blick 2&#8220;. Stellen Sie sich vor, wie Licht durch Ihre Augen austritt.<\/p>\n<p>TIPP 5: Die Platte kann auch im Schlaf verwendet werden: Legen Sie die Platte einfach unter das Kopfkissen. Bei Babys und Kleinkindern, die viel schreien, kann die Platte auch auf die Brust oder an die Stirn gelegt oder gehalten werden.<\/p>\n<p>TIPP 6: Die Platte &#8222;Heilige Quelle&#8220; kann mit allen bisher ver\u00f6ffentlichten Platten und Armb\u00e4ndern kombiniert werden, insbesondere mit: \u201eSolar\u201c und &#8222;Anti-Migr\u00e4ne\/Gesunder Kopf&#8220; (Serie Elite 8-Elemente), Nr.15 (Serie Gold) und dem Armband \u201eLichtkraft\u201c<\/p>\n<p>ZUR BEACHTUNG: Bei dieser Platte sollte das Wasser zum Energetisieren mindestens 25 Minuten lang darauf gestellt werden<\/p>\n<p><em><strong>Wichtiger Hinweis: Wir weisen ausdr\u00fccklich darauf hin, dass die Kolzov-Platte (russische Bezeichnung: &#8222;Korrektoren des funktionalen Zustands&#8220;) ein alternatives Energie- und Informationsprodukt ist und kein Heilmittel im Sinne der westlichen Schulmedizin. Vielmehr ist es ein rein energetisches Hilfsmittel zur ganzheitlichen Balancierung von energetischen Disharmonien und Blockaden. Informationen \u00fcber Qualit\u00e4t und Eigenschaften des Energieobjekts beziehen sich auf Aussagen des russischen Herstellers und alternativen Theorien zu Mensch und Umwelt, auf alternative Anschauungen und esoterische \u00dcberlieferungen oder Aussagen. Sie gelten nur im Sinne der esoterischen Lebensphilosophie und daran angelehnte alternativheilkunde. Wirkungen im Sinne westlicher Wissenschaft oder Medizin werden hier nicht behauptet.<\/strong><\/em><\/p>","protected":false},"excerpt":{"rendered":"<p>wandelt Negatives in \u201eSuper-Positives\u201c und befreit von Gef\u00fchlen der Ohnmacht und des Kummers. Unter dem Motto \u201eDeine Zeit ist gekommen\u201c hilft sie, veraltete Denkmuster loszulassen, die Gedanken neu auszurichten und einen hoffnungsvollen Ausweg aus festgefahrenen Situationen zu finden. Sie harmonisiert das Zentral-Nervensystem, lindert stressbedingte Kr\u00e4mpfe und Kopfschmerzen und bringt die innere Polarit\u00e4t von Yin und Yang ins Gleichgewicht. Zudem weckt sie die Verbindung zur Ahnenkraft und unterst\u00fctzt Frauen bei Kinderwunsch und Geburt.<\/p>","protected":false},"featured_media":2417,"comment_status":"open","ping_status":"closed","template":"","meta":[],"product_brand":[],"product_cat":[33],"product_tag":[154],"class_list":{"0":"post-2231","1":"product","2":"type-product","3":"status-publish","4":"has-post-thumbnail","6":"product_cat-elite-series","7":"product_tag-154","9":"first","10":"instock","11":"taxable","12":"shipping-taxable","13":"purchasable","14":"product-type-simple"},"_links":{"self":[{"href":"https:\/\/vigo-rio.com\/en\/wp-json\/wp\/v2\/product\/2231","targetHints":{"allow":["GET"]}}],"collection":[{"href":"https:\/\/vigo-rio.com\/en\/wp-json\/wp\/v2\/product"}],"about":[{"href":"https:\/\/vigo-rio.com\/en\/wp-json\/wp\/v2\/types\/product"}],"replies":[{"embeddable":true,"href":"https:\/\/vigo-rio.com\/en\/wp-json\/wp\/v2\/comments?post=2231"}],"wp:featuredmedia":[{"embeddable":true,"href":"https:\/\/vigo-rio.com\/en\/wp-json\/wp\/v2\/media\/2417"}],"wp:attachment":[{"href":"https:\/\/vigo-rio.com\/en\/wp-json\/wp\/v2\/media?parent=2231"}],"wp:term":[{"taxonomy":"product_brand","embeddable":true,"href":"https:\/\/vigo-rio.com\/en\/wp-json\/wp\/v2\/product_brand?post=2231"},{"taxonomy":"product_cat","embeddable":true,"href":"https:\/\/vigo-rio.com\/en\/wp-json\/wp\/v2\/product_cat?post=2231"},{"taxonomy":"product_tag","embeddable":true,"href":"https:\/\/vigo-rio.com\/en\/wp-json\/wp\/v2\/product_tag?post=2231"}],"curies":[{"name":"wp","href":"https:\/\/api.w.org\/{rel}","templated":true}]}}