{"id":2230,"date":"2026-01-20T12:55:09","date_gmt":"2026-01-20T12:55:09","guid":{"rendered":"https:\/\/vigo-rio.com\/?post_type=product&#038;p=2230"},"modified":"2026-02-04T19:42:18","modified_gmt":"2026-02-04T19:42:18","slug":"fc-83-soul-of-olkhon-shorgol","status":"publish","type":"product","link":"https:\/\/vigo-rio.com\/en\/product\/fc-83-soul-of-olkhon-shorgol\/","title":{"rendered":"FC Schamanenberg von Olchon \/ Soul of Olkhon. Shorgol"},"content":{"rendered":"<p><strong>Kolzov-Platte: &#8222;Seele von Olchon. Shorgol&#8220;\u00a0&#8211; (Gleichgewicht der Elemente-Energien von Erde, Wasser, Feuer und Luft, bei Wetterf\u00fchligkeit, f\u00fcr sicheres Reisen, Harmonisierung der Chakras, l\u00f6st karmische Knoten, Spiritualit\u00e4t, Visionskraft, schamanische F\u00e4higkeiten)<br \/>\n<\/strong><\/p>\n<p><strong><em>(bei paarweiser Anwendung am besten mit der Platte &#8222;Baum des Lebens. Tule&#8220;)<\/em><br \/>\n<\/strong><\/p>\n<p><strong>&#8211; neueste Version mit 8-Elementen (8 enthaltenen Energiespeicher-Chips)<\/strong><\/p>\n<p><em>Die Platte tr\u00e4gt die russische Aufschrift: \u0414\u0423\u0428\u0410 \u041e\u041b\u042c\u0425\u041e\u041d\u0410. \u0428\u041e\u0420\u0413\u041e\u041b\u00bb\u00a0<\/em>bzw. auf dem erg\u00e4nzenden Deckblatt: SOUL OF OLKHON. SHORGOL, AME D&#8217;OLKHON. SHORGOL,<br \/>\nSCHAMANENBERG VON OLCHON<\/p>\n<p>Die Platte &#8222;Seele von Olchon. Shorgul&#8220; bzw. &#8222;Schameneberg von Olchon&#8220; ist hilfreich f\u00fcr wetter- und mondf\u00fchlige Menschen und kann auf Reisen als Schutzplatte genutzt werden. Sie unterst\u00fctzt Menschen, die unentschlossen sind und einen schwachen oder unterdr\u00fcckten Willen haben, ihren Weg zu finden. Die Platte hilft dabei, sensitive oder schamanische F\u00e4higkeiten zu verbessern. Sie passt das Energiesystem des Anwenders an die hochfrequenten neuen Energien der Erde an, gibt Unterst\u00fctzung in den Phasen der Transformation und vermittelt das daf\u00fcr notwendige Energie- und Kraftpotential und leitet so einen Prozess des spirituellen Neustarts des Anwenders ein. Auf Ebene der K\u00f6rperenergien unterst\u00fctzt sie vor allem Lymphe und Bewegungsapparat. Und wichtig f\u00fcr &#8222;Lichtarbeiter&#8220;: Einer Gruppenmeditationen f\u00fcr Frieden und G\u00fcte verleiht sie wesentlich mehr Kraft.<\/p>\n<p><em>Die Aussagen beziehen sich auf alternative Testmethoden wie Meridianenergie-Messungen der Organfunktionskreisl\u00e4ufe nach TCM, Kirlian-Fotografie (EPG\/GDV-Kamera), Oberon, Amsat o.\u00e4. durch den Hersteller &#8222;Planet der Regionen&#8220; und stellen keine medizinische oder auf den physischen K\u00f6rper und dessen Organe bezogenen Aussage im Sinne der westlichen Schulmedizin dar.<\/em><\/p>\n<p><strong>Die Platte ist in diesem Sinne vor allem geeignet f\u00fcr:<\/strong><\/p>\n<ul>\n<li>l\u00e4sst einen Energiewirbel-Kokon um den Anwender entstehen, der die harmonisierten vier Elemente-Energien von Erde, Wasser, Feuer und Luft umfasst, stellt ein Gleichgewicht dieser Energien f\u00fcr den Anwender her, l\u00e4dt das Chakra-System auf und f\u00fcllt mit Lebensenergie,<\/li>\n<li>startet den Prozess des spirituellen Neustarts des Anwenders und passt das Energiesystem des Anwenders an die hochfrequenten neuen Energien der Erde an, gibt Unterst\u00fctzung in den Phasen der Transformation und vermittelt das daf\u00fcr notwendige Energie- und Kraftpotential &#8211; leitet so einen Prozess des spirituellen Neustarts des Anwenders ein,<\/li>\n<li>synchronisiert die subtilen Strukturen des Anwenders (alle Aura-Schichten), stellt die integrale Struktur des Biofelds wieder her und startet auf der physischen Ebene die Prozesse der Selbstheilung und Selbstregulierung,<\/li>\n<li>erhebt das Bewusstsein \u00fcber die allt\u00e4gliche materielle Welt und erweitert den Horizont, erdet den Benutzer aber auch und schafft ein Gleichgewicht in der Pers\u00f6nlichkeit, was in Zeiten von Stress und hoher Belastung sehr wichtig ist,<\/li>\n<li>\u00f6ffnet den Zugang zu altem, heiligen Wissen: nach einer von Dankbarkeit begleiteten Aufforderung k\u00f6nnen die daf\u00fcr unterst\u00fctzenden Energien, wie sie fr\u00fcher in Form von Ahneng\u00f6ttern aller existierenden Religionen verehrt wurden, integriert werden,<\/li>\n<li>sch\u00fctzt das Energiefeld des Benutzers und schafft auf einer subtilen Ebene eine undurchdringliche Schutzwand um ihn herum, \u00f6ffnet und sch\u00fctzt gleichzeitig alle oberen Energiezentren, beginnend mit dem 4.Chakra, dem Herz-Chakra,<\/li>\n<li>reinigt den Geist, entfernt magische Einfl\u00fcsse aus den oberen Energiezentren und startet die Prozesse des Energieaustauschs mit dem Kosmos, unterst\u00fctzt die Entwicklung von Intuition und das Erreichen tiefer Meditation, f\u00f6rdert au\u00dfersinnliche F\u00e4higkeiten,<\/li>\n<li>harmonisiert einen emotionalen Hintergrund negativer Emotionen, beseitigt \u00c4ngste und Blockaden, n\u00e4hrt mit kraftvoller reiner Energie und einer positiven emotionalen Komponente, schafft eine andere, besondere Wahrnehmung der Energie der Zeit und erf\u00fcllt mit der Zuversicht, dass man alle Schwierigkeiten im Leben meistern kann \u201eIch kann alles schaffen, ich werde alles \u00fcberwinden&#8220;,<\/li>\n<li>hilft dabei, schneller negative karmische Knoten in seinem Energiefeld zu l\u00f6sen und sich so aus dem Kreislauf der Wiederholung gleichartiger Ereignisse und Karmakreise zur\u00fcckzuziehen &#8211; dadurch kann man selbst sein Schicksal ver\u00e4ndern,<\/li>\n<li>hilft bei psychischen S\u00fcchten, reinigt alle feinstofflichen K\u00f6rper von Energie-\u201eSchmutz\u201c, schneidet negative mentale und energetische Bindungen (einschlie\u00dflich sexueller) ab, gibt Kraft, die Gr\u00fcnde f\u00fcr diese Bindungen zu erkennen und sie bewusst aufzugeben<\/li>\n<li>unterst\u00fctzt dabei, sich selbst wirklich ungeschminkt wahrzunehmen und tief in die eigene Seele zu tauchen &#8211; dieses bei sich ankommen, vermittelt eine kraftvolle Konzentration des Informationsfelds,<\/li>\n<li>hilft, die richtige Lebenslinie in einem Zustand der Einsicht, der Liebe und des Lebenswillens aufzubauen, und erm\u00f6glicht es, besser zu verstehen, wer wir sind, und uns selbst so zu akzeptieren, wie wir sind,<\/li>\n<li>schafft g\u00fcnstige Situationen der menschlichen Interaktion mit den Menschen und dem Raum seines Lebensumfelds,<\/li>\n<li>er\u00f6ffnet einen Raum f\u00fcr sicheres Reisen und Freizeit und alle umweltfreundlichen Aktivit\u00e4ten f\u00fcr den Anwender und sein Umfeld,<\/li>\n<li>f\u00f6rdert ein Gef\u00fchl der Einheit innerhalb einer Gruppe von Menschen, die ein gemeinsames Ziel verfolgen \u2013 gemeinsam der Welt zu dienen f\u00fcr Frieden und G\u00fcte (z.B: in einer weltweiten Gruppenmeditation),<\/li>\n<li>gew\u00e4hrt Unterst\u00fctzung und Weisheit der Vorfahren und aktiviert die Kraft der Familie,<\/li>\n<li>offenbart die Reinheit, Tiefe und Anmut im Benutzer, welche das Herz erf\u00fcllen und helfen, die Vielfalt der Welt in sich aufzunehmen, vermittelt eine grenzenlose Liebe zur Natur und Respekt vor ihren Gesetzen, vermittelt die Vision, dass alles in der Natur lebendig ist und seinen eigenen Geist hat (Stein, Baum, Vogel, See usw.)<\/li>\n<li>erm\u00f6glicht dem Benutzer, sich seiner St\u00e4rke, seiner Ressourcen, seiner Vielseitigkeit und Kreativit\u00e4t bewusst zu werden und f\u00f6rdert die Verwirklichung guter Absichten und die Erf\u00fcllung von W\u00fcnschen, wenn sie rein und respektvoll gegen\u00fcber der Umwelt sind.<\/li>\n<li>erleichtert es, seine eventuelle \u201eschamanischen Gabe\u201c (wenn er in der Ahnenlinie vorhanden) in sanfter Weise zu entwickeln und stellt eine Verbindung mit dieser schamanischen Kraft- und Ahnenlinie her,<\/li>\n<li>hilft auf der energetischen Ebene des K\u00f6rpers bei Problemen im Gehirn, etwa bei der Linderung von Kr\u00e4mpfen der Gehirngef\u00e4\u00dfe (auch nach Verletzungen, bei Wetterumschw\u00fcngen und magnetischen St\u00fcrmen), tr\u00e4gt zur Vorbeugung von Schlaganf\u00e4llen bei und hilft bei Erkrankungen durch \u00fcberh\u00f6hten Blutdruck,<\/li>\n<li>verbessert die Funktion des Lymphsystems und lindert Schwellungen, l\u00f6st Energieblockaden im Unterk\u00f6rper vom 1.Chakra (Wurzel-Chakra) bis zu den Beinen, hilft so bei der Heilung von Beinproblemen,<\/li>\n<li>unterst\u00fctzt die Heilung bei Erkrankungen des Bewegungs- und Bewegungsapparates (Ischias, Arthritis, Arthrose etc.), lindert Kr\u00e4mpfe im Bewegungsapparat ab und sorgt f\u00fcr eine indirekte Schmerzlinderung,<\/li>\n<li>st\u00e4rkt das Immunsystem und unterst\u00fctzt das Herz-Kreislauf-Systems,<\/li>\n<li>reinigt energetisch den Geburtskanal, und harmonisiert das Fortpflanzungssystem von M\u00e4nnern und Frauen,<\/li>\n<li>h\u00f6ren Sie auf Ihren Geist, folgen Sie Ihrem Schicksal, ehren Sie die Natur, dienen Sie dem Licht. Bei Dir sind immer Deine Familie und Gott.<\/li>\n<\/ul>\n<p>Auf der Kolzov-Platte &#8222;Seele von Olchon. Shorgul&#8220; sind die Informationen des Kraftplatz-Berges Shorgul auf der Insel Olkhon im Baikalsee, Region Irkutsk, Russland, gespeichert. Die Energie wurde am Konzentrationspunkt der Freisetzung auf dem Berggipfel fixiert.<\/p>\n<p>TIPP 1: Die Platte &#8222;Seele von Olchon Shorgol&#8220; bildet mit der Platte &#8222;Baum des Lebens. Tule&#8220; ein \u201eheiliges Tandem\u201c, kann aber auch mit jeder zuvor ver\u00f6ffentlichten Kolzov-Platte kombiniert werden. Sie k\u00f6nnen eigene Kombinationen bilden, um Probleme und Aufgaben zu l\u00f6sen, die f\u00fcr Sie wichtig sind.<br \/>\nGemeinsam mit der Platte &#8222;Seele von Olchon Shorgol&#8220; angewendet, gibt sie Kraft, um das innere Potenzial zum Leben zu erwecken, harmonisiert und f\u00fcllt mit der notwendigen Energie, schafft Bedingungen f\u00fcr die Manifestation der Pers\u00f6nlichkeit in der eigenen Individualit\u00e4t, bringt das Bewusstsein auf eine neue Stufe und s\u00e4ttigt mit heilenden Energien der Gesundheit. Nehmen Sie dazu die Platte &#8222;Baum des Lebens. Tule&#8220; in die rechte Hand und &#8222;Seele von Olchon Shorgol&#8220; in die linke Hand. Befreien Sie sich von der Hektik, schlie\u00dfen Sie die Augen, atmen Sie ein paar Mal tief durch, nehmen Sie die Platte in die Hand und h\u00f6ren Sie auf Ihre Gef\u00fchle.<br \/>\nWenn Sie ein brennendes Gef\u00fchl in den H\u00e4nden versp\u00fcren, unterbrechen Sie die Anwendung am K\u00f6rper und trinken zun\u00e4chst nur das damit informierte Wasser.<\/p>\n<p>TIPP 2: Um einen noch st\u00e4rkeren Schutz aufzubauen kann die Platte &#8222;Berg Shorgul. Olkhon&#8220; mit den folgenden Platten kombiniert werden: &#8222;Seidosero. Arctida&#8220;, &#8222;Bacalar. Cenoten Yucatans&#8220; (Serie Elite 8-Elemente), &#8222;Talisman&#8220;, &#8222;Silberner Quell&#8220; (Serie Elite), allen Platten der Serie GR\u00dcN und mit den Armb\u00e4ndern \u201eAmulett&#8220;, \u201eBesch\u00fctzer&#8220; und &#8222;Charme&#8220; (Armband Frau)<\/p>\n<p>TIPP 3:\u00a0Legen Sie die Platte auf die ge\u00f6ffnete Hand und in dr\u00fccken Sie Ihre Dankbarkeit aus. Formulieren Sie eine Frage nach dem Grund einer schwierigen Situation und es kommen Ihnen Antworten in den Sinn: Was erschafft diese Situation und was ist die Verantwortung darin?<\/p>\n<p>TIPP 4: Die Platte &#8222;Seele von Olchon. Shorgul&#8220; ist hilfreich f\u00fcr wetter- und mondf\u00fchlige Menschen, bei Langstreckenfl\u00fcgen und allgemein auf Reisen bildet die Platte eine sch\u00fctzende Kuppel &#8211; formulieren Sie daf\u00fcr zum Beispiel: \u201eIch danke dem Geist dieses Landes (der Region, des Ortes, Seen usw.), der mich w\u00e4hrend der gesamten Reisezeit beherbergt, ich reise mit guten Absichten, Frieden und Freundlichkeit.\u201c<\/p>\n<p>TIPP 5: Die Platte kann f\u00fcr schamanische Arbeiten eine machtvolle Unterst\u00fctzung sein etwa zur Durchf\u00fchrung von Trance-Heilungsriten &#8211; ebenso aber auch f\u00fcr Heiler, Naturheilkundler und Kr\u00e4uterkundige, die nat\u00fcrlicher Heilformeln und Anwendungen entwickeln und verwenden. Sie hilft auch dabei, seine Gedanken rein und die Gef\u00fchle im Einklang zu halten.<\/p>\n<p>TIPP 6: Die Platte kann sehr gut zur Informierung \u00e4u\u00dferer Wirkstoffe wie Fango, Salben, Auflagen, Masken etc. insbesondere f\u00fcr den Bewegungsapparat verwendet werden.<\/p>\n<p>Zur BEACHTUNG: Bei dieser Platte sollte das Wasser zum Energetisieren mindestens 20 Minuten lang darauf gestellt werden<\/p>\n<p><em><strong>Wichtiger Hinweis:<br \/>\nWir weisen ausdr\u00fccklich darauf hin, dass die Kolzov-Platte (russische Bezeichnung: &#8222;Korrektoren des funktionalen Zustands&#8220;) ein alternatives Energie- und Informationsprodukt ist und kein Heilmittel im Sinne der westlichen Schulmedizin. Vielmehr ist es ein rein energetisches Hilfsmittel zur ganzheitlichen Balancierung von energetischen Disharmonien und Blockaden. Informationen \u00fcber Qualit\u00e4t und Eigenschaften des Energieobjekts beziehen sich auf Aussagen des russischen Herstellers und alternativen Theorien zu Mensch und Umwelt, auf alternative Anschauungen und esoterische \u00dcberlieferungen oder Aussagen. Sie gelten nur im Sinne der esoterischen Lebensphilosophie und daran angelehnte Alternativheilkunde. Wirkungen im Sinne westlicher Wissenschaft oder Medizin werden hier nicht behauptet.<\/strong><\/em><\/p>","protected":false},"excerpt":{"rendered":"<p>ist ein kraftvolles Instrument f\u00fcr die Transformation in der \u201eneuen Zeit\u201c. Sie bringt die vier Elemente (Erde, Wasser, Feuer, Luft) in deinem Energiefeld ins Gleichgewicht und sch\u00fctzt dich wie ein energetischer Kokon. Sie ist besonders wertvoll f\u00fcr Menschen mit schamanischen Gaben oder einer starken Verbindung zur Natur. Zudem hilft sie, alte karmische Knoten zu l\u00f6sen und negative mentale Bindungen endg\u00fcltig zu kappen.<\/p>","protected":false},"featured_media":2419,"comment_status":"open","ping_status":"closed","template":"","meta":[],"product_brand":[],"product_cat":[33],"product_tag":[202],"class_list":{"0":"post-2230","1":"product","2":"type-product","3":"status-publish","4":"has-post-thumbnail","6":"product_cat-elite-series","7":"product_tag-202","9":"first","10":"instock","11":"taxable","12":"shipping-taxable","13":"purchasable","14":"product-type-simple"},"_links":{"self":[{"href":"https:\/\/vigo-rio.com\/en\/wp-json\/wp\/v2\/product\/2230","targetHints":{"allow":["GET"]}}],"collection":[{"href":"https:\/\/vigo-rio.com\/en\/wp-json\/wp\/v2\/product"}],"about":[{"href":"https:\/\/vigo-rio.com\/en\/wp-json\/wp\/v2\/types\/product"}],"replies":[{"embeddable":true,"href":"https:\/\/vigo-rio.com\/en\/wp-json\/wp\/v2\/comments?post=2230"}],"wp:featuredmedia":[{"embeddable":true,"href":"https:\/\/vigo-rio.com\/en\/wp-json\/wp\/v2\/media\/2419"}],"wp:attachment":[{"href":"https:\/\/vigo-rio.com\/en\/wp-json\/wp\/v2\/media?parent=2230"}],"wp:term":[{"taxonomy":"product_brand","embeddable":true,"href":"https:\/\/vigo-rio.com\/en\/wp-json\/wp\/v2\/product_brand?post=2230"},{"taxonomy":"product_cat","embeddable":true,"href":"https:\/\/vigo-rio.com\/en\/wp-json\/wp\/v2\/product_cat?post=2230"},{"taxonomy":"product_tag","embeddable":true,"href":"https:\/\/vigo-rio.com\/en\/wp-json\/wp\/v2\/product_tag?post=2230"}],"curies":[{"name":"wp","href":"https:\/\/api.w.org\/{rel}","templated":true}]}}