{"id":223,"date":"2026-01-14T12:40:58","date_gmt":"2026-01-14T12:40:58","guid":{"rendered":"https:\/\/vigo-rio.com\/?post_type=product&#038;p=223"},"modified":"2026-03-13T16:10:55","modified_gmt":"2026-03-13T16:10:55","slug":"fc-13-healthy-intellect","status":"publish","type":"product","link":"https:\/\/vigo-rio.com\/en\/product\/fc-13-healthy-intellect\/","title":{"rendered":"FC Gesunder Intellect\/ Healthy Intellect"},"content":{"rendered":"<p><strong>Kolzov-Platte &#8222;Nr.13\u00a0&#8211; Gesunder Intellekt&#8220;<\/strong><\/p>\n<p><strong>&#8211; neueste Version mit 8-Elementen (8 enthaltenen Energiespeicher-Chips)<\/strong><\/p>\n<p><em>Die Aussagen beziehen sich auf alternative Testmethoden wie Meridianenergie-Messungen der Organfunktionskreisl\u00e4ufe nach TCM, Kirlian-Fotografie (EPG\/GDV-Kamera), Oberon, Amsat o.\u00e4. durch den Hersteller &#8222;Planet der Regionen&#8220; und stellen keine medizinische oder auf den physischen K\u00f6rper und dessen Organe bezogenen Aussage im Sinne der westlichen Schulmedizin dar.<br \/>\n<\/em><\/p>\n<p><strong>Die Platte ist in diesem Sinne vor allem geeignet f\u00fcr:<\/strong><\/p>\n<p>Die Platte Nr.13 \u201eGesunder Intellekt\u201c f\u00f6rdert Konzentration und Aufmerksamkeit, erh\u00f6ht das Interesse am Lernen und unterst\u00fctzt das geistige Wachstum. Sie hilft dabei, die Wirbels\u00e4ule zu strecken, und regt die energetische Aufrichtung der Wirbels\u00e4ule an. Frauen unterst\u00fctzt sie dabei schwanger zu werden. Die Platte enth\u00e4lt den Runenkanal \u201eBerkana\u201c, den Kanal \u201eHektas\u201c f\u00fcr den Schutz der Informationen sowie Informationskan\u00e4le zum besseren Verst\u00e4ndnis des Wesens der Dinge beitragen. Hinzugef\u00fcgt wurden auch verst\u00e4rkte Heilschwingungen von Birkenrinde und Birkensaft im Zeitraum des Saftumlaufs.<\/p>\n<p>TIPP: Die Platte Nr.13 passt beispielsweise auch sehr gut als gemeinsame Anwendung mit den blauen Platten Nr.8 und\/oder der gr\u00fcnen Themen-Platte &#8222;Generationen&#8220;, &#8222;Harmonie&#8220; und &#8222;Langes Leben&#8220; und\/oder den goldenen Nr.18, 19 und 21.<\/p>\n<p>ZUR BEACHTUNG: Die Aktivierungszeit von Wasser auf der Platte betr\u00e4gt mindestens 15 Sekunden.<\/p>\n<p><u><br \/>\n<\/u><em><u>Ergebnis im LIFE-TEST:<\/u>\u00a0Die Kolzov-Platte &#8222;Nr.13 &#8211; Gesunder Intellekt&#8220; hat ein neutrales Energiefeld mit 40 000 Bovis. Damit aktiviert sie die gleich 4 Chakras auf 40 000 Bovis: Stirn-, Hals-, Herz- und Solarplexus-Chakra. Das Kronen-Chakra seigt auf ebenfalls hohe 35 000 Bovis. Das Blase-\/Sexual-Chakra Chakra verdoppelt seine Energie auf 14 000 Bovis und das Wurzel-Chakra bleibt in seiner Energie auf 7000 Bovis. Durch die Aufladung der Chakras w\u00e4chst der bioenergetische Reaktionsabstand von zirka 75 Zentimetern um den K\u00f6rper auf 2,00 Meter.<br \/>\n<\/em><\/p>\n<p><em><strong>Wichtiger Hinweis:<br \/>\nWir weisen ausdr\u00fccklich darauf hin, dass die Kolzov-Platte (russische Bezeichnung: &#8222;Korrektoren des funktionalen Zustands&#8220;) ein alternatives Energie- und Informationsprodukt ist und kein Heilmittel im Sinne der westlichen Schulmedizin. Vielmehr ist es ein rein energetisches Hilfsmittel zur ganzheitlichen Balancierung von energetischen Disharmonien und Blockaden. Informationen \u00fcber Qualit\u00e4t und Eigenschaften des Energieobjekts beziehen sich auf Aussagen des russischen Herstellers und alternativen Theorien zu Mensch und Umwelt, auf alternative Anschauungen und esoterische \u00dcberlieferungen oder Aussagen. Sie gelten nur im Sinne der esoterischen Lebensphilosophie und daran angelehnte Alternativheilkunde. Wirkungen im Sinne westlicher Wissenschaft oder Medizin werden hier nicht behauptet.<\/strong><\/em><\/p>","protected":false},"excerpt":{"rendered":"<p>Die Platte FC 13 Gesunder Intellekt f\u00f6rdert die Konzentration und Aufmerksamkeit, steigert das Interesse am Lernen und unterst\u00fctzt das geistige Wachstum<\/p>","protected":false},"featured_media":1692,"comment_status":"open","ping_status":"closed","template":"","meta":[],"product_brand":[],"product_cat":[28],"product_tag":[],"class_list":{"0":"post-223","1":"product","2":"type-product","3":"status-publish","4":"has-post-thumbnail","6":"product_cat-purple-series","8":"first","9":"instock","10":"sale","11":"taxable","12":"shipping-taxable","13":"purchasable","14":"product-type-variable"},"_links":{"self":[{"href":"https:\/\/vigo-rio.com\/en\/wp-json\/wp\/v2\/product\/223","targetHints":{"allow":["GET"]}}],"collection":[{"href":"https:\/\/vigo-rio.com\/en\/wp-json\/wp\/v2\/product"}],"about":[{"href":"https:\/\/vigo-rio.com\/en\/wp-json\/wp\/v2\/types\/product"}],"replies":[{"embeddable":true,"href":"https:\/\/vigo-rio.com\/en\/wp-json\/wp\/v2\/comments?post=223"}],"wp:featuredmedia":[{"embeddable":true,"href":"https:\/\/vigo-rio.com\/en\/wp-json\/wp\/v2\/media\/1692"}],"wp:attachment":[{"href":"https:\/\/vigo-rio.com\/en\/wp-json\/wp\/v2\/media?parent=223"}],"wp:term":[{"taxonomy":"product_brand","embeddable":true,"href":"https:\/\/vigo-rio.com\/en\/wp-json\/wp\/v2\/product_brand?post=223"},{"taxonomy":"product_cat","embeddable":true,"href":"https:\/\/vigo-rio.com\/en\/wp-json\/wp\/v2\/product_cat?post=223"},{"taxonomy":"product_tag","embeddable":true,"href":"https:\/\/vigo-rio.com\/en\/wp-json\/wp\/v2\/product_tag?post=223"}],"curies":[{"name":"wp","href":"https:\/\/api.w.org\/{rel}","templated":true}]}}