{"id":2229,"date":"2026-01-20T12:54:31","date_gmt":"2026-01-20T12:54:31","guid":{"rendered":"https:\/\/vigo-rio.com\/?post_type=product&#038;p=2229"},"modified":"2026-02-04T19:43:08","modified_gmt":"2026-02-04T19:43:08","slug":"fc-82-tree-of-life-tule","status":"publish","type":"product","link":"https:\/\/vigo-rio.com\/en\/product\/fc-82-tree-of-life-tule\/","title":{"rendered":"FC Baum des Lebens. Thule \/ Tree of Life. Tule"},"content":{"rendered":"<p><strong>Kolzov-Platte: &#8222;Baum des Lebens. Tule&#8220;\u00a0(Anti-Stress, Kraft und Vitalit\u00e4t, Harmonie, Energieerh\u00f6hung, Seelenpotential entfalten, im Fluss des Lebens bleiben, Arbeit mit H\u00f6herem Selbst und Akasha-Chronik)<br \/>\n<\/strong><\/p>\n<p><strong><em>(bei paarweiser Anwendung am besten mit der Platte &#8222;Seele von Olchon. Shorgol&#8220;)<\/em><br \/>\n<\/strong><\/p>\n<p><strong>&#8211; neueste Version mit 8-Elementen (8 enthaltenen Energiespeicher-Chips)<\/strong><\/p>\n<p><em>Die Platte tr\u00e4gt die russische Aufschrift: \u0414\u0420\u0415\u0412\u041e \u0416\u0418\u0417\u041d\u0418. \u0422\u0423\u041b\u0415 bzw. auf dem erg\u00e4nzenden Deckblatt: ARBRE DE VIE. TULE, BAUM DES LEBENS. TULE<\/em><\/p>\n<p>Die Kolzov-Platte &#8222;Baum des Lebens. Tule&#8220; ist eine wertvolle Unterst\u00fctzung bei allen Stressbelastungen und f\u00fcr Jeden, den die Informations\u00fcberflutung belastet und der wieder besser in seiner Mitte bleiben m\u00f6chte. Sie ist daher auch ideal bei Auftritten vor Publikum, f\u00fcr Lehrer, \u00c4rzte und Therapeuten. Sie hilft zudem dabei, bewusst in der Gegenwart zu leben und sein Seelenpotential und seinen Lebensplan zu entfalten, erh\u00f6ht das Schwingungsniveau, \u00f6ffnet die Intuition und hilft, in Kontakt mit dem H\u00f6heren Selbst und der Akasha-Chronik treten zu k\u00f6nnen. Sie l\u00e4sst unberechtigte Kritik abprallen, vermittelt neue Lebensfreude und einen Zustand des Verst\u00e4ndnisses, der Akzeptanz, der Z\u00e4rtlichkeit und der Leichtigkeit des Seins.<br \/>\nSie kann zudem unterst\u00fctzend in der Gewichtskontrolle eingesetzt werden.<\/p>\n<p><em>Die Aussagen beziehen sich auf alternative Testmethoden wie Meridianenergie-Messungen der Organfunktionskreisl\u00e4ufe nach TCM, Kirlian-Fotografie (EPG\/GDV-Kamera), Oberon, Amsat o.\u00e4. durch den Hersteller &#8222;Planet der Regionen&#8220; und stellen keine medizinische oder auf den physischen K\u00f6rper und dessen Organe bezogenen Aussage im Sinne der westlichen Schulmedizin dar.<\/em><\/p>\n<p><strong>Die Platte ist in diesem Sinne vor allem geeignet f\u00fcr:<\/strong><\/p>\n<ul>\n<li>hilft dabei, das \u00dcberfl\u00fcssige, Unn\u00f6tige, Informationsm\u00fcll und emotionale \u00dcbererregung (durch Nachrichten, soziale Netzwerke etc.) abzulegen und zur Ruhe zu kommen und Kraft zu sch\u00f6pfen, f\u00fcllt den Anwender mit viel Kraft und Vitalit\u00e4t und vermittelt die Unterst\u00fctzung der H\u00f6heren Kr\u00e4fte \u2013 es f\u00fchlt sich an, als w\u00e4re die Atemluft mit der Reinheit des \u00c4thers ges\u00e4ttigt,<\/li>\n<li>er\u00f6ffnet die M\u00f6glichkeit, seinen wahren Lebensplan zu verwirklichen und das Potenzial seiner Seele zu entfalten,<\/li>\n<li>vermittelt hochschwingende Energien, wodurch die Schwingungsfrequenz des Anwenders nach und nach erh\u00f6ht wird, und bringt das Biofeld wieder in Einklang mit der Seele und dem Geist,<\/li>\n<li>\u00f6ffnet im Geist einen Kanal des Erwachens und hilft dem Anwender, einen spirituelleren Lebensplan zu verwirklichen, stellt einen Kommunikationskanal zwischen der Erde und dem Kosmos her,<\/li>\n<li>st\u00e4rkt die Entwicklung von Pers\u00f6nlichkeit, Intellekt und Bewusstsein und Spiritualit\u00e4t,<\/li>\n<li>hilft, sich mit seinem H\u00f6heren Selbst zu verbinden und eine Situation aus h\u00f6herer Warte und mit emotionaler Distanz zu betrachten, hilft so, im Fluss des Lebens zu bleiben,<\/li>\n<li>n\u00e4hrt das Kraftpotenzial der Yin- und Yang-Energien,<\/li>\n<li>st\u00e4rkt die psycho-emotionale Widerstandsf\u00e4higkeit in allen Lebenssituationen, die negativen Einfl\u00fcsse aus Gesellschaft, Kommunikation, Umwelt etc. werfen nicht mehr aus der Bahn,<\/li>\n<li>enth\u00fcllt auch die eigenen negativen Programme und Glaubensmuster &#8211; egal, ob sie aus der fr\u00fchen Kindheit oder der Gegenwart stammen &#8211; und hilft, sie aufzul\u00f6sen und deren psychosomatischen Auswirkungen auf die Gesundheit zu beseitigen,<\/li>\n<li>hilft dem Anwender seinen k\u00fcnftigen Entwicklungsweg zu bestimmen und ein gl\u00fcckliches Leben zu leben,<\/li>\n<li>steigert das Selbstwertgef\u00fchl und st\u00e4rkt ein gesundes Selbstvertrauen,<\/li>\n<li>vermittelt ein Gef\u00fchl, mit Himmel und Erde verbunden und in Harmonie zu sein, wodurch Sicherheit und Leichtigkeit zugleich im Leben entstehen,<\/li>\n<li>lindert M\u00fcdigkeit und f\u00fchrt dennoch in einen Zustand der Ruhe, Gelassenheit, Liebe, inneren Geborgenheit und Entspannung,<\/li>\n<li>leitet Energien ins 2. Chakra, um den physischen K\u00f6rper zu aktivieren und Emotionen zu regulieren, in das 3.Chakra, um die eigenen Willenskr\u00e4fte zu st\u00e4rken, und in das 6.Chakra (Drittes Auge), um die Intuition zu st\u00e4rken und den Zugang zu Informationen der Akasha-Chronik zu erlangen,<\/li>\n<li>aktiviert den Informationsspeicher seiner Erfahrungen in fr\u00fcheren Inkarnationen,<\/li>\n<li>vermittelt den Kontakt zur \u00e4therische Umgebung und erm\u00f6glicht es, den Fluss der Kr\u00e4fte des Gel\u00e4ndes zu ersp\u00fcren und zu beeinflussen,<\/li>\n<li>sch\u00e4rft das Bewusstsein daf\u00fcr, in sich selbst die Quelle konstanter Energie zu besitzen und, aktiviert die Energie der Vitalit\u00e4t im Anwender,<\/li>\n<li>gibt Selbstvertrauen f\u00fcr einen Neuanfang, st\u00e4rkt den Fluss kreativer Inspiration f\u00fcr neue T\u00e4tigkeitsfelder,<\/li>\n<li>l\u00f6st sanft aus depressiven Stimmungen, schenkt neue Energie f\u00fcrs Leben und l\u00f6st unbegr\u00fcndete \u00c4ngste vor dem Unbekannten auf,<\/li>\n<li>wandelt ein kritisches Rollenbild der Mutter in das einer unterst\u00fctzenden, liebevollen und besch\u00fctzenden Mutter, die ein Gef\u00fchl von Sicherheit, Geborgenheit und Wohlbefinden bef\u00f6rdert,<\/li>\n<li>st\u00e4rkt die Familiensysteme und vermittelt die unterst\u00fctzende Kraft der Ahnenlinie,<\/li>\n<li>verleiht einen Zustand purer kindlicher Freude \u2013 rein, nat\u00fcrlich und echt,<\/li>\n<li>leitet eine tiefgehende Heilung ein, indem es die inneren Schichten der Aura regeneriert und die Energieregulation unterst\u00fctzt, schafft so nach und nach ein gesundes Geleichgewicht in allen K\u00f6rpersystemen,<\/li>\n<li>tr\u00e4gt zu einer gesunden Zirkulation der Lymphe bei, verbessert die Funktion der Bauchspeicheldr\u00fcse, der Nebennieren und der Sehorgane und steigert die Libido,<\/li>\n<li>und normalisiert den Appetit,<\/li>\n<li>aktiviert die Energien der Langlebigkeit und startet den Prozess der Erneuerung und Wiederherstellung des K\u00f6rpers auf zellul\u00e4rer Ebene,<\/li>\n<li>hilft dabei, negative Einfl\u00fcsse von au\u00dfen auf das Biofeld des Anwenders wahrzunehmen und zu beseitigen.<\/li>\n<\/ul>\n<p>Auf der Kolzov-Platte &#8222;Baum des Lebens. Tule&#8220; sind die Informationen des ber\u00fchmten mexikanischen Tule-Baums in der Stadt Santa Maria del Tule, Oaxaca, Mexiko, gespeichert. Der &#8222;\u00c1rbol del Tule&#8220;, deutsch Baum von Tule, ist ein etwa 1400\u20131600 Jahre altes Baumexemplar der Art Mexikanische Sumpfzypresse (Taxodium mucronatum). Mit dem Durchmesser seiner St\u00e4mme von \u00fcber 14 Metern und einem Umfang von 46 Metern ist er der dickste bekannte Baum der Erde und eines der gr\u00f6\u00dften Lebewesen der Erde.<\/p>\n<p>TIPP 1:\u00a0Die Platte &#8222;Baum des Lebens. Tule&#8220; bildet mit der Platte &#8222;Seele von Olchon Shorgol&#8220; ein \u201eheiliges Tandem\u201c, kann aber auch mit jeder zuvor ver\u00f6ffentlichten Kolzov-Platte kombiniert werden. Sie k\u00f6nnen eigene Kombinationen bilden, um Probleme und Aufgaben zu l\u00f6sen, die f\u00fcr Sie wichtig sind.<br \/>\nGemeinsam mit der Platte &#8222;Seele von Olchon Shorgol&#8220; angewendet, gibt sie Kraft, um das innere Potenzial zum Leben zu erwecken, harmonisiert und f\u00fcllt mit der notwendigen Energie, schafft Bedingungen f\u00fcr die Manifestation der Pers\u00f6nlichkeit in der eigenen Individualit\u00e4t, bringt das Bewusstsein auf eine neue Stufe und s\u00e4ttigt mit heilenden Energien der Gesundheit. Nehmen Sie dazu die Platte &#8222;Baum des Lebens. Tule&#8220; in die rechte Hand und &#8222;Seele von Olchon Shorgol&#8220; in die linke Hand. Befreien Sie sich von der Hektik, schlie\u00dfen Sie die Augen, atmen Sie ein paar Mal tief durch, nehmen Sie die Platte in die Hand und h\u00f6ren Sie auf Ihre Gef\u00fchle.<br \/>\nWenn Sie ein brennendes Gef\u00fchl in den H\u00e4nden versp\u00fcren, unterbrechen Sie die Anwendung am K\u00f6rper und trinken zun\u00e4chst nur das damit informierte Wasser.<\/p>\n<p>TIPP 2: Die Platte kann zu gezielter Heilung verwendet werden: versetzen Sie sich einen emotional positiven Zustand, machen sie sich Ihre Absicht f\u00fcr Regeneration und Heilung bewusst und richten sie Ihre Aufmerksamkeit auf das jeweilige Areal des K\u00f6rpers und lenken damit die Heilenergien dorthin. Sie k\u00f6nnen Ihr Heilw\u00fcnsche auch zuvor aufschrieben, zum Beispiel: \u201eIch bitte Sie, dieses oder jenes Programm, Krankheit, Blockade in der Energie der H\u00f6heren Liebe f\u00fcr mich und die Welt um mich herum aufzul\u00f6sen. Vielen Dank daf\u00fcr.\u201c<\/p>\n<p>TIPP 3: Verbinden Sie sich mit den Energien der Erde, indem Sie sich auf den R\u00fccken auf den Boden legen und die Platte unter das Stei\u00dfbein legen und die Platte &#8222;Seele von Olkhon, Shorgol&#8220; unter den Nacken. Wenn Sie hinsp\u00fcren, k\u00f6nnen auch den Fluss der Kr\u00e4fte des Gel\u00e4ndes zu ersp\u00fcren und zu beeinflussen.<\/p>\n<p>TIPP 4:<strong>\u00a0<\/strong>Die Platte ist sehr hilfreich f\u00fcr Meditationen, abendliche Entspannungsrituale, Atem\u00fcbungen und Retreats.<\/p>\n<p>TIPP 5: Es ist wichtig, mit Hilfe dieser Platte die Flexibilit\u00e4t des Denkens, die Akzeptanz der M\u00f6glichkeit von Ver\u00e4nderungen und das Vertrauen, dass es zum Besten geschieht, zu st\u00e4rken. Lauschen Sie auf die grundlegende Botschaft der Platte: Ern\u00e4hren Sie sich gesund, nehmen Sie sich Zeit zum Nachdenken, lassen Sie Exzesse los, freuen Sie sich \u00fcber den Aufgang der Sonne und des Mondes in der neuen Nacht. Alles, was passieren wird, ist bereits passiert. Alles, was passiert ist, hat uns spirituell wachsen lassen.<\/p>\n<p>ZUR BEACHTUNG: Bei dieser Platte sollte das Wasser zum Energetisieren mindestens 25 Minuten lang darauf gestellt werden.<\/p>\n<p><strong><em>Wichtiger Hinweis:<br \/>\nWir weisen ausdr\u00fccklich darauf hin, dass die Kolzov-Platte (russische Bezeichnung: &#8222;Korrektoren des funktionalen Zustands&#8220;) ein alternatives Energie- und Informationsprodukt ist und kein Heilmittel im Sinne der westlichen Schulmedizin. Vielmehr ist es ein rein energetisches Hilfsmittel zur ganzheitlichen Balancierung von energetischen Disharmonien und Blockaden. Informationen \u00fcber Qualit\u00e4t und Eigenschaften des Energieobjekts beziehen sich auf Aussagen des russischen Herstellers und alternativen Theorien zu Mensch und Umwelt, auf alternative Anschauungen und esoterische \u00dcberlieferungen oder Aussagen. Sie gelten nur im Sinne der esoterischen Lebensphilosophie und daran angelehnte Alternativheilkunde. Wirkungen im Sinne westlicher Wissenschaft oder Medizin werden hier nicht behauptet.<\/em><\/strong><\/p>","protected":false},"excerpt":{"rendered":"<p><b data-path-to-node=\"1\" data-index-in-node=\"0\">Kolzov-Platte: &#8222;Baum des Lebens. Tule&#8220;<\/b> <b data-path-to-node=\"1\" data-index-in-node=\"39\">Zweck:<\/b> Anti-Stress &amp; Fokus. L\u00f6scht Informationsm\u00fcll und Social-Media-Stress, um Platz f\u00fcr dein wahres Seelenpotenzial zu schaffen. Sie st\u00e4rkt die Intuition (Akasha-Chronik), normalisiert den Appetit zur Gewichtskontrolle und schenkt tiefe, kindliche Lebensfreude. Ideal f\u00fcr Lehrer und Dozenten, um vor Publikum gelassen und gesch\u00fctzt zu bleiben. <b data-path-to-node=\"1\" data-index-in-node=\"385\">Strukturierung:<\/b> 25 Min.<\/p>","protected":false},"featured_media":2423,"comment_status":"open","ping_status":"closed","template":"","meta":[],"product_brand":[],"product_cat":[33],"product_tag":[153],"class_list":{"0":"post-2229","1":"product","2":"type-product","3":"status-publish","4":"has-post-thumbnail","6":"product_cat-elite-series","7":"product_tag-153","9":"first","10":"instock","11":"taxable","12":"shipping-taxable","13":"purchasable","14":"product-type-simple"},"_links":{"self":[{"href":"https:\/\/vigo-rio.com\/en\/wp-json\/wp\/v2\/product\/2229","targetHints":{"allow":["GET"]}}],"collection":[{"href":"https:\/\/vigo-rio.com\/en\/wp-json\/wp\/v2\/product"}],"about":[{"href":"https:\/\/vigo-rio.com\/en\/wp-json\/wp\/v2\/types\/product"}],"replies":[{"embeddable":true,"href":"https:\/\/vigo-rio.com\/en\/wp-json\/wp\/v2\/comments?post=2229"}],"wp:featuredmedia":[{"embeddable":true,"href":"https:\/\/vigo-rio.com\/en\/wp-json\/wp\/v2\/media\/2423"}],"wp:attachment":[{"href":"https:\/\/vigo-rio.com\/en\/wp-json\/wp\/v2\/media?parent=2229"}],"wp:term":[{"taxonomy":"product_brand","embeddable":true,"href":"https:\/\/vigo-rio.com\/en\/wp-json\/wp\/v2\/product_brand?post=2229"},{"taxonomy":"product_cat","embeddable":true,"href":"https:\/\/vigo-rio.com\/en\/wp-json\/wp\/v2\/product_cat?post=2229"},{"taxonomy":"product_tag","embeddable":true,"href":"https:\/\/vigo-rio.com\/en\/wp-json\/wp\/v2\/product_tag?post=2229"}],"curies":[{"name":"wp","href":"https:\/\/api.w.org\/{rel}","templated":true}]}}