{"id":2228,"date":"2026-01-20T12:53:24","date_gmt":"2026-01-20T12:53:24","guid":{"rendered":"https:\/\/vigo-rio.com\/?post_type=product&#038;p=2228"},"modified":"2026-04-01T16:21:59","modified_gmt":"2026-04-01T16:21:59","slug":"fc-80-blue-lagoon-island","status":"publish","type":"product","link":"https:\/\/vigo-rio.com\/en\/product\/fc-80-blue-lagoon-island\/","title":{"rendered":"FC Blau Lagune Island \/ Blue Lagoon Island"},"content":{"rendered":"<p><strong>Kolzov-Platte: &#8222;Blaue Lagune. Island&#8220;\u00a0(bei Problemen mit Haut, Bindegewebe und Gelenken, Psoriasis, Dermatitis, Ekzemen etc., hilft von einer negativen Dynamik zu einer positiven Dynamik \u00fcberzugehen, f\u00fcr geistigen und materiellen Wohlstand)<br \/>\n<\/strong><\/p>\n<p><strong><em>(bei paarweiser Anwendung am besten mit der Platte &#8222;Neun Heiler&#8220;)<\/em><br \/>\n<\/strong><\/p>\n<p><strong>&#8211; neueste Version mit 8-Elementen (8 enthaltenen Energiespeicher-Chips)<\/strong><\/p>\n<p><em>Die Platte tr\u00e4gt die russische Aufschrift: \u0413\u041e\u041b\u0423\u0411\u0410\u042f \u041b\u0410\u0413\u0423\u041d\u0410. \u0418\u0421\u041b\u0410\u041d\u0414\u0418\u042f bzw. auf dem erg\u00e4nzenden Deckblatt: BLUE LAGOON.ICELAND, LAGON BLUE.ISLANDE<br \/>\nBLAUE LAGUNE.ISLAND<\/em><\/p>\n<p>Die Kolzov-Platte &#8222;Blaue Lagune.Island&#8220; stellt die erstaunliche Heilkraft der gleichnamigen Geothermalquelle, die durch ihre au\u00dfergew\u00f6hnlich himmelblaue Farbe bekannt ist, energetisch zur Verf\u00fcgung. Insbesondere bei Problemen mit Haut, Bindegewebe und Gelenken sind die Wirkungen des Wassers wissenschaftlich best\u00e4tigt. Das Heilwasser der &#8222;Blauen Lagune&#8220; enth\u00e4lt viele Mineralien, Algen und Kieselgur (Silicea). Kieselgur wiederum besteht haupts\u00e4chlich aus den Siliziumdioxidschalen fossiler Kieselalgen, welche vor allem die blauen Strahlen der Sonne reflektieren und so das leuchtende Himmelblau des Wassers erzeugen. Neben dem \u00f6ffentlichen Schwimmbecken der Blauen Lagune gibt es seit 1994 eine Klinik speziell f\u00fcr Psoriasis-Kranke und andere dermatologische Patienten, denn Untersuchungen des Wassers anhand des PASI (&#8222;Psoriasis Area and Severity Index&#8220;) haben ergeben, dass bereits nach der ersten Behandlungswoche mit t\u00e4glichem Bad in der Blauen Lagune bis zu 75 Prozent der Psoriasis-Herde abgeheilt waren.<br \/>\nDie Kolzov-Platte &#8222;Blaue Lagune.Island&#8220; ist aber auch hilfreich f\u00fcr alle, die nach Wegen suchen, um Probleme in ihrem Lebens zu l\u00f6sen, zur Unterst\u00fctzung des Selbstvertrauens und der Selbstliebe, und um falsche Selbstbilder zu korrigieren &#8211; etwa wenn man sich als Opfer oder als etwas Besseres f\u00fchlt oder wenn man anderen Menschen zu viel gibt und nimmt.<\/p>\n<p><em>Die Aussagen beziehen sich auf alternative Testmethoden wie Meridianenergie-Messungen der Organfunktionskreisl\u00e4ufe nach TCM, Kirlian-Fotografie (EPG\/GDV-Kamera), Oberon, Amsat o.\u00e4. durch den Hersteller &#8222;Planet der Regionen&#8220; und stellen keine medizinische oder auf den physischen K\u00f6rper und dessen Organe bezogenen Aussage im Sinne der westlichen Schulmedizin dar.<\/em><\/p>\n<p><strong>Die Platte ist in diesem Sinne vor allem geeignet f\u00fcr:<\/strong><\/p>\n<ul>\n<li>normalisiert den Zustand der Haut bei Psoriasis: reduziert das Abschuppen der Haut und Juckreiz, hemmt Entz\u00fcndungsprozesse und \u00dcberreaktionen des Immunsystems, verbessert die Hauterneuerung und den Zustand des Hautbildes bei Dermatitis und seborrhoisches Ekzem,<\/li>\n<li>verbessert den Zustand von N\u00e4geln und Haaren, das Hautbild und Elastizit\u00e4t der Haut (verbessert die Struktur der Dermis und der Elastinfasern),<\/li>\n<\/ul>\n<ul>\n<li>normalisiert den Fettstoffwechsel des Anwenders und beugt der Entstehung von Erkrankungen des Herz-Kreislauf-Systems vor, verbessert die Elastizit\u00e4t der Blutgef\u00e4\u00dfe,<\/li>\n<li>erh\u00f6ht die Flexibilit\u00e4t des Binde- und Epithelgewebes der Gelenke und erh\u00e4lt die Flexibilit\u00e4t der Wirbels\u00e4ule,<\/li>\n<li>verhindert Erkrankungen der Atemwege und zielt darauf ab, \u201enassen\u201c Husten und laufende Nase zu beseitigen,<\/li>\n<li>verbessert die \u00dcbertragung von Nervenimpulsen,<\/li>\n<li>erh\u00f6ht die Widerstandskraft des K\u00f6rpers gegen Viren und Infektionen und stimuliert die Beseitigung von Krankheitserregern und Zellresten (Phagozytose, die &#8222;M\u00fcllabfuhr&#8220; der Zelle),<\/li>\n<li>versorgt Organe mit heilender Energie &#8211; dabei erkennt die Platte interaktiv, welche Organe und Funktionskreise einen Energiemangel aufweisen,<\/li>\n<li>schenkt Entspannung unter dem Motto: \u201eAlles hat seine Zeit, und Ruhe ist genauso wichtig wie Arbeit.\u201c<\/li>\n<li>unterst\u00fctzt in einer ruhigen, ehrlichen Analyse seiner Pl\u00e4ne: Was will ich wirklich, warum, wie, und was sind die n\u00f6tigen Handlungen, um das Ziel zu erreichen, und st\u00e4rkt dazu die Ehrlichkeit zu sich selbst,<\/li>\n<li>erleichtert die tiefere Wahrnehmung des Seins, gepaart mit einer intelligenten Herangehensweise an alles, was passiert,<\/li>\n<li>legt die Voraussetzungen f\u00fcr geistigen und materiellen Wohlstand frei, stimuliert n\u00f6tige Ver\u00e4nderungen und initiiert einen kraftvollen Sprung nach vorne auf dem Lebensweg,<\/li>\n<li>sensibilisiert f\u00fcr die Antworten auf die Fragen: \u201eWem gibst du was und warum?\u201c Von wem nimmst du was und warum? Stellt ein Gleichgewicht im \u201eNehmen-Geben\u201c wieder her,<\/li>\n<li>gibt dem Anwender die M\u00f6glichkeit, Halt in sich selbst zu finden und sich auf seinen inneren Kern zu st\u00fctzen,<\/li>\n<li>verleiht ein Gef\u00fchl von Jugend und Vitalit\u00e4t, aktiviert die Verj\u00fcngungsprozesse des K\u00f6rpers,<\/li>\n<li>stellt das Gleichgewicht m\u00e4nnlicher und weiblicher Energien in jedem Anwender wieder her, was dem Umgang mit dem anderen Geschlecht erleichtert,<\/li>\n<li>hilft dabei, den Lauf der Dinge vom Negativen zum Positiven zu ver\u00e4ndern und hilft dabei, alternative L\u00f6sungen in einer Situation zu finden,<\/li>\n<li>vermittelt stabilisierende Energie in allen Bereichen: Gesundheit, Emotionen und im materiellen Lebensumfeld,<\/li>\n<li>gibt Kraft und Energie f\u00fcr die Umsetzung globaler Ziele zum Wohle einer Vielzahl von Menschen,<\/li>\n<li>vermittelt das Verst\u00e4ndnis daf\u00fcr, selbst Teil des G\u00f6ttlichen zu sein und dass die eigenen Augen Gottes Tor zur Welt sind.<\/li>\n<\/ul>\n<p>Auf der Kolzov-Platte &#8222;Blaue Lagune.Island&#8220; sind die Informationen des Heilwassers des gleichnamigen Geothermalgebietes bei Reykjavik, Island, gespeichert.<\/p>\n<p>TIPP 1:<strong>\u00a0<\/strong>Die Platte &#8222;Blaue Lagune.Island&#8220; bildet ein erstaunliches Tandem mit der Platte &#8222;Neun Heiler&#8220;, indem sie zusammen angewendet einen hellen Energiefluss erzeugen und den Organismus insgesamt ausbalancieren. Sie bieten eine kraftvolle Unterst\u00fctzung in jeder Situation schaffen ein klares Verst\u00e4ndnis f\u00fcr die Essenz aller Lebensprozesse.<br \/>\nDie Platte &#8222;Blaue Lagune.Island&#8220; kann aber auch mit allen zuvor erschienenen Platten und Armb\u00e4ndern verwendet werden, insbesondere mit: \u201eSonnenbote&#8220; (Serie Elite 8-Elemente), &#8222;Goldener Sand&#8220;, &#8222;Fortuna&#8220; (Serie Effizient), &#8222;Wahrhaftige Liebe&#8220; (Serie Gr\u00fcn), &#8222;Gl\u00fcck&#8220; (Serie Elite) und dem Armband &#8222;Magnat&#8220;. Sie k\u00f6nnen auch nacheinander die folgenden Platten gemeinsam mit &#8222;Blaue Lagune.Island&#8220; verwenden &#8211; in dieser Reihenfolge angewendet, steigert sich Wirkung: erst zusamen mit &#8222;Wahrhaftige Liebe&#8220; (Serie Gr\u00fcn), dann &#8222;Geheimnis des Universums&#8220; (Serie Elite), das &#8222;L\u00e4cheln der Sonne&#8220; (Serie Elite 8-Elemente).<\/p>\n<p>TIPP 2: Sie k\u00f6nnen die Wirkung durch das Formulieren eines bestimmten Ziels beschleunigen: formulieren Sie einen konkreten Wunsch\/Ziel\/Absicht, halten Sie dabei die Platte zwischen beiden H\u00e4nden &#8211; beobachten Sie Ihre Gef\u00fchle und Gedanken und achten Sie auf die Botschaften, die dabei kommen k\u00f6nnen.<\/p>\n<p>TIPP 3: Die Platte &#8222;Blaue Lagune.Island&#8220; eignet sich sehr gut zur Energetisierung von<br \/>\nK\u00f6rperpflegeprodukten wie Cremes, Salben, Shampoo, Haarbalsam, Nagellack und St\u00e4rkungsprodukten f\u00fcr Haut und Haar.<\/p>\n<p>ZUR BEACHTUNG: Bei dieser Platte sollte das Wasser zum Energetisieren mindestens 15 Minuten lang darauf gestellt werden.<strong><br \/>\n<\/strong><\/p>\n<p><em><u>Ergebnis im LIFE-TEST:\u00a0<\/u>Die Kolzov-Platte &#8222;Blaue Lagune. Island&#8220; hat ein neutrales Energiefeld mit mehr als 40 000 Bovis. Damit aktiviert sie gleich vier Chakras auf 40 000 Bovis: Stirn-, Herz-, Solarplexus- und Blase-\/Sexual-Chakra steigen in ihrer Energie auf diesen Hohen Wert (40 000 Bovis sind in dieser Testmethode die sichere Nachweisgrenze). Hals- und Wurzel-Chakra erreichen ebenfalls einen hohen Energiewert von 35 000 Bovis und das Kronen-Chara vervierfacht noch seine Energie auf 28 000 Bovis.<br \/>\nDurch die Aufladung der Chakras w\u00e4chst der bioenergetische Reaktionsabstand von zirka 75 Zentimetern um den K\u00f6rper auf 1,80 Meter.<\/em><\/p>\n<p><em><strong>Wichtiger Hinweis:<br \/>\nWir weisen ausdr\u00fccklich darauf hin, dass die Kolzov-Platte (russische Bezeichnung: &#8222;Korrektoren des funktionalen Zustands&#8220;) ein alternatives Energie- und Informationsprodukt ist und kein Heilmittel im Sinne der westlichen Schulmedizin. Vielmehr ist es ein rein energetisches Hilfsmittel zur ganzheitlichen Balancierung von energetischen Disharmonien und Blockaden. Informationen \u00fcber Qualit\u00e4t und Eigenschaften des Energieobjekts beziehen sich auf Aussagen des russischen Herstellers und alternativen Theorien zu Mensch und Umwelt, auf alternative Anschauungen und esoterische \u00dcberlieferungen oder Aussagen. Sie gelten nur im Sinne der esoterischen Lebensphilosophie und daran angelehnte Alternativheilkunde. Wirkungen im Sinne westlicher Wissenschaft oder Medizin werden hier nicht behauptet.<\/strong><\/em><\/p>","protected":false},"excerpt":{"rendered":"<p data-path-to-node=\"4,0,0\"><b data-path-to-node=\"4,0,0\" data-index-in-node=\"0\">Keywords:<\/b> Psoriasis-Hilfe, Bindegewebe, Anti-Aging, Selbstliebe, materieller Erfolg.<br \/>\n<b data-path-to-node=\"4,1,0\" data-index-in-node=\"0\">K\u00f6rperlicher Fokus:<\/b> Hautbild, N\u00e4gel\/Haare, Wirbels\u00e4ule, Fettstoffwechsel, Immunsystem (Phagozytose).<br \/>\n<b data-path-to-node=\"4,2,0\" data-index-in-node=\"0\">Strukturierung:<\/b> Wasser ben\u00f6tigt <b data-path-to-node=\"4,2,0\" data-index-in-node=\"32\">15 Min.<\/b> (8-Elemente-Technologie).<\/p>","protected":false},"featured_media":2327,"comment_status":"open","ping_status":"closed","template":"","meta":[],"product_brand":[],"product_cat":[33],"product_tag":[151],"class_list":{"0":"post-2228","1":"product","2":"type-product","3":"status-publish","4":"has-post-thumbnail","6":"product_cat-elite-series","7":"product_tag-151","9":"first","10":"instock","11":"taxable","12":"shipping-taxable","13":"purchasable","14":"product-type-simple"},"_links":{"self":[{"href":"https:\/\/vigo-rio.com\/en\/wp-json\/wp\/v2\/product\/2228","targetHints":{"allow":["GET"]}}],"collection":[{"href":"https:\/\/vigo-rio.com\/en\/wp-json\/wp\/v2\/product"}],"about":[{"href":"https:\/\/vigo-rio.com\/en\/wp-json\/wp\/v2\/types\/product"}],"replies":[{"embeddable":true,"href":"https:\/\/vigo-rio.com\/en\/wp-json\/wp\/v2\/comments?post=2228"}],"wp:featuredmedia":[{"embeddable":true,"href":"https:\/\/vigo-rio.com\/en\/wp-json\/wp\/v2\/media\/2327"}],"wp:attachment":[{"href":"https:\/\/vigo-rio.com\/en\/wp-json\/wp\/v2\/media?parent=2228"}],"wp:term":[{"taxonomy":"product_brand","embeddable":true,"href":"https:\/\/vigo-rio.com\/en\/wp-json\/wp\/v2\/product_brand?post=2228"},{"taxonomy":"product_cat","embeddable":true,"href":"https:\/\/vigo-rio.com\/en\/wp-json\/wp\/v2\/product_cat?post=2228"},{"taxonomy":"product_tag","embeddable":true,"href":"https:\/\/vigo-rio.com\/en\/wp-json\/wp\/v2\/product_tag?post=2228"}],"curies":[{"name":"wp","href":"https:\/\/api.w.org\/{rel}","templated":true}]}}