{"id":2227,"date":"2026-01-20T12:51:20","date_gmt":"2026-01-20T12:51:20","guid":{"rendered":"https:\/\/vigo-rio.com\/?post_type=product&#038;p=2227"},"modified":"2026-04-02T08:52:16","modified_gmt":"2026-04-02T08:52:16","slug":"fc-75-magic-of-fire","status":"publish","type":"product","link":"https:\/\/vigo-rio.com\/en\/product\/fc-75-magic-of-fire\/","title":{"rendered":"FC Zauber des Feuers \/ Contemplation of Fire"},"content":{"rendered":"<p><strong>Kolzov-Platte: &#8222;Zauber des Feuers&#8220;\u00a0&#8211; (f\u00fcr innere Ruhe, Leichtigkeit und Harmonie, l\u00f6scht \u00c4ngste, vermittelt hohe Energien, sch\u00fctzt und st\u00e4rkt Verstand und Ged\u00e4chtnis, hilft die Ziele zu erreichen)<\/strong><\/p>\n<p><strong><em>(bei paarweiser Anwendung am besten mit der Platte &#8222;Atem des Universums&#8220;)<\/em><br \/>\n<\/strong><\/p>\n<p><strong>&#8211; neueste Version mit 8-Elementen (8 enthaltenen Energiespeicher-Chips)<\/strong><\/p>\n<p><em>Die Platte tr\u00e4gt die russische Aufschrift: \u0421\u041e\u0417\u0415\u0420\u0426\u0410\u041d\u0418\u0415 \u041e\u0413\u041d\u042f bzw. auf dem erg\u00e4nzenden Deckblatt: CONTEMPLATION OF FIRE, INSTANT DU FEU, ZAUBER DES FEUERS<\/em><\/p>\n<p>Der Anwender dieser Platte taucht in einen Zustand aktiver Kontemplation des Lebens ein, wird mit Energien h\u00f6herer Ordnung gef\u00fcllt, die ganzheitliche Wiederherstellung des gesamten Organismus (K\u00f6rper, Geist und Seele) wird aktiviert, die Energiekan\u00e4le der F\u00fclle werden aktiviert und es entsteht ein sch\u00fctzender Raum um den Anwender. Die Platte ist sehr hilfreich f\u00fcr alle Menschen, besonders im Alter, um einen klaren Verstand und ein langes Ged\u00e4chtnis zu bewahren. Und sie hilft dabei, die eigene Pr\u00e4senz im Fluss des Lebens zu sp\u00fcren und zu st\u00e4rken.<\/p>\n<p><em>Die Aussagen beziehen sich auf alternative Testmethoden wie Meridianenergie-Messungen der Organfunktionskreisl\u00e4ufe nach TCM, Kirlian-Fotografie (EPG\/GDV-Kamera), Oberon, Amsat o.\u00e4. durch den Hersteller &#8222;Planet der Regionen&#8220; und stellen keine medizinische oder auf den physischen K\u00f6rper und dessen Organe bezogenen Aussage im Sinne der westlichen Schulmedizin dar.<\/em><\/p>\n<p><strong>Die Platte ist in diesem Sinne vor allem geeignet f\u00fcr:<\/strong><\/p>\n<ul>\n<li>aktiviert das Element Feuer im Anwender, verbrennt alte und f\u00fcr das k\u00fcnftige Leben unn\u00f6tige Energien, f\u00f6rdert die Transformation des Negativen und stellt die guten Dinge im Leben des Anwenders wieder her,<\/li>\n<li>st\u00e4rkt das spirituelle Fundament im Anwender und hilft zu erkennen, dass wahre Spiritualit\u00e4t nichts mit einem Wegdriften in feinstoffliche, geistige Welten und der Missachtung des Materiellen zu tun hat, sondern vielmehr darin besteht, das Spirituelle auf die Erde zu bringen und in der materiellen Welt und seinem realen Leben zu verankern,<\/li>\n<li>h\u00e4lt das Feuer der Achtsamkeit im Geist aufrecht, bewahrt das Ged\u00e4chtnis und unterst\u00fctzt die kognitiven Funktionen,<\/li>\n<li>vermittelt einen Zustand der Leichtigkeit und eine innere Gelassenheit, mit der man in Ruhe das \u00e4u\u00dfere Geschehen betrachten und seine eigenen Zeile in Einklang mit den Ereignissen voranbringen kann, denn &#8222;alles kommt zur rechten Zeit&#8220;, der Lebensrhythmus erscheint verlangsamt und die Zeit scheint sich zu dehnen, so dass die eigenen Aktivit\u00e4ten viel entspannter und mit weniger Stress durchgef\u00fchrt werden k\u00f6nnen,<\/li>\n<li>hilft Menschen, die Angst haben, immer zu sp\u00e4t zu kommen, etwas zu verpassen, zu verlieren, zu versagen, schuldig oder bestraft zu werden,<\/li>\n<li>hilft ein Gef\u00fchl von mangelnder Beachtung auszugleichen, weckt im Anwender Erinnerungen, wann er &#8211; ohne es beachtet zu haben &#8211; unterst\u00fctzt und wertgesch\u00e4tzt wurde, und gibt Einblicke in die g\u00f6ttliche Unterst\u00fctzung in seinem Leben, die immer da wahr, aber vielleicht anders man es vorgestellt hat,<\/li>\n<li>reinigt die Aura mit einem g\u00f6ttlicher Feuer von den negativen emotionalen und mentalen Energien und vermittelt innere Harmonie, harmonisiert die \u00e4u\u00dfere Schicht des \u00c4therk\u00f6rpers,<\/li>\n<li>neutralisiert Versuche einer sozialpsychologischen Beeinflussung der Psyche, bei denen an das Gewissen und an andere menschliche Werte manipulativ appelliert wird,<\/li>\n<li>hilft wahrzunehmen, was wirklich passiert und was daher f\u00fcr den weiteren Lebensweg getan werden muss, h\u00e4lt dabei von vorschnellen Schlussfolgerungen \u00fcber laufende Ereignisse ab, aber unterst\u00fctzt darin (wenn es an der Zeit ist), von der Kontemplation wieder in die Aktion zu wechseln und einen Zustand der F\u00fclle zu erreichen,<\/li>\n<li>hilft auch eine Periode der &#8222;Stagnation&#8220; zu \u00fcberstehen, die eigentlich eine Atempause ist, um Energie, moralische und k\u00f6rperliche St\u00e4rke wieder aufzuf\u00fcllen,<\/li>\n<li>vermittelt einen Ausgleich aller Energien, \u00f6ffnet und energetisiert alle Chakras: auf der Ebene des 4.Chakras (Herz-Chakra) erf\u00fcllt es den ganzen K\u00f6rper mit der Energie der Reinheit, Ruhe und Kontemplation &#8211; dadurch f\u00e4llt es leichter, wirklich im \u201eHier und Jetzt\u201c zu leben &#8211; , auf Ebene des 6.Chakras (Stirn-Chakra) vermittelt die Plate eine klare Sicht auf jede Situation, inneren Frieden und eine hohe innere energetische Ordnung und Koh\u00e4renz, was zur Erh\u00f6hung des Schwingungsniveaus f\u00fchrt &#8211; all dies ruft ein &#8222;L\u00e4cheln im Inneren&#8220; des Benutzers hervor und die Energien zur Reinigung und Erneuerung des Organismus auf zellul\u00e4rer Ebene werden aktiviert,<\/li>\n<li>gleicht Phasen \u00fcberm\u00e4\u00dfiger Reizbarkeit und Emotionalit\u00e4t aus und hilft, einen Zustand depressiver Stimmungen zu \u00fcberwinden,<\/li>\n<li>er\u00f6ffnet den Zugang zum spirituellen Wissen der Familie und der Ahnen, hilft, mit dem heiligen Erbe und der Gr\u00f6\u00dfe der eigenen Familie in Kontakt zu treten, sch\u00fctz vor negativen Einfl\u00fcssen, die eine Person selbst auf der genetischen, famili\u00e4ren Ebene ins Leben mitgebracht hat und selbst genetisch weiter geben kann,<\/li>\n<li>st\u00e4rkt die &#8222;Geistflamme&#8220; und den feurigen Gedankenfunken des Benutzers, l\u00f6scht einen eventuellen unbewussten Wunsch des Benutzers nach einem vorzeitigen Dimensionswechsel,<\/li>\n<li>erf\u00fcllt die Beziehung zwischen Mann und Frau mit W\u00e4rme, L\u00e4cheln, Freude und beseitigt Meinungsverschiedenheiten,<\/li>\n<li>f\u00f6rdert die Manifestation des &#8222;Herzensfeuers&#8220;, wodurch die Leuchtkraft der Seele verst\u00e4rkt wird, vermittelt &#8222;Licht&#8220; in Phasen der Dunkelheit des Lebens,<\/li>\n<li>harmonisiert die Seele des Anwenders, gibt festes Vertrauen in den Sieg des Geistes \u00fcber das Fleisch und des Lebens \u00fcber den Tod<\/li>\n<li>vermittelt in allen Bereichen Impulse der Kreativit\u00e4t, neue Ideen und die Entdeckung verborgener Talente, erf\u00fcllt mit dem Wunsch zu leben und zu erschaffen, gibt M\u00f6glichkeiten und Energie, um seine Ziele erreichen zu k\u00f6nnen,<\/li>\n<li>hilft beim Aufbau von Beziehungen und fruchtbaren Interaktionen zwischen Menschen in verschiedenen Teams (B\u00fcro, Kreativstudios usw.), vereint durch Geist und Interessen,<\/li>\n<li>l\u00f6st Energieblockaden, Verspannungen und dadurch verursachte Schmerzen, die sich w\u00e4hrend der Kommunikation mit Menschen aufgebaut haben,<\/li>\n<li>transformiert die Aktivit\u00e4t lebenswichtiger Organe in eine positive Richtung,<\/li>\n<li>hilft energetisch dabei, \u00d6deme zu beseitigen, den Fluss von Lymphen und Blut zu normalisieren,<\/li>\n<li>stabilisiert das Nervensystem und lehrt den K\u00f6rper, schnell \u201eabzuschalten\u201c und aus einem Zustand von Anspannung, Stress und Depression herauszukommen, harmonisiert energetisch die Produktion von Hormonen, die an Angstzust\u00e4nden beteiligt sind (Cortisol, Adrenalin) und eine erh\u00f6hte Herzfrequenz und Dauerstress verursachen k\u00f6nnen, normalisiert so auch Leistungsf\u00e4higkeit und Blutwerte,<\/li>\n<li>bringt die Struktur des K\u00f6rpers wieder in Balance, gleicht auf energetischer Ebene die Yin-Yang-Energien aus, auf k\u00f6rperlicher Ebene Ungleichgewichte zwischen links und rechts und in der Hom\u00f6ostase (Gleichgewicht im K\u00f6rper etwa von Blutzucker, Blutdruck, S\u00e4ure-Basenhaushalt, Hormonen) und sorgt f\u00fcr mentales Gleichgewicht,<\/li>\n<li>verhindert und verbessert den Energiezustand bei neuropsychiatrischen Erkrankungen, Herz-Kreislauf-Erkrankungen, Erkrankungen des R\u00fcckenmarks und des Gehirns, der Bauchspeicheldr\u00fcse und der Augen,<\/li>\n<li>hilft dem Benutzer im Alter, diese Lebensphase in hoher Qualit\u00e4t zu erleben, schaltet einen energetischen Verj\u00fcngungsmodus ein und reduziert \u00fcber das energetische System nach und nach das biologische Alter,<\/li>\n<li>bei Anwendung dieser Platte wird auch die Wahrnehmung der Wirkung anderer Kolzov-Platten verbessert.<\/li>\n<\/ul>\n<p>Auf der Kolzov-Platte sind die Informationen des Energieportals am 5. Dezember 2022 gespeichert, dieser Tag ist auch der zoroastrische Feiertag des Feuers der Priester und der christliche Feiertag des Einzugs in den Tempel der Allerheiligsten Theotokos (&#8222;Gottesgeb\u00e4rerin&#8220;), Maria, der Mutter Jesus.<\/p>\n<p>TIPP 1: Die Platte &#8222;Zauber des Feuers&#8220; arbeitet mit der Platte &#8222;Atem des Universums&#8220; in einem einzigartigen Team zusammen. Die Platte ist aber auch kompatibel mit allen zuvor ver\u00f6ffentlichten Platten und Armb\u00e4ndern.<\/p>\n<p>TIPP 2: Die Energie der Platte &#8222;Zauber des Feuers&#8220; ist feminin, liebevoll, m\u00fctterlich, sie umh\u00fcllt den Anwender mit F\u00fcrsorge, versetzt in einen Zustand der Freude, des inneren Friedens und schafft eine Bewusstsein der eigenen N\u00fctzlichkeit. Der Korrektor ist sehr wichtig f\u00fcr diejenigen, denen es in der Kindheit an F\u00fcrsorge mangelte und die glauben, dass ihnen jetzt die F\u00fcrsorge von anderen fehlt.<\/p>\n<p>TIPP 3: Wird die Platte w\u00e4hrend des Betrachtens der Sterne, der aufgehenden oder untergehenden Sonne angewendet, erh\u00e4lt der Benutzer Zugang zur lebendigen Energie des kosmischen Feuers. Dies ist auch empfehlenswert bei Hoffnungslosigkeit, Niedergeschlagenheit, Ersch\u00f6pfung.<\/p>\n<p>TIPP 4: Die Verwendung der Platte neben einer brennenden Kerze, am Kamin oder offenen Feuer hilft dem Benutzer, seine Gedanken zu reinigen und zu erheben und die Psyche zu harmonisieren. Um in der Meditation Antworten auf eine gew\u00fcnschte Anfrage zu erhalten und f\u00fcr die schnellere Umsetzung von Zielen k\u00f6nnen die W\u00fcnsche, Gedanken und Gef\u00fchlen durch die Flamme einer Kerze weitergegeben werden.<\/p>\n<p>TIPP 5: Nach Streitigkeiten oder in Konfliktsituationen hilft die Platte, die Situation zu entsch\u00e4rfen, die W\u00fcrde zu wahren und wichtige Grenzen nicht zu \u00fcberschreiten.<\/p>\n<p>TIPP 6: Verwenden Sie die Platte &#8222;Zauber des Feuers&#8220; an Ihrem Arbeitsplatz, um eine produktive und freundliche Arbeitsumgebung zu schaffen. Die Platte kann auch im Schlafzimmer sehr gut verwendet werden (am Bett oder auf dem Nachtisch). Sie k\u00f6nnen mit Hilfe der Platte auch einen Raum &#8222;in einen Tempel&#8220; verwandeln, indem Sie den Raum erst mit der Platte &#8222;Nr.16 -Reiner Raum&#8220; (Serie Violett) reinigen und dann auf die Platte &#8222;Zauber des Feuers&#8220; eine brennende Kerze stellen.<\/p>\n<p>TIPP 7: F\u00fcr Therapeuten wie Osteopathen, Physiotherapeuten, Masseure kann die Platte f\u00fcr eine Wirbels\u00e4ulenausrichtung verwendet werden (der Prozess ist langsam, aber effektiv).<\/p>\n<p>ZUR BEACHTUNG: Bei dieser Platte sollte das Wasser zum Energetisieren mindestens 20 Minuten lang darauf gestellt werden.<\/p>\n<p><em><u>Ergebnis im LIFE-TEST:\u00a0<\/u>Die Kolzov-Platte &#8222;Zauber des Feuers&#8220; hat ein neutrales Energiefeld mit mehr als 40 000 Bovis. Damit aktiviert sie gleich f\u00fcnf(!) der sieben Chakras auf 40 000 Bovis: Kronen-, Stirn-, Hals-, Solarplexus- und Blase-\/Sexual-Chakra teigen auf 40 000 Bovis, dabei das Stirn-Chakra sogar deutlich dar\u00fcber. Das Herz-Chakra steigt auf ebenfalls sehr hohe 35 000 Bovis und das Wurzel-Chakra vervierfacht immerhin seine Energie auf 28 000 Bovis. Durch die Aufladung der Chakras w\u00e4chst der bioenergetische Reaktionsabstand von zirka 75 Zentimetern um den K\u00f6rper auf betr\u00e4chtliche 2,50 Meter.<\/em><\/p>\n<p><em><br \/>\n<strong>Wichtiger Hinweis:<br \/>\nWir weisen ausdr\u00fccklich darauf hin, dass die Kolzov-Platte (russische Bezeichnung: &#8222;Korrektoren des funktionalen Zustands&#8220;) ein alternatives Energie- und Informationsprodukt ist und kein Heilmittel im Sinne der westlichen Schulmedizin. Vielmehr ist es ein rein energetisches Hilfsmittel zur ganzheitlichen Balancierung von energetischen Disharmonien und Blockaden. Informationen \u00fcber Qualit\u00e4t und Eigenschaften des Energieobjekts beziehen sich auf Aussagen des russischen Herstellers und alternativen Theorien zu Mensch und Umwelt, auf alternative Anschauungen und esoterische \u00dcberlieferungen oder Aussagen. Sie gelten nur im Sinne der esoterischen Lebensphilosophie und daran angelehnte Alternativheilkunde. Wirkungen im Sinne westlicher Wissenschaft oder Medizin werden hier nicht behauptet.<\/strong><\/em><\/p>","protected":false},"excerpt":{"rendered":"<p data-path-to-node=\"2\">ist ein kraftvoller Begleiter, um Spiritualit\u00e4t in das reale, materielle Leben zu bringen. Sie nutzt das Element Feuer, um altes Negatives zu \u201everbrennen\u201c und Platz f\u00fcr Erneuerung zu schaffen. Besonders wertvoll ist sie f\u00fcr die Bewahrung eines klaren Verstandes und eines starken Ged\u00e4chtnisses. Sie dehnt gef\u00fchlt die Zeit, nimmt den Druck, \u201ezu sp\u00e4t zu kommen\u201c, und f\u00fchrt dich in einen Zustand tiefer, aktiver Gelassenheit.<\/p>\n<h3 data-path-to-node=\"4\"><\/h3>","protected":false},"featured_media":2328,"comment_status":"open","ping_status":"closed","template":"","meta":[],"product_brand":[],"product_cat":[33],"product_tag":[146],"class_list":{"0":"post-2227","1":"product","2":"type-product","3":"status-publish","4":"has-post-thumbnail","6":"product_cat-elite-series","7":"product_tag-146","9":"first","10":"instock","11":"taxable","12":"shipping-taxable","13":"purchasable","14":"product-type-simple"},"_links":{"self":[{"href":"https:\/\/vigo-rio.com\/en\/wp-json\/wp\/v2\/product\/2227","targetHints":{"allow":["GET"]}}],"collection":[{"href":"https:\/\/vigo-rio.com\/en\/wp-json\/wp\/v2\/product"}],"about":[{"href":"https:\/\/vigo-rio.com\/en\/wp-json\/wp\/v2\/types\/product"}],"replies":[{"embeddable":true,"href":"https:\/\/vigo-rio.com\/en\/wp-json\/wp\/v2\/comments?post=2227"}],"wp:featuredmedia":[{"embeddable":true,"href":"https:\/\/vigo-rio.com\/en\/wp-json\/wp\/v2\/media\/2328"}],"wp:attachment":[{"href":"https:\/\/vigo-rio.com\/en\/wp-json\/wp\/v2\/media?parent=2227"}],"wp:term":[{"taxonomy":"product_brand","embeddable":true,"href":"https:\/\/vigo-rio.com\/en\/wp-json\/wp\/v2\/product_brand?post=2227"},{"taxonomy":"product_cat","embeddable":true,"href":"https:\/\/vigo-rio.com\/en\/wp-json\/wp\/v2\/product_cat?post=2227"},{"taxonomy":"product_tag","embeddable":true,"href":"https:\/\/vigo-rio.com\/en\/wp-json\/wp\/v2\/product_tag?post=2227"}],"curies":[{"name":"wp","href":"https:\/\/api.w.org\/{rel}","templated":true}]}}