{"id":2225,"date":"2026-01-20T12:47:56","date_gmt":"2026-01-20T12:47:56","guid":{"rendered":"https:\/\/vigo-rio.com\/?post_type=product&#038;p=2225"},"modified":"2026-03-23T10:11:17","modified_gmt":"2026-03-23T10:11:17","slug":"fc-68-gates-of-the-infinity","status":"publish","type":"product","link":"https:\/\/vigo-rio.com\/en\/product\/fc-68-gates-of-the-infinity\/","title":{"rendered":"FC Tor zur Unendlichkeit \/ Gates of the Infinity"},"content":{"rendered":"<p><strong>Kolzov-Platte: &#8222;Tor zur Unendlichkeit&#8220;\u00a0&#8211; (hilft aus dem Herzen heraus zu leben, \u00f6ffnet f\u00fcr die neuen Lichtcodes der Zeit, f\u00fcr Kopf und Augen, bei Demenz)<br \/>\n<\/strong><\/p>\n<p><strong><em>(bei paarweiser Anwendung am besten mit der Platte &#8222;Seelenstern&#8220;)<\/em><br \/>\n<\/strong><\/p>\n<p><strong>&#8211; neueste Version mit 8-Elementen (8 enthaltenen Energiespeicher-Chips)<\/strong><\/p>\n<p><em>Die Platte tr\u00e4gt die russische Aufschrift: \u00ab\u0412\u0420\u0410\u0422\u0410 \u0411\u0415\u0421\u041a\u041e\u041d\u0415\u0427\u041d\u041e\u0421\u0422\u0418\u00bb bzw. auf dem erg\u00e4nzenden Deckblatt: GATES OF THE INFINITY, PORTES DE L#INFINI, TOR ZUR UNENDLICHKEIT<\/em><\/p>\n<p>Die Platte stellt eine Verbindung zwischen &#8222;Himmel und Erde&#8220;, zwischen materieller und geistiger Ebene her und hilft dabei &#8222;aus dem Herzen heraus&#8220; zu leben. Die unterschiedlichsten Effekte k\u00f6nnen dadurch geschehen: insbesondere Gehirn, Augen und Nacken-Schulterbereich werden besser durchblutet. Die Wahrnehmung kann sich erweitern bis hin zu hoher Sensitivit\u00e4t und Klarf\u00fchle, -h\u00f6ren und -sehen. Der Organismus wird energetisch verj\u00fcngt und Disharmonien ausgeglichen. Laut Kolzov selbst erm\u00f6glich die Platte &#8222;einen Quantensprung in der Entwicklung des eigenen Bewusstseins&#8220;.<\/p>\n<p><em>Die Aussagen beziehen sich auf alternative Testmethoden wie Meridianenergie-Messungen der Organfunktionskreisl\u00e4ufe nach TCM, Kirlian-Fotografie (EPG\/GDV-Kamera), Oberon, Amsat o.\u00e4. durch den Hersteller &#8222;Planet der Regionen&#8220; und stellen keine medizinische oder auf den physischen K\u00f6rper und dessen Organe bezogenen Aussage im Sinne der westlichen Schulmedizin dar.<\/em><\/p>\n<p><strong>Die Platte ist in diesem Sinne vor allem geeignet f\u00fcr:<\/strong><\/p>\n<ul>\n<li>verbindet mit den Energien der Erde und \u00f6ffnet sodann eine Verbindung zur geistigen Welt: in der Verbindung von materieller und geistiger Welt wird der Anwender mit kosmischen Energien aufgeladen, erlangt Kraft, Halt und eine positive emotionale Grundstimmung,<\/li>\n<li>hilft dabei, Ungleichgewichte im Energiefeld des Anwenders zu beseitigen, enth\u00fcllt den eigenen &#8222;Energie-Informations-Sammelpunkt\u201c, und erm\u00f6glicht einen Quantensprung (Evolution) in der Erweiterung des eigenen Bewusstseins und in der Entwicklung der Pers\u00f6nlichkeit des Anwenders,<\/li>\n<li>hilft dabei, &#8222;aus dem Herzen heraus&#8220; zu leben, aktiviert das Herz-Chakra, kl\u00e4rt den emotionalen Hintergrund, erf\u00fcllt mit Ruhe und Zuversicht, regt zu positiver Aktivit\u00e4t an, vermittelt Fr\u00f6hlichkeit und eine innere Leichtigkeit vergleichbar wie im Zustand des Flirtens, lehrt das Leben zu genie\u00dfen,<\/li>\n<li>wirkt insgesamt Energieverj\u00fcngung, sprengt die Altersgrenzen der Jugend und hilft, das Altersgef\u00fchl aus dem Unterbewusstsein zu entfernen &#8211; vertreibt &#8222;Altersm\u00fcdigkeit&#8220; und &#8222;Altersschw\u00e4che&#8220;,<\/li>\n<li>unterst\u00fctzt dabei, sich im Denken und Handeln besser strukturieren und auf bestimmte Lebensbereiche konzentrieren zu k\u00f6nnen, hilft die eigenen Bed\u00fcrfnisse und die Richtung seiner Entwicklung zu erkennen und seine Tr\u00e4ume und Ziele zu formulieren und zu manifestieren, l\u00e4dt den Benutzer mit der aktiven Energie des Erfolgs auf,<\/li>\n<li>aktiviert intensive Energien, um festgefahrene Ansichten \u00fcber sich selbst und die Welt ver\u00e4ndern zu k\u00f6nnen, wodurch der Anwender kraftvolle positive Ver\u00e4nderungen manifestieren kann,<\/li>\n<li>l\u00e4dt mit kraftvoller kreativer Energie auf, k\u00fchne Geistesblitze er\u00f6ffnen dem Anwender ein Feld neuer transformierender Ideen,<\/li>\n<li>\u00f6ffnet ein \u201eFenster\u201c in der Seele einer Person, das Raum f\u00fcr positives Wachstum er\u00f6ffnet und ihre Evolution vorantreiben kann<\/li>\n<li>vermittelt die Vereinigung der st\u00e4rksten Yang- (m\u00e4nnlich) und Yin-Energien (weiblich) &#8211; so kann die Platte auch helfen, Paar-Beziehungen zu verbessern und Konfliktsituationen zu l\u00f6sen, vermittelt ein Verst\u00e4ndnis f\u00fcr das Wesen und die Bedeutung von Beziehungen und heilt Bitterkeit und Missverst\u00e4ndnisse,<\/li>\n<li>entfernt zerst\u00f6rerische Energien des Mitleids, reinigt von niedrigen Schwingungsfrequenzen und Blockaden, f\u00fcllt mit positiven guten Energien des Mitgef\u00fchls und der Empathie,<\/li>\n<li>gibt eine einzigartige Chance, spirituellen Zielen zu folgen, \u201eaus der Seele heraus\u201c zu leben und die ureigenen besten Qualit\u00e4ten zu erschlie\u00dfen,<\/li>\n<li>hilft dabei, sensitive F\u00e4higkeiten zu entwickeln (Klar-Tr\u00e4umen, Klar-Wissen, Klar-H\u00f6ren, Klar-Sehen),<\/li>\n<li>erleichtert die Anpassung an die Energien der neuen Zeit und an den Durchgang neuer Lichtcodes durch den Benutzer, wer sein Bewusstsein auf h\u00f6here Entwicklungsebenen ausrichtet, erlebt eine Aktivierung des Lichtk\u00f6rpers,<\/li>\n<li>hilft auf k\u00f6rperlicher Ebene, das Nervensystem zu stabilisieren, verbessert die Blutversorgung in der Halswirbels\u00e4ule und l\u00f6st Verkrampfungen und Verspannungen,<\/li>\n<li>tr\u00e4gt auf energetischem Wege zur Reinigung der Blutgef\u00e4\u00dfe des Gehirns bei, verbessert die Blutversorgung in Hirn und Sehorganen, hilft daher Schlaganf\u00e4lle zu verhindern, unterst\u00fctzt den K\u00f6rper bei Erkrankungen wie Altersdemenz, Alzheimer, Parkinson, bei Schlaganfall, Autismus usw.,<\/li>\n<li>hilft bei verschiedenen Erkrankungen der Sehorgane (Grauer Star, Glaukom, Verengung der Blutgef\u00e4\u00dfe, Kurzsichtigkeit, Akkommodationsst\u00f6rungen usw.)<\/li>\n<\/ul>\n<p>Auf der Platte sind die hohen Energien des Energieportals vom 08.08.2022 gespeichert, dem H\u00f6hepunkt einer kraftvollen Energieperiode, die als &#8222;L\u00f6wentor&#8220; und als &#8222;Portal der F\u00fclle&#8220; bezeichnet wird.<\/p>\n<p>TIPP 1: Die Platte &#8222;Tor zur Unendlichkeit&#8220; bildet mit der Platte &#8222;Seelenstern\u201c ein einzigartiges Tandem, um eine neue Ebene der pers\u00f6nlichen Entwicklung zu erreichen, um seine Bestimmung zu finden und um sich besser an die Energien der neuen Zeit anpassen zu k\u00f6nnen.<br \/>\nDie Platte &#8222;Tor zur Unendlichkeit&#8220; vermittelt sehr starke Energien und es kann in den Handfl\u00e4chen ein starkes Pulsieren auftreten. Es ist daher sinnvoll die Anwendungszeit der Platte langsam zu steigern.<\/p>\n<p>TIPP 2: Bei Bluthochdruck und ausgepr\u00e4gter Arteriosklerose sollte zun\u00e4chst eine Zeit lang nur das informierte Wasser getrunken werden. Erst sp\u00e4ter die Platte auch bei sich tragen. Bei Kopfschmerzen und Migr\u00e4ne kann die Platte zusammen mit der Platte &#8222;Anti-Migr\u00e4ne&#8220; sehr hilfreich sein.<\/p>\n<p>TIPP 3: Die Platte kann sehr gut zum Aktivieren von Cremes und Kosmetik verwendet werden, zum Duschen und generell f\u00fcr die &#8222;Erfrischung&#8220; und Verj\u00fcngung des physischen K\u00f6rpers.<\/p>\n<p>TIPP 4: Die Platte &#8222;Tor zur Unendlichkeit&#8220; ist kompatibel mit allen zuvor ver\u00f6ffentlichten Platten, insbesondere mit: &#8222;Rapa&#8220; (Winterserie 2020), &#8222;Lhasa&#8220;, &#8222;Amaranth&#8220; (Serie Effizient), &#8222;Langes Leben&#8220; (Serie Gr\u00fcn), &#8222;Welikoretsky&#8220;, &#8222;Sdrawa&#8220; (Serie Kollektion), &#8222;Gr\u00fcne Tara. Kailash&#8220;, &#8222;Fr\u00fchling des Lebens&#8220;, &#8222;H\u00f6hle Kuza, Sansibar&#8220;, &#8222;H\u00f6hle Kuumbi. Sansibar&#8220;, &#8222;See Manasarovar. Kailash&#8220; (Serie Elite), &#8222;Anti-Migr\u00e4ne&#8220; (Serie Arkanum), &#8222;Neuer Stern&#8220;, &#8222;Seelenstern&#8220; (Serie Elite 8-Elemente), &#8222;Nr.9&#8220; (Serie Violett) und die Armb\u00e4nder &#8222;Gl\u00fcckseligkeit&#8220;, &#8222;Cardio&#8220;, &#8222;Magnat\/Mann&#8220;<\/p>\n<p>ZUR BEACHTUNG: Bei dieser Platte sollte das Wasser zum Energetisieren mindestens 15 Minuten lang darauf gestellt werden.<\/p>\n<p><em><u>Ergebnis im LIFE-TEST:\u00a0<\/u>Die Kolzov-Platte &#8222;Tor zur Unendlichkeit&#8220; hat ein neutrales Energiefeld mit mehr als 40 000 Bovis. Damit aktiviert sie gleich 3 Chakras auf 40 000 Bovis: Kronen-, Herz- und Solarplexus-Chakra. Das Hals-Chakra steigt auf ebenfalls sehr hohe 35 000 Bovis, das Stirn-Chakra auf 28 000 Bovis. Die unteren beiden Chakras werden weniger stark aktiviert: Das Wurzel-Chakra verdoppelt seine Energie auf 14 000 Bovis und das Blase-\/Sexual-Chakra steigt auf 21 000 Bovis. Durch die Aufladung der Chakras w\u00e4chst der bioenergetische Reaktionsabstand von zirka 75 Zentimetern um den K\u00f6rper auf 1,60 Meter.<\/em><\/p>\n<p><em><\/p>\n<p><\/em><\/p>\n<p><em><strong>Wichtiger Hinweis:<br \/>\nWir weisen ausdr\u00fccklich darauf hin, dass die Kolzov-Platte (russische Bezeichnung: &#8222;Korrektoren des funktionalen Zustands&#8220;) ein alternatives Energie- und Informationsprodukt ist und kein Heilmittel im Sinne der westlichen Schulmedizin. Vielmehr ist es ein rein energetisches Hilfsmittel zur ganzheitlichen Balancierung von energetischen Disharmonien und Blockaden. Informationen \u00fcber Qualit\u00e4t und Eigenschaften des Energieobjekts beziehen sich auf Aussagen des russischen Herstellers und alternativen Theorien zu Mensch und Umwelt, auf alternative Anschauungen und esoterische \u00dcberlieferungen oder Aussagen. Sie gelten nur im Sinne der esoterischen Lebensphilosophie und daran angelehnte Alternativheilkunde. Wirkungen im Sinne westlicher Wissenschaft oder Medizin werden hier nicht behauptet.<\/strong><\/em><\/p>","protected":false},"excerpt":{"rendered":"<p>verbindet die materielle mit der geistigen Welt. Sie hilft dir, \u201eaus dem Herzen heraus\u201c zu leben, und f\u00f6rdert einen Quantensprung in deiner pers\u00f6nlichen Entwicklung. Sie ist eine Spezialistin f\u00fcr den Kopfbereich: Sie verbessert die Durchblutung im Gehirn, unterst\u00fctzt die Augen und hilft, geistige Tr\u00e4gheit oder \u201eAltersm\u00fcdigkeit\u201c zu vertreiben.<\/p>","protected":false},"featured_media":2426,"comment_status":"open","ping_status":"closed","template":"","meta":[],"product_brand":[],"product_cat":[33],"product_tag":[139],"class_list":{"0":"post-2225","1":"product","2":"type-product","3":"status-publish","4":"has-post-thumbnail","6":"product_cat-elite-series","7":"product_tag-139","9":"first","10":"outofstock","11":"taxable","12":"shipping-taxable","13":"purchasable","14":"product-type-simple"},"_links":{"self":[{"href":"https:\/\/vigo-rio.com\/en\/wp-json\/wp\/v2\/product\/2225","targetHints":{"allow":["GET"]}}],"collection":[{"href":"https:\/\/vigo-rio.com\/en\/wp-json\/wp\/v2\/product"}],"about":[{"href":"https:\/\/vigo-rio.com\/en\/wp-json\/wp\/v2\/types\/product"}],"replies":[{"embeddable":true,"href":"https:\/\/vigo-rio.com\/en\/wp-json\/wp\/v2\/comments?post=2225"}],"wp:featuredmedia":[{"embeddable":true,"href":"https:\/\/vigo-rio.com\/en\/wp-json\/wp\/v2\/media\/2426"}],"wp:attachment":[{"href":"https:\/\/vigo-rio.com\/en\/wp-json\/wp\/v2\/media?parent=2225"}],"wp:term":[{"taxonomy":"product_brand","embeddable":true,"href":"https:\/\/vigo-rio.com\/en\/wp-json\/wp\/v2\/product_brand?post=2225"},{"taxonomy":"product_cat","embeddable":true,"href":"https:\/\/vigo-rio.com\/en\/wp-json\/wp\/v2\/product_cat?post=2225"},{"taxonomy":"product_tag","embeddable":true,"href":"https:\/\/vigo-rio.com\/en\/wp-json\/wp\/v2\/product_tag?post=2225"}],"curies":[{"name":"wp","href":"https:\/\/api.w.org\/{rel}","templated":true}]}}