{"id":2224,"date":"2026-01-20T12:47:01","date_gmt":"2026-01-20T12:47:01","guid":{"rendered":"https:\/\/vigo-rio.com\/?post_type=product&#038;p=2224"},"modified":"2026-03-10T16:26:34","modified_gmt":"2026-03-10T16:26:34","slug":"fc-67-sunny-smile","status":"publish","type":"product","link":"https:\/\/vigo-rio.com\/en\/product\/fc-67-sunny-smile\/","title":{"rendered":"FC Sonnenl\u00e4chen \/ Sunny Smile"},"content":{"rendered":"<p><strong>Kolzov-Platte: &#8222;L\u00e4cheln der Sonne&#8220;\u00a0&#8211; (schafft einen Raum des Friedens, Wohlbefindes und Wohlstands, Energieportal vom 21.06.2022 Sommersonnenwende)<br \/>\n<\/strong><\/p>\n<p><strong><em>(bei paarweiser Anwendung am besten mit der Platte &#8222;Weg des Universums&#8220;)<\/em><br \/>\n<\/strong><\/p>\n<p><strong>&#8211; neueste Version mit 8-Elementen (8 enthaltenen Energiespeicher-Chips)<\/strong><\/p>\n<p><em>Die Platte tr\u00e4gt die russische Aufschrift: \u00ab\u0423\u041b\u042b\u0411\u041a\u0410 \u0421\u041e\u041b\u041d\u0426\u0410\u00bb bzw. auf dem erg\u00e4nzenden Deckblatt: SUNNY SMILE, SOURIRE SOLAIRE, SONNENL\u00c4CHELN<\/em><\/p>\n<p>Die Platte st\u00e4rkt die F\u00e4higkeit, Menschen zusammen zu bringen, um das Leben mit der Kraft des L\u00e4chelns und des Gl\u00fccks zu erf\u00fcllen. Sie st\u00e4rkt die g\u00f6ttliche Kraft und das Charisma des Anwenders und erh\u00f6ht das Selbstvertrauen in seine Macht als Mitsch\u00f6pfer. Die Platte wurde entwickelt, um &#8222;Wunder&#8220; im Leben des Anwenders zu f\u00f6rdern, das negative emotionale Feld zu transformieren und Konflikte zu entsch\u00e4rfen.<br \/>\nMit Hilfe der Platte gelingt es, alle Beleidigungen zu vergeben, zu versuchen, das zu akzeptieren, was bereits passiert ist, damit Sie leichten Herzens und mit offener Seele weitermachen k\u00f6nnen.<br \/>\nDie Platte hilft hyperaktiven und aggressiven Kindern, ihre Anspannung besser zu regulieren. Sie hilft auch allgemein bei Verspannungen (einfach auf die Scherzstelle legen).<br \/>\nDie Platte kann auch in der professionellen Arbeit von Psychologen, P\u00e4dagogen, und Lehrern oder von Masseuren, Osteopathen, Physiotherapeuten und Kosmetikerinnen &#8222;Wunder&#8220; vollbringen.<\/p>\n<p><em>Die Aussagen beziehen sich auf alternative Testmethoden wie Meridianenergie-Messungen der Organfunktionskreisl\u00e4ufe nach TCM, Kirlian-Fotografie (EPG\/GDV-Kamera), Oberon, Amsat o.\u00e4. durch den Hersteller &#8222;Planet der Regionen&#8220; und stellen keine medizinische oder auf den physischen K\u00f6rper und dessen Organe bezogenen Aussage im Sinne der westlichen Schulmedizin dar.<\/em><\/p>\n<p><strong>Die Platte ist in diesem Sinne vor allem geeignet f\u00fcr:<\/strong><\/p>\n<ul>\n<li>st\u00e4rkt das innere Potenzial positiver Energie, unabh\u00e4ngig davon, was in der Au\u00dfenwelt passiert,<\/li>\n<li>transformiert negative Emotionen, befreit von alten destruktiven Programmen, Aggressionen und negativen Belastungen in der Aura<\/li>\n<li>erschafft einen Raum der Ruhe, des Friedens, des Vertrauens, des Wohlbefindens und des Komforts, tr\u00e4gt dazu bei, den Anwender vor Problemen zu sch\u00fctzen und<\/li>\n<li>hilft dem Benutzer, das Gl\u00fcck in seinen H\u00e4nde zu nehmen, Lebensprobleme zu l\u00f6sen und die unterschiedlichsten Lebensbereiche und -umst\u00e4nde selbst zu verbessern,<\/li>\n<li>vermittelt die Energie der Sonne, erh\u00f6ht das innere Lichtpotential des Anwenders und f\u00fchrt den Anwender zur\u00fcck zum Licht und st\u00e4rkt die Intuition,<\/li>\n<li>aktiviert die Verbindung der 4 Elemente im Anwender, wodurch ein gr\u00f6\u00dferes Energie- potential entsteht und die M\u00f6glichkeit, die besten Eigenschaften in sich zu entdecken und zu st\u00e4rken: St\u00e4rke, Weisheit, Unabh\u00e4ngigkeit, Selbstvertrauen, Integrit\u00e4t, Altruismus uvm.<\/li>\n<li>aktiviert die Energie der Gesundheit und Erleuchtung, indem der Blick nach innen gerichtet wird und man den Sinn in sich selbst und in den Sackgassen des Lebens finden kann,<\/li>\n<li>f\u00f6rdert, dass &#8222;wundersame&#8220; Ereignisse stattfinden k\u00f6nnen und schafft das st\u00e4rkste Feld f\u00fcr die Erf\u00fcllung von Absichten, insbesondere von pers\u00f6nlichen Liebes- und Familienw\u00fcnschen,<\/li>\n<li>vermittelt inspirierende Energien und interessante Ideen f\u00fcr eine eventuelle Erweiterung von M\u00f6glichkeiten, neuen Projekten, neuen Ausbildungs- oder Verdienstm\u00f6glichkeiten,<\/li>\n<li>erleichtert das Lernen und den Erwerb der erforderlichen F\u00e4higkeiten und Kenntnisse um seine T\u00e4tigkeit zu wechseln (falls der Wunsch danach besteht),<\/li>\n<li>vermittelt positive Impulse f\u00fcr die Entwicklung pers\u00f6nlicher Beziehungen, harmonisiert die Beziehung in Familien, bereinigt Konflikte und Missverst\u00e4ndnisse zwischen Generationen und Gruppen (z.B. bei Mobbing, auch in einer Schule), hilft, die Ursachen von Konflikten zu verstehen und aufzuarbeiten (auch bei psycho-emotionalen Ursachen),<\/li>\n<li>st\u00e4rkt die g\u00f6ttliche Kraft und das Charisma des Anwenders und erh\u00f6ht das Selbstvertrauen in seine Macht als Mitsch\u00f6pfer,<\/li>\n<li>st\u00e4rkt die F\u00e4higkeit, Menschen zusammen zu bringen, um das Leben mit der Kraft des L\u00e4chelns und des Gl\u00fccks zu erf\u00fcllen,<\/li>\n<li>hilft dabei, Verspannungen im K\u00f6rper, in Gesicht und Muskeln usw. zu l\u00f6sen (etwa Verkrampfungen als Ausdruck von Unzufriedenheit)<\/li>\n<li>st\u00e4rkt das Bed\u00fcrfnis des Anwenders nach spiritueller Transformation und Bewusstseinsentwicklung, arbeitet mit dem Unterbewusstsein und hilft, sich gem\u00e4\u00df den neuen h\u00f6heren Energien innerlich zu ver\u00e4ndern,<\/li>\n<li>unterst\u00fctzt den Anwender dabei, aus negativen Stimmungen in positive zu wechseln (siehe Anwendungsempfehlungen),<\/li>\n<li>verbessert die M\u00f6glichkeiten mit der Natur zu kommunizieren &#8211; mit B\u00e4umen, Steinen, Kristallen etc.<\/li>\n<\/ul>\n<p>Auf der Platte sind die hohen solaren Energien vom Tag der Sommersonnenwende am 21. Juni 2022 gespeichert.<\/p>\n<p>TIPP 1: Die Platte &#8222;L\u00e4cheln der Sonne&#8220; arbeitet besonders gut mit der Platte &#8222;Weg des Universums&#8220; zusammen. In einem akuten Zustand von Traurigkeit sollten Sie zuerst die Platte &#8222;L\u00e4cheln der Sonne&#8220; verwenden. Um sich bei Tr\u00e4nen, Stress, Panikattacken, Nervosit\u00e4t schnell zu beruhigen, nehmen Sie die Platte in die Hand und halten sie auf H\u00f6he des Solarplexus und atmen Sie einige Minuten lang tief durch.<br \/>\nDie Platte erm\u00f6glicht es, alle Beleidigungen zu vergeben, zu versuchen, das zu akzeptieren, was bereits passiert ist, damit Sie leichten Herzens und mit offener Seele weitermachen k\u00f6nnen.<\/p>\n<p>TIPP 2: Um den pers\u00f6nlichen Raum vollst\u00e4ndig zu harmonisieren, trinken Sie viel mit der Platte energetisiertes Wasser, lassen Sie sich mit der Platte und der Platte &#8222;Weg des Universums&#8220; &#8222;durchstr\u00f6men&#8220; (eine Platte in den Nacken, die andere unter das Stei\u00dfbein legen) und legen Sie die Platte &#8222;L\u00e4cheln der Sonne&#8220; auch nachts unter das Kopfkissen.<\/p>\n<p>TIPP 3: W\u00e4hrend der Mediation, Innenschau, bei Retreats und Suche nach einer inneren Kraftquelle setzen Sie sich auf die Platte oder legen Sie die Platte auf das 1.Chakra (Wurzel-Chakra) &#8211; einige Minuten bis zu mehrere Stunden lang (lassen Sie sich von Ihrer Intuition leiten).<\/p>\n<p>TIPP 4: Die Platte &#8222;L\u00e4cheln der Sonne&#8220; kann als &#8222;Kummerkasten&#8220; verwendet werden: Nehmen Sie die Platte in die Hand und berichten Sie all Ihre Sorgen und Freuden. Sie k\u00f6nnen eine Absicht oder Wunsch zur L\u00f6sung eines Problems aufschreiben und auf die Platte legen.<\/p>\n<p>TIPP 5: Die Platte hilft hyperaktiven und aggressiven Kindern, Kinder der neuen Energien (Indigo-Kinder) und &#8222;Au\u00dfenseiter-Kindern&#8220; ihre Anspannung besser zu regulieren. Die Platte kann auch sehr gut in einem &#8222;Energiehaus&#8220; in Kinderzimmer, Kindergarten oder Schule aufgestellt werden.<br \/>\nDie Platte hilft auch allgemein bei Verspannungen, einfach auf die Scherzstelle legen.<\/p>\n<p>TIPP 6: Mit Hilfe diese Platte k\u00f6nnen Aroma\u00f6le und Kosmetikprodukte energetisiert werden. Sie k\u00f6nnen Ihren Schmuck, Talismane, Amulette aufladen (mindestens 20 Minuten auf die Platte legen). Das Putzwasser f\u00fcr die Wohnraumreinigung kann damit informiert werden. Und Sie k\u00f6nnen die Platte unter die Wasserkaraffe f\u00fcr die ganze Familie legen.<\/p>\n<p>TIPP 7: Um Ihre eigene Stimmung aufzuhellen oder um die Stimmung im Raum zu verbessern, k\u00f6nnen Sie die Platte wie folgt in Kombination anwenden: Legen Sie die Platte &#8222;Wahrhaftige Liebe&#8220; (Serie Gr\u00fcn), f\u00fcr 1-2 Minuten auf den Bereich der Thymusdr\u00fcse, dann auf das 2. Chakra, &#8222;waschen&#8220; Sie nun 1-2 Minuten mit der Platte &#8222;L\u00e4cheln der Sonne&#8220; \u00fcber das Gesicht (zus\u00e4tzlich k\u00f6nnen sie die Gesichtsmuskeln durch etwas Sch\u00fctteln entspannen), legen Sie erst die Platte &#8222;Wahrhaftige Liebe&#8220; und dann &#8222;L\u00e4cheln der Sonne&#8220; auf das 6.Chakra. F\u00fcr all diese Schritte reichen etwa zehn Minuten.<\/p>\n<p>TIPP 8: Die Platte &#8222;L\u00e4cheln der Sonne&#8220; arbeitet sehr gut zusammen mit: &#8222;Weg des Universums&#8220; &#8222;Erwachen der Seele&#8220;, &#8222;Heilige Liebe&#8220;, &#8222;Umwandlung\/Transmutation&#8220;, &#8222;Solar&#8220; (Serie Elite 8-Elemente), &#8222;Wahrhaftige Liebe&#8220; (Serie Gr\u00fcn), Nr.21 (Serie Gold).<\/p>\n<p>ZUR BEACHTUNG: Bei dieser Platte sollte das Wasser zum Energetisieren mindestens 20 Minuten lang darauf gestellt werden.<\/p>\n<p><em><u>Ergebnis im LIFE-TEST:\u00a0<\/u>Die Kolzov-Platte &#8222;L\u00e4cheln der Sonne&#8220; hat ein neutrales Energiefeld mit 40 000 Bovis. Damit aktiviert sie gleich 4 Chakras auf 40 000 Bovis: Kronen- und Stirn-Chakra und Solarplexus- und Blase-\/Sexual-Chakra steigen auf diesen hohen Wert. Auch das Wurzel-Chakra erreicht mit gut 35 000 Bovis fast dieses Energieniveau. Hals- und Herz-Chakra verdreifachen ihre Energie auf 21 000 Bovis. Durch die Aufladung der Chakras w\u00e4chst der bioenergetische Reaktionsabstand von zirka 75 Zentimetern um den K\u00f6rper auf 2,50 Meter.<\/em><\/p>\n<p><em><\/p>\n<p><\/em><\/p>\n<p><strong><em>Wichtiger Hinweis:<br \/>\nWir weisen ausdr\u00fccklich darauf hin, dass die Kolzov-Platte (russische Bezeichnung: &#8222;Korrektoren des funktionalen Zustands&#8220;) ein alternatives Energie- und Informationsprodukt ist und kein Heilmittel im Sinne der westlichen Schulmedizin. Vielmehr ist es ein rein energetisches Hilfsmittel zur ganzheitlichen Balancierung von energetischen Disharmonien und Blockaden. Informationen \u00fcber Qualit\u00e4t und Eigenschaften des Energieobjekts beziehen sich auf Aussagen des russischen Herstellers und alternativen Theorien zu Mensch und Umwelt, auf alternative Anschauungen und esoterische \u00dcberlieferungen oder Aussagen. Sie gelten nur im Sinne der esoterischen Lebensphilosophie und daran angelehnte Alternativheilkunde. Wirkungen im Sinne westlicher Wissenschaft oder Medizin werden hier nicht behauptet.<\/em><\/strong><\/p>","protected":false},"excerpt":{"rendered":"<p>ist ein kraftvoller Transformations-Korrektor, der negative emotionale Felder in einen Raum des Friedens und Wohlstands wandelt. Sie st\u00e4rkt das Charisma und das Selbstvertrauen, hilft beim Loslassen von Groll und erm\u00f6glicht es, Beleidigungen aufrichtig zu vergeben. Die Platte ist besonders wertvoll f\u00fcr die Harmonisierung von Familien und Gruppen, hilft hyperaktiven Kindern bei der Selbstregulation und dient als energetischer \u201eKummerkasten\u201c, um Sorgen in positive Absichten umzuwandeln.<\/p>","protected":false},"featured_media":2329,"comment_status":"open","ping_status":"closed","template":"","meta":[],"product_brand":[],"product_cat":[33],"product_tag":[138],"class_list":{"0":"post-2224","1":"product","2":"type-product","3":"status-publish","4":"has-post-thumbnail","6":"product_cat-elite-series","7":"product_tag-138","9":"first","10":"outofstock","11":"taxable","12":"shipping-taxable","13":"purchasable","14":"product-type-simple"},"_links":{"self":[{"href":"https:\/\/vigo-rio.com\/en\/wp-json\/wp\/v2\/product\/2224","targetHints":{"allow":["GET"]}}],"collection":[{"href":"https:\/\/vigo-rio.com\/en\/wp-json\/wp\/v2\/product"}],"about":[{"href":"https:\/\/vigo-rio.com\/en\/wp-json\/wp\/v2\/types\/product"}],"replies":[{"embeddable":true,"href":"https:\/\/vigo-rio.com\/en\/wp-json\/wp\/v2\/comments?post=2224"}],"wp:featuredmedia":[{"embeddable":true,"href":"https:\/\/vigo-rio.com\/en\/wp-json\/wp\/v2\/media\/2329"}],"wp:attachment":[{"href":"https:\/\/vigo-rio.com\/en\/wp-json\/wp\/v2\/media?parent=2224"}],"wp:term":[{"taxonomy":"product_brand","embeddable":true,"href":"https:\/\/vigo-rio.com\/en\/wp-json\/wp\/v2\/product_brand?post=2224"},{"taxonomy":"product_cat","embeddable":true,"href":"https:\/\/vigo-rio.com\/en\/wp-json\/wp\/v2\/product_cat?post=2224"},{"taxonomy":"product_tag","embeddable":true,"href":"https:\/\/vigo-rio.com\/en\/wp-json\/wp\/v2\/product_tag?post=2224"}],"curies":[{"name":"wp","href":"https:\/\/api.w.org\/{rel}","templated":true}]}}