{"id":2223,"date":"2026-01-20T12:46:21","date_gmt":"2026-01-20T12:46:21","guid":{"rendered":"https:\/\/vigo-rio.com\/?post_type=product&#038;p=2223"},"modified":"2026-02-04T19:43:47","modified_gmt":"2026-02-04T19:43:47","slug":"fc-66-threads-of-the-universe","status":"publish","type":"product","link":"https:\/\/vigo-rio.com\/en\/product\/fc-66-threads-of-the-universe\/","title":{"rendered":"FC F\u00e4den der Sch\u00f6pfung \/ Threads of the Universe"},"content":{"rendered":"<p><strong>Kolzov-Platte: &#8222;Weg des Universums&#8220;\u00a0&#8211; (\u00f6ffnet den Raum zum Kosmischen, vermittelt hohe Energien der Liebe, bisher st\u00e4rkster Transformator negativer psychischer Energien, Bienen-Platte)<br \/>\n<\/strong><\/p>\n<p><strong><em>(bei paarweiser Anwendung am besten mit den Platten &#8222;L\u00e4cheln der Sonne&#8220;)<\/em><br \/>\n<\/strong><\/p>\n<p><strong>&#8211; neueste Version mit 8-Elementen (8 enthaltenen Energiespeicher-Chips)<\/strong><\/p>\n<p><em>Die Platte tr\u00e4gt die russische Aufschrift: \u00ab \u041d\u0418\u0422\u0418 \u041c\u0418\u0420\u041e\u0417\u0414\u0410\u041d\u0418\u042f \u00bb bzw. auf dem erg\u00e4nzenden Deckblatt: THREADS OF THE UNIVERSE, VOIE DE L&#8217;UNIVERS, F\u00c4DEN DER SCH\u00d6PFUNG<\/em><\/p>\n<p>Wirken Sie als kraftvoller Wandler negativer psychischer Energie: die Plate reinigt nicht nur den Anwender, sondern alle, die sich in seinem engeren Raum befinden gleich mit! Die Platte ist der bisher st\u00e4rkste Transformator negativer psychischer Energien. Sie stellt die Verbindung von Mikro- und Makrokosmos wieder her.<br \/>\nDie Platte wurde zudem entwickelt, um ein tiefes Verst\u00e4ndnis der Bedeutung des Lebens zu vermitteln, sie tr\u00e4gt zum materiellen Wohlstand bei und stellt eine Verbindung mit den H\u00f6heren Welten des Universums her.<\/p>\n<p><em>Die Aussagen beziehen sich auf alternative Testmethoden wie Meridianenergie-Messungen der Organfunktionskreisl\u00e4ufe nach TCM, Kirlian-Fotografie (EPG\/GDV-Kamera), Oberon, Amsat o.\u00e4. durch den Hersteller &#8222;Planet der Regionen&#8220; und stellen keine medizinische oder auf den physischen K\u00f6rper und dessen Organe bezogenen Aussage im Sinne der westlichen Schulmedizin dar.<\/em><\/p>\n<p><strong>Die Platte ist in diesem Sinne vor allem geeignet f\u00fcr:<\/strong><\/p>\n<ul>\n<li>ist der st\u00e4rkste Transformator negativer psychischer Energie, reinigt den Raum des Benutzers und jeden, der ihn betritt,<\/li>\n<li>\u00f6ffnet den Raum, bildet eine Verbindung mit den H\u00f6heren Welten des Universums,<\/li>\n<li>hilft dabei, die Energiefelder und -strukturen des Benutzers auszurichten und beseitigt Disharmonien in ihnen,<\/li>\n<li>aktiviert die Prozesse der energetischen Entgiftung im K\u00f6rper des Anwenders, dazu beseitigt die Platte Lasten der Vergangenheit und vermittelt kosmische Energien der Erneuerung,<\/li>\n<li>verbessert den Energiefluss und die Funktionalit\u00e4t biochemischer Prozesse,<\/li>\n<li>stellt Schritt f\u00fcr Schritt die Verbindung von Mikro- und Makrokosmos auf der Informationsebene her, indem auch die genrations\u00fcbergreifenden Energieverbindungen aktiviert und gereinigt und die subtilen K\u00f6rper des Anwenders aktiviert werden,<\/li>\n<li>unterst\u00fctzt insbesondere die h\u00f6heren Chakras (7.-9. Chakra, also Kronen-Chakra und h\u00f6her) in ihrer Arbeit und Anbindung und vermittelt so auch ein tiefes ganzheitliches Verst\u00e4ndnis der Bedeutung des Lebens auf der Erde,<\/li>\n<li>arbeitet mit der emotionalen Ebene, mit Bewusstsein und Unterbewusstsein, mit allen Energiezentren (Chakren),<\/li>\n<li>verbindet den Anwender mit der Energie-Informations-Struktur der Sonne, setzt heilende Energiefl\u00fcsse in Gang &#8211; beseitigt so auch Phantomschmerzen,<\/li>\n<li>hilft dabei, den materiellen Wohlstand zu erh\u00f6hen, Finanzschulden abzuzahlen (siehe Anwendungsempfehlungen) &#8211; um finanzielle Ziele zu erreichen und um ein angestrebtes Wohlstandsniveau zu erreichen, wird die &#8222;Erdung&#8220; des Anwenders und der intuitive g\u00f6ttliche Kanal aktiviert, wodurch neue gute Unternehmungen beg\u00fcnstigt werden und der Erfolg angezogen wird,<\/li>\n<li>st\u00e4rkt Gesundheit und moralische St\u00e4rke und vermehrt das Gl\u00fcck des Anwenders, tr\u00e4gt zum Erreichen eines angenehmen, friedlichen Lebens bei,<\/li>\n<li>arbeitet gezielt, aber sanft an der Heilung aller Organe dank der hochfrequenten Energien der Liebe und \u00f6ffnet das Herzzentrum, dazu werden Problembereiche auf das h\u00f6here Energieniveau der Liebe gehoben und dort gespeicherte Negativit\u00e4t, Groll, Wut, Aggressivit\u00e4t, Bosheit oder ein Zustand der Opferrolle und des Leidens werden beseitigt &#8211; wie in einer violetten Flamme werden die unn\u00f6tigen, oberfl\u00e4chlichen und zerst\u00f6rerischen Programme &#8222;verbrannt&#8220;,<\/li>\n<li>reinigt Lymphsystems, Leber und Gallenblase und befreit von dort behafteten Energien der Wut, Aggression und des \u00c4rgers,<\/li>\n<li>hilft, sich selbst zu verstehen, die Ursachen von Misserfolgen zu finden und sie in eine positive Erfahrung umzuwandeln,<\/li>\n<li>sch\u00fctzt Bienen und Imker, erh\u00f6ht die Honig-Produktion, beugt Bienenkrankheiten vor und heilt sie (einschlie\u00dflich Milben).<\/li>\n<\/ul>\n<p>Auf der Platte &#8222;Weg des Universums&#8220; sind die hohen Energien des Portaltages 2. Juli 2022 gespeichert, der zugleich der Tag der heiligen Imkerin Zosima ist. Im slawischen Volksglauben sind die Bienen die Besch\u00fctzer der Familie, sie stehen f\u00fcr Zusammenhalt und gegenseitige Hilfe und sollen in Kontakt mit den G\u00f6ttern stehen.<\/p>\n<p>TIPP 1: Die Platte &#8222;Weg des Universums&#8220; arbeitet besonders gut mit der Platte &#8222;L\u00e4cheln der Sonne&#8220; zusammen. In einem akuten Zustand von Traurigkeit sollten Sie zuerst die Platte &#8222;L\u00e4cheln der Sonne&#8220; verwenden.<\/p>\n<p>TIPP 2: Die schnellste Aktivierung der Platte geschieht, indem man sich mit beiden F\u00fc\u00dfen darauf stellt &#8211; beide F\u00fc\u00dfe sollen mit ihr Kontakt haben. Sofort beginnt sich ein eif\u00f6rmiger kosmischer Energieschutz um den K\u00f6rper aufzubauen. Sodann werden die Chakras aktiviert in der Reihenfolge 4., 5., 3., 2. und 1. Chakra.<br \/>\nWenn Sie die Platte nachts anwenden, k\u00f6nnen die starken einstr\u00f6menden Energien sie unruhig schlafen lassen, daher besser nur tags\u00fcber bis 17 Uhr anwenden.<\/p>\n<p>TIPP 3: Anwendung f\u00fcr eine schnellere R\u00fcckzahlung von Schulden: Erstellen Sie im Geiste eine Absicht und sagen Sie \u201eIch werde die Schulden bald zur\u00fcckzahlen\u201c, befestigen Sie die Platte am Handgelenk Ihrer rechten Hand und zahlen Sie eine Rate bzw. die Schulden mit dieser Hand zur\u00fcck. Erstellen Sie bei einer Online-\u00dcberweisung auch eine Absicht, sprechen Sie und f\u00fchren Sie die \u00dcberweisung auch mit der rechten Hand durch.<\/p>\n<p>TIPP 4: Die Platte hilft auch bei gest\u00f6rtem Schlaf-Wach-Rhythmus und ist daher hilfereich f\u00fcr Arbeitende im Schichtdienst, f\u00fcr Trucker, Reisende (bei \u00c4nderung der Zeitzone) etc.<\/p>\n<p>TIPP 5: F\u00fcr eine intensive Heilung auf Seelenebene nehmen Sie Platte &#8222;Weg des Universums&#8220; in Ihre rechte Hand, die Platte &#8222;Rad des Schicksals&#8220; in die Linke Hand und legen die Platte &#8222;Heilige Liebe&#8220; auf die Brust bei der Thymusdr\u00fcse &#8211; dies hebt die Emotionen, das Energieniveau und das Bewusstsein auf die h\u00f6chste Energieebene der Liebe.<\/p>\n<p>TIPP 6: Zum Schutz der Bienen vor Krankheiten arbeitet die Platte sehr gut mit der Platte &#8222;Nr.1&#8220; der Serie Blau zusammen! Dazu auch die L\u00f6sung zum Zuf\u00fcttern mit den Platten informieren.<br \/>\nAktivieren Sie auch den Honig, den Sie essen, mit dieser Platte.<\/p>\n<p>ZUR BEACHTUNG: Bei dieser Platte sollte das Wasser zum Energetisieren mindestens 15 Minuten lang darauf gestellt werden.<\/p>\n<p><em><u>Ergebnis im LIFE-TEST:<\/u>\u00a0Die Kolzov-Platte &#8222;Weg des Universums&#8220; hat ein neutrales Energiefeld mit 40 000 Bovis. Damit aktiviert sie gleich 3 Chakras auf 40 000 Bovis: Kronen-, Stirn- und Solarplexus-Chakras steigen auf diesen enormen Wert, wobei das Kronen-Chakra sogar noch deutlich st\u00e4rker aktiviert wird (40 000 Bovis sind die sichere Messgrenze in dieser Testmethode nach Dr. Oberbach). Das Herz-Chakra steigt auf ebenfalls hohe 35 000 Bovis. Hals- und Wurzel-Chakra steigen auf 28 000 Bovis und das Blase-\/Sexual-Chakra verdreifacht noch seine Energie auf 21 000 Bovis. Durch die Aufladung der Chakras w\u00e4chst der bioenergetische Reaktionsabstand von zirka 75 Zentimetern um den K\u00f6rper auf 2,20 Meter.<\/em><\/p>\n<p><em><br \/>\n<strong>Wichtiger Hinweis:<br \/>\nWir weisen ausdr\u00fccklich darauf hin, dass die Kolzov-Platte (russische Bezeichnung: &#8222;Korrektoren des funktionalen Zustands&#8220;) ein alternatives Energie- und Informationsprodukt ist und kein Heilmittel im Sinne der westlichen Schulmedizin. Vielmehr ist es ein rein energetisches Hilfsmittel zur ganzheitlichen Balancierung von energetischen Disharmonien und Blockaden. Informationen \u00fcber Qualit\u00e4t und Eigenschaften des Energieobjekts beziehen sich auf Aussagen des russischen Herstellers und alternativen Theorien zu Mensch und Umwelt, auf alternative Anschauungen und esoterische \u00dcberlieferungen oder Aussagen. Sie gelten nur im Sinne der esoterischen Lebensphilosophie und daran angelehnte Alternativheilkunde. Wirkungen im Sinne westlicher Wissenschaft oder Medizin werden hier nicht behauptet.<\/strong><\/em><\/p>","protected":false},"excerpt":{"rendered":"<p>gilt als der bisher st\u00e4rkste Transformator f\u00fcr negative psychische Energien. Sie reinigt nicht nur dein eigenes Feld, sondern auch den Raum und alle Menschen, die ihn betreten. Sie verbindet dich mit den h\u00f6chsten Lichtwelten, f\u00f6rdert den materiellen Wohlstand und hilft dabei, emotionale Altlasten wie Wut oder Groll wie in einer \u201evioletten Flamme\u201c zu verbrennen. Als Besonderheit ist sie die \u201eBienen-Platte\u201c, die Schutz f\u00fcr Imker und Bienenv\u00f6lker bietet.<\/p>","protected":false},"featured_media":2323,"comment_status":"open","ping_status":"closed","template":"","meta":[],"product_brand":[],"product_cat":[33],"product_tag":[137],"class_list":{"0":"post-2223","1":"product","2":"type-product","3":"status-publish","4":"has-post-thumbnail","6":"product_cat-elite-series","7":"product_tag-137","9":"first","10":"instock","11":"taxable","12":"shipping-taxable","13":"purchasable","14":"product-type-simple"},"_links":{"self":[{"href":"https:\/\/vigo-rio.com\/en\/wp-json\/wp\/v2\/product\/2223","targetHints":{"allow":["GET"]}}],"collection":[{"href":"https:\/\/vigo-rio.com\/en\/wp-json\/wp\/v2\/product"}],"about":[{"href":"https:\/\/vigo-rio.com\/en\/wp-json\/wp\/v2\/types\/product"}],"replies":[{"embeddable":true,"href":"https:\/\/vigo-rio.com\/en\/wp-json\/wp\/v2\/comments?post=2223"}],"wp:featuredmedia":[{"embeddable":true,"href":"https:\/\/vigo-rio.com\/en\/wp-json\/wp\/v2\/media\/2323"}],"wp:attachment":[{"href":"https:\/\/vigo-rio.com\/en\/wp-json\/wp\/v2\/media?parent=2223"}],"wp:term":[{"taxonomy":"product_brand","embeddable":true,"href":"https:\/\/vigo-rio.com\/en\/wp-json\/wp\/v2\/product_brand?post=2223"},{"taxonomy":"product_cat","embeddable":true,"href":"https:\/\/vigo-rio.com\/en\/wp-json\/wp\/v2\/product_cat?post=2223"},{"taxonomy":"product_tag","embeddable":true,"href":"https:\/\/vigo-rio.com\/en\/wp-json\/wp\/v2\/product_tag?post=2223"}],"curies":[{"name":"wp","href":"https:\/\/api.w.org\/{rel}","templated":true}]}}