{"id":2222,"date":"2026-01-20T12:45:24","date_gmt":"2026-01-20T12:45:24","guid":{"rendered":"https:\/\/vigo-rio.com\/?post_type=product&#038;p=2222"},"modified":"2026-03-31T10:04:01","modified_gmt":"2026-03-31T10:04:01","slug":"fc-65-miracle-of-mshensk","status":"publish","type":"product","link":"https:\/\/vigo-rio.com\/en\/product\/fc-65-miracle-of-mshensk\/","title":{"rendered":"FC Mshensk Miracle \/ Miracle of Mshensk"},"content":{"rendered":"<p><strong>Kolzov-Platte: &#8222;Mshensk Miracle&#8220; &#8211; (l\u00f6st aus \u00fcberholten Denk- und Verhaltensmustern, harmonisiert Beziehungen zwischen Menschen und zwischen Materie und Geist, st\u00e4rkt das Zusammenspiel im Organismus)<\/strong><\/p>\n<p><strong><em>(bei paarweiser Anwendung am besten mit der Platte &#8222;Portal der Tr\u00e4ume&#8220;)<\/em><br \/>\n<\/strong><\/p>\n<p><strong>&#8211; neueste Version mit 8-Elementen (8 enthaltenen Energiespeicher-Chips)<\/strong><\/p>\n<p><em>Die Platte tr\u00e4gt die russische Aufschrift: \u00ab\u041c\u0428\u0415\u041d\u0421\u041a\u041e\u0415 \u0427\u0423\u0414\u041e\u00bb bzw. auf dem erg\u00e4nzenden Deckblatt: MSHENK MIRACLE, MIRACLE DE MECHENSK, MSHENSK MIRACLE (ein \u00dcbersetzungsfehler des Herstellers)<\/em><\/p>\n<p>Die Platte aktiviert auf der Ebene der Meridian-Energien insbesondere den \u201eDreifach-Erw\u00e4rmer&#8220;, der das Zusammenspiel der Energien und K\u00f6rperfl\u00fcssigkeiten koordiniert und f\u00fcr das harmonische Funktionieren aller inneren Organe und Systeme verantwortlich ist. Sie l\u00f6st aus \u00fcberholten Denk- und Verhaltensmustern und aus Beziehungen, die einem Fesseln anlegen. Sie vermittelt Energien hoher Herzenergie, von Freude und Leichtigkeit.<br \/>\nDie Herstellung der Platte war mit 4 Tagen der Energie\u00fcbertragung sehr aufw\u00e4ndig.<\/p>\n<p><em>Die Aussagen beziehen sich auf alternative Testmethoden wie Meridianenergie-Messungen der Organfunktionskreisl\u00e4ufe nach TCM, Kirlian-Fotografie (EPG\/GDV-Kamera), Oberon, Amsat o.\u00e4. durch den Hersteller &#8222;Planet der Regionen&#8220; und stellen keine medizinische oder auf den physischen K\u00f6rper und dessen Organe bezogenen Aussage im Sinne der westlichen Schulmedizin dar.<\/em><\/p>\n<p><strong>Die Platte ist in diesem Sinne vor allem geeignet f\u00fcr:<\/strong><\/p>\n<ul>\n<li>hilft dabei, sich den h\u00f6heren spirituellen Energien des Herzens zu \u00f6ffnen und \u00fcberholte, starre Denk- und Verhaltensmuster zu \u00fcberdenken und aufzul\u00f6sen \u2013 befreit so von allem, was &#8222;erstarrt ist&#8220; und sich nicht im Fluss des Lebens und im Einklang mit den Energien der neuen Zeit weiter entwickeln l\u00e4sst,<\/li>\n<li>vermittelt dem Anwender die Energie der Elemente Erde und Wasser, hilft daher, sich auf der k\u00f6rperlichen und seelischen Ebene zu \u201eerden\u201c und gleichzeitig den emotionalen K\u00f6rper zu reinigen, um so ein Gleichgewicht zwischen materieller und spiritueller Welt, zwischen Irdischem und Kosmischen und eine innere und \u00e4u\u00dfere Harmonie zu erlangen,<\/li>\n<li>durch die Aktivierung des ersten Chakras (Wurzel- bzw. Basis-Chakra) zielt die Platte darauf ab, die Verbindung mit der materiellen Welt und seinen ureigenen Wurzeln wiederherzustellen und zu st\u00e4rken, um sein Leben in gegenw\u00e4rtiger Pr\u00e4senz und mit klarem Denken, Zuversicht und rechtzeitiger Umsetzung von Ideen und Pl\u00e4nen leben zu k\u00f6nnen,<\/li>\n<li>die Platte aktiviert auf der Ebene der Meridian-Energien insbesondere den \u201eDreifach-Erw\u00e4rmer&#8220;, der das Zusammenspiel der Energien und K\u00f6rperfl\u00fcssigkeiten koordiniert und f\u00fcr das harmonische Funktionieren aller inneren Organe und Systeme verantwortlich ist, er ist die oberste Kontrollinstanz des S\u00e4fte-Kreislaufes, ist f\u00fcr Stoffwechsel- und Energieprozesse zust\u00e4ndig und durch seine Harmonisierung k\u00f6nnen Blockaden und alte Krankheitsmuster gel\u00f6st und ihr Entstehen verhindert werden,<\/li>\n<li>die Platte vermittelt Energien der Freude, Fr\u00f6hlichkeit, Leichtigkeit und seelischen W\u00e4rme und erh\u00f6ht insgesamt das Energieniveau des Benutzers,<\/li>\n<li>unterst\u00fctzt die Verwirklichung der eigenen Ziele und das Erlangen innerer Harmonie und h\u00f6herer Gnade,<\/li>\n<li>hilft, das Biofeld zu reinigen und von der Last vergangener Leiden und Pr\u00fcfungen zu befreien, erhebt den Geist, schenkt Seelenfrieden und Harmonie, st\u00e4rkt die Gesundheit von K\u00f6rper und Geist,<\/li>\n<li>hilft dabei, die Energiekan\u00e4le der Vergangenheit und Zukunft zu aktivieren und zu harmonisieren,<\/li>\n<li>die Platte hilft dabei, die eigenen Lebenspriorit\u00e4ten zu erkennen und zu verstehen und die Qualit\u00e4t der Beziehungen zu verbessern,<\/li>\n<li>hilft dabei, sich sanft und schrittweise von Fesseln zu befreien, die mit jeglicher Art von k\u00f6rperlicher, seelischer oder geistiger Gewalt verbunden sind, und aus dem \u201eOpfer-Retter-Aggressor\u201c-Spiel auszusteigen &#8211; er\u00f6ffnet so neue soziale Kreise, die der Pers\u00f6nlichkeitsentwicklung und dem geistigen Wachstum f\u00f6rderlich sind,<\/li>\n<li>die Platte arbeitet auch mit dem f\u00fcnften Chakra (Hals-Chakra), sie lehrt dabei seine Emotionen zu erkennen und auszudr\u00fccken und sie auf positive Weise in sein Umfeld zu tragen,<\/li>\n<li>tr\u00e4gt zur Vorbeugung und Korrektur von Augenkrankheiten wie Entz\u00fcndungen (Blepharitis, Konjunktivitis) und Fr\u00fchstadien des Grauen Stars bei,<\/li>\n<li>hilft energetisch bei Unfruchtbarkeit, inklusive bei psychosomatischen Blockaden in diesem Zusammenhang,<\/li>\n<li>hat eine positive Wirkung auf die Organe des Urogenitalsystems,<\/li>\n<li>arbeitet mit dem dritten Chakra (Solarplexus-Chakra) und aktiviert und gleicht dadurch bei Bedarf den Energiestatus von Bauchspeicheldr\u00fcse, Milz aus,<\/li>\n<li>Tr\u00e4gt zur Aufrechterhaltung der Immunit\u00e4t bei, auch bei saisonalen Krankheiten und Epidemien,<\/li>\n<li>verhindert das Auftreten von Gewebewucherungen etwa nach Operationen (Neoplasmen).<\/li>\n<\/ul>\n<p>Auf der Kolzov-Platte &#8222;Wunder von Mechensk&#8220; sind die Informationen des Wassers von Heilquellen aus dem Dorf Mshentsy in der Region Tver gespeichert. Sie entspringen bei einem Heiligtum f\u00fcr die M\u00e4rtyrerin Paraskeva Pyatnitsa, die unter anderem als Schutzheilige der Frauen f\u00fcr die T\u00e4tigkeiten in Haushalt, Feld und Handel verehrt wird.<\/p>\n<p>TIPP 1: Am besten startet man die Arbeit mit dieser Platte, indem man sich einfach einige Minuten auf die Platte setzt bzw. sie am ersten Chakra platziert. So wird die kraftvolle, aber langsame Energie des Korrektors eingeschaltet und f\u00fcr jeden Benutzer ein individuell starker Fluss in Gang gesetzt. Die Platte arbeitet sowohl mit dem physischen als auch mit dem spirituellen K\u00f6rper des Anwenders.<\/p>\n<p>TIPP 2: Es ist sinnvoll, eine klar formulierte Absicht zu \u00e4u\u00dfern, wof\u00fcr man diese Platte verwenden m\u00f6chte &#8211; also z.B. f\u00fcr Heilung, Beziehungen, Erfolge, Befreiung usw.). Wenn Sie in einer schwierigen Beziehung sind (inkl. mit k\u00f6rperlicher oder emotionaler Gewalt) arbeiten sie intensiv mit der Platte, trinken das aktivierte Wasser und lassen Sie sich mit dieser und einer zweiten Platte durchstr\u00f6men.<\/p>\n<p>TIPP 3: Bei Erkrankungen trinken Sie viel damit aktiviertes Wasser. Legen Sie die Platte nachts unter das Kopfkissen. Sie k\u00f6nnen auch Augentropfen, Lotionen, Salben usw. damit energetisieren und mit der Platte das Duschwasser aktivieren.<\/p>\n<p>TIPP 4: Zur Entwicklung gr\u00f6\u00dferer Sensitivit\u00e4t erg\u00e4nzen sich die beiden neuen Platten &#8222;Wunder von Mechensk&#8220; und &#8222;Portal der Tr\u00e4ume&#8220; ideal &#8211; die Platte &#8222;Portal der Tr\u00e4ume&#8220; arbeitet daran nachts und die Platte &#8222;Wunder von Mechensk&#8220; am Tag.<\/p>\n<p>ZUR BEACHTUNG: Bei dieser Platte sollte das Wasser zum Energetisieren mindestens 20 Minuten lang daruaf gestellt werden.<\/p>\n<p><em><u>Ergebnis im LIFE-TEST:<\/u>\u00a0Die Kolzov-Platte &#8222;Wunder von Mechensk&#8220; hat ein neutrales Energiefeld mit mehr als 40 000 Bovis. Damit aktiviert sie gleich 5 Chakras auf 40 000 Bovis und sogar deutlich dar\u00fcber (40 000 ist die sichere Messgrenzen in dieser Test-Methode): Kronen-, Stirn-, Solarplexus- und das Blase-\/Sexual-Chakra und Wurzel-Chakra auf die 40 000 Bovis &#8211; Solarplexus- und das Blase-\/Sexual-Chakra sogar noch deutlich h\u00f6her. Das Herz-Chakra steigt auf sehr hohe 35 000 Bovis, das Hals-Chakra steigt auf 28 000 Bovis.<br \/>\nDurch die Aufladung der Chakras w\u00e4chst der bioenergetische Reaktionsabstand von zirka 75 Zentimetern um den K\u00f6rper auf 2,00 Meter.<\/em><\/p>\n<p>&nbsp;<\/p>\n<p><strong>Wichtiger Hinweis:<br \/>\nWir weisen ausdr\u00fccklich darauf hin, dass die Kolzov-Platte (russische Bezeichnung: &#8222;Korrektoren des funktionalen Zustands&#8220;) ein alternatives Energie- und Informationsprodukt ist und kein Heilmittel im Sinne der westlichen Schulmedizin. Vielmehr ist es ein rein energetisches Hilfsmittel zur ganzheitlichen Balancierung von energetischen Disharmonien und Blockaden. Informationen \u00fcber Qualit\u00e4t und Eigenschaften des Energieobjekts beziehen sich auf Aussagen des russischen Herstellers und alternativen Theorien zu Mensch und Umwelt, auf alternative Anschauungen und esoterische \u00dcberlieferungen oder Aussagen. Sie gelten nur im Sinne der esoterischen Lebensphilosophie und daran angelehnte Alternativheilkunde. Wirkungen im Sinne westlicher Wissenschaft oder Medizin werden hier nicht behauptet.<\/strong><\/p>","protected":false},"excerpt":{"rendered":"<p>ist ein tiefgreifender energetischer Regulator. Sie aktiviert insbesondere den \u201eDreifach-Erw\u00e4rmer\u201c (TCM), der das Zusammenspiel aller Organe und K\u00f6rperfl\u00fcssigkeiten koordiniert. Sie hilft dir dabei, dich aus erstarrten Denkstrukturen und abh\u00e4ngigen Beziehungen (auch bei emotionaler oder k\u00f6rperlicher Gewalt) zu l\u00f6sen. Durch die starke Aktivierung des Wurzel-Chakras sorgt sie f\u00fcr eine feste Erdung und Pr\u00e4senz im Hier und Jetzt.<\/p>","protected":false},"featured_media":2562,"comment_status":"open","ping_status":"closed","template":"","meta":[],"product_brand":[],"product_cat":[33],"product_tag":[136],"class_list":{"0":"post-2222","1":"product","2":"type-product","3":"status-publish","4":"has-post-thumbnail","6":"product_cat-elite-series","7":"product_tag-136","9":"first","10":"instock","11":"taxable","12":"shipping-taxable","13":"purchasable","14":"product-type-simple"},"_links":{"self":[{"href":"https:\/\/vigo-rio.com\/en\/wp-json\/wp\/v2\/product\/2222","targetHints":{"allow":["GET"]}}],"collection":[{"href":"https:\/\/vigo-rio.com\/en\/wp-json\/wp\/v2\/product"}],"about":[{"href":"https:\/\/vigo-rio.com\/en\/wp-json\/wp\/v2\/types\/product"}],"replies":[{"embeddable":true,"href":"https:\/\/vigo-rio.com\/en\/wp-json\/wp\/v2\/comments?post=2222"}],"wp:featuredmedia":[{"embeddable":true,"href":"https:\/\/vigo-rio.com\/en\/wp-json\/wp\/v2\/media\/2562"}],"wp:attachment":[{"href":"https:\/\/vigo-rio.com\/en\/wp-json\/wp\/v2\/media?parent=2222"}],"wp:term":[{"taxonomy":"product_brand","embeddable":true,"href":"https:\/\/vigo-rio.com\/en\/wp-json\/wp\/v2\/product_brand?post=2222"},{"taxonomy":"product_cat","embeddable":true,"href":"https:\/\/vigo-rio.com\/en\/wp-json\/wp\/v2\/product_cat?post=2222"},{"taxonomy":"product_tag","embeddable":true,"href":"https:\/\/vigo-rio.com\/en\/wp-json\/wp\/v2\/product_tag?post=2222"}],"curies":[{"name":"wp","href":"https:\/\/api.w.org\/{rel}","templated":true}]}}