{"id":2221,"date":"2026-01-20T12:43:51","date_gmt":"2026-01-20T12:43:51","guid":{"rendered":"https:\/\/vigo-rio.com\/?post_type=product&#038;p=2221"},"modified":"2026-02-23T19:10:47","modified_gmt":"2026-02-23T19:10:47","slug":"fc-62-wheel-of-fortune","status":"publish","type":"product","link":"https:\/\/vigo-rio.com\/en\/product\/fc-62-wheel-of-fortune\/","title":{"rendered":"FC Rat des Schicksals \/ Wheel of Fortune"},"content":{"rendered":"<p><strong>Kolzov-Platte: &#8222;Rad des Schicksals&#8220;\u00a0&#8211; (zum Aufl\u00f6sen negativer Energien und negativen Karmas, f\u00fcr mehr Gl\u00fcck im Leben, Energien des 20.Mai 2022, dem Feiertag der G\u00f6ttin Kupalnitza &#8211; Sonderausgabe zum Firmenjubil\u00e4um 2022)<br \/>\n<\/strong><\/p>\n<p><strong><em>(bei paarweiser Anwendung am besten mit der Platte &#8222;Geschenk des Himmels&#8220; und anderen)<\/em><br \/>\n<\/strong><\/p>\n<p><strong>&#8211; neueste Version mit 8-Elementen (8 enthaltenen Energiespeicher-Chips)<\/strong><\/p>\n<p><em>Die Platte tr\u00e4gt die russische Aufschrift: \u00ab\u041a\u041e\u041b\u0415\u0421\u041e \u0421\u0423\u0414\u042c\u0411\u042b\u00bb bzw. auf dem erg\u00e4nzenden Deckblatt: WHEEL OF THE FATE, ROUE DE LA FORTUNE, SCHICKSALSRAD<br \/>\n<\/em><\/p>\n<p>Diese Platte ist hilfreich, um die diversen karmischen Verflechtungen aufzul\u00f6sen und die Ahnenlinie zu reinigen. Sie ist zudem gut geeignet, um Wasser beim Duschen und Baden und um Kosmetik zu strukturieren. Fr\u00fcher wurden an dem Tag der G\u00f6ttin Kupalnitza morgens Eimer mit Wasser gef\u00fcllt, in die Sonne gestellt und mittags wuschen sich die Menschen mit dem Wasser, das dann mit dieser besonderen Energie ges\u00e4ttigt war &#8211; und es hie\u00df, dass man dadurch bis zum n\u00e4chsten Jahr gesund bleiben w\u00fcrde. Auch die Tiere wurden an diesem Tag durch einen Fluss getrieben und blieben dadurch gesund.<\/p>\n<p><em>Die Aussagen beziehen sich auf alternative Testmethoden wie Meridianenergie-Messungen der Organfunktionskreisl\u00e4ufe nach TCM, Kirlian-Fotografie (EPG\/GDV-Kamera), Oberon, Amsat o.\u00e4. durch den Hersteller &#8222;Planet der Regionen&#8220; und stellen keine medizinische oder auf den physischen K\u00f6rper und dessen Organe bezogenen Aussage im Sinne der westlichen Schulmedizin dar.<\/em><\/p>\n<p><strong>Die Platte ist in diesem Sinne vor allem geeignet f\u00fcr:<\/strong><\/p>\n<ul>\n<li>befreit die Seele von negativen Erfahrungen, reinigt sie und den K\u00f6rper von negativen Energien und angesammelten energetischen Verschmutzungen, um die Reinheit der Seele wieder zum Strahlen zu bringen,<\/li>\n<li>stellt so die Unversehrtheit des Biofeldes wieder her und vermittelt ein Gef\u00fchl f\u00fcr den Wert des Lebens,<\/li>\n<li>reinigt die Ahnenlinien (bis zur achten Generation), hilft karmische Wiederholungsschleifen und Verstrickungen aufzul\u00f6sen, beseitigt starke karmische Abh\u00e4ngigkeiten im heutigen Leben und die damit verbundenen Energiefl\u00fcsse und Energielecks &#8211; heilt so schwierige Strukturen in Familie und Beziehungen,<\/li>\n<li>tr\u00e4gt damit zum einen zur Korrektur von karmischen Geburtsprogrammen bei und verhindert zum anderen die Weitergabe karmischer Probleme an die n\u00e4chste Generation,<\/li>\n<li>hilft dabei, sich mit dem Wissen und Bewusstsein der Vergangenheit zu verbinden, um die Weisheit der Vorfahren nutzen k\u00f6nnen, und hilft, sich selbst besser verstehen zu k\u00f6nnen,<\/li>\n<li>vermittelt eine hohe Herz-Energie, hilft dabei, das Schwingungsniveau zu erh\u00f6hen und sich auf die neuen Energien des Universums einzustimmen, vermittelt eine positive Grundstimmung,<\/li>\n<li>weckt die Kraft und den Wunsch zu leben, zu erschaffen, zu lieben und anderen Menschen Freude und Inspiration zu geben, erleichtert das Leben in den Energien von heute,<\/li>\n<li>die Platte hilft, eine energetisch sichere Distanz zwischen dem Benutzer und dem Gespr\u00e4chspartner herzustellen und verhindert, dass Menschen mit einem niedrigeren Schwingungsniveau \u00dcbertragungen oder Projektionen ihrer Energien und Probleme vornehmen k\u00f6nnen, zugleich unterst\u00fctzt es die Entwicklung ausgewogener, gleichberechtigter in den Beziehungen (Familie, Freunde, Verwandte, Kollegen usw.),<\/li>\n<li>unterst\u00fctzt dabei, den Wert des Lebens in all seinen Manifestationen zu erkennen und Ereignisse und Prozesse zu \u00fcberdenken, negative Manifestationen zu akzeptieren, um sie anschlie\u00dfend leichter in positive Manifestationen wie Freude, Verst\u00e4ndnis und Akzeptanz verwandeln k\u00f6nnen,<\/li>\n<li>vermittelt dem Benutzer Energien der Freundlichkeit und des Wohlwollens,<\/li>\n<li>f\u00f6rdert das Bewusstsein f\u00fcr die Eigenverantwortung im Leben in Worten und Taten \u2013 \u201eWas man s\u00e4t, das erntet man\u201c,<\/li>\n<li>tr\u00e4gt zum energetischen Schutz vor negativen Einfl\u00fcssen bei, sch\u00fctzt vor negativen Wesenheiten der subtilen, astralen Ebenen und vor energetischen Verunreinigungen,<\/li>\n<li>die Platte unterst\u00fctzt auf energetischen Wege nachhaltig die Gesundheit, st\u00e4rkt das Immunsystem und den k\u00f6rpereigenen Schutz vor saisonalen Erkrankungen,<\/li>\n<li>aktiviert die Energien der Langlebigkeit und Kraft und Ausdauer,<\/li>\n<li>nachts angewendet hilft die Platte, den Weg in eine erfolgreiche Zukunft zu finden und tr\u00e4gt zum L\u00f6sen psycho-emotionaler Probleme bei,<\/li>\n<li>vermittelt dem Benutzer ein Bewusstsein f\u00fcr seine wahren Ziele, beseitigt Zweifel und startet den Prozess der positiven Transformation im Leben,<\/li>\n<li>verbessert das finanzielle Wohlergehen im Leben einer Person,<\/li>\n<li>erh\u00f6ht Kraft und Ausdauer bei Tieren und unterst\u00fctzt sie in ihren Selbstheilungskr\u00e4ften,<\/li>\n<li>eignet sich sehr gut zum Energetisieren von Wasser beim Duschen und Baden und f\u00fcr die Aktivierung von kosmetischen Produkten.<\/li>\n<\/ul>\n<p>Auf der Platte sind die Energien des 20.Mai 2022, dem Feiertag der G\u00f6ttin Kupalnitza, gespeichert. An diesem Tag sind die dieser G\u00f6ttin zugeordneten energetischen Qualit\u00e4ten am deutlichsten sp\u00fcrbar. Kupalnitza gilt in der slawischen Mythologie als die G\u00f6ttin der Nacht und die Schutzg\u00f6ttin der Gew\u00e4sser &#8211; von den Quellen, Fl\u00fcssen und Seen bis zu den Meeren und den S\u00fcmpfe. Ihr sind alle Wassergeister untergeordnet.<\/p>\n<p>TIPP 1: Beginnen Sie die Arbeit mit dieser Platte mit innerer Bewusstheit: Sie k\u00f6nnen damit beginnen, indem Sie die Platte zwischen Ihren Handfl\u00e4chen halten und danken etwa mit den Worten \u201eIch bin dankbar f\u00fcr \u2026\/ Ich danke Ihnen f\u00fcr \u2026\u201c, dann \u201eIch akzeptiere die beste Antwort auf meine Frage (oder Bitte), die beste L\u00f6sung f\u00fcr mein Problem\u201c.<br \/>\nEs ist zudem notwendig, die Arbeit mit dem Trinken von strukturiertem Wasser zu beginnen, um den physischen K\u00f6rper auf diese hochfrequente und kraftvolle Energie vorzubereiten.<br \/>\nDie Platte arbeitet zuerst mit den unteren beiden Chakras, daher kann man sich zuerst auf die Platte setzen und danach der Intuition folgend die Platte auf andere K\u00f6rperstellen legen.<\/p>\n<p>TIPP 2: Die Platte hat eine hohe Affinit\u00e4t zum Wasser und kann daher sehr gut am Wasserhahn befestigt werden, um das t\u00e4gliche Wasser zum Waschen und Duschen zu informieren. Sie k\u00f6nnen auch damit informiertes Wasser einfrieren und sich morgens mit diesen Eisw\u00fcrfeln waschen. Auch Cremes und andere kosmetische Produkte k\u00f6nnen damit sehr gut informiert werden.<\/p>\n<p>TIPP 3: Die reinigende Kraft der Platte kann zur Raumreinigung genutzt werden: verspr\u00fchen sie damit informiertes Wasser im Raum &#8211; insbesondere nach dem Besuch von G\u00e4sten. Und tragen sie die Plate bei sich, wenn sie zu Menschen gehen, die oft versuchen, ihre Negativit\u00e4t bei Ihnen abzuladen&#8230;<\/p>\n<p>TIPP 4: Die Plate ist hilfreich in Gebeten und Meditationen, bei Transformations- und Reinigungspraktiken, f\u00fcr die Arbeit mit dem Unterbewusstsein und hilft generell, in einen Zustand tiefer Verbindung einzutreten.<\/p>\n<p>TIPP 5: Die Platte kann in Kombination mit allen zuvor erschienenen Platten und Armb\u00e4ndern, vor allem mit jenen, die sich mit k\u00f6rperlichen Problemen und mit den Ahnenenergien besch\u00e4ftigen, verwendet werden &#8211; insbesondere mit einer der folgenden Platten: &#8222;Nr.20&#8220; (Serie Gold), &#8222;Geschenk des Himmels&#8220;, &#8222;Heiliger See&#8220;, &#8222;Seidosero.Arctida&#8220; (Serie Elite 8-Elemente), &#8222;Neustart Reinigen&#8220; und &#8222;Neustart F\u00fcllen&#8220; (Serie Effizient) und als Trio mit den beiden Platten &#8222;Gr\u00fcne Tara.Kailash&#8220; (Serie Elite) und &#8222;Umwandlung&#8220; (Serie Elite 8-Elemente) werden intensiv die karmischen Strukturen und Ahnenlinien gereinigt.<\/p>\n<p>ZUR BEACHTUNG: Bei dieser Platte sollte das Wasser zum Energetisieren mindestens 25 Minuten lang darauf gestellt werden.<\/p>\n<p><em><u>Ergebnis im LIFE-TEST:<\/u>\u00a0Die Kolzov-Platte &#8222;Rad des Schicksals&#8220; hat ein neutrales Energiefeld mit mehr als 40 000 Bovis. Damit aktiviert sie gleich 3 Chakras auf 40 000 Bovis: Kronen-, Stirn- und Wurzel-Chakra &#8211; dabei steigen Stirn- und Wurzel-Chakra sogar deutlich \u00fcber 40 000 Bovis (40 000 ist die sichere Messgrenze in dieser Test-Methode). Das Hals-Chakra steigt auf ebenfalls sehr hohe 35 000 Bovis, das Herz-Chakra auf 28 000 Bovis. Das Solarplexus- und das Blase-\/Sexual-Chakra verdreifachen noch ihre Energie auf 21 000 Bovis. Durch die Aufladung der Chakras w\u00e4chst der bioenergetische Reaktionsabstand von zirka 75 Zentimetern um den K\u00f6rper auf 2,00 Meter.<\/em><\/p>\n<p><strong><em>Wichtiger Hinweis:<br \/>\nWir weisen ausdr\u00fccklich darauf hin, dass die Kolzov-Platte (russische Bezeichnung: &#8222;Korrektoren des funktionalen Zustands&#8220;) ein alternatives Energie- und Informationsprodukt ist und kein Heilmittel im Sinne der westlichen Schulmedizin. Vielmehr ist es ein rein energetisches Hilfsmittel zur ganzheitlichen Balancierung von energetischen Disharmonien und Blockaden. Informationen \u00fcber Qualit\u00e4t und Eigenschaften des Energieobjekts beziehen sich auf Aussagen des russischen Herstellers und alternativen Theorien zu Mensch und Umwelt, auf alternative Anschauungen und esoterische \u00dcberlieferungen oder Aussagen. Sie gelten nur im Sinne der esoterischen Lebensphilosophie und daran angelehnte Alternativheilkunde. Wirkungen im Sinne westlicher Wissenschaft oder Medizin werden hier nicht behauptet.<\/em><\/strong><\/p>","protected":false},"excerpt":{"rendered":"<p>ist darauf spezialisiert, komplexe karmische Verflechtungen und Ahnenlasten (bis zur 8. Generation) zu l\u00f6sen. Sie reinigt die Seele von energetischem \u201eSchmutz\u201c und verhindert, dass negative Familienmuster an Kinder weitergegeben werden. Gleichzeitig schafft sie eine sch\u00fctzende Distanz zu negativen Menschen und verhindert, dass deren Probleme auf dich projiziert werden. Sie bringt Lebensfreude zur\u00fcck und hilft dir, deine wahren Ziele ohne Zweifel zu verfolgen.<\/p>","protected":false},"featured_media":2414,"comment_status":"open","ping_status":"closed","template":"","meta":[],"product_brand":[],"product_cat":[33],"product_tag":[133],"class_list":{"0":"post-2221","1":"product","2":"type-product","3":"status-publish","4":"has-post-thumbnail","6":"product_cat-elite-series","7":"product_tag-133","9":"first","10":"instock","11":"taxable","12":"shipping-taxable","13":"purchasable","14":"product-type-simple"},"_links":{"self":[{"href":"https:\/\/vigo-rio.com\/en\/wp-json\/wp\/v2\/product\/2221","targetHints":{"allow":["GET"]}}],"collection":[{"href":"https:\/\/vigo-rio.com\/en\/wp-json\/wp\/v2\/product"}],"about":[{"href":"https:\/\/vigo-rio.com\/en\/wp-json\/wp\/v2\/types\/product"}],"replies":[{"embeddable":true,"href":"https:\/\/vigo-rio.com\/en\/wp-json\/wp\/v2\/comments?post=2221"}],"wp:featuredmedia":[{"embeddable":true,"href":"https:\/\/vigo-rio.com\/en\/wp-json\/wp\/v2\/media\/2414"}],"wp:attachment":[{"href":"https:\/\/vigo-rio.com\/en\/wp-json\/wp\/v2\/media?parent=2221"}],"wp:term":[{"taxonomy":"product_brand","embeddable":true,"href":"https:\/\/vigo-rio.com\/en\/wp-json\/wp\/v2\/product_brand?post=2221"},{"taxonomy":"product_cat","embeddable":true,"href":"https:\/\/vigo-rio.com\/en\/wp-json\/wp\/v2\/product_cat?post=2221"},{"taxonomy":"product_tag","embeddable":true,"href":"https:\/\/vigo-rio.com\/en\/wp-json\/wp\/v2\/product_tag?post=2221"}],"curies":[{"name":"wp","href":"https:\/\/api.w.org\/{rel}","templated":true}]}}