{"id":2220,"date":"2026-01-20T12:42:43","date_gmt":"2026-01-20T12:42:43","guid":{"rendered":"https:\/\/vigo-rio.com\/?post_type=product&#038;p=2220"},"modified":"2026-03-16T09:45:03","modified_gmt":"2026-03-16T09:45:03","slug":"fc-60-divine-love","status":"publish","type":"product","link":"https:\/\/vigo-rio.com\/en\/product\/fc-60-divine-love\/","title":{"rendered":"FC Gottliche Liebe \/ Divine Love"},"content":{"rendered":"<p><strong>Kolzov-Platte: &#8222;Heilige Liebe&#8220;\u00a0&#8211; (St\u00e4rkung der Herzenergie, vermittelt die Energie g\u00f6ttlicher Liebe, Energieportal 02.05.2022 am Tag des Zuckerfests)<br \/>\n<\/strong><\/p>\n<p><strong><em>(bei paarweiser Anwendung am besten mit der Platte &#8222;Bukovicka&#8220;)<\/em><br \/>\n<\/strong><\/p>\n<p><strong>&#8211; neueste Version mit 8-Elementen (8 enthaltenen Energiespeicher-Chips)<\/strong><\/p>\n<p><em>Die Platte tr\u00e4gt die russische Aufschrift: \u00ab\u0421\u0412\u042f\u0429\u0415\u041d\u041d\u0410\u042f \u041b\u042e\u0411\u041e\u0412\u042c\u00bb bzw. auf dem erg\u00e4nzenden Deckblatt: SACRED LOVE, AMOUR SACRE, G\u00d6TTLICHE LIEBE<\/em><\/p>\n<p>Die Platte ist f\u00fcr alle Menschen unabh\u00e4ngig von ihrer Religion passend, denn die wahre Religion ist die Liebe! Und genau die heilenden Energien der g\u00f6ttlichen Liebe werden von der Platte vermittelt und bewirken eine kraftvolle St\u00e4rkung und Erweiterung des Biofeldes &#8211; meist beginnend mit dem Herz-Chakra des Anwenders. Die Platte vermittelt so die Energien von Liebe, F\u00fcrsorge, Gro\u00dfz\u00fcgigkeit und Toleranz.<\/p>\n<p><em>Die Aussagen beziehen sich auf alternative Testmethoden wie Meridianenergie-Messungen der Organfunktionskreisl\u00e4ufe nach TCM, Kirlian-Fotografie (EPG\/GDV-Kamera), Oberon, Amsat o.\u00e4. durch den Hersteller &#8222;Planet der Regionen&#8220; und stellen keine medizinische oder auf den physischen K\u00f6rper und dessen Organe bezogenen Aussage im Sinne der westlichen Schulmedizin dar.<\/em><\/p>\n<p><strong>Die Platte ist in diesem Sinne vor allem geeignet f\u00fcr:<\/strong><\/p>\n<ul>\n<li>vermittelt die Energie der bedingungslosen g\u00f6ttlichen Liebe und die M\u00f6glichkeit, ihre ganze Kraft und St\u00e4rke anzunehmen, zu f\u00fchlen und von ihr gen\u00e4hrt zu werden, um so dauerhaft auf dem hohen Energieniveau der bedingungslosen Liebe leben zu k\u00f6nnen,<\/li>\n<li>zielt darauf ab, die moralischen und spirituellen Qualit\u00e4ten im Charakter des Benutzers zu st\u00e4rken wie Ehrlichkeit, Aufrichtigkeit, F\u00fcrsorge, N\u00e4chstenliebe, Gro\u00dfz\u00fcgigkeit, Barmherzigkeit, Ausdauer, Uneigenn\u00fctzigkeit, Humanismus, Gewissenhaftigkeit, Entschlossenheit, Verantwortung, Respekt vor \u00c4lteren,<\/li>\n<li>\u00f6ffnet einen kraftvollen Energiefluss, aktiviert eine direkte Quelle der Kraft und Kreativit\u00e4t durch die St\u00e4rkung der Verbindung des Benutzers mit der Sch\u00f6pfungsebene,<\/li>\n<li>durch die Aktivierung seelischer Qualit\u00e4ten von Toleranz, Akzeptanz und Vergebung im Benutzer k\u00f6nnen Fehler, gesprochene Worte, schuldhafte Handlungen und Unterlassungen gegen\u00fcber sich selbst und anderen aufrichtig vergeben werden, Schuld wird in wahre Vergebung umgewandelt und eine Manifestation psychosomatischer Erkrankungen wird so vermieden,<\/li>\n<li>st\u00e4rkt den Willen und reinigt die Seele und das Herz, f\u00f6rdert die Spiritualit\u00e4t und f\u00fchrt den Benutzer zur wahren g\u00f6ttlichen Ordnung, zur Einheit mit Gott und zur Einsicht in die Einheit aller Religionen auf der Ebene des spirituellen Herzens,<\/li>\n<li>hilft dem Benutzer, seinen pers\u00f6nlichen Lebensweg zu finden und zu gehen, hilft den Sinn seines Lebens zu verstehen und seine Handlungen und Gedanken an Wahrheit und Aufrichtigkeit auszurichten,<\/li>\n<li>hilft dabei, sich von negativen Programme und Einstellungen der Gesellschaft zu l\u00f6sen und von Illusionen, L\u00fcgen, moralischen Perversionen und Verzerrungen der Realit\u00e4t zu befreien,<\/li>\n<li>erm\u00f6glicht es, sich an die wandelnden biologischen Rhythmen der Erde und des Raumes anzupassen, beseitigt negative chaotische Energien und bringt Freude und Licht,<\/li>\n<li>lehrt seine Emotionen, Gef\u00fchle, Gedanken und Bed\u00fcrfnisse zu erkennen und zu kontrollieren, um ein selbstbestimmtes bewusstes Leben f\u00fchren zu k\u00f6nnen,<\/li>\n<li>erh\u00f6ht das Energieniveau des Anwenders, st\u00e4rkt die spirituellen Kr\u00e4fte und f\u00fchrt zum g\u00f6ttlichen Licht, zum Tempel seiner Seele und zum spirituellen Erwachen,<\/li>\n<li>hilft die Beziehungen in Familie und Gesellschaft zu verbessern und sich zu vers\u00f6hnen,<\/li>\n<li>harmonisiert die m\u00e4nnlichen und weiblichen Energien im Anwender und vereinigt zu in einem einzigen lebendigen Strom: erf\u00fcllt mit dem Gef\u00fchl und der W\u00e4rme v\u00e4terlicher F\u00fcrsorge &#8211; streng, aber ohne Unterdr\u00fcckung und Aggression (m\u00e4nnliche Energie) -, und mit der m\u00fctterlichen, urspr\u00fcnglichen Reinheit, Unschuld, Leichtigkeit und Z\u00e4rtlichkeit (weibliche Energie),<\/li>\n<li>die Platte hilft dabei, ein besseres gegenseitiges Verst\u00e4ndnis zwischen Menschen ganz unterschiedlicher Herkunft und Religionen zu finden, und ohne Feindschaft und Streitigkeiten \u00fcber das Thema Glaube und Gott gemeinsam eine h\u00f6here spirituelle Ebene zu erreichen,<\/li>\n<li>st\u00e4rkt die Verbindung mit den Ahnen und aktiviert famili\u00e4re Beziehungen,<\/li>\n<li>erh\u00f6ht die Widerstandskraft des K\u00f6rpers gegen Krankheiten und Beschwerden,<\/li>\n<li>aktiviert Verj\u00fcngungsprozesse im K\u00f6rper des Anwenders.<\/li>\n<\/ul>\n<p>Auf der Platte sind Informationen des Energieflusses vom 02. Mai 2022 gespeichert, dem energetischen H\u00f6hepunkt des dreit\u00e4gigen &#8222;Zuckerfestes&#8220;. Das Ende des Fastenmonats Ramadan wird von Muslimen weltweit mit einem Familienfest, dem &#8222;Zuckerfest&#8220;, gefeiert, das von Familiensinn und Festessen, aber auch Bitten um Verzeihung und Gebeten gepr\u00e4gt ist.<\/p>\n<p>TIPP 1: Sie ist ein hervorragendes Werkzeug, um sich selbst zu vergeben und sich mit sich selbst zu vers\u00f6hnen. Man kann die Platte bei Energiearbeit, Meditation und in psychologischer Arbeit verwenden und kann hier auch von Therapeuten sehr gut eingesetzt werden.<\/p>\n<p>TIPP 2: In Familien, in denen es h\u00e4ufig zu Konflikten kommt, sollte diese Platte aufgestellt werden, um Streitigkeiten vorzubeugen und alle sollten damit strukturiertes Wasser trinken. Das gilt auch f\u00fcr Familien mit unterschiedlichen Religionen, wo sie eine Atmosph\u00e4re der Gemeinschaft, Einheit, Akzeptanz und des Respekts schafft.<\/p>\n<p>TIPP 3: Die Platte kann auch sehr gut zum Duschen und zum Aktivieren von Badewasser und Auflagen etwa bei Wunden und Hautl\u00e4sionen verwendet werden (man kann auch ein Tuch mit strukturiertem Wasser tr\u00e4nken und 20-30 Minuten auf eine Organzone auf die Haut legen).<\/p>\n<p>TIPP 4: Die Platte &#8222;Heilige Liebe&#8220; arbeitet sehr gut mit der neuen Platte &#8222;Bukovicka&#8220; zusammen. Gemeinsam beziehen sie alle Aspekte und alle Bereiche des menschlichen Lebens ein: physisch, emotional, spirituell, intellektuell, und es stellte sich heraus, dass sie auch mit allen K\u00f6rpern des Menschen, mit K\u00f6rper, Geist und Seele arbeiten.<br \/>\nDie Platte &#8222;Heilige Liebe&#8220; arbeitet aber auch allein sehr gut oder kann mit allen anderen Platten, deren Schwerpunkte im Spirituellen liegen, kombiniert werden.<\/p>\n<p>ZUR BEACHTUNG: Bei dieser Platte sollte das Wasser zum Energetisieren mindestens 15 Minuten lang darauf gestellt werden<\/p>\n<p><em><u>Ergebnis im LIFE-TEST:\u00a0<\/u>Die Kolzov-Platte &#8222;Heilige Liebe&#8220; hat ein neutrales Energiefeld mit mehr als 40 000 Bovis. Damit aktiviert sie vor allem das Herz- und das Solarplexus-Chakra auf 40 000 Bovis. Das Blase-\/Sexual-Chakra steigt auf ebenfalls sehr hohe 35 000 Bovis. Das Stirn-Chakra steigt auf 28 000 Bovis, Kronen- und Hals-Chakra auf 21 000 Bovis und das Wurzel-Chakra verdoppelt noch seine Energie auf 14 000 Bovis. Durch die Aufladung der Chakras w\u00e4chst der bioenergetische Reaktionsabstand von zirka 75 Zentimetern um den K\u00f6rper auf 1,90 Meter.<br \/>\nWerden die beiden Platten &#8222;Heilige Liebe&#8220; und &#8222;Bukovicka&#8220; zusammen angewendet steigt die Energie aller Chakras auf 40 000 Bovis, beim Blase-\/Sexual-Chakra nur etwas schw\u00e4cher. Der bioenergetische Reaktionsabstand erh\u00f6ht sich von zirka 75 Zentimetern um den K\u00f6rper auf 2,90 Meter!<\/em><\/p>\n<p><strong><em>Wichtiger Hinweis:<br \/>\nWir weisen ausdr\u00fccklich darauf hin, dass die Kolzov-Platte (russische Bezeichnung: &#8222;Korrektoren des funktionalen Zustands&#8220;) ein alternatives Energie- und Informationsprodukt ist und kein Heilmittel im Sinne der westlichen Schulmedizin. Vielmehr ist es ein rein energetisches Hilfsmittel zur ganzheitlichen Balancierung von energetischen Disharmonien und Blockaden. Informationen \u00fcber Qualit\u00e4t und Eigenschaften des Energieobjekts beziehen sich auf Aussagen des russischen Herstellers und alternativen Theorien zu Mensch und Umwelt, auf alternative Anschauungen und esoterische \u00dcberlieferungen oder Aussagen. Sie gelten nur im Sinne der esoterischen Lebensphilosophie und daran angelehnte Alternativheilkunde. Wirkungen im Sinne westlicher Wissenschaft oder Medizin werden hier nicht behauptet.<\/em><\/strong><\/p>","protected":false},"excerpt":{"rendered":"<p data-path-to-node=\"2\">ist ein kraftvolles Werkzeug zur St\u00e4rkung der Herzenergie und zur Ausdehnung des Biofeldes. Sie vermittelt die Frequenz bedingungsloser Liebe und unterst\u00fctzt den Anwender dabei, tiefe Vergebung gegen\u00fcber sich selbst und anderen zu praktizieren. Sie ist ideal, um famili\u00e4re Konflikte zu befrieden, Br\u00fccken zwischen verschiedenen Religionen zu bauen und das spirituelle Erwachen zu f\u00f6rdern. Zudem hilft sie, gesellschaftliche Negativ-Programme abzustreifen und harmonisiert die m\u00e4nnlichen und weiblichen Ur-Energien.<\/p>\n<p data-path-to-node=\"3\">","protected":false},"featured_media":2363,"comment_status":"open","ping_status":"closed","template":"","meta":[],"product_brand":[],"product_cat":[33],"product_tag":[131],"class_list":{"0":"post-2220","1":"product","2":"type-product","3":"status-publish","4":"has-post-thumbnail","6":"product_cat-elite-series","7":"product_tag-131","9":"first","10":"instock","11":"taxable","12":"shipping-taxable","13":"purchasable","14":"product-type-simple"},"_links":{"self":[{"href":"https:\/\/vigo-rio.com\/en\/wp-json\/wp\/v2\/product\/2220","targetHints":{"allow":["GET"]}}],"collection":[{"href":"https:\/\/vigo-rio.com\/en\/wp-json\/wp\/v2\/product"}],"about":[{"href":"https:\/\/vigo-rio.com\/en\/wp-json\/wp\/v2\/types\/product"}],"replies":[{"embeddable":true,"href":"https:\/\/vigo-rio.com\/en\/wp-json\/wp\/v2\/comments?post=2220"}],"wp:featuredmedia":[{"embeddable":true,"href":"https:\/\/vigo-rio.com\/en\/wp-json\/wp\/v2\/media\/2363"}],"wp:attachment":[{"href":"https:\/\/vigo-rio.com\/en\/wp-json\/wp\/v2\/media?parent=2220"}],"wp:term":[{"taxonomy":"product_brand","embeddable":true,"href":"https:\/\/vigo-rio.com\/en\/wp-json\/wp\/v2\/product_brand?post=2220"},{"taxonomy":"product_cat","embeddable":true,"href":"https:\/\/vigo-rio.com\/en\/wp-json\/wp\/v2\/product_cat?post=2220"},{"taxonomy":"product_tag","embeddable":true,"href":"https:\/\/vigo-rio.com\/en\/wp-json\/wp\/v2\/product_tag?post=2220"}],"curies":[{"name":"wp","href":"https:\/\/api.w.org\/{rel}","templated":true}]}}