{"id":222,"date":"2026-01-14T12:40:42","date_gmt":"2026-01-14T12:40:42","guid":{"rendered":"https:\/\/vigo-rio.com\/?post_type=product&#038;p=222"},"modified":"2026-04-18T07:27:49","modified_gmt":"2026-04-18T07:27:49","slug":"fc-12-healthy-sleep","status":"publish","type":"product","link":"https:\/\/vigo-rio.com\/en\/product\/fc-12-healthy-sleep\/","title":{"rendered":"FC Gesunder Schlaf\/ Healthy Sleep"},"content":{"rendered":"<p><strong>Kolzov-Platte &#8222;Nr.12\u00a0&#8211; Gesunder Schlaf&#8220;<\/strong><\/p>\n<p><strong>&#8211; neueste Version mit 8-Elementen (8 enthaltenen Energiespeicher-Chips)<\/strong><\/p>\n<p><em>Die Aussagen beziehen sich auf alternative Testmethoden wie Meridianenergie-Messungen der Organfunktionskreisl\u00e4ufe nach TCM, Kirlian-Fotografie (EPG\/GDV-Kamera), Oberon, Amsat o.\u00e4. durch den Hersteller &#8222;Planet der Regionen&#8220; und stellen keine medizinische oder auf den physischen K\u00f6rper und dessen Organe bezogenen Aussage im Sinne der westlichen Schulmedizin dar.<br \/>\n<\/em><\/p>\n<p><strong>Die Platte ist in diesem Sinne vor allem geeignet f\u00fcr:<\/strong><\/p>\n<p>Platte Nr.12 \u201eGesunder Schlaf\u201c ist auf die Reinigung aller Auren w\u00e4hrend des Schlafs gerichtet. Sie harmonisiert und st\u00e4rkt die Produktion von Melatonin, reguliert die Biorhythmen und unterst\u00fctzt den Empfang von Informationen aus der Astralwelt. Die Platte enth\u00e4lt zehn speziellen Kan\u00e4le, die f\u00fcr die Regulation des gesamten Organismus w\u00e4hrend des Schlafes verantwortlich sind \u2013 und insbesondere stellt sie sehr schnell wieder ein gesundes Schlafverhalten her, so dass der K\u00f6rper \u00fcberhaupt die M\u00f6glichkeit erh\u00e4lt sich im Schlaf zu regenerieren. Hinzugef\u00fcgt wurde auch die Schwingungen unterst\u00fctzender Pflanzen wie Melisse, Baldrian, Pfefferminze und Majoran und des Edelsteins T\u00fcrkis.<\/p>\n<p>TIPP: Die Platte Nr.12 passt beispielsweise auch sehr gut als gemeinsame Anwendung mit den blauen Platten Nr.8 und\/oder der gr\u00fcnen Themen-Platte &#8222;Heilung 2&#8220; und\/oder den goldenen Nr.20 und 22.<\/p>\n<p>ZUR BEACHTUNG: Die Aktivierungszeit von Wasser auf der Platte betr\u00e4gt mindestens 15 Sekunden.<\/p>\n<p><em><u>Ergebnis im LIFE-TEST:<\/u>\u00a0Die Kolzov-Platte &#8222;Nr.12 &#8211; Gesunder Schlaf&#8220; hat ein neutrales Energiefeld mit 40 000 Bovis. Damit aktiviert sie die beiden oberen Chakras, das Kronen- und das Stirn-Chakra, auf 40 000 Boivis. Herz-, Solarplexus- und Blase-\/Sexual-Chakra Chakra erh\u00f6hen ihre Energie auf 28 000 Bovis. Das Hals-Chakra steigt auf 21 000 Bovis und das Wurzel-Chakra bleibt in seiner Energie auf 7000 Bovis. Durch die Aufladung der Chakras w\u00e4chst der bioenergetische Reaktionsabstand von zirka 75 Zentimetern um den K\u00f6rper auf 1,70 Meter.<br \/>\n<\/em><\/p>\n<p><em><strong>Wichtiger Hinweis:<br \/>\nWir weisen ausdr\u00fccklich darauf hin, dass die Kolzov-Platte (russische Bezeichnung: &#8222;Korrektoren des funktionalen Zustands&#8220;) ein alternatives Energie- und Informationsprodukt ist und kein Heilmittel im Sinne der westlichen Schulmedizin. Vielmehr ist es ein rein energetisches Hilfsmittel zur ganzheitlichen Balancierung von energetischen Disharmonien und Blockaden. Informationen \u00fcber Qualit\u00e4t und Eigenschaften des Energieobjekts beziehen sich auf Aussagen des russischen Herstellers und alternativen Theorien zu Mensch und Umwelt, auf alternative Anschauungen und esoterische \u00dcberlieferungen oder Aussagen. Sie gelten nur im Sinne der esoterischen Lebensphilosophie und daran angelehnte Alternativheilkunde. Wirkungen im Sinne westlicher Wissenschaft oder Medizin werden hier nicht behauptet.<\/strong><\/em><\/p>","protected":false},"excerpt":{"rendered":"<p>Hilft dabei, einen gesunden und erholsamen Schlaf wiederherzustellen.<\/p>","protected":false},"featured_media":1691,"comment_status":"open","ping_status":"closed","template":"","meta":[],"product_brand":[],"product_cat":[28],"product_tag":[],"class_list":{"0":"post-222","1":"product","2":"type-product","3":"status-publish","4":"has-post-thumbnail","6":"product_cat-purple-series","8":"first","9":"instock","10":"sale","11":"taxable","12":"shipping-taxable","13":"purchasable","14":"product-type-variable"},"_links":{"self":[{"href":"https:\/\/vigo-rio.com\/en\/wp-json\/wp\/v2\/product\/222","targetHints":{"allow":["GET"]}}],"collection":[{"href":"https:\/\/vigo-rio.com\/en\/wp-json\/wp\/v2\/product"}],"about":[{"href":"https:\/\/vigo-rio.com\/en\/wp-json\/wp\/v2\/types\/product"}],"replies":[{"embeddable":true,"href":"https:\/\/vigo-rio.com\/en\/wp-json\/wp\/v2\/comments?post=222"}],"wp:featuredmedia":[{"embeddable":true,"href":"https:\/\/vigo-rio.com\/en\/wp-json\/wp\/v2\/media\/1691"}],"wp:attachment":[{"href":"https:\/\/vigo-rio.com\/en\/wp-json\/wp\/v2\/media?parent=222"}],"wp:term":[{"taxonomy":"product_brand","embeddable":true,"href":"https:\/\/vigo-rio.com\/en\/wp-json\/wp\/v2\/product_brand?post=222"},{"taxonomy":"product_cat","embeddable":true,"href":"https:\/\/vigo-rio.com\/en\/wp-json\/wp\/v2\/product_cat?post=222"},{"taxonomy":"product_tag","embeddable":true,"href":"https:\/\/vigo-rio.com\/en\/wp-json\/wp\/v2\/product_tag?post=222"}],"curies":[{"name":"wp","href":"https:\/\/api.w.org\/{rel}","templated":true}]}}