{"id":2217,"date":"2026-01-20T12:39:44","date_gmt":"2026-01-20T12:39:44","guid":{"rendered":"https:\/\/vigo-rio.com\/?post_type=product&#038;p=2217"},"modified":"2026-02-04T19:46:28","modified_gmt":"2026-02-04T19:46:28","slug":"fc-56-lake-seydozero-arctida","status":"publish","type":"product","link":"https:\/\/vigo-rio.com\/en\/product\/fc-56-lake-seydozero-arctida\/","title":{"rendered":"FC Seidosero Arctida \/ Lake Seydozero Arctida"},"content":{"rendered":"<p><strong>Kolzov-Platte: &#8222;Seidosero. Arctida&#8220;\u00a0&#8211; (entlarvt Negatives, f\u00f6rdert sensitive Wahrnehmung, wirkt &#8222;erdend&#8220;, f\u00fcr mehr Energie, tiefe Heilung und L\u00f6sen von Blockaden)<br \/>\n<\/strong><\/p>\n<p><strong><em>(bei paarweiser Anwendung am besten mit der Platte &#8222;Umwandlung&#8220;)<\/em><br \/>\n<\/strong><\/p>\n<p><strong>&#8211; neueste Version mit 8-Elementen (8 enthaltenen Energiespeicher-Chips)<\/strong><\/p>\n<p><em>Die Platte tr\u00e4gt die russische Aufschrift: \u0421\u0415\u0419\u0414\u041e\u0417\u0415\u0420\u041e. \u0410\u0420\u041a\u0422\u0418\u0414\u0410 bzw. auf dem erg\u00e4nzenden Deckblatt: LAKE SEYDOZERO.ARCTIDA, LAC SEIDOZEROA.ARCTIDA, SEIDOSERO-SEE.ARKTIDA<\/em><\/p>\n<p>Diese Platte startet ein kraftvolles Programm zur Wiederherstellung der Gesundheit, bringt viel Energie und sollte daher in keiner energetischen &#8222;Hausapotheke&#8220; fehlen. Sie hilft dabei, Gefahren intuitiv zu sp\u00fcren, deckt Intrigen und L\u00fcgen auf. Sie kann auch zur Aktivierung ruhender Strukturen im Gehirn verwendet werden und f\u00f6rdert sensitive F\u00e4higkeit wie Hellsehen und Hellf\u00fchlen.<\/p>\n<p><em>Die Aussagen beziehen sich auf alternative Testmethoden wie Meridianenergie-Messungen der Organfunktionskreisl\u00e4ufe nach TCM, Kirlian-Fotografie (EPG\/GDV-Kamera), Oberon, Amsat o.\u00e4. durch den Hersteller &#8222;Planet der Regionen&#8220; und stellen keine medizinische oder auf den physischen K\u00f6rper und dessen Organe bezogenen Aussage im Sinne der westlichen Schulmedizin dar.<\/em><\/p>\n<p><strong>Die Platte ist in diesem Sinne vor allem geeignet f\u00fcr:<\/strong><\/p>\n<ul>\n<li>wirkt &#8222;erdend&#8220; und verbindet zugleich mit dem Kosmos und erzeugt einen reinigende Energiewirbel durch den Organismus, der bestehende Blockaden nach und nach aufl\u00f6st,<\/li>\n<li>vermittelte eine kraftvolle energetische Unterst\u00fctzung &#8211; hilfreich daher auch bei Ersch\u00f6pfung, Krankheit, langen Reisen, Wettk\u00e4mpfen oder Stress,<\/li>\n<li>aktiviert energetisch alle Organe und Funktionssysteme f\u00fcr einen ganzheitlichen Genesungsprozess,<\/li>\n<li>unterst\u00fctzt energetisch Muskeln, Sehnen und Faszien und lindert dortige Entz\u00fcndungen und Schmerzen &#8211; sowohl nach dem Sport als auch bei Krankheiten und unterst\u00fctzt so die Funktionen des Bewegungsapparates,<\/li>\n<li>die Platte &#8222;durchleuchtet&#8220; wie mit einem starken Scheinwerfer, um die tieferen Ursachen k\u00f6rperlicher Probleme ans Licht zu bringen und den Weg echter Heilung zu finden,<\/li>\n<li>durch seine hohe Energie verlangsamt die Energie der Platte die Vermehrung von Viren im K\u00f6rper und schafft energetische Voraussetzungen f\u00fcr ihre Deaktivierung,<\/li>\n<li>die Platte hilft, ruhende Strukturen im Gehirn zu aktivieren, insbesondere in der rechten Hemisph\u00e4re (Intuition, Kommunikation mit h\u00f6heren Ebenen),<\/li>\n<li>aktiviert und verst\u00e4rkt die F\u00e4higkeit zum Hellsehen und Hellf\u00fchlen und hilft dabei, diese in den Alltag zu integrieren,<\/li>\n<li>hilft dabei, Gefahren intuitiv zu sp\u00fcren, deckt Intrigen und L\u00fcgen auf, offenbart ein negatives Energiefeld von Personen im sozialen Umfeld,<\/li>\n<li>je nach Grad der spirituellen Entwicklung des Anwenders wird es m\u00f6glich, zuk\u00fcnftige Entwicklungen zu ersp\u00fcren oder bildhafte Einblicke in sein eigenes Leben zu erhalten, und altes, verlorenes und geheimes Wissen wird zug\u00e4nglich,<\/li>\n<li>f\u00f6rdert insgesamt die Entwicklung, Steigerung und Erweiterung des spirituellen und energetischen Potentials des Anwenders und hilft, seinen eigenen Lebensweg zu gehen,<\/li>\n<li>aktiviert und harmonisiert die polaren Energie auf der Yin- und Yang-Ebene (Balance der &#8222;weiblichen&#8220; und &#8222;m\u00e4nnlichen&#8220; Energiebene),<\/li>\n<li>l\u00f6scht negative Fremd-Programme und verleiht wieder das optimistische Gef\u00fchl der Jugend &#8222;Ich bin jung, ich kann alles&#8220;.<\/li>\n<\/ul>\n<p>Auf der Kolzov-Platte &#8222;&#8220;Seidosero. Arctida&#8220; sind die Informationen des Wassers des heiligen &#8222;Seidi-Sees&#8220; im Westen der Kola-Halbinsel im Gebiet Murmansk in Russlands hohem Norden gespeichert. Dieser See liegt im staatlichen Naturschutzgebiet Seidjawr und wird vom Gebirgszug der Lowosero-Tundra umschlossen.<br \/>\n&#8222;Seid&#8220; bedeutet auf samisch &#8222;heilig&#8220; und seid vielen Jahrhunderten gilt der See den Samen als spiritueller Kraftort. Anfang des 20. und 21. Jahrhunderts wurden Expeditionen hierhin durchgef\u00fchrt, um diesen besonderen Ort und die dortigen seltsamen Artefakte zu untersuchen. Manche sehen in diesem Gebiet eine Verbindung zum sagenumwobenen Hyperborea. Heute kommen jedes Jahr tausende Touristen, um diesen Kraftort zu erleben und die Artefakte zu sehen &#8211; insbesondere das ber\u00fchmte Bild von Kuyva am Ufer des Sees.<br \/>\nArctida meint das n\u00f6rdliche Polarland, ein von antiken griechischen Geographen weit im Norden lokalisiertes paradiesisches Land. Seine Bewohner, die Hyperbor\u00e4er, sollen sich durch &#8222;sittliche Reinheit und Fr\u00f6mmigkeit&#8220; ausgezeichnet haben und von Gott Apollon mit einem langen Leben von 1000 Jahren belohnt worden sein &#8211; also so wie das Lebensalter von Noah laut der Bibel. Auch in den Ursprungstexten der altindischen Veden, den arischen Bardenges\u00e4ngen, wird von einer arktischen Heimat berichtet, in der die heute Indogermanen genannten St\u00e4mme vor der letzten Eiszeit ihren Ursprung gehabt haben sollen.<\/p>\n<p>TIPP 1: Wer noch nicht l\u00e4ngere Zeit mit Kolzov-Platten gearbeitet hat, sollte diese Platte zun\u00e4chst nur k\u00fcrzere Zeit t\u00e4glich anwenden, um sich an die sehr starken Energien zu gew\u00f6hnen.<\/p>\n<p>TIPP 2: Die Platte eignet sich sehr gut zum &#8222;Durchstr\u00f6men&#8220; und l\u00f6sen von Blockaden, aber auch zur Aktivierung der sensitiven medialen F\u00e4higkeiten: dazu die Platte auf eine Schmerzstelle, auf das Stirn-Chakra, auf den Handr\u00fccken oder eine beliebige konkave Stelle des K\u00f6rpers legen und sich der inneren Wahrnehmung \u00f6ffnen.<\/p>\n<p>TIPP 3: Wenn Sie nach Auswegen aus schwierigen Situationen suchen, nehmen Sie die Platte in beide H\u00e4nde und bitten die H\u00f6heren M\u00e4chte um Hilfe, indem Sie aussprechen &#8222;L\u00f6se den Nebel um mich herum auf&#8220;. Anschlie\u00dfend legen Sie die Platte unter Ihr Kopfkissen.<\/p>\n<p>TIPP 4: In schamanischer Arbeit ausgebildete Anwender oder anderweitig endsprechend trainierte Personen k\u00f6nnen die Platte nutzen, um zwei Portalsysteme in andere Dimensionen \u00f6ffnen und eine tiefere Verbindung mit dem Zentrum der Erde und mit dem Kosmos aufzubauen.<\/p>\n<p>TIPP 5: Die Platte kann sehr gut f\u00fcr B\u00e4der und zur Energetisierung von Cremes und Salben verwendet werden. So hilft sie, das gesunde energetische Zellniveau von Haut und Bewegungsapparat wieder herzustellen.<\/p>\n<p>TIPP 6: Die Platte eignet sich auch sehr gut zur generellen Wasseraktivierung, da sie ein sehr &#8222;lebendiges&#8220; Wasser mit hoher Energie erzeugt.<\/p>\n<p>ZUR BEACHTUNG: Bei dieser Platte sollte das Wasser zum Energetisieren mindestens 18 Minuten lang darauf gestellt werden<\/p>\n<p><em><u>Ergebnis im LIFE-TEST:\u00a0<\/u>Die Kolzov-Platte &#8222;Seidosero.Arctida&#8220; hat ein neutrales Energiefeld mit mehr als 40 000 Bovis. Damit aktiviert sie gleich 4 der 7 Chakras auf \u00fcber 40 000 Bovis: die oberen 3 Chakras, das Kronen-, Stirn-, und Hals-Chakra, steigen in ihrer Energie auf \u00fcber 40 000 Bovis und ebenso das Solarplexus-Chakra. Das Herz-Chakra steigt in der Enerige auf 28 000 Bovis, . Das Blase-\/Sexual-Chakra verdreifacht seine Energie auf 21 000 Bovis und das Wurzel-Chakra verdoppelt seine Energie auf 14 000 Bovis. Durch die Aufladung der Chakras w\u00e4chst der bioenergetische Reaktionsabstand von zirka 75 Zentimetern um den K\u00f6rper auf 1,60 Meter.<\/em><\/p>\n<p><em><\/p>\n<p><\/em><\/p>\n<p><em><strong>Wichtiger Hinweis:<br \/>\nWir weisen ausdr\u00fccklich darauf hin, dass die Kolzov-Platte (russische Bezeichnung: &#8222;Korrektoren des funktionalen Zustands&#8220;) ein alternatives Energie- und Informationsprodukt ist und kein Heilmittel im Sinne der westlichen Schulmedizin. Vielmehr ist es ein rein energetisches Hilfsmittel zur ganzheitlichen Balancierung von energetischen Disharmonien und Blockaden. Informationen \u00fcber Qualit\u00e4t und Eigenschaften des Energieobjekts beziehen sich auf Aussagen des russischen Herstellers und alternativen Theorien zu Mensch und Umwelt, auf alternative Anschauungen und esoterische \u00dcberlieferungen oder Aussagen. Sie gelten nur im Sinne der esoterischen Lebensphilosophie und daran angelehnte Alternativheilkunde. Wirkungen im Sinne westlicher Wissenschaft oder Medizin werden hier nicht behauptet.<\/strong><\/em><\/p>","protected":false},"excerpt":{"rendered":"<p>ist ein \u201ePower-Paket\u201c f\u00fcr die energetische Hausapotheke. Sie wirkt stark erdend und verbindet dich gleichzeitig mit dem Kosmos. Die Platte ist ideal, um tiefere Ursachen von Problemen zu finden, L\u00fcgen im Umfeld zu entlarven und sensitive F\u00e4higkeiten wie Hellsehen zu st\u00e4rken. Sie bringt massive Energie bei Ersch\u00f6pfung und unterst\u00fctzt den K\u00f6rper dabei, Blockaden und Viren energetisch zu bek\u00e4mpfen.<\/p>","protected":false},"featured_media":2412,"comment_status":"open","ping_status":"closed","template":"","meta":[],"product_brand":[],"product_cat":[33],"product_tag":[128],"class_list":{"0":"post-2217","1":"product","2":"type-product","3":"status-publish","4":"has-post-thumbnail","6":"product_cat-elite-series","7":"product_tag-128","9":"first","10":"instock","11":"taxable","12":"shipping-taxable","13":"purchasable","14":"product-type-simple"},"_links":{"self":[{"href":"https:\/\/vigo-rio.com\/en\/wp-json\/wp\/v2\/product\/2217","targetHints":{"allow":["GET"]}}],"collection":[{"href":"https:\/\/vigo-rio.com\/en\/wp-json\/wp\/v2\/product"}],"about":[{"href":"https:\/\/vigo-rio.com\/en\/wp-json\/wp\/v2\/types\/product"}],"replies":[{"embeddable":true,"href":"https:\/\/vigo-rio.com\/en\/wp-json\/wp\/v2\/comments?post=2217"}],"wp:featuredmedia":[{"embeddable":true,"href":"https:\/\/vigo-rio.com\/en\/wp-json\/wp\/v2\/media\/2412"}],"wp:attachment":[{"href":"https:\/\/vigo-rio.com\/en\/wp-json\/wp\/v2\/media?parent=2217"}],"wp:term":[{"taxonomy":"product_brand","embeddable":true,"href":"https:\/\/vigo-rio.com\/en\/wp-json\/wp\/v2\/product_brand?post=2217"},{"taxonomy":"product_cat","embeddable":true,"href":"https:\/\/vigo-rio.com\/en\/wp-json\/wp\/v2\/product_cat?post=2217"},{"taxonomy":"product_tag","embeddable":true,"href":"https:\/\/vigo-rio.com\/en\/wp-json\/wp\/v2\/product_tag?post=2217"}],"curies":[{"name":"wp","href":"https:\/\/api.w.org\/{rel}","templated":true}]}}