{"id":2216,"date":"2026-01-20T12:36:27","date_gmt":"2026-01-20T12:36:27","guid":{"rendered":"https:\/\/vigo-rio.com\/?post_type=product&#038;p=2216"},"modified":"2026-02-04T19:46:56","modified_gmt":"2026-02-04T19:46:56","slug":"fc-50-holy-lake","status":"publish","type":"product","link":"https:\/\/vigo-rio.com\/en\/product\/fc-50-holy-lake\/","title":{"rendered":"FC Heiliger See \/ Holy Lake"},"content":{"rendered":"<p><strong>Kolzov-Platte: &#8222;Heiliger See&#8220;\u00a0&#8211; (f\u00fcr ein Leben in Freude, schafft eine Insel des Gl\u00fccks, verbindet mit h\u00f6heren Energien der neuen Zeit)<br \/>\n<\/strong><\/p>\n<p><strong><em>(bei paarweiser Anwendung am besten mit der Platte &#8222;F\u00fcnfte Dimension&#8220;)<\/em><br \/>\n<\/strong><\/p>\n<p><strong>&#8211; neueste Version mit 8-Elementen (8 enthaltenen Energiespeicher-Chips)<br \/>\n<\/strong><\/p>\n<p><em>Die Platte tr\u00e4gt die russische Aufschrift: \u00ab \u041e\u0417\u0415\u0420\u041e \u0421\u0412\u042f\u0422\u041e\u0415\u00bb bzw. auf dem erg\u00e4nzenden Deckblatt: HOLY LAKE, LAC SAINT, HEILIGER SEE<\/em><\/p>\n<p>Die Platte hilft Kindern und Erwachsenen, sich an die neuen Energien der Zeit anzupassen. Hemmende negative Programme und Emotionen werden &#8222;verbrannt&#8220; und aufgel\u00f6st und eine Insel des Gl\u00fccks entsteht.<\/p>\n<p><em>Die Aussagen beziehen sich auf alternative Testmethoden wie Meridianenergie-Messungen der Organfunktionskreisl\u00e4ufe nach TCM, Kirlian-Fotografie (EPG\/GDV-Kamera), Oberon, Amsat o.\u00e4. durch den Hersteller &#8222;Planet der Regionen&#8220; und stellen keine medizinische oder auf den physischen K\u00f6rper und dessen Organe bezogenen Aussage im Sinne der westlichen Schulmedizin dar.<\/em><\/p>\n<p><strong>Die Platte ist in diesem Sinne vor allem geeignet f\u00fcr:<\/strong><\/p>\n<ul>\n<li>verbessert die geistige und moralische Einstellung des Anwenders, was eine notwendige Voraussetzung f\u00fcr das Leben in den h\u00f6heren Energien der neuen Zeit ist,<\/li>\n<li>verbindet mit der h\u00f6heren Ordnung der neuen Zeit und vermittelt heilende, kraft- und lichtvolle Energien, welche die Seele, Emotionen und Gedanken durchlichten und erleuchten,<\/li>\n<li>hilft dem Benutzer, sein eigenes Umfeld voll Freude, Gl\u00fcck und Inspiration zu erschaffen, die positiven Energien im Lebens zu sehen und sich davon &#8222;zu n\u00e4hren&#8220; und diesen positiven Zustand in die Gesellschaft auszustrahlen, sodass sich das soziale Umfeld immer mehr positiv ver\u00e4ndert und transformiert wird,<\/li>\n<li>stimuliert eine kraftvolle Erweiterung der Energie des Benutzers und zieht so neue M\u00f6glichkeiten in sein Leben an und erweitert den bisherigen Horizont im Leben,<\/li>\n<li>st\u00e4rkt die Verbindung der Ahnenlinie und vermittelt die positiven Energien der Familie und Vorfahren, gibt dem Benutzer Kraft, Unterst\u00fctzung, Schutz, Hilfe vom jahrhundertealten Stammessystem,<\/li>\n<li>kann den Benutzer energetisch \u201everstecken\u201c, einen bedingt unsichtbaren Raum schaffen und eine &#8222;Insel des Gl\u00fccks&#8220; erschaffen, um die M\u00f6glichkeit zu geben, mit sich selbst und mit der Natur allein zu sein und sich in Meditation und zur Linderung von M\u00fcdigkeit zu regenerieren, um Geist und Emotionen zu zentrieren und Negativit\u00e4t wegzuatmen und zu transformieren,<\/li>\n<li>regeneriert den emotionalen Zustand des Benutzers, indem sie negative Programme von niedriger Schwingung &#8222;verbrennt&#8220; und das emotionale Leiden vergangener und gegenw\u00e4rtiger Erinnerung l\u00f6scht &#8211; die Platte hilft so, sich von den energetischen Spuren der Trag\u00f6dien im Leben zu befreien und sich in Zukunft von sch\u00e4dlichen Emotionen fernzuhalten,<\/li>\n<li>hilft dabei, Blockaden im Herz-Chakra zu l\u00f6sen (solche, die sich im Zusammenhang mit dem Anwender selbst gebildet haben oder die indirekt auf einen wirken, da sie sich vom Partner oder von Bekannten auf einen richten) und sich wieder mit der eigenen inneren Kraft zu verbinden,<\/li>\n<li>st\u00e4rkt das Immunsystem des Anwenders und verbessert das Allgemeinbefinden,<\/li>\n<li>hemmt die Entwicklung von Entz\u00fcndungsprozessen im K\u00f6rper, verbessert den Zellstoffwechsel und die Durchblutung in Gef\u00e4\u00dfen, Organen und Geweben<\/li>\n<li>hilft, die Funktion des Knochens, des Herz-Kreislauf-Systems, der gyn\u00e4kologischen und urologischen Organe zu verbessern,<\/li>\n<li>hat eine positive Wirkung bei Atemwegs- und Erk\u00e4ltungskrankheiten (bei Tracheitis, Laryngitis, SARS, akuten Atemwegsinfektionen),<\/li>\n<li>hilft bei Hauterkrankungen (Furunkulose, Dermatitis, Ekzeme) den Zustand des Benutzers zu verbessern,<\/li>\n<li>bringt allgemein den k\u00f6rperlichen Zustand des Benutzers auf ein besseres Gesundheitsniveau.<\/li>\n<\/ul>\n<p>Auf der Kolzov-Platte &#8222;Heiliger See&#8220; sind die Informationen des Wassers des Svyatoe-Sees(in der N\u00e4he des Dorfes Apano-Klyuchi, bei Abansky in der Region Krasnojarsk gespeichert. Der runde See hat keinen Abfluss und entstand erst vor zirka 2500 Jahren aus einem Meteoritenkrater. Die Farbe des Sees ist azurblau und das Wasser enth\u00e4lt ungew\u00f6hnlich viele Silberionen. Alte Legenden besagen, dass an dieser Stelle ein Manu-Manu-Tempel stand, der von dem ber\u00fchmten indischen Heiligen San Baba geleitet wurde. Eines Tages griffen b\u00f6se D\u00e4monen den Tempel an, umzingelten ihn und wollten ihn erobern. Die Belagerten im Tempel schlossen die Fenster und T\u00fcren und begannen zu beten, worauf der Tempel unter der Erde verschwand und sich an seiner Stelle ein See bildete. Bis in die j\u00fcngste Vergangenheit wurden Prozessionen mit der Ikone der M\u00e4rtyrerin Paraskeva zum See durchgef\u00fchrt und im Seewasser Taufen vorgenommen. Das an diesen Tagen gesch\u00f6pfte Wasser verschlechterte sich ein ganzes Jahr lang nicht.<\/p>\n<p>TIPP 1: Die Platte &#8222;Heiliger See&#8220; arbeitet sehr gut mit der neuen Platte &#8222;F\u00fcnfte Dimension&#8220; zusammen, die zusammen eine Verbindung von Erde und Kosmos erschaffen.<br \/>\nDie Platte &#8222;Heiliger See&#8220; erzeugt bei der Anwendung einen ungew\u00f6hnlichen Energiefluss: Beginnend mit dem zweiten Chakra steigt die Energie an der R\u00fcckseite des K\u00f6rpers nach oben, beschreibt einen Bogen \u00fcber dem Kronen-Chakra (wie der obere Teil des Schl\u00fcssels des Lebens oder Ankh-Kreuzes) und bewegt sich dann auf der Vorderseite des K\u00f6rpers hinab zum ersten Chakra. Dieses Energiefluss umkreist den Kr\u00f6per mehrmals bis das Kronen-Chakra und das Stirn-Chakra maximal aufgeladen sind. Anschlie\u00dfend bildet sich ein kreisf\u00f6rmiges Energiefeld um den Kopf\/Oberk\u00f6rper und eines um Beine\/Unterk\u00f6rper, die sich jeweils in die entgegengesetzte Richtung drehen und eine &#8222;8&#8220; entsteht in deren Mitte sich der Benutzer befindet.<\/p>\n<p>TIPP 2: Es kann das Gef\u00fchl von innerer Hitze oder als w\u00fcrde das Blut &#8222;kochen&#8220; auftreten, wenn viele negative Programme und Emotionen &#8222;verbrannt&#8220; werden. Das sollte einen aber nicht beunruhigen und es kann aus dieser Befreiung sogar ein Gef\u00fchl von Euphorie entstehen.<\/p>\n<p>TIPP 3: Die Platte kann in Kombination mit allen zuvor erschienenen Platten und Armb\u00e4ndern verwendet werden, inbesondere mit: &#8222;Geheimer Heiliger See&#8220;, &#8222;Danilovo See&#8220; (Serie Effizient\/Exclusiv), &#8222;Umwandlung&#8220;, (Serie Elite 8-Elemente), &#8222;Geheimnis des Universums&#8220;, &#8222;Kraft der Eintracht&#8220;, &#8222;Gl\u00fcck&#8220;, &#8222;Talisman&#8220; (Serie Elite), &#8222;Barbara Quelle&#8220;, &#8222;Ph\u00f6nix&#8220;, Jiva (Serie Kollektion), Paraskeva (Winterserie 2020) und mit den Armb\u00e4ndern &#8222;Immunschild&#8220;, Vitabalance&#8220; und &#8222;Storch&#8220;.<\/p>\n<p>ZUR BEACHTUNG: Bei dieser Platte sollte das Wasser zum Energetisieren mindestens 12 Minuten lang darauf gestellt werden. Flie\u00dfendes Wasser wird sofort informiert!<\/p>\n<p><em><u>Ergebnis im LIFE-TEST:<\/u>\u00a0Die Kolzov-Platte &#8222;Heiliger See&#8220; hat ein neutrales Energiefeld mit mehr als 40 000 Bovis. Damit aktiviert sie jeweils die beiden oberen und die beiden unteren Chakra auf 40 000 Bovis: also Kronen- und Stirn-Chakra und Wurzel- und Blase-\/Sexual-Chakra steigen auf 40 000 Bovis. Herz- und Solarplexus-Chakra steigen auf 28 000 bovis und das Hals-Chakra auf 14 000 Bovis. Durch die Aufladung der Chakras w\u00e4chst der bioenergetische Reaktionsabstand von zirka 75 Zentimetern um den K\u00f6rper auf 2,20 Meter.<br \/>\nWerden die beiden Platten &#8222;Heiliger See&#8220; und &#8222;F\u00fcnfte Dimension&#8220; zusammen angewendet steigt die Energie aller Chakras auf 40 000 Bovis, beim Solarplexus-Chakra nur etwas schw\u00e4cher. Der bioenergetische Reaktionsabstand erh\u00f6ht sich von zirka 75 Zentimetern um den K\u00f6rper auf 3,30 Meter!<\/em><\/p>\n<p><em><br \/>\n<strong>Wichtiger Hinweis:<br \/>\nWir weisen ausdr\u00fccklich darauf hin, dass die Kolzov-Platte (russische Bezeichnung: &#8222;Korrektoren des funktionalen Zustands&#8220;) ein alternatives Energie- und Informationsprodukt ist und kein Heilmittel im Sinne der westlichen Schulmedizin. Vielmehr ist es ein rein energetisches Hilfsmittel zur ganzheitlichen Balancierung von energetischen Disharmonien und Blockaden. Informationen \u00fcber Qualit\u00e4t und Eigenschaften des Energieobjekts beziehen sich auf Aussagen des russischen Herstellers und alternativen Theorien zu Mensch und Umwelt, auf alternative Anschauungen und esoterische \u00dcberlieferungen oder Aussagen. Sie gelten nur im Sinne der esoterischen Lebensphilosophie und daran angelehnte Alternativheilkunde. Wirkungen im Sinne westlicher Wissenschaft oder Medizin werden hier nicht behauptet.<\/strong><\/em><\/p>","protected":false},"excerpt":{"rendered":"<p>fungiert als energetischer Schutzraum, der den Anwender \u201eunsichtbar\u201c f\u00fcr Negativit\u00e4t macht und eine pers\u00f6nliche \u201eInsel des Gl\u00fccks\u201c erschafft. Sie \u201everbrennt\u201c aktiv belastende Emotionen und Erinnerungen an vergangene Trag\u00f6dien, l\u00f6st Blockaden im Herz-Chakra und st\u00e4rkt die Anbindung an die Ahnenlinie. K\u00f6rperlich unterst\u00fctzt sie das Immunsystem, verbessert den Zellstoffwechsel und hilft bei Atemwegs- sowie Hauterkrankungen. Sie ist ideal f\u00fcr Menschen, die sich in der heutigen Zeit zentrieren und regenerieren m\u00f6chten.<\/p>","protected":false},"featured_media":2367,"comment_status":"open","ping_status":"closed","template":"","meta":[],"product_brand":[],"product_cat":[33],"product_tag":[122],"class_list":{"0":"post-2216","1":"product","2":"type-product","3":"status-publish","4":"has-post-thumbnail","6":"product_cat-elite-series","7":"product_tag-122","9":"first","10":"instock","11":"taxable","12":"shipping-taxable","13":"purchasable","14":"product-type-simple"},"_links":{"self":[{"href":"https:\/\/vigo-rio.com\/en\/wp-json\/wp\/v2\/product\/2216","targetHints":{"allow":["GET"]}}],"collection":[{"href":"https:\/\/vigo-rio.com\/en\/wp-json\/wp\/v2\/product"}],"about":[{"href":"https:\/\/vigo-rio.com\/en\/wp-json\/wp\/v2\/types\/product"}],"replies":[{"embeddable":true,"href":"https:\/\/vigo-rio.com\/en\/wp-json\/wp\/v2\/comments?post=2216"}],"wp:featuredmedia":[{"embeddable":true,"href":"https:\/\/vigo-rio.com\/en\/wp-json\/wp\/v2\/media\/2367"}],"wp:attachment":[{"href":"https:\/\/vigo-rio.com\/en\/wp-json\/wp\/v2\/media?parent=2216"}],"wp:term":[{"taxonomy":"product_brand","embeddable":true,"href":"https:\/\/vigo-rio.com\/en\/wp-json\/wp\/v2\/product_brand?post=2216"},{"taxonomy":"product_cat","embeddable":true,"href":"https:\/\/vigo-rio.com\/en\/wp-json\/wp\/v2\/product_cat?post=2216"},{"taxonomy":"product_tag","embeddable":true,"href":"https:\/\/vigo-rio.com\/en\/wp-json\/wp\/v2\/product_tag?post=2216"}],"curies":[{"name":"wp","href":"https:\/\/api.w.org\/{rel}","templated":true}]}}