{"id":2215,"date":"2026-01-20T12:35:13","date_gmt":"2026-01-20T12:35:13","guid":{"rendered":"https:\/\/vigo-rio.com\/?post_type=product&#038;p=2215"},"modified":"2026-02-23T19:10:31","modified_gmt":"2026-02-23T19:10:31","slug":"fc-48-source-of-the-cossacks","status":"publish","type":"product","link":"https:\/\/vigo-rio.com\/en\/product\/fc-48-source-of-the-cossacks\/","title":{"rendered":"FC Kosakenquelle \/ Source of the Cossacks"},"content":{"rendered":"<p><strong>Kolzov-Platte: &#8222;Kosaken-Quelle&#8220;\u00a0&#8211; (f\u00fcr umfassende Reinigung in K\u00f6rper, Geist und Seele, hilft Energien zu kontrollieren und sich selbst und den Sinn des Lebens zu finden)<\/strong><\/p>\n<p><strong><em>(bei paarweiser Anwendung am besten mit der Platte &#8222;Umwandlung&#8220;)<\/em><br \/>\n<\/strong><\/p>\n<p><strong>&#8211; neueste Version mit 8-Elementen (8 enthaltenen Energiespeicher-Chips)<\/strong><\/p>\n<p><em>Die Platte tr\u00e4gt die russische Aufschrift: \u041a\u0410\u0417\u0410\u0427\u0418\u0419 \u041a\u041b\u042e\u0427 bzw. auf dem erg\u00e4nzenden Deckblatt: SOURCE OF THE COSSACKS, SOURCE DES COSAQUES, KOSAKEN-QUELLE<\/em><\/p>\n<p>Die Platte &#8222;Kosaken-Quelle&#8220; unterst\u00fctzt die Reinigung des gesamten Organismus und kann bei allen Fasten- und Entgiftungsmethoden aber auch im Alltag zur Entgiftung eingesetzt werden. Sie verbessert die Widerstandskraft des K\u00f6rpers gegen\u00fcber Infektionen und erh\u00f6ht insgesamt das Energieniveau des K\u00f6rpers.<br \/>\nDie Platte aktiviert zun\u00e4chst das sechste Chakra, das Stirn-Chakra, und anschlie\u00dfend werden &#8211; wie in einem hellen Aufleuchten &#8211; alle anderen Chakren vom ersten bis zum achten ge\u00f6ffnet. Sie \u00f6ffnet so auch neue geistig spirituelle Ebenen und begleitet den evolution\u00e4ren Aufstieg &#8211; und hilft dabei sich selbst und den Sinn des Lebens zu erkennen.<\/p>\n<p><em>Die Aussagen beziehen sich auf alternative Testmethoden wie Meridianenergie-Messungen der Organfunktionskreisl\u00e4ufe nach TCM, Kirlian-Fotografie (EPG\/GDV-Kamera), Oberon, Amsat o.\u00e4. durch den Hersteller &#8222;Planet der Regionen&#8220; und stellen keine medizinische oder auf den physischen K\u00f6rper und dessen Organe bezogenen Aussage im Sinne der westlichen Schulmedizin dar.<\/em><\/p>\n<p><strong>Die Platte ist in diesem Sinne vor allem geeignet f\u00fcr:<\/strong><\/p>\n<ul>\n<li>hilft im Energetischen gegen Viren, Bakterien und Pilze und hemmt das Wachstum krankmachender Mikroflora &#8211; indem die Platte ein ung\u00fcnstiges energetisches Milieu f\u00fcr Bakterien, Viren, Pilze schafft, zeigt sie bei Infektionskrankheiten positive Wirkungen und hilft, entz\u00fcndliche Prozesse im K\u00f6rper zu reduzieren,<\/li>\n<li>unterst\u00fctzt energetisch die Entgiftung und Reinigung des Organismus (etwa von Dick- und D\u00fcnndarm, Harnwegen, Leber, Gallenblase, Lymphe) und leitet Giftstoffe und Abbauprodukte von Krankheitserregern aus, verhindert Vergiftungen, behebt Schw\u00e4che, Unwohlsein,<\/li>\n<li>unterst\u00fctzt das Immunsystem und st\u00e4rkt die Widerstandskraft des K\u00f6rpers, indem sie die Thymuszellen aktiviert,<\/li>\n<li>hat heilende Wirkungen auf die Schleimh\u00e4ute der Mundh\u00f6hle und des Verdauungstraktes und f\u00f6rdert generell die schnelle Heilung von Wunden, Schnitten, Absch\u00fcrfungen,<\/li>\n<li>die Platte reinigt den K\u00f6rper auch von angesammelter negativer, mentaler Energie, heilt negative gespeicherte Emotionen und hebt die emotionale Stimmung, erh\u00f6ht insgesamt das energetische Schwingungsniveau,<\/li>\n<li>dabei arbeitet sie mit den tiefen Schichten des Unterbewusstseins und hilft dabei, psychosomatische Manifestationen zu identifizieren und einen m\u00e4chtigen energetischen Schutz zu errichten, sie ist unverzichtbar f\u00fcr die Bew\u00e4ltigung von schwerem Stress, Kummer, tiefer Depression, Trauer und Verzweiflung,<\/li>\n<li>l\u00f6st alles auf, was veraltet ist und das Vorw\u00e4rtskommen behindert, so dass sich die Seele der Zukunft \u00f6ffnet; erm\u00f6glicht Bewusstheit und die tiefere Erkenntnis des Selbst, das Bewusstwerden der eigenen Handlungen und Entscheidungen und deren Folgen,<\/li>\n<li>aktiviert zun\u00e4chst das sechste Chakra, das Stirn-Chakra, und anschlie\u00dfend werden &#8211; wie in einem hellen Aufleuchten &#8211; alle anderen Chakren vom ersten bis zum achten ge\u00f6ffnet,<\/li>\n<li>dabei lehrt die Platte, die Energien zu kontrollieren, sich Ihrer Macht bewusst zu werden, egal ob es Absichten, W\u00fcnsche oder Bestrebungen betrifft. Sie unterst\u00fctzt uns dabei, den Raum zu sp\u00fcren, Zeichen des Schicksals zu erkennen und sch\u00fctzt vor Menschen mit negativen Einstellungen,<\/li>\n<li>st\u00e4rkt die besten Eigenschaften im Menschen, erf\u00fcllt ihn mit Hoffnung, l\u00e4sst den Sinn des Lebens erkennen, erm\u00f6glicht es, an das Gute zu glauben, f\u00fchrt hin in einen Zustand der Akzeptanz von Ver\u00e4nderungen und der Umsetzung der Pl\u00e4ne des Universums,<\/li>\n<li>hilft so in vielf\u00e4ltiger Weise dabei, sich selbst zu finden, und zieht die notwendige Unterst\u00fctzung und Hilfe von Lehrern, Mentoren und H\u00f6heren M\u00e4chten an. So wird es zu einem Zustrom von Energie und Wissen kommen, um die eigenen Pl\u00e4ne umsetzen zu k\u00f6nnen.<\/li>\n<li>Die Platte unterst\u00fctzt die evolution\u00e4re Entwicklung, indem sie die besten F\u00e4higkeiten, die von der Natur angelegt wurden, zum Vorschein bringt, korrigiert und \u00fcberwacht. Sie arbeitet mit dem Unterbewusstsein und dem intuitiven K\u00f6rper des Anwenders.<\/li>\n<\/ul>\n<p>Auf der Kolzov-Platte &#8222;Kosaken-Quelle&#8220; sind die Informationen einer heilkr\u00e4ftigen Quelle gespeichert, die am Fu\u00dfe des Krasnaja Sopka, eines Berges auf der Halbinsel Kamtschatka, entspringt.<\/p>\n<p>TIPP 1: Die Kolzov-Platte &#8222;Kosaken-Quelle&#8220; kann sehr gut bei allen Fasten- und Ausleitungskuren und -therapien zur Unterst\u00fctzung der Entgiftung verwendet werden, auch als st\u00e4ndige Anwendung beim Intervallfasten.<\/p>\n<p>TIPP 2: Sie ist unverzichtbar f\u00fcr die Bew\u00e4ltigung von Kummer, Trauer, tiefer Depression und Traumata &#8211; sowohl als Element der Selbsthilfe als auch als Werkzeug eines Therapeuten.<\/p>\n<p>TIPP 3: Die Platte kann in Kombination mit allen zuvor erschienenen Platten und Armb\u00e4ndern verwendet werden. In der Entgiftung kann sie unter anderem von Platten &#8222;Nr.2&#8220;, &#8222;Nr.6&#8220;, &#8222;Nr.7&#8220; (Serie Blau) und &#8222;Schatz Spaniens&#8220; (Serie Elite) sowie dem Armband &#8222;Erneuerung&#8220; unterst\u00fctzt werden. Im Emotionalen etwa von den Platten &#8222;Gl\u00fcck&#8220;, &#8222;Gl\u00fcckseligkeit&#8220; (Serie Elite), &#8222;Silbener Quell&#8220;, &#8222;Tapirh\u00f6hle &#8211; Cenoten Yucatans&#8220; und &#8222;Bacalar &#8211; Cenoten Yucatans&#8220; und anderen&#8230;<\/p>\n<p>ZUR BEACHTUNG: Bei dieser Platte sollte das Wasser zum Energetisieren mindestens 15 Minuten lang darauf gestellt werden<\/p>\n<p><em><u>Ergebnis im LIFE-TEST:<\/u>\u00a0Die Kolzov-Platte &#8222;Kosaken-Quelle&#8220; hat ein neutrales Energiefeld mit mehr als 40 000 Bovis. Damit aktiviert sie gleich 4 der 7 Chakras auf \u00fcber 40 000 Bovis: Kronen-, Stirn-, Herz- und Solarplexus-Chakra. Das Wurzel-Chakra steigt auf ebenfalls hohe 35 000 Bovis, das Hals-Chakra steigt auf 28 000 Bovis und das Blase-\/Sexual-Chakra verdreifacht seine Energie auf 21 000 Bovis. Durch die Aufladung der Chakras w\u00e4chst der bioenergetische Reaktionsabstand von zirka 75 Zentimetern um den K\u00f6rper auf 1,90 Meter.<\/em><\/p>\n<p><em><\/p>\n<p><\/em><\/p>\n<p><strong><em>Wichtiger Hinweis:<br \/>\nWir weisen ausdr\u00fccklich darauf hin, dass die Kolzov-Platte (russische Bezeichnung: &#8222;Korrektoren des funktionalen Zustands&#8220;) ein alternatives Energie- und Informationsprodukt ist und kein Heilmittel im Sinne der westlichen Schulmedizin. Vielmehr ist es ein rein energetisches Hilfsmittel zur ganzheitlichen Balancierung von energetischen Disharmonien und Blockaden. Informationen \u00fcber Qualit\u00e4t und Eigenschaften des Energieobjekts beziehen sich auf Aussagen des russischen Herstellers und alternativen Theorien zu Mensch und Umwelt, auf alternative Anschauungen und esoterische \u00dcberlieferungen oder Aussagen. Sie gelten nur im Sinne der esoterischen Lebensphilosophie und daran angelehnte Alternativheilkunde. Wirkungen im Sinne westlicher Wissenschaft oder Medizin werden hier nicht behauptet.<\/em><\/strong><\/p>","protected":false},"excerpt":{"rendered":"<p>ist ein Spezialist f\u00fcr die umfassende Reinigung von K\u00f6rper, Geist und Seele. Sie wirkt energetisch wie ein nat\u00fcrliches Antibiotikum gegen Viren und Bakterien und ist der ideale Begleiter f\u00fcr Fastenkuren und Detox-Programme. Mental hilft sie dabei, schwere emotionale Lasten wie Trauer oder Depression abzustreifen. Sie \u201ez\u00fcndet\u201c das Stirn-Chakra an und \u00f6ffnet dann in einem hellen Aufleuchten alle anderen Energiezentren, um den Anwender zu seinem wahren Lebenssinn und zur Kontrolle \u00fcber die eigene Sch\u00f6pferkraft zu f\u00fchren.<\/p>","protected":false},"featured_media":2399,"comment_status":"open","ping_status":"closed","template":"","meta":[],"product_brand":[],"product_cat":[33],"product_tag":[120],"class_list":{"0":"post-2215","1":"product","2":"type-product","3":"status-publish","4":"has-post-thumbnail","6":"product_cat-elite-series","7":"product_tag-120","9":"first","10":"instock","11":"taxable","12":"shipping-taxable","13":"purchasable","14":"product-type-simple"},"_links":{"self":[{"href":"https:\/\/vigo-rio.com\/en\/wp-json\/wp\/v2\/product\/2215","targetHints":{"allow":["GET"]}}],"collection":[{"href":"https:\/\/vigo-rio.com\/en\/wp-json\/wp\/v2\/product"}],"about":[{"href":"https:\/\/vigo-rio.com\/en\/wp-json\/wp\/v2\/types\/product"}],"replies":[{"embeddable":true,"href":"https:\/\/vigo-rio.com\/en\/wp-json\/wp\/v2\/comments?post=2215"}],"wp:featuredmedia":[{"embeddable":true,"href":"https:\/\/vigo-rio.com\/en\/wp-json\/wp\/v2\/media\/2399"}],"wp:attachment":[{"href":"https:\/\/vigo-rio.com\/en\/wp-json\/wp\/v2\/media?parent=2215"}],"wp:term":[{"taxonomy":"product_brand","embeddable":true,"href":"https:\/\/vigo-rio.com\/en\/wp-json\/wp\/v2\/product_brand?post=2215"},{"taxonomy":"product_cat","embeddable":true,"href":"https:\/\/vigo-rio.com\/en\/wp-json\/wp\/v2\/product_cat?post=2215"},{"taxonomy":"product_tag","embeddable":true,"href":"https:\/\/vigo-rio.com\/en\/wp-json\/wp\/v2\/product_tag?post=2215"}],"curies":[{"name":"wp","href":"https:\/\/api.w.org\/{rel}","templated":true}]}}