{"id":2210,"date":"2026-01-19T22:51:39","date_gmt":"2026-01-19T22:51:39","guid":{"rendered":"https:\/\/vigo-rio.com\/?post_type=product&#038;p=2210"},"modified":"2026-02-04T19:48:29","modified_gmt":"2026-02-04T19:48:29","slug":"fc-32-gates-of-destiny","status":"publish","type":"product","link":"https:\/\/vigo-rio.com\/en\/product\/fc-32-gates-of-destiny\/","title":{"rendered":"FC Tore des Schicksals \/ Gates of Destiny"},"content":{"rendered":"<p><strong>Kolzov-Platte: &#8222;Tore des Schicksals&#8220;\u00a0&#8211; (f\u00fcr die Wiederbelebung der positiven Gef\u00fchle wie Gl\u00fcckseligkeit, Harmonie und G\u00fcte als Zeichen g\u00f6ttlicher Liebe in uns)<\/strong><br \/>\n<em>Die Platte tr\u00e4gt die russische Aufschrift: \u0412\u0420\u0410\u0422\u0410 \u0421\u0423\u0414\u042c\u0411\u042b<\/em><\/p>\n<p>Die Kolzov-Platte st\u00e4rkt die positiven Gef\u00fchle in uns und hilft, die gl\u00fcckseligen Tore des Schicksals aufzusto\u00dfen. Sie offenbart das Wissen \u00fcber den rechten Weg, den die Menschheit einschlagen muss, um wieder zu wahrer Freude und in Einklang mit der Sch\u00f6pfung und Ewigkeit gelangen zu k\u00f6nnen.<\/p>\n<p><em>Die Aussagen beziehen sich auf alternative Testmethoden wie Meridianenergie-Messungen der Organfunktionskreisl\u00e4ufe nach TCM, Kirlian-Fotografie (EPG\/GDV-Kamera), Oberon, Amsat o.\u00e4. durch den Hersteller &#8222;Planet der Regionen&#8220; und stellen keine medizinische oder auf den physischen K\u00f6rper und dessen Organe bezogenen Aussage im Sinne der westlichen Schulmedizin dar.<\/em><\/p>\n<p><strong>Die Platte ist in diesem Sinne vor allem geeignet f\u00fcr:<\/strong><\/p>\n<ul>\n<li>aktiviert die Energie der Reinheit und Freude, schenkt Harmonie und innere G\u00fcte und entz\u00fcndet das Feuer der Liebe in uns,<\/li>\n<li>st\u00e4rkt die ureigene g\u00f6ttliche Essenz und die innere Achtsamkeit indem sie uns erkennen l\u00e4sst, wie man aufkommende emotionale Manifestationen, \u00c4ngste und Wut steuern und sich der positiven Vielfalt der Gef\u00fchle \u00f6ffnen kann,<\/li>\n<li>hilft dabei, in seinem Schicksal die Tore des Gl\u00fccks zu \u00f6ffnen und die Hinweise des Universum zu verstehen, um den Lauf seines Lebens zu verbessern,<\/li>\n<li>\u00f6ffnet den Menschen f\u00fcr Gef\u00fchle der Liebe, Harmonie und Gnade und unterst\u00fctzt dabei, seinen Lebensweg mit mehr Selbstlosigkeit zu f\u00fchren,<\/li>\n<li>offenbart das Wissen \u00fcber den rechten Weg, den die Menschheit einschlagen muss, um wieder zu wahrer Freude und in Einklang mit der Sch\u00f6pfung und Ewigkeit gelangen zu k\u00f6nnen,<\/li>\n<li>f\u00f6rdert die korrekten Wahrnehmung der physischen Realit\u00e4t und der feinstofflichen Welten<\/li>\n<li>aktiviert das evolution\u00e4re Streben eines jeden Menschen und lenkt ihn in die richtige Richtung, um die Zerst\u00f6rung der Welt zu verhindern.<\/li>\n<\/ul>\n<p>Auf der Kolzov-Platte &#8222;Tore des Schicksals&#8220; sind unter anderem die Informationen des kosmo-energetischen Kanals der G\u00f6ttin Tanja gespeichert, die den Zustand der Freude schenkt, welcher durch positive Gef\u00fchle in uns ausgel\u00f6st wird.<\/p>\n<p>TIPP 1: Wenn man das Gef\u00fchl des Gl\u00fccks, der Freude, G\u00fcte und Harmonie st\u00e4rker in sich verankern m\u00f6chte, nimmt man die Platte &#8222;Tore des Schicksals&#8220; in die rechte Hand, spannt den Hals leicht an und ber\u00fchrt mit der rechten Hand die rechte Halsschlagader (und informiert so mit der Platte das vorbeiflie\u00dfende Blut in der rechten Halsschlagader) f\u00fcr die Dauer von 12 Herzschl\u00e4gen. Danach wechselt man die Seite: die Platte in die linke Hand nehmen und an die linke Halsseite halten.<br \/>\nDie Farbe Gelb und der Bernstein verst\u00e4rken die Wirkung der Platte noch.<\/p>\n<p>TIPP 2: Die Energien des Gl\u00fccks und Friedens werden zus\u00e4tzlich gest\u00e4rkt, wenn man die Platte bei sich hat und harmonische Musik etwa der 6-saitigen Tonica-Gitarre h\u00f6rt oder spielt.<\/p>\n<p>TIPP 3: Die Platte &#8222;Tore des Schicksals&#8220; kann einzeln oder in Kombination verwendet werden mit den Platten: &#8222;Wahrhaftige Liebe&#8220; und &#8222;Harmonie&#8220; (Serie Gr\u00fcn), &#8222;Kolzovs Lichtgeschenk&#8220; und &#8222;Wundert\u00e4ter&#8220; (Serie Elite), &#8222;Gl\u00fcckseligkeit&#8220; (Serie Kollektion), &#8222;Geheimer Heiliger See&#8220; (Serie Effizient), &#8222;Nr.18 &#8211; Synchronisation&#8220; (Serie Gold).<\/p>\n<p>TIPP 4: Die beste Zeit f\u00fcr eine intensive Arbeit mit der Platte ist gegen 12 Uhr mittags.<\/p>\n<p>ZUR BEACHTUNG: Bei der Platte &#8222;Tore des Schicksals&#8220; sollte das Wasser zum Energetisieren mindestens 6 Stunden lang darauf gestellt werden.<\/p>\n<p><em>Ergebnis im LIFE-TEST: Die Kolzov-Platte &#8222;Tore des Schicksals&#8220; hat ein neutrales Energiefeld mit mehr als 40 000 Bovis. Damit aktiviert sie drei Chakras auf enorme 40 000 Bovis: das Kronen-, das Herz- und das Solarplexus-Chakra. Das Stirn-Chakra steigt auf ebenfalls sehr hohe 35 000 Bovis. Die anderen drei Chakras verdoppeln ihre Energie auf 14 000 Bovis. Durch die Aufladung der Chakras w\u00e4chst der bioenergetische Reaktionsabstand von zirka 75 Zentimetern um den K\u00f6rper auf 2,20 Meter.<\/em><\/p>\n<p><strong><em>Wichtiger Hinweis:<br \/>\nWir weisen ausdr\u00fccklich darauf hin, dass die Kolzov-Platte (russische Bezeichnung: &#8222;Korrektoren des funktionalen Zustands&#8220;) ein alternatives Energie- und Informationsprodukt ist und kein Heilmittel im Sinne der westlichen Schulmedizin. Vielmehr ist es ein rein energetisches Hilfsmittel zur ganzheitlichen Balancierung von energetischen Disharmonien und Blockaden. Informationen \u00fcber Qualit\u00e4t und Eigenschaften des Energieobjekts beziehen sich auf Aussagen des russischen Herstellers und alternativen Theorien zu Mensch und Umwelt, auf alternative Anschauungen und esoterische \u00dcberlieferungen oder Aussagen. Sie gelten nur im Sinne der esoterischen Lebensphilosophie und daran angelehnte Alternativheilkunde. Wirkungen im Sinne westlicher Wissenschaft oder Medizin werden hier nicht behauptet.<\/em><\/strong><\/p>","protected":false},"excerpt":{"rendered":"<p data-path-to-node=\"1\"><b data-path-to-node=\"1\" data-index-in-node=\"0\">dient als energetischer T\u00fcr\u00f6ffner f\u00fcr Gl\u00fcckseligkeit, Harmonie und G\u00fcte. Sie st\u00e4rkt die ureigene g\u00f6ttliche Essenz, hilft dabei, belastende Emotionen wie Angst und Wut zu steuern, und offenbart den rechten Lebensweg. Durch die Aktivierung der Energie der Reinheit unterst\u00fctzt sie den Anwender dabei, die Zeichen des Universums zu verstehen und den Lauf des Lebens zum Positiven zu wenden.<\/b><\/p>","protected":false},"featured_media":2211,"comment_status":"open","ping_status":"closed","template":"","meta":[],"product_brand":[],"product_cat":[33],"product_tag":[115],"class_list":{"0":"post-2210","1":"product","2":"type-product","3":"status-publish","4":"has-post-thumbnail","6":"product_cat-elite-series","7":"product_tag-115","9":"first","10":"instock","11":"taxable","12":"shipping-taxable","13":"purchasable","14":"product-type-simple"},"_links":{"self":[{"href":"https:\/\/vigo-rio.com\/en\/wp-json\/wp\/v2\/product\/2210","targetHints":{"allow":["GET"]}}],"collection":[{"href":"https:\/\/vigo-rio.com\/en\/wp-json\/wp\/v2\/product"}],"about":[{"href":"https:\/\/vigo-rio.com\/en\/wp-json\/wp\/v2\/types\/product"}],"replies":[{"embeddable":true,"href":"https:\/\/vigo-rio.com\/en\/wp-json\/wp\/v2\/comments?post=2210"}],"wp:featuredmedia":[{"embeddable":true,"href":"https:\/\/vigo-rio.com\/en\/wp-json\/wp\/v2\/media\/2211"}],"wp:attachment":[{"href":"https:\/\/vigo-rio.com\/en\/wp-json\/wp\/v2\/media?parent=2210"}],"wp:term":[{"taxonomy":"product_brand","embeddable":true,"href":"https:\/\/vigo-rio.com\/en\/wp-json\/wp\/v2\/product_brand?post=2210"},{"taxonomy":"product_cat","embeddable":true,"href":"https:\/\/vigo-rio.com\/en\/wp-json\/wp\/v2\/product_cat?post=2210"},{"taxonomy":"product_tag","embeddable":true,"href":"https:\/\/vigo-rio.com\/en\/wp-json\/wp\/v2\/product_tag?post=2210"}],"curies":[{"name":"wp","href":"https:\/\/api.w.org\/{rel}","templated":true}]}}