{"id":221,"date":"2026-01-14T12:40:24","date_gmt":"2026-01-14T12:40:24","guid":{"rendered":"https:\/\/vigo-rio.com\/?post_type=product&#038;p=221"},"modified":"2026-04-02T08:40:19","modified_gmt":"2026-04-02T08:40:19","slug":"fc-11-healthy-lifestyle","status":"publish","type":"product","link":"https:\/\/vigo-rio.com\/en\/product\/fc-11-healthy-lifestyle\/","title":{"rendered":"FC Gesunder Lebensstil\/ Healthy Lifestyle"},"content":{"rendered":"<p><strong>Kolzov-Platte &#8222;Nr.11\u00a0&#8211; Gesunde Lebensweise&#8220;<br \/>\n<\/strong><\/p>\n<p><strong>&#8211; neueste Version mit 8-Elementen (8 enthaltenen Energiespeicher-Chips)<\/strong><\/p>\n<p><em>Die Aussagen beziehen sich auf alternative Testmethoden wie Meridianenergie-Messungen der Organfunktionskreisl\u00e4ufe nach TCM, Kirlian-Fotografie (EPG\/GDV-Kamera), Oberon, Amsat o.\u00e4. durch den Hersteller &#8222;Planet der Regionen&#8220; und stellen keine medizinische oder auf den physischen K\u00f6rper und dessen Organe bezogenen Aussage im Sinne der westlichen Schulmedizin dar.<br \/>\n<\/em><\/p>\n<p><strong>Die Platte ist in diesem Sinne vor allem geeignet f\u00fcr:<\/strong><\/p>\n<p>Die Platte Nr.11 \u201eGesunde Lebensweise \/ Gesunder Lebensstil\u201c wurde f\u00fcr die Reinigung aller Auren und die L\u00f6schung aller negativen Programme entwickelt. Sie st\u00e4rkt die Lebensenergie, unterst\u00fctzt das Zentrale Nervensystem, regeneriert das Herz-Kreislauf-System, Leber, Magen-Darm-Trakt und die Psyche. Sie senkt das Aggressionsniveau und hat einen positiven Einfluss auf die Selbstregeneration und die Reinigung des Erbguts. Die Platte Nr.11 hat zudem eine Anti-Sucht-Wirkung, indem sie die Entwicklung von Abneigungen gegen sch\u00e4dliche Gewohnheiten stimuliert. Die Platte Nr.11 beinhaltet die Kan\u00e4le: Atman, Gibor, den Achatkanal, Vingrado, den G\u00f6ttlichen Wind, Raun, Makosch, Perun und die Kanalgruppe \u201eReiner Raum\u201c aus der Platte Nr.16. Ebenfalls wurde die Schwingungen von Bergquarz und Bergkristall und der Pflanzen Kjutschala und Distel.<\/p>\n<p>TIPP: Die Platte Nr.11 passt beispielsweise auch sehr gut als gemeinsame Anwendung mit der blauen Platten Nr.2, der gr\u00fcnen Themen-Platte &#8222;Heilung 2&#8220; und &#8222;Harmonie&#8220; und\/oder den goldenen Nr.17 und 19.<\/p>\n<p>ZUR BEACHTUNG: Die Aktivierungszeit von Wasser auf der Platte betr\u00e4gt mindestens 15 Sekunden<\/p>\n<p><em><u>Ergebnis im LIFE-TEST:\u00a0<\/u>Die Kolzov-Platte &#8222;Nr.11 &#8211; Gesunde Lebensweise \/ Gesunder Lebensstil&#8220; hat ein neutrales Energiefeld mit 40 000 Bovis. Damit aktiviert sie drei zentrale Chakras auf 40 000 Boivis: Kronen-, Stirn- und Herz-Chakra. Das Hals- und das Solarplexus-Chakra erh\u00f6hen ihre Energie auf 28 000 Bovis. Das Wurzel-Chakra steigt auf 21 000 Bovis und das Blase-\/Sexual-Chakra auf 14 000 Bovis. Durch die Aufladung der Chakras w\u00e4chst der bioenergetische Reaktionsabstand von zirka 75 Zentimetern um den K\u00f6rper auf 1,90 Meter.<br \/>\n<\/em><\/p>\n<p><em><strong>Wichtiger Hinweis:<br \/>\nWir weisen ausdr\u00fccklich darauf hin, dass die Kolzov-Platte (russische Bezeichnung: &#8222;Korrektoren des funktionalen Zustands&#8220;) ein alternatives Energie- und Informationsprodukt ist und kein Heilmittel im Sinne der westlichen Schulmedizin. Vielmehr ist es ein rein energetisches Hilfsmittel zur ganzheitlichen Balancierung von energetischen Disharmonien und Blockaden. Informationen \u00fcber Qualit\u00e4t und Eigenschaften des Energieobjekts beziehen sich auf Aussagen des russischen Herstellers und alternativen Theorien zu Mensch und Umwelt, auf alternative Anschauungen und esoterische \u00dcberlieferungen oder Aussagen. Sie gelten nur im Sinne der esoterischen Lebensphilosophie und daran angelehnte Alternativheilkunde. Wirkungen im Sinne westlicher Wissenschaft oder Medizin werden hier nicht behauptet.<\/strong><\/em><\/p>","protected":false},"excerpt":{"rendered":"<p>Hilft dabei, das menschliche Biofeld von den Auswirkungen negativer Programme zu befreien. Initiiert den Prozess der Entfernung und Zerst\u00f6rung s\u00e4mtlicher negativer Programme<\/p>","protected":false},"featured_media":1690,"comment_status":"open","ping_status":"closed","template":"","meta":[],"product_brand":[],"product_cat":[28],"product_tag":[],"class_list":{"0":"post-221","1":"product","2":"type-product","3":"status-publish","4":"has-post-thumbnail","6":"product_cat-purple-series","8":"first","9":"instock","10":"sale","11":"taxable","12":"shipping-taxable","13":"purchasable","14":"product-type-variable"},"_links":{"self":[{"href":"https:\/\/vigo-rio.com\/en\/wp-json\/wp\/v2\/product\/221","targetHints":{"allow":["GET"]}}],"collection":[{"href":"https:\/\/vigo-rio.com\/en\/wp-json\/wp\/v2\/product"}],"about":[{"href":"https:\/\/vigo-rio.com\/en\/wp-json\/wp\/v2\/types\/product"}],"replies":[{"embeddable":true,"href":"https:\/\/vigo-rio.com\/en\/wp-json\/wp\/v2\/comments?post=221"}],"wp:featuredmedia":[{"embeddable":true,"href":"https:\/\/vigo-rio.com\/en\/wp-json\/wp\/v2\/media\/1690"}],"wp:attachment":[{"href":"https:\/\/vigo-rio.com\/en\/wp-json\/wp\/v2\/media?parent=221"}],"wp:term":[{"taxonomy":"product_brand","embeddable":true,"href":"https:\/\/vigo-rio.com\/en\/wp-json\/wp\/v2\/product_brand?post=221"},{"taxonomy":"product_cat","embeddable":true,"href":"https:\/\/vigo-rio.com\/en\/wp-json\/wp\/v2\/product_cat?post=221"},{"taxonomy":"product_tag","embeddable":true,"href":"https:\/\/vigo-rio.com\/en\/wp-json\/wp\/v2\/product_tag?post=221"}],"curies":[{"name":"wp","href":"https:\/\/api.w.org\/{rel}","templated":true}]}}