{"id":2205,"date":"2026-01-19T22:47:19","date_gmt":"2026-01-19T22:47:19","guid":{"rendered":"https:\/\/vigo-rio.com\/?post_type=product&#038;p=2205"},"modified":"2026-03-01T17:28:57","modified_gmt":"2026-03-01T17:28:57","slug":"fc-16-protector","status":"publish","type":"product","link":"https:\/\/vigo-rio.com\/en\/product\/fc-16-protector\/","title":{"rendered":"FC Verb\u00fcndeter \/ Protector"},"content":{"rendered":"<p><strong>Kolzov-Platte: &#8222;Verb\u00fcndeter-Protector&#8220; &#8211; (russisch: &#8222;Verb\u00fcndeter&#8220; &#8211; f\u00fcr gesunde Augen und einen gesunden Bewegungsapparat, f\u00fcr bewusste, achtsame Pr\u00e4senz)<\/strong><br \/>\n<em>Die Platte tr\u00e4gt die russische Aufschrift: \u0421\u041e\u042e\u0417\u041d\u0418\u041a<\/em><\/p>\n<p>Die Platte &#8222;Protector&#8220; unterst\u00fctzt uns im heutigen Lebensalltag mit viel Arbeit am Bildschirm, t\u00e4glicher Belastung der Augen durch Handy und andere Bildschirme und der Wirbels\u00e4ule und des Bewegungsapparates durch langes Sitzen. Die Platte &#8222;Protector&#8220; sch\u00fctzt die Augen und hilft bei chronischen Erkrankungen der Sehorgane sowie bei unterschiedlichen Problemen Bewegungsapparates. Sie unterst\u00fctzt beim Abnehmen, st\u00e4rkt die Abwehrkr\u00e4fte und hilft bei der Regeration nach Operationen.<\/p>\n<p><em>Die Aussagen beziehen sich auf alternative Testmethoden wie Meridianenergie-Messungen der Organfunktionskreisl\u00e4ufe nach TCM, Kirlian-Fotografie (EPG\/GDV-Kamera), Oberon, Amsat o.\u00e4. durch den Hersteller &#8222;Planet der Regionen&#8220; und stellen keine medizinische oder auf den physischen K\u00f6rper und dessen Organe bezogenen Aussage im Sinne der westlichen Schulmedizin dar.<\/em><\/p>\n<p><strong>Die Platte ist in diesem Sinne vor allem geeignet f\u00fcr:<\/strong><\/p>\n<ul>\n<li>hilft allen, die viel am Computer oder mit dem Handy arbeiten, die Augen nicht zu \u00fcberlasten,<\/li>\n<li>beugt energetisch verschiedenen Erkrankungen der Augen vor und unterst\u00fctzt die Heilung der Sehorgane etwa bei entz\u00fcndlichen oder altersbedingten Problemen;<\/li>\n<li>unterst\u00fctzt die Heilung nach Augen-Operationen und &#8211; Verletzungen,<\/li>\n<li>dient energetisch der Vorbeugung und Korrektur von Erkrankungen des Bewegungsapparates, insbesondere der Gelenke (einschlie\u00dflich Arthritis, Gelenkschmerzen, Degeneration der Knochen und Knorpel, Osteochondrose, Schleimbeutelentz\u00fcndungen, Bursitis),<\/li>\n<li>wirkt unterst\u00fctzend bei erh\u00f6hter Belastung der Gelenke etwa durch \u00dcbergewicht oder Sport,<\/li>\n<li>hilft bei der Vorbeugung und Behebung von Osteoporosen, Frakturen, Verletzungen und zur schnelleren Rehabilitation nach Operationen,<\/li>\n<li>tr\u00e4gt im Energetischen zu einer vitalen, kraftvollen Regulations- und Regenerationsf\u00e4higkeit aller physiologischen Prozesse im K\u00f6rper bei,<\/li>\n<li>unterst\u00fctzt energetsich Therapien und Methoden zur Gewichtsreduzierung,<\/li>\n<li>hilft in einen Zustand der Achtsamkeit und Bewusstheit zu gelangen und sein eigenes Lebens &#8222;in Echtzeit&#8220; zu wahrzunehmen,<\/li>\n<li>hilft dabei, Schwierigkeiten im Leben zu \u00fcberwinden und sich selbst aus scheinbar ausweglosen Situationen zu befreien,<\/li>\n<li>zielt darauf ab, die Seele zu heilen und eine emotionale Ausgeglichenheit wieder her zustellen.<\/li>\n<\/ul>\n<p>Auf der Platte &#8222;Protector&#8220; sind heilsame Informationen des Heiligen Sees der Knaben &#8222;Jakob und Johannes aus Menjuscha&#8220; nahe des gleichnamigen Dorfes bei Schimsk im Gebiet Nowgorod gespeichert.<\/p>\n<p>TIPP 1: Die Platte &#8222;Protector&#8220; arbeitet sehr gut mit folgenden anderen Kolzov-Platten zusammen: &#8222;Klarer Blick 1&#8220;, &#8222;Klarer Blick 2&#8220;, &#8222;Heilung 1&#8220;, &#8222;Fortuna&#8220;, &#8222;Amaranth&#8220; (alle Serie Effizient), Nr.10 und Nr.15 (Serie Violett), &#8222;Kolzovs Lichtgeschenk&#8220;, &#8222;Gold der W\u00fcste Gobi&#8220;, &#8222;Code Gobi&#8220; (Serie Elite).<\/p>\n<p>ZUR BEACHTUNG: Bei dieser Platte sollte das Wasser zum Energetisieren mindestens 4 Stunden lang darauf gestellt werden, also am besten einfach \u00fcber Nacht eine Flasche Wasser daraufstellen.<\/p>\n<p><em>Ergebnis im LIFE-TEST: Die Kolzov-Platte &#8222;Protector&#8220; hat ein neutrales Energiefeld mit mehr als 40 000 Bovis. Damit aktiviert sie gleich vier Chakras auf enorme 40 000 Bovis: Stirn-Chakra, Hals-, Herz- und Wurzel-Chakra steigen mindestens auf 40 000 Bovis (was der sicheren Messgrenze in dieser Testmethode). Das Kronen-Chakra steigt auf ebenfalls sehr hohe 35 000 Bovis. Das Solarplexus-Chakra vervierfacht noch seine Energie auf 28 000 Bovis. Und das Blasen-\/Sexual-Chakra steigt 21 000 Bovis. Die starke Aufladung der Kopf-Chakras bewirkt hier auch eine Ausdehnung des gesamten Energiefeldes: der bioenergetische Reaktionsabstand w\u00e4chst von 75 Zentimetern um den K\u00f6rper auf 2,75 Meter.<\/em><\/p>\n<p><strong><em>Wichtiger Hinweis:<br \/>\nWir weisen ausdr\u00fccklich darauf hin, dass die Kolzov-Platte (russische Bezeichnung: &#8222;Korrektoren des funktionalen Zustands&#8220;) ein alternatives Energie- und Informationsprodukt ist und kein Heilmittel im Sinne der westlichen Schulmedizin. Vielmehr ist es ein rein energetisches Hilfsmittel zur ganzheitlichen Balancierung von energetischen Disharmonien und Blockaden. Informationen \u00fcber Qualit\u00e4t und Eigenschaften des Energieobjekts beziehen sich auf Aussagen des russischen Herstellers und alternativen Theorien zu Mensch und Umwelt, auf alternative Anschauungen und esoterische \u00dcberlieferungen oder Aussagen. Sie gelten nur im Sinne der esoterischen Lebensphilosophie und daran angelehnte Alternativheilkunde. Wirkungen im Sinne westlicher Wissenschaft oder Medizin werden hier nicht behauptet.<\/em><\/strong><\/p>","protected":false},"excerpt":{"rendered":"<p>ist der ideale Begleiter f\u00fcr den modernen digitalen Alltag. Sie sch\u00fctzt die Augen vor \u00dcberlastung durch Bildschirmarbeit, unterst\u00fctzt energetisch den gesamten Bewegungsapparat sowie die Gelenke und f\u00f6rdert eine achtsame, bewusste Pr\u00e4senz im \u201eHier und Jetzt\u201c. Zudem hilft sie bei der Regeneration nach Verletzungen und kann Methoden zur Gewichtsreduzierung energetisch unterst\u00fctzen.<\/p>","protected":false},"featured_media":2206,"comment_status":"open","ping_status":"closed","template":"","meta":[],"product_brand":[],"product_cat":[33],"product_tag":[111],"class_list":{"0":"post-2205","1":"product","2":"type-product","3":"status-publish","4":"has-post-thumbnail","6":"product_cat-elite-series","7":"product_tag-111","9":"first","10":"instock","11":"taxable","12":"shipping-taxable","13":"purchasable","14":"product-type-simple"},"_links":{"self":[{"href":"https:\/\/vigo-rio.com\/en\/wp-json\/wp\/v2\/product\/2205","targetHints":{"allow":["GET"]}}],"collection":[{"href":"https:\/\/vigo-rio.com\/en\/wp-json\/wp\/v2\/product"}],"about":[{"href":"https:\/\/vigo-rio.com\/en\/wp-json\/wp\/v2\/types\/product"}],"replies":[{"embeddable":true,"href":"https:\/\/vigo-rio.com\/en\/wp-json\/wp\/v2\/comments?post=2205"}],"wp:featuredmedia":[{"embeddable":true,"href":"https:\/\/vigo-rio.com\/en\/wp-json\/wp\/v2\/media\/2206"}],"wp:attachment":[{"href":"https:\/\/vigo-rio.com\/en\/wp-json\/wp\/v2\/media?parent=2205"}],"wp:term":[{"taxonomy":"product_brand","embeddable":true,"href":"https:\/\/vigo-rio.com\/en\/wp-json\/wp\/v2\/product_brand?post=2205"},{"taxonomy":"product_cat","embeddable":true,"href":"https:\/\/vigo-rio.com\/en\/wp-json\/wp\/v2\/product_cat?post=2205"},{"taxonomy":"product_tag","embeddable":true,"href":"https:\/\/vigo-rio.com\/en\/wp-json\/wp\/v2\/product_tag?post=2205"}],"curies":[{"name":"wp","href":"https:\/\/api.w.org\/{rel}","templated":true}]}}