{"id":2203,"date":"2026-01-19T22:46:31","date_gmt":"2026-01-19T22:46:31","guid":{"rendered":"https:\/\/vigo-rio.com\/?post_type=product&#038;p=2203"},"modified":"2026-04-14T08:56:03","modified_gmt":"2026-04-14T08:56:03","slug":"fc-36-orlov-forests","status":"publish","type":"product","link":"https:\/\/vigo-rio.com\/en\/product\/fc-36-orlov-forests\/","title":{"rendered":"FC Orlowskoje Polessje \/ Orlov Forests"},"content":{"rendered":"<p><strong>Kolzov-Platte: &#8222;Orlowskoje Polessje&#8220; (zur Vorbeugung vor Erkrankungen, als energetische Notfall-Hilfe, zur Belebung von Lebensmitteln und Wasser)<\/strong><br \/>\n<em>Die Platte tr\u00e4gt die russische Aufschrift: \u041e\u0420\u041b\u041e\u0412\u0421\u041a\u041e\u0415 \u041f\u041e\u041b\u0415\u0421\u042c\u0415<\/em><\/p>\n<p>Die Platte &#8222;Orlowskoje Polessje \/ Orlow-W\u00e4lder&#8220; hat eine sehr universelle Anwendungsbreite. Sie ist geeignet zur allgemeinen energetischen Gesundheitsvorsorge und als Notfall-Hilfe. Sie unterst\u00fctzt die Genesung und beugt im Energetischen neuen Erkrankungen vor. Die Platte hat durch die Unterst\u00fctzung der Zellerneuerung einen Anti-Aging-Effekt und kann zur Belebung von Wasser und Lebensmitteln verwendet werden und sie energetisert sehr gut das Wasser sogar beim Durchlaufen, wenn man sie an Wasserhahn oder Duschbrause befestigt.<\/p>\n<p><em>Die Aussagen beziehen sich auf alternative Testmethoden wie Meridianenergie-Messungen der Organfunktionskreisl\u00e4ufe nach TCM, Kirlian-Fotografie (EPG\/GDV-Kamera), Oberon, Amsat o.\u00e4. durch den Hersteller &#8222;Planet der Regionen&#8220; und stellen keine medizinische oder auf den physischen K\u00f6rper und dessen Organe bezogenen Aussage im Sinne der westlichen Schulmedizin dar.<\/em><\/p>\n<p><strong>Die Platte ist in diesem Sinne vor allem geeignet f\u00fcr:<\/strong><\/p>\n<ul>\n<li>die Platte wurde als kraftvolles energetisches Hilfsmittel zur Verbeugung von Erkrankungen und zum Ausgleich von St\u00f6rungen und Disfunktionen in allen wichtigen Systemen des K\u00f6rpers entwickelt und soll im Energetischen Abweichungen der physiologischen Norm auszubalancieren,<\/li>\n<li>die Platte ist daher als energetische Unterst\u00fctzung bei der Behandlung von allen chronischen Erkrankungen, bei Leiden mit unklarer Diagnose, verz\u00f6gerter Genesung und allgemeiner Schw\u00e4che hilfreich,<\/li>\n<li>sie tr\u00e4gt zur St\u00e4rkung der k\u00f6rpereigenen Abwehrkr\u00e4fte bei und unterst\u00fctzt den Organismus energetisch dabei, kranke und entarteten Zellen auf nat\u00fcrlichem Wege einzud\u00e4mmen und abzubauen,<\/li>\n<li>sie sorgt f\u00fcr erh\u00f6hte Widerstandskraft auch in Zeiten saisonaler Erkankungen, Epidemien und Pandemien, bei schweren akuten Problemen der Atemwege, bei Influenza usw. (die Platte &#8222;Geheimnis des Feuers&#8220; wirkt energetisch noch unterst\u00fctzend bei Corona-Viren),<\/li>\n<li>Ziel ist die Aufrechterhaltung und Aktivierung lebenswichtiger Funktionen des Organismus auch als unterst\u00fctzende energetische Behandlung bei Notf\u00e4llen mit akuter Verschlechterung des Gesundheitszustandes und in Rehabilitation- und Genesungsprogrammen, wie sie nach Krankheiten, Verletzungen und operativen Eingriffen durchgef\u00fchrt werden,<\/li>\n<li>f\u00f6rdert die Harmonisierung der biologischen Rhythmen des K\u00f6rpers und kann daher auch sehr gut bei Reisen mit Zeitumstellung oder Schichtarbeit verwendet werden,<\/li>\n<li>die Platte f\u00f6rdert die Regeneration und Zellerneuerung und beschleunigt daher Heilungsprozesse u.a. bei Verletzungen und generell bei der Hauterneuerung, was einen Anti-Aging-Effekt erzeugen und auch optisch zu einem j\u00fcngeren Aussehen beitragen kann,<\/li>\n<li>st\u00e4rkt, harmonisiert und stabilisiert das Energiefeld und die gesamte Aura und vermittelt so einen Energieschub,<\/li>\n<li>l\u00f6scht negative Programme der Fremdbestimmung,<\/li>\n<li>unterst\u00fctzt die harmonische Beziehung in der Partnerschaft,<\/li>\n<li>die Platte kann an Duschbrause und Wasserhahn befestigt werden, um das Wasser sogar beim Durchlaufen zu beleben!<\/li>\n<\/ul>\n<p>Auf der Kolzov-Platte &#8222;Orlow W\u00e4lder&#8220; sind u.a. die Informationen einer Quelle, die in den W\u00e4ldern des Nationalparks &#8222;Orlowskoje Polessje&#8220; im Gebiet Orjol entspringt, gespeichert.<\/p>\n<p>TIPP 1: Es sollte regelm\u00e4\u00dfig und ausreichend energetisiertes Wasser von dieser Platte getrunken werden, um die vorbeugende Effekte dieser Platte f\u00fcr die Gesundheit voll nutzen zu k\u00f6nnen. Die Platte &#8222;Orlow-W\u00e4lder&#8220; kann auch an Duschbrause und Wasserhahn befestigt werden und belebt und informiert das Wasser sogar schon beim Durchlaufen!<\/p>\n<p>TIPP 2: Die Platte &#8222;Orlow-W\u00e4lder&#8220; kann einzeln oder in Kombination mit sehr vielen Platten verwendet werden inbesondere mit: &#8222;Nr.1&#8220;, &#8222;Nr.2&#8220; und &#8222;Nr.5 &#8211; (Serie Blau), &#8222;Nr.11 &#8211; Gesunde Lebensweise&#8220; (Serie Violett), &#8222;Langes Leben&#8220;, &#8222;Klarer Blick&#8220; und &#8222;Amaranth&#8220; (Serie Gr\u00fcn), &#8222;Kamerton&#8220;, &#8222;Machtvolles Wasser&#8220;, &#8222;Mamma&#8220;, &#8222;Schl\u00fcssel zur Gesundheit&#8220;, &#8222;Schl\u00fcssel zur Gesundheit 2&#8220;, &#8222;Allergieschutz&#8220;, &#8222;Hepavita&#8220;, &#8222;Jiva&#8220;, &#8222;Olgir&#8220;, &#8222;Quelle der Lamas&#8220;, &#8222;Extra HNO&#8220;, &#8222;Ph\u00f6nix&#8220; und &#8222;Quelle vom erhabenen Berg&#8220; (Serie Kollektion), &#8222;Code Gobi&#8220;, &#8222;Endovita&#8220;, &#8222;Geheimnis des Weisen&#8220; (Serie Elite), &#8222;Danilowo See&#8220;, &#8222;Geheimer Heiliger See&#8220;, &#8222;Quelle des Lebens&#8220; (Serie Effizient).<br \/>\nDie Platte &#8222;Orlow-W\u00e4lder&#8220; kann sehr gut auch als eine der Platten im Energie-Haus oder im Energie-Ring zur Raumenergetiserung und Heilungsarbeit verwendet werden.<\/p>\n<p>TIPP 3: Die Platte &#8222;Orlow-W\u00e4lder&#8220; bildet zusammen mit der Platte &#8222;Befreier&#8220; (in der &#8222;Winterserie 2020&#8220; erschienen) schon eine kleine &#8222;energetische Hausapotheke&#8220;. W\u00e4hrend die Platte &#8222;Orlow-W\u00e4lder&#8220; alles belebt, hat die Platte &#8222;Befreier&#8220; sehr gute reinigende, antibakterielle, antivirale und antiparasit\u00e4re Wirkungen.<\/p>\n<p>ZUR BEACHTUNG: Bei der Platte &#8222;Orlow-W\u00e4lder&#8220; sollte das Wasser zum Energetisieren mindestens 4 Stunden lang darauf gestellt werden. Vorbeilaufendes Wasser wird sogar sofort informiert!<\/p>\n<p><em>Ergebnis im LIFE-TEST: Die Kolzov-Platte &#8222;Orlow-W\u00e4lder&#8220; hat ein neutrales Energiefeld mit einer St\u00e4rke von 21 000 Bovis. Obwohl die Energie nicht die st\u00e4rkste ist, aktiviert sie dennoch gleich drei Charkas auf \u00fcber 40 000 Bovis: Hals-, Solarplexus-Chakra und Blase-\/Sexual-Chakra. Und mit Stirn-, Herz- und Wurzel-Chakra steigen drei weitere Chakas auf ebenfalls hohe 28 000 Bovis. Das Kronen-Chakra verdoppelt seine Energie auf 14 000 Bovis. Dabei zeigt die Energie der Platte eine Besonderheit: sie vermittelt die Information von biogener Radioaktivit\u00e4t, vergleichbar der sehr geringen nat\u00fcrlichen Radioaktivit\u00e4t von Kalium in unserem Organismus &#8211; vielleicht ein Grund f\u00fcr seine Wirksamkeit als energetische Nothilfe. Durch die Aufladung der Chakras w\u00e4chst der bioenergetische Reaktionsabstand von zirka 75 Zentimetern um den K\u00f6rper auf 2,10 Meter.<\/em><\/p>\n<p><strong><em>Wichtiger Hinweis:<br \/>\nWir weisen ausdr\u00fccklich darauf hin, dass die Kolzov-Platte (russische Bezeichnung: &#8222;Korrektoren des funktionalen Zustands&#8220;) ein alternatives Energie- und Informationsprodukt ist und kein Heilmittel im Sinne der westlichen Schulmedizin. Vielmehr ist es ein rein energetisches Hilfsmittel zur ganzheitlichen Balancierung von energetischen Disharmonien und Blockaden. Informationen \u00fcber Qualit\u00e4t und Eigenschaften des Energieobjekts beziehen sich auf Aussagen des russischen Herstellers und alternativen Theorien zu Mensch und Umwelt, auf alternative Anschauungen und esoterische \u00dcberlieferungen oder Aussagen. Sie gelten nur im Sinne der esoterischen Lebensphilosophie und daran angelehnte Alternativheilkunde. Wirkungen im Sinne westlicher Wissenschaft oder Medizin werden hier nicht behauptet.<\/em><\/strong><\/p>","protected":false},"excerpt":{"rendered":"<p>Die Kolzov-Platte \u201eOrlowskoje Polessje\u201c ist ein universelles energetisches Hilfsmittel zur Gesundheitsvorsorge und fungiert als kraftvolle \u201eNotfall-Hilfe\u201c. Sie unterst\u00fctzt die Regeneration bei chronischen Leiden, st\u00e4rkt die Abwehrkr\u00e4fte in Zeiten von Epidemien und f\u00f6rdert durch die Aktivierung der Zellerneuerung einen sichtbaren Anti-Aging-Effekt. Besonders praktisch: Sie belebt Wasser sofort beim Durchlaufen, etwa an der Duschbrause oder am Wasserhahn.<\/p>","protected":false},"featured_media":2204,"comment_status":"open","ping_status":"closed","template":"","meta":[],"product_brand":[],"product_cat":[33],"product_tag":[110],"class_list":{"0":"post-2203","1":"product","2":"type-product","3":"status-publish","4":"has-post-thumbnail","6":"product_cat-elite-series","7":"product_tag-110","9":"first","10":"instock","11":"taxable","12":"shipping-taxable","13":"purchasable","14":"product-type-simple"},"_links":{"self":[{"href":"https:\/\/vigo-rio.com\/en\/wp-json\/wp\/v2\/product\/2203","targetHints":{"allow":["GET"]}}],"collection":[{"href":"https:\/\/vigo-rio.com\/en\/wp-json\/wp\/v2\/product"}],"about":[{"href":"https:\/\/vigo-rio.com\/en\/wp-json\/wp\/v2\/types\/product"}],"replies":[{"embeddable":true,"href":"https:\/\/vigo-rio.com\/en\/wp-json\/wp\/v2\/comments?post=2203"}],"wp:featuredmedia":[{"embeddable":true,"href":"https:\/\/vigo-rio.com\/en\/wp-json\/wp\/v2\/media\/2204"}],"wp:attachment":[{"href":"https:\/\/vigo-rio.com\/en\/wp-json\/wp\/v2\/media?parent=2203"}],"wp:term":[{"taxonomy":"product_brand","embeddable":true,"href":"https:\/\/vigo-rio.com\/en\/wp-json\/wp\/v2\/product_brand?post=2203"},{"taxonomy":"product_cat","embeddable":true,"href":"https:\/\/vigo-rio.com\/en\/wp-json\/wp\/v2\/product_cat?post=2203"},{"taxonomy":"product_tag","embeddable":true,"href":"https:\/\/vigo-rio.com\/en\/wp-json\/wp\/v2\/product_tag?post=2203"}],"curies":[{"name":"wp","href":"https:\/\/api.w.org\/{rel}","templated":true}]}}