{"id":2200,"date":"2026-01-19T22:43:44","date_gmt":"2026-01-19T22:43:44","guid":{"rendered":"https:\/\/vigo-rio.com\/?post_type=product&#038;p=2200"},"modified":"2026-02-04T19:48:54","modified_gmt":"2026-02-04T19:48:54","slug":"fc-31-light-of-success","status":"publish","type":"product","link":"https:\/\/vigo-rio.com\/en\/product\/fc-31-light-of-success\/","title":{"rendered":"FC Licht des Erfolgs \/ Light of Success"},"content":{"rendered":"<p><strong>Kolzov-Platte: &#8222;Licht des Erfolgs&#8220;\u00a0&#8211; (f\u00fcr das Streben nach Gerechtigkeit und Erfolg im Leben im Einklang mit der Sch\u00f6pfung, aktiviert h\u00f6here Funktionen f\u00fcr das Fortschreiten auf dem Weg der Evolution)<\/strong><br \/>\n<em>Die Platte tr\u00e4gt die russische Aufschrift: \u0421\u0412\u0415\u0422 \u0423\u0421\u041f\u0415\u0425\u0410<\/em><\/p>\n<p>Die Kolzov-Platte &#8222;Licht des Erfolgs&#8220; vermittelt einen Zustand der Freude, der durch das Erreichen seiner Ziele im Leben ausgel\u00f6st wird, sie zu erlangen und darin zu verweilen. Sie hilft dabei, sich der Multidimensionalit\u00e4t des Seins und den wahren, ureigenen angestammten Wurzeln bewusst zu werden &#8211; um auf dem Weg der spirituellen Entwicklung weiter fortzuschreiten. Sie aktiviert unsere h\u00f6heren energetischen und geistigen Funktionen f\u00fcr das Fortschreiten auf dem Weg der Evolution.<\/p>\n<p><em>Die Aussagen beziehen sich auf alternative Testmethoden wie Meridianenergie-Messungen der Organfunktionskreisl\u00e4ufe nach TCM, Kirlian-Fotografie (EPG\/GDV-Kamera), Oberon, Amsat o.\u00e4. durch den Hersteller &#8222;Planet der Regionen&#8220; und stellen keine medizinische oder auf den physischen K\u00f6rper und dessen Organe bezogenen Aussage im Sinne der westlichen Schulmedizin dar.<\/em><\/p>\n<p><strong>Die Platte ist in diesem Sinne vor allem geeignet f\u00fcr:<\/strong><\/p>\n<ul>\n<li>bef\u00e4higt uns, bei allen wohlwollenden Bestrebungen erfolgreich zu sein.<\/li>\n<li>Aktiviert die g\u00f6ttlichen Kr\u00e4fte in uns und weist den Weg zum Erkennen unserer spirituellen Natur,<\/li>\n<li>\u00f6ffnet das Bewusstsein f\u00fcr das Wunder und die Ewigkeit der Natur und l\u00e4sst uns erkennen, wie wichtig es ist, sie zu sch\u00fctzen und zu bewahren,<\/li>\n<li>f\u00fchrt das menschliche Geschlecht an seinen Ursprung zur\u00fcck und erf\u00fcllt das Herz mit Licht,<\/li>\n<li>aktiviert das Bewusstsein f\u00fcr die Multidimensionalit\u00e4t und die Ewigkeit des Seins<\/li>\n<li>gibt den Menschen die M\u00f6glichkeit, zu erwachen und die g\u00f6ttliche Natur in sich selbst zu ber\u00fchren,<\/li>\n<li>f\u00f6rdert ein Verst\u00e4ndnis der Welt, das auf Wahrhaftigkeit beruht, um mit der g\u00f6ttlichen Sch\u00f6pfung in Resonanz treten zu k\u00f6nnen,<\/li>\n<li>aktiviert unsere h\u00f6heren energetischen und geistigen Funktionen f\u00fcr das Fortschreiten auf dem Weg der Evolution.<\/li>\n<\/ul>\n<p>Auf der Kolzov-Platte &#8222;Licht des Erfolgs&#8220; sind unter anderem die Informationen des kosmo-energetischen Kanals der Gottes Roda gespeichert, der den Zustand der Freude schenkt, welcher durch das Erreichen der Ziele im Leben im Einklang mit der Sch\u00f6pfung entsteht.<\/p>\n<p>TIPP 1: Wenn man das Gef\u00fchl des g\u00f6ttlichen Erfolgs und evolution\u00e4ren Voranschreitens st\u00e4rker in sich verankern m\u00f6chte, nimmt man die Platte &#8222;Licht des Erfolgs&#8220; in die rechte Hand, spannt den Hals leicht an und ber\u00fchrt mit der rechten Hand die rechte Halsschlagader (und informiert so mit der Platte das vorbeiflie\u00dfende Blut in der rechten Halsschlagader) f\u00fcr die Dauer von 23 Herzschl\u00e4gen. Danach wechselt man die Seite: die Platte in die linke Hand nehmen und an die linke Halsseite halten.<br \/>\nDie Farbe Gr\u00fcn und der Smaragd verst\u00e4rken die Wirkung der Platte noch.<\/p>\n<p>TIPP 2: Die Energien des g\u00f6ttlichen Friedens werden zus\u00e4tzlich gest\u00e4rkt, wenn man die Platte bei sich hat und harmonische Musik etwa von Xylophon oder der 23-saitigen Gusli h\u00f6rt oder spielt.<\/p>\n<p>TIPP 3: Die Platte &#8222;Licht des Erfolgs&#8220; kann einzeln oder in Kombination verwendet werden mit den Platten: &#8222;F\u00fclle &amp; Erfolg&#8220; (Serie Gr\u00fcn), &#8222;Fortuna&#8220;, &#8222;Neustart Reinigen&#8220; und &#8222;Neustart F\u00fcllen&#8220; (Serie Effizient) und dem Armband &#8222;Magnat\/Sieger&#8220; (Armband &#8222;Mann&#8220; genannt).<\/p>\n<p>TIPP 4: Die beste Zeit f\u00fcr eine intensive Arbeit mit der Platte ist gegen 23 Uhr.<\/p>\n<p>ZUR BEACHTUNG: Bei der Platte &#8222;Licht des Erfolgs&#8220; sollte das Wasser zum Energetisieren mindestens 6 Stunden lang darauf gestellt werden.<\/p>\n<p><em>Ergebnis im LIFE-TEST: Die Kolzov-Platte &#8222;Licht des Erfolgs&#8220; hat ein neutrales Energiefeld mit mehr als 40 000 Bovis. Damit aktiviert sie gleich drei Chakras enorm: Kronen-, Stirn- und Herz-Chakra steigen in ihrer Energie-Ausstrahlung auf \u00fcber 40 000 Bovis. Das Hals-Chakra und das Solarplexus-Chakra steigen in ihrer Aktivit\u00e4t auf 28 000 Bovis, das Wurzel-Chakra auf 21 000 Bovis und das Blase-\/Sexual-Chakra verdoppelt seine Energie auf 14 000 Bovis. Durch die Aufladung der Chakras w\u00e4chst der bioenergetische Reaktionsabstand von zirka 75 Zentimetern um den K\u00f6rper auf 2,75 Meter.<\/em><\/p>\n<p>&nbsp;<\/p>\n<p>&nbsp;<\/p>\n<p><strong><em>Wichtiger Hinweis:<br \/>\nWir weisen ausdr\u00fccklich darauf hin, dass die Kolzov-Platte (russische Bezeichnung: &#8222;Korrektoren des funktionalen Zustands&#8220;) ein alternatives Energie- und Informationsprodukt ist und kein Heilmittel im Sinne der westlichen Schulmedizin. Vielmehr ist es ein rein energetisches Hilfsmittel zur ganzheitlichen Balancierung von energetischen Disharmonien und Blockaden. Informationen \u00fcber Qualit\u00e4t und Eigenschaften des Energieobjekts beziehen sich auf Aussagen des russischen Herstellers und alternativen Theorien zu Mensch und Umwelt, auf alternative Anschauungen und esoterische \u00dcberlieferungen oder Aussagen. Sie gelten nur im Sinne der esoterischen Lebensphilosophie und daran angelehnte Alternativheilkunde. Wirkungen im Sinne westlicher Wissenschaft oder Medizin werden hier nicht behauptet.<\/em><\/strong><\/p>","protected":false},"excerpt":{"rendered":"<p data-path-to-node=\"1\"><b data-path-to-node=\"1\" data-index-in-node=\"0\">Die Kolzov-Platte \u201eLicht des Erfolgs\u201c (russisch: \u0421\u0412\u0415\u0422 \u0423\u0421\u041f\u0415\u0425\u0410) unterst\u00fctzt das Streben nach Gerechtigkeit und Erfolg im Einklang mit der Sch\u00f6pfung. Sie aktiviert h\u00f6here geistige Funktionen f\u00fcr die pers\u00f6nliche Evolution, hilft dabei, die eigene spirituelle Natur zu erkennen, und vermittelt das tiefe Gef\u00fchl der Freude, das durch das Erreichen wahrer Lebensziele entsteht.<\/b><\/p>","protected":false},"featured_media":2201,"comment_status":"open","ping_status":"closed","template":"","meta":[],"product_brand":[],"product_cat":[33],"product_tag":[108],"class_list":{"0":"post-2200","1":"product","2":"type-product","3":"status-publish","4":"has-post-thumbnail","6":"product_cat-elite-series","7":"product_tag-108","9":"first","10":"instock","11":"taxable","12":"shipping-taxable","13":"purchasable","14":"product-type-simple"},"_links":{"self":[{"href":"https:\/\/vigo-rio.com\/en\/wp-json\/wp\/v2\/product\/2200","targetHints":{"allow":["GET"]}}],"collection":[{"href":"https:\/\/vigo-rio.com\/en\/wp-json\/wp\/v2\/product"}],"about":[{"href":"https:\/\/vigo-rio.com\/en\/wp-json\/wp\/v2\/types\/product"}],"replies":[{"embeddable":true,"href":"https:\/\/vigo-rio.com\/en\/wp-json\/wp\/v2\/comments?post=2200"}],"wp:featuredmedia":[{"embeddable":true,"href":"https:\/\/vigo-rio.com\/en\/wp-json\/wp\/v2\/media\/2201"}],"wp:attachment":[{"href":"https:\/\/vigo-rio.com\/en\/wp-json\/wp\/v2\/media?parent=2200"}],"wp:term":[{"taxonomy":"product_brand","embeddable":true,"href":"https:\/\/vigo-rio.com\/en\/wp-json\/wp\/v2\/product_brand?post=2200"},{"taxonomy":"product_cat","embeddable":true,"href":"https:\/\/vigo-rio.com\/en\/wp-json\/wp\/v2\/product_cat?post=2200"},{"taxonomy":"product_tag","embeddable":true,"href":"https:\/\/vigo-rio.com\/en\/wp-json\/wp\/v2\/product_tag?post=2200"}],"curies":[{"name":"wp","href":"https:\/\/api.w.org\/{rel}","templated":true}]}}